{"id":20928,"date":"2024-06-18T14:14:47","date_gmt":"2024-06-18T14:14:47","guid":{"rendered":"https:\/\/vccf.org\/?page_id=20928"},"modified":"2025-10-21T09:47:12","modified_gmt":"2025-10-21T16:47:12","slug":"about","status":"publish","type":"page","link":"https:\/\/vccf.org\/da\/about\/","title":{"rendered":"Omkring"},"content":{"rendered":"<h1>\n\t\t\tSkab en varig effekt\t<\/h1>\n<h1>\n\t\t\ttil det sted, du kalder dit hjem\t<\/h1>\n\t<p>Med den rette vejledning og st\u00f8tte er det nemt at g\u00f8re en betydelig forskel i dit lokalsamfund. Det er slut med at f\u00f8le sig overv\u00e6ldet, usikker p\u00e5, hvilke form\u00e5l du skal st\u00f8tte, eller forvirret over, hvordan du sikrer, at din donation bliver brugt effektivt. VCCF giver en problemfri, informeret, nem og virkningsfuld gaveoplevelse:<\/p>\n<h4>\n\t\t\tDokumenteret effekt\t<\/h4>\n\t<p>Siden 1987 har VCCF bevilget ca. $250 millioner til st\u00f8tte for vores samfund.<\/p>\n<h4>\n\t\t\tSt\u00f8rste r\u00e6kkevidde\t<\/h4>\n\t<p>We&#8217;ve supported 10,000+ unique nonprofit organizations and local businesses.<\/p>\n<h4>\n\t\t\tSt\u00f8tte til peer-donorer\t<\/h4>\n\t<p>Over 22.000 donorer bidrager til vores mission, hvilket afspejler den brede st\u00f8tte og tillid i vores samfund.<\/p>\n<strong><a href=\"https:\/\/vccf.org\/da\/contact-us\/\">Kontakt os<\/a> eller <a href=\"https:\/\/vccf.org\/da\/donors\/\">Bliv involveret<\/a> og se dine bidrag f\u00e5 en umiddelbar og varig effekt, som du kan m\u00e6rke.<\/strong>\n\t<p>\"Jeg tror ikke, jeg kan \u00e6ndre verden, men jeg kan bidrage til at g\u00f8re Ventura County endnu bedre.\"<\/p>\n\t<p><strong>Leah Lacayo, donor<\/strong><\/p>\n<a  href=\"https:\/\/vccf.org\/da\/about\/our-history\/\" target=\"_self\">\n\t<\/a>\n<h3>\n\t\t\tVores historie\t<\/h3>\n<a  href=\"https:\/\/vccf.org\/da\/about\/board-of-directors\/\" target=\"_self\">\n\t<\/a>\n<h3>\n\t\t\tBestyrelsesmedlemmer\t<\/h3>\n<a  href=\"https:\/\/vccf.org\/da\/about\/staff\/\" target=\"_self\">\n\t<\/a>\n<h3>\n\t\t\tMedarbejdere\t<\/h3>\n<a  href=\"https:\/\/vccf.org\/da\/about\/financials\/\" target=\"_self\">\n\t<\/a>\n<h3>\n\t\t\t\u00d8konomi\t<\/h3>\n<a  href=\"https:\/\/vccf.org\/da\/about\/donor-stories\/\" target=\"_self\">\n\t<\/a>\n<h3>\n\t\t\tDonorernes historier\t<\/h3>\n<a  href=\"https:\/\/vccf.org\/da\/about\/faq\/\" target=\"_self\">\n\t<\/a>\n<h3>\n\t\t\tOfte stillede sp\u00f8rgsm\u00e5l\t<\/h3>\n<h2>\n\t\t\tBliv medlem af VCCF\t<\/h2>\n\t<p>Og v\u00e6r en del af et medf\u00f8lende, inspireret f\u00e6llesskab af givere og handlende. Sammen bygger vi en lysere og st\u00e6rkere fremtid for vores Ventura County.<\/p>\n\t\t\t<a href=\"https:\/\/vccf.org\/da\/get-involved\/\" target=\"_self\">\n\t\t\t\t\t\t\tBliv involveret\n\t\t\t\t\t<\/a>\n\t\t\t<a href=\"https:\/\/vccf.org\/da\/contact-us\/\" target=\"_self\">\n\t\t\t\t\t\t\tSend os en e-mail\n\t\t\t\t\t<\/a>\n\t\t\t\t<img decoding=\"async\" src=\"https:\/\/vccf.org\/wp-content\/uploads\/2024\/06\/Group-1080-2.png\" alt=\"Group 1080 (2)\" itemprop=\"image\" height=\"563\" width=\"463\" title=\"Gruppe 1080 (2)\" onerror=\"this.style.display='none'\" loading=\"lazy\" \/>","protected":false},"excerpt":{"rendered":"<p>Skab en varig effekt p\u00e5 det sted, du kalder dit hjem Det er nemt at skabe en betydelig effekt i dit lokalsamfund med den rette vejledning og st\u00f8tte. Det er slut med at f\u00f8le sig overv\u00e6ldet, usikker...<\/p>","protected":false},"author":4,"featured_media":0,"parent":0,"menu_order":0,"comment_status":"closed","ping_status":"closed","template":"","meta":{"_acf_changed":false,"give_campaign_id":0,"footnotes":""},"class_list":["post-20928","page","type-page","status-publish","hentry"],"acf":[],"campaignId":"","_links":{"self":[{"href":"https:\/\/vccf.org\/da\/wp-json\/wp\/v2\/pages\/20928","targetHints":{"allow":["GET"]}}],"collection":[{"href":"https:\/\/vccf.org\/da\/wp-json\/wp\/v2\/pages"}],"about":[{"href":"https:\/\/vccf.org\/da\/wp-json\/wp\/v2\/types\/page"}],"author":[{"embeddable":true,"href":"https:\/\/vccf.org\/da\/wp-json\/wp\/v2\/users\/4"}],"replies":[{"embeddable":true,"href":"https:\/\/vccf.org\/da\/wp-json\/wp\/v2\/comments?post=20928"}],"version-history":[{"count":0,"href":"https:\/\/vccf.org\/da\/wp-json\/wp\/v2\/pages\/20928\/revisions"}],"wp:attachment":[{"href":"https:\/\/vccf.org\/da\/wp-json\/wp\/v2\/media?parent=20928"}],"curies":[{"name":"wp","href":"https:\/\/api.w.org\/{rel}","templated":true}]}}