{"id":20931,"date":"2024-06-18T15:18:26","date_gmt":"2024-06-18T15:18:26","guid":{"rendered":"https:\/\/vccf.org\/?page_id=20931"},"modified":"2025-03-18T02:52:29","modified_gmt":"2025-03-18T09:52:29","slug":"donate","status":"publish","type":"page","link":"https:\/\/vccf.org\/da\/donate\/","title":{"rendered":"Doner"},"content":{"rendered":"<img loading=\"lazy\" decoding=\"async\" src=\"https:\/\/vccf.org\/wp-content\/uploads\/2024\/09\/jJqJfy3-3.png\" alt=\"-jJqJfy3 3\" itemprop=\"image\" height=\"375\" width=\"519\" title=\"-jJqJfy3 3\" onerror=\"this.style.display='none'\"  \/>\n\t\t\t<a href=\"https:\/\/vccf.org\/da\/professional-advisor-faqs\/\" target=\"_self\">\n\t\t\t\t\t\t\tOfte stillede sp\u00f8rgsm\u00e5l om professionelle r\u00e5dgivere\n\t\t\t\t\t<\/a>\n\tM\u00e5der at donere og<br \/>\ng\u00f8r en forskel<br \/>\ni Ventura County\n\t<p>Hver eneste donation former vores samfunds fremtid. Din gener\u00f8sitet giver br\u00e6ndstof til fremskridt, st\u00f8tter dem, der har brug for det, og l\u00f8fter vores f\u00e6lles hjem.<\/p>\n\t\t\t\t<img loading=\"lazy\" decoding=\"async\" src=\"https:\/\/vccf.org\/wp-content\/uploads\/2024\/06\/donate-3.jpg\" alt=\"donate-3\" itemprop=\"image\" height=\"756\" width=\"1098\" title=\"donate-3\" onerror=\"this.style.display='none'\"  \/>\n\t\t\t<a href=\"\/da\/donor-faqs\/\" target=\"_self\">\n\t\t\t\t\t\t\tOfte stillede sp\u00f8rgsm\u00e5l om donorer\n\t\t\t\t\t<\/a>\n\t<p>St\u00f8tte til missionen<\/p>\n\t<p>Et generelt bidrag til forbedring af Ventura County, CA.<\/p>\n\t\t\t<a href=\"\/da\/donate\/mission-support\/\" target=\"_self\">\n\t\t\t\t\t\t\tDoner\n\t\t\t\t\t<\/a>\n\t<p>Varige hyldester<\/p>\n\t<p>Fejr en milep\u00e6l. Udtrykke taknemmelighed. Hylde en pr\u00e6station. Mindes livet.<\/p>\n\t\t\t<a href=\"https:\/\/vccf.org\/da\/donate\/donate-to-a-tribute-fund\/\" target=\"_self\">\n\t\t\t\t\t\t\tDon\u00e9r til \u00e6re for nogen\n\t\t\t\t\t<\/a>\n\t<p>St\u00f8t specifikke fonde<\/p>\n\t<p>G\u00f8r en forskel i sager, der v\u00e6kker genklang i dig.<\/p>\n\t\t\t<a href=\"https:\/\/vccf.org\/da\/donate\/support-specific-funds-and-initiatives\/\" target=\"_self\">\n\t\t\t\t\t\t\tDon\u00e9r til en bestemt sag\n\t\t\t\t\t<\/a>","protected":false},"excerpt":{"rendered":"<p>Professional Advisor FAQs M\u00e5der at donere og g\u00f8re en forskel i Ventura County Hver eneste donation er med til at forme vores samfunds fremtid. Din gener\u00f8sitet fremmer fremskridt, st\u00f8tter dem i n\u00f8d og...<\/p>","protected":false},"author":9,"featured_media":0,"parent":0,"menu_order":0,"comment_status":"closed","ping_status":"closed","template":"","meta":{"_acf_changed":false,"give_campaign_id":0,"footnotes":""},"class_list":["post-20931","page","type-page","status-publish","hentry"],"acf":[],"campaignId":"","_links":{"self":[{"href":"https:\/\/vccf.org\/da\/wp-json\/wp\/v2\/pages\/20931","targetHints":{"allow":["GET"]}}],"collection":[{"href":"https:\/\/vccf.org\/da\/wp-json\/wp\/v2\/pages"}],"about":[{"href":"https:\/\/vccf.org\/da\/wp-json\/wp\/v2\/types\/page"}],"author":[{"embeddable":true,"href":"https:\/\/vccf.org\/da\/wp-json\/wp\/v2\/users\/9"}],"replies":[{"embeddable":true,"href":"https:\/\/vccf.org\/da\/wp-json\/wp\/v2\/comments?post=20931"}],"version-history":[{"count":0,"href":"https:\/\/vccf.org\/da\/wp-json\/wp\/v2\/pages\/20931\/revisions"}],"wp:attachment":[{"href":"https:\/\/vccf.org\/da\/wp-json\/wp\/v2\/media?parent=20931"}],"curies":[{"name":"wp","href":"https:\/\/api.w.org\/{rel}","templated":true}]}}