{"id":20945,"date":"2024-06-19T09:46:32","date_gmt":"2024-06-19T09:46:32","guid":{"rendered":"https:\/\/vccf.org\/?page_id=20945"},"modified":"2026-03-24T11:56:17","modified_gmt":"2026-03-24T18:56:17","slug":"donor-stories","status":"publish","type":"page","link":"https:\/\/vccf.org\/da\/about\/donor-stories\/","title":{"rendered":"Donorernes historier"},"content":{"rendered":"<h1>\n\t\t\tDonorernes historier\t<\/h1>\n\t<p>Med din st\u00f8tte kan Ventura County blive et endnu bedre sted at bo.<\/p>\n\t\t\t<a href=\"https:\/\/vccf.org\/da\/get-involved\/\"  target=\"_self\">\n\t\t\t\t\t\t\tBliv involveret\n\t\t\t\t\t<\/a>\n<figure itemscope itemtype=\"https:\/\/schema.org\/ImageObject\">\n\t\t\t\t<img decoding=\"async\" src=\"https:\/\/vccf.org\/wp-content\/uploads\/2025\/01\/VCCF-LR-126.jpg\" alt=\"VCCF-LR-126\" height=\"1467\" width=\"2200\" title=\"VCCF-LR-126\" onerror=\"this.style.display='none'\" loading=\"lazy\" \/>\n\t<\/figure>\n<h3>\n\t\t\tVores historie\t<\/h3>\n<h3>\n\t\t\tBestyrelsesmedlemmer\t<\/h3>\n<h3>\n\t\t\tMedarbejdere\t<\/h3>\n<h3>\n\t\t\t\u00d8konomi\t<\/h3>\n<h3>\n\t\t\tDonorernes historier\t<\/h3>\n<h3>\n\t\t\tOfte stillede sp\u00f8rgsm\u00e5l\t<\/h3>\n<figure itemscope itemtype=\"https:\/\/schema.org\/ImageObject\">\n\t\t\t\t<img decoding=\"async\" src=\"https:\/\/vccf.org\/wp-content\/uploads\/2024\/04\/\u0421\u043b\u043e\u0439-1-4.png\" alt=\"\u0421\u043b\u043e\u0438\u0306 1 4\" height=\"60\" width=\"44\" title=\"\u0421\u043b\u043e\u0439 1 4\" onerror=\"this.style.display='none'\" loading=\"lazy\" \/>\n\t<\/figure>\n<h3>\n\t\t\tSe dine bidrag g\u00f8re en umiddelbar, varig forskel, som du kan m\u00e6rke\t<\/h3>\n<figure itemscope itemtype=\"https:\/\/schema.org\/ImageObject\">\n\t\t\t\t<img decoding=\"async\" src=\"https:\/\/vccf.org\/wp-content\/uploads\/2024\/04\/\u0421\u043b\u043e\u0439-1-4.png\" alt=\"\u0421\u043b\u043e\u0438\u0306 1 4\" height=\"60\" width=\"44\" title=\"\u0421\u043b\u043e\u0439 1 4\" onerror=\"this.style.display='none'\" loading=\"lazy\" \/>\n\t<\/figure>\n<h2>\n\t\t\tBliv medlem af VCCF\t<\/h2>\n\t<p>Og v\u00e6r en del af et medf\u00f8lende, inspireret f\u00e6llesskab af givere og handlende. Sammen bygger vi en lysere og st\u00e6rkere fremtid for vores Ventura County.<\/p>\n\t\t\t<a href=\"https:\/\/vccf.org\/da\/get-involved\/\"  target=\"_self\">\n\t\t\t\t\t\t\tBliv involveret\n\t\t\t\t\t<\/a>\n\t\t\t<a href=\"https:\/\/vccf.org\/da\/contact-us\/\"  target=\"_self\">\n\t\t\t\t\t\t\tSend os en e-mail\n\t\t\t\t\t<\/a>\n<figure itemscope itemtype=\"https:\/\/schema.org\/ImageObject\">\n\t\t\t\t<img decoding=\"async\" src=\"https:\/\/vccf.org\/wp-content\/uploads\/2024\/06\/Group-1080-2.png\" alt=\"Group 1080 (2)\" height=\"563\" width=\"463\" title=\"Gruppe 1080 (2)\" onerror=\"this.style.display='none'\" loading=\"lazy\" \/>\n\t<\/figure>","protected":false},"excerpt":{"rendered":"<p>Donorhistorier Med din st\u00f8tte kan Ventura County blive et endnu bedre sted at leve. Bliv involveret Vores historie Bestyrelsesmedlemmer Medarbejdere \u00d8konomi Donorhistorier FAQ's Se dine bidrag...<\/p>","protected":false},"author":3,"featured_media":0,"parent":20928,"menu_order":0,"comment_status":"closed","ping_status":"closed","template":"","meta":{"_acf_changed":false,"give_campaign_id":0,"footnotes":""},"class_list":["post-20945","page","type-page","status-publish","hentry"],"acf":[],"campaignId":"","_links":{"self":[{"href":"https:\/\/vccf.org\/da\/wp-json\/wp\/v2\/pages\/20945","targetHints":{"allow":["GET"]}}],"collection":[{"href":"https:\/\/vccf.org\/da\/wp-json\/wp\/v2\/pages"}],"about":[{"href":"https:\/\/vccf.org\/da\/wp-json\/wp\/v2\/types\/page"}],"author":[{"embeddable":true,"href":"https:\/\/vccf.org\/da\/wp-json\/wp\/v2\/users\/3"}],"replies":[{"embeddable":true,"href":"https:\/\/vccf.org\/da\/wp-json\/wp\/v2\/comments?post=20945"}],"version-history":[{"count":0,"href":"https:\/\/vccf.org\/da\/wp-json\/wp\/v2\/pages\/20945\/revisions"}],"up":[{"embeddable":true,"href":"https:\/\/vccf.org\/da\/wp-json\/wp\/v2\/pages\/20928"}],"wp:attachment":[{"href":"https:\/\/vccf.org\/da\/wp-json\/wp\/v2\/media?parent=20945"}],"curies":[{"name":"wp","href":"https:\/\/api.w.org\/{rel}","templated":true}]}}