{"id":20952,"date":"2024-06-19T10:15:14","date_gmt":"2024-06-19T10:15:14","guid":{"rendered":"https:\/\/vccf.org\/?page_id=20952"},"modified":"2026-03-24T11:55:28","modified_gmt":"2026-03-24T18:55:28","slug":"our-history","status":"publish","type":"page","link":"https:\/\/vccf.org\/da\/about\/our-history\/","title":{"rendered":"Vores historie"},"content":{"rendered":"<h1>\n\t\t\tVores historie\t<\/h1>\n\t<p>\"Jeg tror ikke, jeg kan \u00e6ndre verden, men jeg kan bidrage til at g\u00f8re Ventura County endnu bedre.\"<\/p>\n<h4>\n\t\t\tLeah Lacayo, donor\t<\/h4>\n\t\t\t<a href=\"https:\/\/vccf.org\/da\/get-involved\/\"  target=\"_self\">\n\t\t\t\t\t\t\tBliv involveret\n\t\t\t\t\t<\/a>\n<figure itemscope itemtype=\"https:\/\/schema.org\/ImageObject\">\n\t\t\t\t<img decoding=\"async\" src=\"https:\/\/vccf.org\/wp-content\/uploads\/2024\/09\/Group-1080-1.png\" alt=\"Group 1080 (1)\" height=\"563\" width=\"463\" title=\"Gruppe 1080 (1)\" onerror=\"this.style.display='none'\" loading=\"lazy\" \/>\n\t<\/figure>\n<h3>\n\t\t\tVores historie\t<\/h3>\n<h3>\n\t\t\tBestyrelsesmedlemmer\t<\/h3>\n<h3>\n\t\t\tMedarbejdere\t<\/h3>\n<h3>\n\t\t\t\u00d8konomi\t<\/h3>\n<h3>\n\t\t\tDonorernes historier\t<\/h3>\n<h3>\n\t\t\tOfte stillede sp\u00f8rgsm\u00e5l\t<\/h3>\n<h2>\n\t\t\tMeget har \u00e6ndret sig i vores samfund siden 1987. Det har vores form\u00e5l ikke.\t<\/h2>\n\t<p>For n\u00e6sten 40 \u00e5r siden satte vi os for at g\u00f8re livet bedre for folk i Ventura County.<\/p>\n\tOprindeligt ville vi hj\u00e6lpe nonprofitorganisationer med at blive mere b\u00e6redygtige og give donorer mulighed for at efterlade komplicerede gaver som f.eks. fast ejendom og aktier. I 1990 begyndte vi at give folk mulighed for at finansiere stipendier. Og i 2000 tilb\u00f8d vi f\u00e6llesskabsst\u00f8tte, hvor donorer kunne give sammen til en f\u00e6lles sag.<br \/>\nNu indkalder vi et stort antal beboere til at arbejde sammen som forandringsagenter.\n<figure itemscope itemtype=\"https:\/\/schema.org\/ImageObject\">\n\t\t\t\t<img decoding=\"async\" src=\"https:\/\/vccf.org\/wp-content\/uploads\/2024\/09\/Group-1093-1024x787.png\" alt=\"Group 1093\" height=\"787\" width=\"1024\" title=\"Gruppe 1093\" onerror=\"this.style.display='none'\" loading=\"lazy\" \/>\n\t<\/figure>\n<h2>\n\t\t\tVores mission\t<\/h2>\n\t<p>At forbinde mennesker, ressourcer og l\u00f8sninger for at skabe en varig effekt i vores f\u00e6lles verden.<\/p>\n<h2>\n\t\t\tVores vision\t<\/h2>\n\t<p>Vi forestiller os et engageret og blomstrende samfund, der er inspireret af voksende gener\u00f8sitet.<\/p>\n<h2>\n\t\t\tVores v\u00e6rdier\t<\/h2>\n<figure itemscope itemtype=\"https:\/\/schema.org\/ImageObject\">\n\t\t\t\t<img decoding=\"async\" src=\"https:\/\/vccf.org\/wp-content\/uploads\/2024\/04\/Group-1079.svg\" alt=\"Group 1079\" title=\"Gruppe 1079\" onerror=\"this.style.display='none'\" loading=\"lazy\" \/>\n\t<\/figure>\n\t<p>Tillid<\/p>\n\t<p>Vi anvender sunde \u00f8konomiske principper og investerer klogt for at forvalte de aktiver, der er betroet os.<\/p>\n<figure itemscope itemtype=\"https:\/\/schema.org\/ImageObject\">\n\t\t\t\t<img decoding=\"async\" src=\"https:\/\/vccf.org\/wp-content\/uploads\/2024\/04\/Group-1080.svg\" alt=\"Group 1080\" title=\"Gruppe 1080\" onerror=\"this.style.display='none'\" loading=\"lazy\" \/>\n\t<\/figure>\n\t<p>Gennemsigtighed<\/p>\n\t<p>Vi udf\u00f8rer vores arbejde med \u00e6rlighed, intentionalitet og ansvarlighed.<\/p>\n<figure itemscope itemtype=\"https:\/\/schema.org\/ImageObject\">\n\t\t\t\t<img decoding=\"async\" src=\"https:\/\/vccf.org\/wp-content\/uploads\/2024\/04\/Group-1081.svg\" alt=\"Group 1081\" title=\"Gruppe 1081\" onerror=\"this.style.display='none'\" loading=\"lazy\" \/>\n\t<\/figure>\n\t<p>Medf\u00f8lelse<\/p>\n\t<p>Vi bringer empati, respekt og hjerte ind i alle vores interaktioner.<\/p>\n<figure itemscope itemtype=\"https:\/\/schema.org\/ImageObject\">\n\t\t\t\t<img decoding=\"async\" src=\"https:\/\/vccf.org\/wp-content\/uploads\/2024\/04\/Group-1125.svg\" alt=\"Group 1125\" title=\"Gruppe 1125\" onerror=\"this.style.display='none'\" loading=\"lazy\" \/>\n\t<\/figure>\n\t<p>Egenkapital<\/p>\n\t<p>Vi lytter til og fremh\u00e6ver forskellige stemmer og erfaringer for at fremme fair og retf\u00e6rdige muligheder.<\/p>\n<figure itemscope itemtype=\"https:\/\/schema.org\/ImageObject\">\n\t\t\t\t<img decoding=\"async\" src=\"https:\/\/vccf.org\/wp-content\/uploads\/2024\/04\/Group-1140.svg\" alt=\"Group 1140\" title=\"Gruppe 1140\" onerror=\"this.style.display='none'\" loading=\"lazy\" \/>\n\t<\/figure>\n\t<p>Udholdenhed<\/p>\n\t<p>Vi reagerer p\u00e5 dynamiske udfordringer strategisk og \u00f8jeblikkeligt og holder ud, indtil vi har opn\u00e5et b\u00e6redygtig succes.<\/p>\n<figure itemscope itemtype=\"https:\/\/schema.org\/ImageObject\">\n\t\t\t\t<img decoding=\"async\" src=\"https:\/\/vccf.org\/wp-content\/uploads\/2024\/04\/Group-1132.svg\" alt=\"Group 1132\" title=\"Gruppe 1132\" onerror=\"this.style.display='none'\" loading=\"lazy\" \/>\n\t<\/figure>\n\t<p>Excellence<\/p>\n\t<p>Vi investerer konsekvent i uddannelse, drift, teknologi og vores menneskelige kapital for at sikre den h\u00f8jeste kvalitet af service og st\u00f8tte til vores donorkunder og dem, vi tjener.<\/p>\n<figure itemscope itemtype=\"https:\/\/schema.org\/ImageObject\">\n\t\t\t\t<img decoding=\"async\" src=\"https:\/\/vccf.org\/wp-content\/uploads\/2024\/04\/Group-1125.svg\" alt=\"Group 1125\" title=\"Gruppe 1125\" onerror=\"this.style.display='none'\" loading=\"lazy\" \/>\n\t<\/figure>\n\t<p>Autentisk forbindelse<\/p>\n\t<p>Vi engagerer os i alle partnerskaber med \u00e5bent samarbejde og direkte kommunikation og samskaber virkningsfulde l\u00f8sninger.<\/p>\n<h2  id=\"legacy-magazine\">\n\t\t\tVCCF's Legacy-magasin\t<\/h2>\n\t<p>En arv af gener\u00f8sitet.<\/p>\n\t<p>Ventura County Community Foundation er stolt over at kunne udgive vores f\u00f8rste magasin nogensinde, \"A Legacy of Generosity\". Denne 42-siders publikation indfanger \u00e5nden og hjertet hos vores donorer, medlemmer af lokalsamfundet, bevillingsmodtagere og nonprofit-ledere, n\u00e5r de udlever VCCF's v\u00e6rdier om tillid, gennemsigtighed, medf\u00f8lelse, retf\u00e6rdighed, vedholdenhed, ekspertise og autentisk forbindelse.<\/p>\n\t<p>Dette magasin fort\u00e6ller historien om din lokale fond og den rolle, den spiller i Ventura Countys historie gennem sin filantropiske r\u00e5dgivning og sit lederskab i lokalsamfundet.<\/p>\n\t<p>Vi inviterer dig til at l\u00e6se dette k\u00e6rlighedsbrev til vores samfund, mens vi videref\u00f8rer budskabet \"Somos Vecinos y Todos Contamos\" - vi er alle naboer, og vi t\u00e6ller alle sammen! Med 17 r\u00f8rende interviews og smukke fotografier af vores samfund og dets inspirerende medlemmer vil dette magasin f\u00e5 dig til at smile, gr\u00e6de og have lyst til at l\u00e6se det igen og igen.<\/p>\n<h4>\n\t\t<a href=\"https:\/\/vccf.org\/wp-content\/uploads\/2024\/11\/vccf-legacy-magazine-pdf.pdf\" title=\"Download magasinet som PDF\"  target=\"_blank\"  rel=\"noopener\">\n\t\t\tDownload magasinet som PDF\t\t<\/a>\n\t<\/h4>\n\t\t\t<a href=\"https:\/\/vccf.org\/SMPA_VCCF_financial_insert\/mobile\/index.html\"  target=\"_blank\" rel=\"noopener\">\n\t\t\t\t\t\t\tRegnskab for 2022\n\t\t\t\t\t<\/a>\n\t\t\t<a href=\"https:\/\/vccf.org\/SMPA_VCCF_5-24\/mobile\/index.html\"  target=\"_blank\" rel=\"noopener\">\n\t\t\t\t\t\t\tL\u00e6s nu\n\t\t\t\t\t<\/a>\n<figure itemscope itemtype=\"https:\/\/schema.org\/ImageObject\">\n\t\t\t\t<img decoding=\"async\" src=\"https:\/\/vccf.org\/wp-content\/uploads\/2024\/04\/\u0421\u043b\u043e\u0439-1-4.png\" alt=\"\u0421\u043b\u043e\u0438\u0306 1 4\" height=\"60\" width=\"44\" title=\"\u0421\u043b\u043e\u0439 1 4\" onerror=\"this.style.display='none'\" loading=\"lazy\" \/>\n\t<\/figure>\n<h3>\n\t\t\tSe dine bidrag g\u00f8re en umiddelbar, varig forskel, som du kan m\u00e6rke\t<\/h3>\n<figure itemscope itemtype=\"https:\/\/schema.org\/ImageObject\">\n\t\t\t\t<img decoding=\"async\" src=\"https:\/\/vccf.org\/wp-content\/uploads\/2024\/04\/\u0421\u043b\u043e\u0439-1-4.png\" alt=\"\u0421\u043b\u043e\u0438\u0306 1 4\" height=\"60\" width=\"44\" title=\"\u0421\u043b\u043e\u0439 1 4\" onerror=\"this.style.display='none'\" loading=\"lazy\" \/>\n\t<\/figure>\n<h2>\n\t\t\tBliv medlem af VCCF\t<\/h2>\n\t<p>Og v\u00e6r en del af et medf\u00f8lende, inspireret f\u00e6llesskab af givere og handlende. Sammen bygger vi en lysere og st\u00e6rkere fremtid for vores Ventura County.<\/p>\n\t\t\t<a href=\"https:\/\/vccf.org\/da\/get-involved\/\"  target=\"_self\">\n\t\t\t\t\t\t\tBliv involveret\n\t\t\t\t\t<\/a>\n\t\t\t<a href=\"https:\/\/vccf.org\/da\/contact-us\/\"  target=\"_self\">\n\t\t\t\t\t\t\tSend os en e-mail\n\t\t\t\t\t<\/a>\n<figure itemscope itemtype=\"https:\/\/schema.org\/ImageObject\">\n\t\t\t\t<img decoding=\"async\" src=\"https:\/\/vccf.org\/wp-content\/uploads\/2024\/06\/Group-1080-2.png\" alt=\"Group 1080 (2)\" height=\"563\" width=\"463\" title=\"Gruppe 1080 (2)\" onerror=\"this.style.display='none'\" loading=\"lazy\" \/>\n\t<\/figure>","protected":false},"excerpt":{"rendered":"<p>Vores historie \"Jeg tror ikke, jeg kan \u00e6ndre verden, men jeg kan bidrage til at g\u00f8re Ventura County endnu bedre.\" Leah Lacayo, donor Bliv involveret Vores historie Bestyrelsesmedlemmer Medarbejdere...<\/p>","protected":false},"author":4,"featured_media":0,"parent":20928,"menu_order":0,"comment_status":"closed","ping_status":"closed","template":"","meta":{"_acf_changed":false,"give_campaign_id":0,"footnotes":""},"class_list":["post-20952","page","type-page","status-publish","hentry"],"acf":[],"campaignId":"","_links":{"self":[{"href":"https:\/\/vccf.org\/da\/wp-json\/wp\/v2\/pages\/20952","targetHints":{"allow":["GET"]}}],"collection":[{"href":"https:\/\/vccf.org\/da\/wp-json\/wp\/v2\/pages"}],"about":[{"href":"https:\/\/vccf.org\/da\/wp-json\/wp\/v2\/types\/page"}],"author":[{"embeddable":true,"href":"https:\/\/vccf.org\/da\/wp-json\/wp\/v2\/users\/4"}],"replies":[{"embeddable":true,"href":"https:\/\/vccf.org\/da\/wp-json\/wp\/v2\/comments?post=20952"}],"version-history":[{"count":0,"href":"https:\/\/vccf.org\/da\/wp-json\/wp\/v2\/pages\/20952\/revisions"}],"up":[{"embeddable":true,"href":"https:\/\/vccf.org\/da\/wp-json\/wp\/v2\/pages\/20928"}],"wp:attachment":[{"href":"https:\/\/vccf.org\/da\/wp-json\/wp\/v2\/media?parent=20952"}],"curies":[{"name":"wp","href":"https:\/\/api.w.org\/{rel}","templated":true}]}}