{"id":20953,"date":"2024-06-19T10:19:19","date_gmt":"2024-06-19T10:19:19","guid":{"rendered":"https:\/\/vccf.org\/?page_id=20953"},"modified":"2026-03-24T11:56:06","modified_gmt":"2026-03-24T18:56:06","slug":"faq","status":"publish","type":"page","link":"https:\/\/vccf.org\/da\/about\/faq\/","title":{"rendered":"OFTE STILLEDE SP\u00d8RGSM\u00c5L"},"content":{"rendered":"<h1>\n\t\t\tOfte stillede sp\u00f8rgsm\u00e5l\t<\/h1>\n\t<p>Vi er her for at give dig viden om samfundssp\u00f8rgsm\u00e5l, ressourcer til at p\u00e5virke social forandring og strategier til at st\u00f8tte dine v\u00e6rdier, h\u00e5b og visioner for en st\u00f8rre verden. Mulighederne er mange - dine gaver til vores lokalsamfund i dag l\u00e6gger fundamentet for i morgen og for de kommende generationer.<\/p>\n\t\t\t<a href=\"https:\/\/vccf.org\/da\/get-involved\/\"  target=\"_self\">\n\t\t\t\t\t\t\tBliv involveret\n\t\t\t\t\t<\/a>\n<figure itemscope itemtype=\"https:\/\/schema.org\/ImageObject\">\n\t\t\t\t<img decoding=\"async\" src=\"https:\/\/vccf.org\/wp-content\/uploads\/2024\/06\/Mask-group-2.png\" alt=\"Mask group (2)\" height=\"772\" width=\"836\" title=\"Gruppe af masker (2)\" onerror=\"this.style.display='none'\" loading=\"lazy\" \/>\n\t<\/figure>\n<h3>\n\t\t\tVores historie\t<\/h3>\n<h3>\n\t\t\tBestyrelsesmedlemmer\t<\/h3>\n<h3>\n\t\t\tMedarbejdere\t<\/h3>\n<h3>\n\t\t\t\u00d8konomi\t<\/h3>\n<h3>\n\t\t\tDonorernes historier\t<\/h3>\n<h3>\n\t\t\tOfte stillede sp\u00f8rgsm\u00e5l\t<\/h3>\n<h1>\n\t\t\tOfte stillede sp\u00f8rgsm\u00e5l om donorer\t<\/h1>\n\t\t\t\tEr VCCF en nonprofit-organisation?\n\t\t\t\t<p>JA! Derfor er enhver donation til VCCF eller en VCCF-fond en velg\u00f8rende donation under skatte-ID 77-0165029.<\/p>\n\t\t\t\tHvor meget koster det at komme i gang?\n\t\t\t\t<p>Vi har specialiseret os i at hj\u00e6lpe dig med at give strategisk, og der er\u00a0<strong>ingen omkostninger<\/strong>\u00a0for denne planl\u00e6gningsperiode.<\/p>\n<p>N\u00e5r du har oprettet din fond, skal du dog betale et kvartalsvist administrationsgebyr, som afh\u00e6nger af, hvilken type fond du opretter.<\/p>\n<p>For eksempel har legatfonde et \u00e5rligt gebyr p\u00e5 1,5% og et typisk gebyr p\u00e5 1,24%, der opkr\u00e6ves \u00e5rligt af saldoen. Ikke-stipendiefonde, som f.eks. en Donor Advised Fund eller Nonprofit Agency Fund, har et typisk gebyr p\u00e5 1,24%, der opkr\u00e6ves kvartalsvis af saldoen. Der er nogle f\u00e5 andre fondstyper, som har unikke gebyrstrukturer p\u00e5 grund af fondens varighed, f.eks. en Pass Through Fund, eller en mulig reduktion af gebyret baseret p\u00e5 fondens st\u00f8rrelse.<\/p>\n<p>To learn more, <a href=\"https:\/\/vccf.org\/da\/my-vccf-fund\/fund-contact\/\">please contact our Philanthropic Services Team.<\/a><\/p>\n\t\t\t\tHvilke typer aktiver kan jeg give?\n\t\t\t\t<p>Vi er autoriseret til at modtage gaver af enhver art. De mest almindelige typer gaver omfatter kontanter, v\u00e6rdifulde ejendomme og b\u00f8rsnoterede aktier, men vi kan ogs\u00e5 modtage de fleste andre aktiver.<\/p>\n<p><a href=\"https:\/\/vccf.org\/da\/my-vccf-fund\/fund-contact\/\">Please contact our Philanthropic Services Team<\/a>\u00a0to learn more about available giving options.<\/p>\n\t\t\t\tArbejder du med professionelle r\u00e5dgivere?\n\t\t\t\t<p>Hvis du er som mange andre professionelle r\u00e5dgivere, har du m\u00e5ske t\u00f8vet med at tage emnet filantropi op med dine kunder. Forskning viser imidlertid, at folk er ivrige efter at l\u00e6re mere om velg\u00f8renhed. If\u00f8lge en artikel i Chronicle of Philanthropy siger de fleste, at de gerne vil have, at deres r\u00e5dgivere er mere vidende om planlagte gaver og mere im\u00f8dekommende med deres forslag til, hvilke typer gaver man kan give. Med andre ord: Hvis du g\u00f8r en indsats for at blive bedre informeret om den centrale rolle, som filantropi kan spille i ejendomsplanl\u00e6gning, vil dine kunder takke dig.<\/p>\n<p>Ventura County Community Foundation er et enkelt, p\u00e5lideligt redskab, som du og dine kunder kan bruge til at l\u00f8se problemer, der betyder noget for dem, samtidig med at de opn\u00e5r maksimale skattefordele i henhold til statslig og f\u00f8deral lovgivning. Vi tilbyder en r\u00e6kke forskellige donationsmuligheder - herunder muligheden for at oprette en Donor Advised Fund i din kundes navn. Betydelige donationsmuligheder opst\u00e5r ofte, n\u00e5r klienter tr\u00e6ffer store forretningsm\u00e6ssige, personlige og \u00f8konomiske beslutninger. Vores medarbejdere kan samarbejde med dig og din klient om at anbefale den bedste velg\u00f8renhedsl\u00f8sning. Overvej f\u00f8lgende scenarier:<\/p>\n<p><strong>Skatteplanl\u00e6gning ved \u00e5rets udgang<\/strong><br \/>Din klient har brug for at udligne kapitalgevinster eller h\u00f8ste kapitaltab og \u00f8nsker at give tilbage til samfundet, og har begr\u00e6nset tid til at beslutte sig for de mest v\u00e6rdifulde velg\u00f8renhedsorganisationer.<\/p>\n<p><strong>Bevarelse af et d\u00f8dsbo<\/strong><br \/>Bo-planl\u00e6gning kan identificere betydelige skatter, der g\u00e5r til IRS, og din klient \u00f8nsker at dirigere dollars til velg\u00f8rende form\u00e5l.<\/p>\n<p><strong>Pensionering i komfort<\/strong><br \/>Din klient er interesseret i en stabil indkomst i sin levetid og har altid v\u00e6ret velg\u00f8rende.<\/p>\n<p><strong>Etablering af en privat fond<\/strong><br \/>Din kunde overvejer at oprette en privat fond og er p\u00e5 udkig efter backoffice-support eller en mere omkostningseffektiv, enklere m\u00e5de.<\/p>\n<p><strong>N\u00e6rt ejede aktier<\/strong><br \/>Din klients nettoformue omfatter en t\u00e6t ejet virksomhed, og det er vigtigt for din klient at give noget tilbage til samfundet.<\/p>\n<p><strong>Salg eller afh\u00e6ndelse af h\u00f8jt v\u00e6rdsatte aktier eller ejendomme<\/strong><br \/>Din klient ejer v\u00e6rdifulde aktier eller ejendomme og \u00f8nsker at bruge en del af gevinsten til velg\u00f8renhed. Men de identificerede velg\u00f8renhedsorganisationer kan v\u00e6re for sm\u00e5 til at modtage direkte gaver i form af aktier eller ejendom. Ved at samarbejde med din lokale fond kan du overvinde disse udfordringer uden problemer.<br \/>Vi tilbyder fleksible gavel\u00f8sninger som f.eks. donorr\u00e5dgivne fonde, planlagte gaver eller livsindkomstgaver for at hj\u00e6lpe med at n\u00e5 din klients filantropiske m\u00e5l. VCCF er udstyret til at acceptere forskellige former for gaver, herunder aktier med h\u00f8j v\u00e6rdi, hvilket sikrer, at din kunde f\u00e5r de maksimale skattefordele.<br \/>Med vores ekspertise kan du v\u00e6re sikker p\u00e5, at din klients velg\u00f8rende m\u00e5l vil blive forfulgt trofast og effektivt og skabe en meningsfuld og varig effekt.<\/p>\n<p>To learn more, <a href=\"https:\/\/vccf.org\/da\/donate\/professional-advisor-faqs\/\">please visit our Professional Advisors FAQ page<\/a>.<\/p>\n<figure itemscope itemtype=\"https:\/\/schema.org\/ImageObject\">\n\t\t\t\t<img decoding=\"async\" src=\"https:\/\/vccf.org\/wp-content\/uploads\/2024\/04\/\u0421\u043b\u043e\u0439-1-4.png\" alt=\"\u0421\u043b\u043e\u0438\u0306 1 4\" height=\"60\" width=\"44\" title=\"\u0421\u043b\u043e\u0439 1 4\" onerror=\"this.style.display='none'\" loading=\"lazy\" \/>\n\t<\/figure>\n<h3>\n\t\t\tSe dine bidrag g\u00f8re en umiddelbar, varig forskel, som du kan m\u00e6rke\t<\/h3>\n<figure itemscope itemtype=\"https:\/\/schema.org\/ImageObject\">\n\t\t\t\t<img decoding=\"async\" src=\"https:\/\/vccf.org\/wp-content\/uploads\/2024\/04\/\u0421\u043b\u043e\u0439-1-4.png\" alt=\"\u0421\u043b\u043e\u0438\u0306 1 4\" height=\"60\" width=\"44\" title=\"\u0421\u043b\u043e\u0439 1 4\" onerror=\"this.style.display='none'\" loading=\"lazy\" \/>\n\t<\/figure>\n<h2>\n\t\t\tBliv medlem af VCCF\t<\/h2>\n\t<p>Og v\u00e6r en del af et medf\u00f8lende, inspireret f\u00e6llesskab af givere og handlende. Sammen bygger vi en lysere og st\u00e6rkere fremtid for vores Ventura County.<\/p>\n\t\t\t<a href=\"https:\/\/vccf.org\/da\/get-involved\/\"  target=\"_self\">\n\t\t\t\t\t\t\tBliv involveret\n\t\t\t\t\t<\/a>\n\t\t\t<a href=\"https:\/\/vccf.org\/da\/contact-us\/\"  target=\"_self\">\n\t\t\t\t\t\t\tSend os en e-mail\n\t\t\t\t\t<\/a>\n<figure itemscope itemtype=\"https:\/\/schema.org\/ImageObject\">\n\t\t\t\t<img decoding=\"async\" src=\"https:\/\/vccf.org\/wp-content\/uploads\/2024\/06\/Group-1080-2.png\" alt=\"Group 1080 (2)\" height=\"563\" width=\"463\" title=\"Gruppe 1080 (2)\" onerror=\"this.style.display='none'\" loading=\"lazy\" \/>\n\t<\/figure>","protected":false},"excerpt":{"rendered":"<p>Ofte stillede sp\u00f8rgsm\u00e5l Vi er her for at give dig viden om samfundssp\u00f8rgsm\u00e5l, ressourcer til at p\u00e5virke social forandring og strategier til at st\u00f8tte dine v\u00e6rdier, h\u00e5b og visioner for en st\u00f8rre verden....<\/p>","protected":false},"author":3,"featured_media":0,"parent":20928,"menu_order":0,"comment_status":"closed","ping_status":"closed","template":"","meta":{"_acf_changed":false,"give_campaign_id":0,"footnotes":""},"class_list":["post-20953","page","type-page","status-publish","hentry"],"acf":[],"campaignId":"","_links":{"self":[{"href":"https:\/\/vccf.org\/da\/wp-json\/wp\/v2\/pages\/20953","targetHints":{"allow":["GET"]}}],"collection":[{"href":"https:\/\/vccf.org\/da\/wp-json\/wp\/v2\/pages"}],"about":[{"href":"https:\/\/vccf.org\/da\/wp-json\/wp\/v2\/types\/page"}],"author":[{"embeddable":true,"href":"https:\/\/vccf.org\/da\/wp-json\/wp\/v2\/users\/3"}],"replies":[{"embeddable":true,"href":"https:\/\/vccf.org\/da\/wp-json\/wp\/v2\/comments?post=20953"}],"version-history":[{"count":0,"href":"https:\/\/vccf.org\/da\/wp-json\/wp\/v2\/pages\/20953\/revisions"}],"up":[{"embeddable":true,"href":"https:\/\/vccf.org\/da\/wp-json\/wp\/v2\/pages\/20928"}],"wp:attachment":[{"href":"https:\/\/vccf.org\/da\/wp-json\/wp\/v2\/media?parent=20953"}],"curies":[{"name":"wp","href":"https:\/\/api.w.org\/{rel}","templated":true}]}}