{"id":21015,"date":"2024-07-02T15:49:45","date_gmt":"2024-07-02T15:49:45","guid":{"rendered":"https:\/\/vccf.org\/?page_id=21015"},"modified":"2025-02-12T02:28:34","modified_gmt":"2025-02-12T10:28:34","slug":"support-specific-funds-and-initiatives","status":"publish","type":"page","link":"https:\/\/vccf.org\/da\/donate\/support-specific-funds-and-initiatives\/","title":{"rendered":"St\u00f8t specifikke fonde og initiativer"},"content":{"rendered":"<img loading=\"lazy\" decoding=\"async\" src=\"https:\/\/vccf.org\/wp-content\/uploads\/2024\/07\/jJqJfy3-3.png\" alt=\"-jJqJfy3 3\" itemprop=\"image\" height=\"375\" width=\"519\" title=\"-jJqJfy3 3\" onerror=\"this.style.display='none'\"  \/>\n\t<p>Don\u00e9r til VCCF-fonde og<\/p>\n<p>Initiativer efter eget valg<\/p>\n\t<p>St\u00f8t specifikke fonde og initiativer, der v\u00e6kker genklang hos dig, samtidig med at de im\u00f8dekommer kritiske behov i Ventura County-samfundet:<\/p>\n\t\t\t\t<img loading=\"lazy\" decoding=\"async\" src=\"https:\/\/vccf.org\/wp-content\/uploads\/2024\/07\/AdobeStock_566561880-1-1.png\" alt=\"AdobeStock_566561880 1 (1)\" itemprop=\"image\" height=\"377\" width=\"520\" title=\"AdobeStock_566561880 1 (1)\" onerror=\"this.style.display='none'\"  \/>\n\t<p>Fonde<\/p>\n\t\t\t<a href=\"https:\/\/vccf.org\/da\/donate\/specific-fund\/\" target=\"_self\">\n\t\t\t\t\t\t\tUdforsk fonde\n\t\t\t\t\t<\/a>\n\t<p>Initiativer<\/p>\n\t\t\t<a href=\"https:\/\/vccf.org\/da\/initiatives\/\" target=\"_self\">\n\t\t\t\t\t\t\tUdforsk initiativer\n\t\t\t\t\t<\/a>\n\t<p>Katastrofehj\u00e6lp<\/p>\n\t\t\t<a href=\"https:\/\/vccf.org\/da\/donate\/donate-to-support-disaster-relief\/\" target=\"_self\">\n\t\t\t\t\t\t\tDoner\n\t\t\t\t\t<\/a>\n\t<style>.disaster-hide {\n                            display: block !important;\n                        }\n\n                    .disaster-hide-left {\n                            display: none !important;\n                        }\n\n                    .disaster-grid {\n                         grid-template-columns: repeat(3, 1fr) !important;\n                    }\n\n                    @media screen and (max-width: 992px) {\n\n                    .disaster-grid {\n                         grid-template-columns: repeat(2, 1fr) !important;\n                    }\n\n                   }\n\n                    @media screen and (max-width: 768px) {\n\n                    .disaster-grid {\n                         grid-template-columns: repeat(1, 1fr) !important;\n                    }\n\n                   }\n\n\n\n\t      <\/style>","protected":false},"excerpt":{"rendered":"<p>Don\u00e9r til VCCF's fonde og initiativer efter eget valg St\u00f8t specifikke fonde og initiativer, der giver genlyd hos dig, samtidig med at de im\u00f8dekommer kritiske behov i Ventura County-samfundet: Fonde Udforsk fonde...<\/p>","protected":false},"author":4,"featured_media":0,"parent":20931,"menu_order":0,"comment_status":"closed","ping_status":"closed","template":"","meta":{"_acf_changed":false,"give_campaign_id":0,"footnotes":""},"class_list":["post-21015","page","type-page","status-publish","hentry"],"acf":[],"campaignId":"","_links":{"self":[{"href":"https:\/\/vccf.org\/da\/wp-json\/wp\/v2\/pages\/21015","targetHints":{"allow":["GET"]}}],"collection":[{"href":"https:\/\/vccf.org\/da\/wp-json\/wp\/v2\/pages"}],"about":[{"href":"https:\/\/vccf.org\/da\/wp-json\/wp\/v2\/types\/page"}],"author":[{"embeddable":true,"href":"https:\/\/vccf.org\/da\/wp-json\/wp\/v2\/users\/4"}],"replies":[{"embeddable":true,"href":"https:\/\/vccf.org\/da\/wp-json\/wp\/v2\/comments?post=21015"}],"version-history":[{"count":0,"href":"https:\/\/vccf.org\/da\/wp-json\/wp\/v2\/pages\/21015\/revisions"}],"up":[{"embeddable":true,"href":"https:\/\/vccf.org\/da\/wp-json\/wp\/v2\/pages\/20931"}],"wp:attachment":[{"href":"https:\/\/vccf.org\/da\/wp-json\/wp\/v2\/media?parent=21015"}],"curies":[{"name":"wp","href":"https:\/\/api.w.org\/{rel}","templated":true}]}}