{"id":21044,"date":"2024-07-10T18:13:12","date_gmt":"2024-07-10T18:13:12","guid":{"rendered":"https:\/\/vccf.org\/?page_id=21044"},"modified":"2025-05-05T10:52:20","modified_gmt":"2025-05-05T17:52:20","slug":"initiatives","status":"publish","type":"page","link":"https:\/\/vccf.org\/da\/initiatives\/","title":{"rendered":"Initiativer"},"content":{"rendered":"<h1>\n\t\tTransforming Lives, One Initiative at a Time.\n\t<\/h1>\n<h1>\n\t\tSlut dig til os!\n\t<\/h1>\n\t<p>Fra milj\u00f8beskyttelse til uddannelsesprogrammer - din st\u00f8tte til VCCF's initiativer i Ventura County skaber et blomstrende samfund for alle. Udforsk, hvordan du kan g\u00f8re en forskel i dag!<\/p>\n\t\t\t<a href=\"https:\/\/vccf.org\/da\/initiatives\/donate\/\" target=\"_self\">\n\t\t\t\t\t\t\tDon\u00e9r nu\n\t\t\t\t\t<\/a>\n\t\t\t\t<img loading=\"lazy\" decoding=\"async\" src=\"https:\/\/vccf.org\/wp-content\/uploads\/2024\/04\/\u0421\u043b\u043e\u0439-1-4.png\" alt=\"\u0421\u043b\u043e\u0438\u0306 1 4\" itemprop=\"image\" height=\"60\" width=\"44\" title=\"\u0421\u043b\u043e\u0439 1 4\" onerror=\"this.style.display='none'\"  \/>\n<h3>\n\t\tG\u00f8r Ventura County til et bedre sted at bo\n\t<\/h3>\n\t<p>Din st\u00f8tte til VCCF's initiativer i Ventura County skaber et blomstrende samfund for alle. Ved at st\u00f8tte disse programmer spiller du en direkte rolle i udformningen af Ventura Countys fremtid og hj\u00e6lper os med at tackle vores mest kritiske udfordringer. Find ud af, hvordan du kan g\u00f8re en forskel i dag!<\/p>\n<h2>\n\t\tNuv\u00e6rende initiativer\n\t<\/h2>\n        \t<meta itemscope itemprop=\"mainEntityOfPage\" itemtype=\"https:\/\/schema.org\/WebPage\" itemid=\"http:\/\/176\" content=\"Isabella Project &#8211; Highest-Quality Early Childhood Education Initiative\" \/><meta itemprop=\"datePublished\" content=\"2024-04-12\" \/><meta itemprop=\"dateModified\" content=\"2025-03-20\" \/><meta itemprop=\"name\" content=\"Ventura County Community Foundation\"\/><meta itemprop=\"url\" content=\"https:\/\/vccf.org\/author\/laurengraf\/\" \/><meta itemprop=\"name\" content=\"laurengraf\" \/><meta itemprop=\"url\" content=\"https:\/\/vccf.org\/wp-content\/uploads\/2024\/04\/c1cd2aab5c9cf2f0cdd797299fe64329-scaled.jpeg\" \/><meta itemprop=\"width\" content=\"1707\" \/><meta itemprop=\"height\" content=\"2560\" \/><meta itemprop=\"interactionType\" content=\"https:\/\/schema.org\/CommentAction\" \/><meta itemprop=\"userInteractionCount\" content=\"0\" \/>\n    <h3><a href='https:\/\/vccf.org\/da\/vccf-initiatives\/isabella-project-early-childhood-education\/' title='Isabella-projektet - initiativ til f\u00f8rskoleundervisning af h\u00f8jeste kvalitet'>Isabella-projektet - initiativ til f\u00f8rskoleundervisning af h\u00f8jeste kvalitet<\/a><\/h3>\n    <img decoding=\"async\" src=\"https:\/\/vccf.org\/wp-content\/uploads\/2024\/04\/c1cd2aab5c9cf2f0cdd797299fe64329-scaled.jpeg\" \/>\n        \t<meta itemscope itemprop=\"mainEntityOfPage\" itemtype=\"https:\/\/schema.org\/WebPage\" itemid=\"http:\/\/177\" content=\"Animal Welfare Initiative\" \/><meta itemprop=\"datePublished\" content=\"2024-04-12\" \/><meta itemprop=\"dateModified\" content=\"2025-02-11\" \/><meta itemprop=\"name\" content=\"Ventura County Community Foundation\"\/><meta itemprop=\"url\" content=\"https:\/\/vccf.org\/author\/kazbek-kadalashvilieverneu-com\/\" \/><meta itemprop=\"name\" content=\"Kazbek Kadalashvili\" \/><meta itemprop=\"url\" content=\"https:\/\/vccf.org\/wp-content\/uploads\/2024\/04\/AdobeStock_716979388-1.png\" \/><meta itemprop=\"width\" content=\"836\" \/><meta itemprop=\"height\" content=\"850\" \/><meta itemprop=\"interactionType\" content=\"https:\/\/schema.org\/CommentAction\" \/><meta itemprop=\"userInteractionCount\" content=\"0\" \/>\n    <h3><a href='https:\/\/vccf.org\/da\/vccf-initiatives\/vccf-animal-welfare-fund\/' title='Initiativ for dyrevelf\u00e6rd'>Initiativ for dyrevelf\u00e6rd<\/a><\/h3>\n    <img decoding=\"async\" src=\"https:\/\/vccf.org\/wp-content\/uploads\/2024\/04\/AdobeStock_716979388-1.png\" \/>\n        \t<meta itemscope itemprop=\"mainEntityOfPage\" itemtype=\"https:\/\/schema.org\/WebPage\" itemid=\"http:\/\/178\" content=\"Caregiver Initiative\" \/><meta itemprop=\"datePublished\" content=\"2024-04-12\" \/><meta itemprop=\"dateModified\" content=\"2025-01-13\" \/><meta itemprop=\"name\" content=\"Ventura County Community Foundation\"\/><meta itemprop=\"url\" content=\"https:\/\/vccf.org\/author\/viktar-ramanovicheverneu-com\/\" \/><meta itemprop=\"name\" content=\"Viktar Ramanovich\" \/><meta itemprop=\"url\" content=\"https:\/\/vccf.org\/wp-content\/uploads\/2024\/04\/vccf-lr-40-768x512-1.jpg\" \/><meta itemprop=\"width\" content=\"768\" \/><meta itemprop=\"height\" content=\"512\" \/><meta itemprop=\"interactionType\" content=\"https:\/\/schema.org\/CommentAction\" \/><meta itemprop=\"userInteractionCount\" content=\"0\" \/>\n    <h3><a href='https:\/\/vccf.org\/da\/vccf-initiatives\/caregiver-initiative\/' title='Initiativ for omsorgspersoner'>Initiativ for omsorgspersoner<\/a><\/h3>\n    <img decoding=\"async\" src=\"https:\/\/vccf.org\/wp-content\/uploads\/2024\/04\/vccf-lr-40-768x512-1.jpg\" \/>\n        \t<meta itemscope itemprop=\"mainEntityOfPage\" itemtype=\"https:\/\/schema.org\/WebPage\" itemid=\"http:\/\/181\" content=\"Environmental Initiative\" \/><meta itemprop=\"datePublished\" content=\"2024-04-12\" \/><meta itemprop=\"dateModified\" content=\"2025-01-13\" \/><meta itemprop=\"name\" content=\"Ventura County Community Foundation\"\/><meta itemprop=\"url\" content=\"https:\/\/vccf.org\/author\/kazbek-kadalashvilieverneu-com\/\" \/><meta itemprop=\"name\" content=\"Kazbek Kadalashvili\" \/><meta itemprop=\"url\" content=\"https:\/\/vccf.org\/wp-content\/uploads\/2024\/04\/image-18-1.png\" \/><meta itemprop=\"width\" content=\"836\" \/><meta itemprop=\"height\" content=\"850\" \/><meta itemprop=\"interactionType\" content=\"https:\/\/schema.org\/CommentAction\" \/><meta itemprop=\"userInteractionCount\" content=\"0\" \/>\n    <h3><a href='https:\/\/vccf.org\/da\/vccf-initiatives\/environmental-initiative\/' title='Milj\u00f8m\u00e6ssigt initiativ'>Milj\u00f8m\u00e6ssigt initiativ<\/a><\/h3>\n    <img decoding=\"async\" src=\"https:\/\/vccf.org\/wp-content\/uploads\/2024\/04\/image-18-1.png\" \/>\n        \t<meta itemscope itemprop=\"mainEntityOfPage\" itemtype=\"https:\/\/schema.org\/WebPage\" itemid=\"http:\/\/21045\" content=\"Scholarships for Local Students\" \/><meta itemprop=\"datePublished\" content=\"2024-07-10\" \/><meta itemprop=\"dateModified\" content=\"2024-11-06\" \/><meta itemprop=\"name\" content=\"Ventura County Community Foundation\"\/><meta itemprop=\"url\" content=\"https:\/\/vccf.org\/author\/viktar-ramanovicheverneu-com\/\" \/><meta itemprop=\"name\" content=\"Viktar Ramanovich\" \/><meta itemprop=\"url\" content=\"https:\/\/vccf.org\/wp-content\/uploads\/2024\/07\/image-142.png\" \/><meta itemprop=\"width\" content=\"345\" \/><meta itemprop=\"height\" content=\"222\" \/><meta itemprop=\"interactionType\" content=\"https:\/\/schema.org\/CommentAction\" \/><meta itemprop=\"userInteractionCount\" content=\"0\" \/>\n    <h3>\n        <a href=\"https:\/\/vccf.org\/da\/scholarships\/\">Stipendier til lokale studerende<\/a>\n    <\/h3>\n    <img decoding=\"async\" src=\"https:\/\/vccf.org\/wp-content\/uploads\/2024\/07\/image-142.png\" \/>\n        \t<meta itemscope itemprop=\"mainEntityOfPage\" itemtype=\"https:\/\/schema.org\/WebPage\" itemid=\"http:\/\/21622\" content=\"VCCF Disaster Resilience and Preparedness\" \/><meta itemprop=\"datePublished\" content=\"2024-11-06\" \/><meta itemprop=\"dateModified\" content=\"2025-02-12\" \/><meta itemprop=\"name\" content=\"Ventura County Community Foundation\"\/><meta itemprop=\"url\" content=\"https:\/\/vccf.org\/author\/maria-dadonovaeverneu-com\/\" \/><meta itemprop=\"name\" content=\"Maria Dadonova\" \/><meta itemprop=\"url\" content=\"https:\/\/vccf.org\/wp-content\/uploads\/2025\/01\/hill-fire-and-woolsey-fire-flower-e1561367852867-line-removed-2.png\" \/><meta itemprop=\"width\" content=\"1492\" \/><meta itemprop=\"height\" content=\"825\" \/><meta itemprop=\"interactionType\" content=\"https:\/\/schema.org\/CommentAction\" \/><meta itemprop=\"userInteractionCount\" content=\"0\" \/>\n    <h3><a href='https:\/\/vccf.org\/da\/vccf-initiatives\/vccf-disaster-resilience-and-preparedness\/' title='VCCF&#039;s modstandsdygtighed og beredskab over for katastrofer'>VCCF's modstandsdygtighed og beredskab over for katastrofer<\/a><\/h3>\n    <img decoding=\"async\" src=\"https:\/\/vccf.org\/wp-content\/uploads\/2025\/01\/hill-fire-and-woolsey-fire-flower-e1561367852867-line-removed-2.png\" \/>\n<h2>\n\t\tBliv medlem af os nu\n\t<\/h2>\n<h3>\n\t\tTag imod muligheden for at g\u00f8re en varig forskel.\n\t<\/h3>\n\t<p><strong><a href=\"\/da\/initiatives\/donate\/\">Don\u00e9r i dag, og bliv en vigtig del af vores mission.<\/a><\/strong><\/p>\n<p>Sammen kan vi forts\u00e6tte med at tackle udfordringer og fejre Ventura Countys styrke. Lad os sammen investere i en fremtid, hvor alle medlemmer af vores samfund har mulighed for at trives.<\/p>","protected":false},"excerpt":{"rendered":"<p>Forvandler liv, et initiativ ad gangen. Slut dig til os! Fra milj\u00f8beskyttelse til uddannelsesprogrammer - din st\u00f8tte til VCCF's initiativer i Ventura County skaber et blomstrende samfund for alle. G\u00e5 p\u00e5 opdagelse...<\/p>","protected":false},"author":4,"featured_media":0,"parent":0,"menu_order":0,"comment_status":"closed","ping_status":"closed","template":"","meta":{"_acf_changed":false,"give_campaign_id":0,"footnotes":""},"class_list":["post-21044","page","type-page","status-publish","hentry"],"acf":[],"campaignId":"","_links":{"self":[{"href":"https:\/\/vccf.org\/da\/wp-json\/wp\/v2\/pages\/21044","targetHints":{"allow":["GET"]}}],"collection":[{"href":"https:\/\/vccf.org\/da\/wp-json\/wp\/v2\/pages"}],"about":[{"href":"https:\/\/vccf.org\/da\/wp-json\/wp\/v2\/types\/page"}],"author":[{"embeddable":true,"href":"https:\/\/vccf.org\/da\/wp-json\/wp\/v2\/users\/4"}],"replies":[{"embeddable":true,"href":"https:\/\/vccf.org\/da\/wp-json\/wp\/v2\/comments?post=21044"}],"version-history":[{"count":0,"href":"https:\/\/vccf.org\/da\/wp-json\/wp\/v2\/pages\/21044\/revisions"}],"wp:attachment":[{"href":"https:\/\/vccf.org\/da\/wp-json\/wp\/v2\/media?parent=21044"}],"curies":[{"name":"wp","href":"https:\/\/api.w.org\/{rel}","templated":true}]}}