{"id":21048,"date":"2024-07-11T12:05:33","date_gmt":"2024-07-11T12:05:33","guid":{"rendered":"https:\/\/vccf.org\/?page_id=21048"},"modified":"2025-11-17T14:02:50","modified_gmt":"2025-11-17T22:02:50","slug":"professional-advisor-faqs","status":"publish","type":"page","link":"https:\/\/vccf.org\/da\/donate\/professional-advisor-faqs\/","title":{"rendered":"Ofte stillede sp\u00f8rgsm\u00e5l om professionelle r\u00e5dgivere"},"content":{"rendered":"<h1>\n\t\t\tOfte stillede sp\u00f8rgsm\u00e5l om professionelle r\u00e5dgivere\t<\/h1>\n\t\t\t\t<h2 itemprop=\"name description\">Hvorfor skal jeg anbefale VCCF til mine kunder?<\/h2>\n\t\t\t\tSom professionel r\u00e5dgiver kan dine anbefalinger have stor indflydelse p\u00e5 dine kunders filantropiske strategier. Ventura County Community Foundation er ikke bare en fond; det er en samfundsorienteret organisation, der har v\u00e6ret dybt forankret i Ventura County siden 1987. Ved at anbefale VCCF kan du s\u00e6tte dine kunder i forbindelse med en p\u00e5lidelig enhed, der er kendt for sin gennemsigtighed, medf\u00f8lelse og ekspertise i at forvalte filantropiske ressourcer. VCCF-donorer har givet over $250 millioner siden 1987, hvilket har haft direkte indflydelse p\u00e5 lokale nonprofitorganisationer og hjulpet tusindvis af studerende gennem stipendier.\n\t\t\t\t<h2 itemprop=\"name description\">Hvilke unikke tjenester tilbyder VCCF til mine kunder?<\/h2>\n\t\t\t\tVCCF tilbyder klientcentreret filantropisk r\u00e5dgivning og hj\u00e6lper med at skabe personlige og virkningsfulde giverstrategier. Det omfatter alt fra at identificere form\u00e5l til at udvikle strategier, der er i overensstemmelse med dine kunders v\u00e6rdier. Derudover tilbyder VCCF fleksible donationsmuligheder, s\u00e5som Donor Advised Funds, som kan v\u00e6re mere omkostningseffektive og enklere end at etablere en privat fond.\n\t\t\t\t<h2 itemprop=\"name description\">Kan VCCF hj\u00e6lpe med komplekse gavetyper?<\/h2>\n\t\t\t\tJa, VCCF er udstyret til at h\u00e5ndtere en bred vifte af aktivtyper, herunder kontanter, fast ejendom og aktier. Vores ekspertise str\u00e6kker sig til mere komplekse scenarier som f.eks. n\u00e6rt ejede aktier eller velg\u00f8renhedsplanl\u00e6gning, hvilket sikrer, at dine kunders filantropiske handlinger er b\u00e5de virkningsfulde og \u00f8konomisk sunde.\n\t\t\t\t<h2 itemprop=\"name description\">Hvordan gavner et partnerskab med VCCF mig som professionel r\u00e5dgiver?<\/h2>\n\t\t\t\tVed at samarbejde med VCCF f\u00e5r du adgang til en organisation med dybe r\u00f8dder i lokalsamfundet og omfattende viden om lokale behov. Ud over at forbedre dit servicetilbud positionerer et partnerskab med VCCF dig som en n\u00f8glespiller i dine kunders filantropiske rejse, uddyber kunderelationerne og opbygger dit omd\u00f8mme som en fremsynet r\u00e5dgiver.\n\t\t\t\t<h2 itemprop=\"name description\">Hvilken indflydelse har VCCF haft i Ventura County?<\/h2>\n\t\t\t\tVCCF har v\u00e6ret medvirkende til at l\u00f8se nogle af de mest presserende problemer i Ventura County, fra uddannelsesinitiativer til katastrofehj\u00e6lp. Vores arbejde, der st\u00f8ttes af et netv\u00e6rk af donorer og partnere, er et bevis p\u00e5 styrken i samfundsdrevet filantropi og den h\u00e5ndgribelige forskel, det g\u00f8r i Ventura Countys indbyggeres liv.\n\t\t\t\t<h2 itemprop=\"name description\">Har du nogen certificerede specialister i planlagte gaver ansat? <\/h2>\n\t\t\t\t<p>Ja, det g\u00f8r vi! Vi har fire medarbejdere p\u00e5 VCCF, som er certificerede specialister i planlagte gaver.<\/p>\n\t\t\t\t<h2 itemprop=\"name description\"> Har du nogen akkrediterede investeringsforvaltningsanalytikere ansat?<\/h2>\n\t\t\t\t<p>Ja, det g\u00f8r vi! Vi har to medarbejdere hos VCCF, som er akkrediterede investeringsforvaltere.<\/p>\n\t\t\t\t<h2 itemprop=\"name description\">Hvem er de professionelle r\u00e5dgivere, du prim\u00e6rt arbejder med, og som du gerne vil tiltr\u00e6kke?<\/h2>\n\t\t\t\t<p>Vi arbejder t\u00e6t sammen med og s\u00f8ger at tiltr\u00e6kke bo-advokater, CPA'er og skatterevisorer, certificerede finansielle planl\u00e6ggere og bo-planl\u00e6ggere. Vores m\u00e5l er at samarbejde med r\u00e5dgivere, som er engagerede i at vejlede deres kunder i at tr\u00e6ffe effektive filantropiske beslutninger.<\/p>\n\t\t\t\t<h2 itemprop=\"name description\">Hvilke specifikke tjenester, ressourcer, v\u00e6rdier og fordele tilbyder du til professionelle r\u00e5dgivere?<\/h2>\n\t\t\t\t<p>Hos VCCF tilbyder vi en s\u00e6rlig fordel ved at v\u00e6re dybt forankret i lokalsamfundet. Vores filantropiske r\u00e5dgivningskontor leverer personlige tjenester til enkeltpersoner, familier og virksomheder og guider dem gennem deres filantropiske rejse. Vi hj\u00e6lper med at identificere meningsfulde form\u00e5l, udvikle virkningsfulde strategier, engagere fremtidige generationer i filantropi og tilbyde lokal ekspertise om presserende samfundssp\u00f8rgsm\u00e5l. Vores omfattende due diligence af nonprofitorganisationer, strategiske r\u00e5d om tilskud og uddannelse i at maksimere fordelene ved at give til velg\u00f8renhed g\u00f8r det muligt for professionelle r\u00e5dgivere at tilbyde holistiske l\u00f8sninger til deres kunder.<\/p>\n<p>Derudover giver vores ekspertise inden for planlagt donation os mulighed for at samarbejde med professionelle r\u00e5dgivere om at udforme donationsstrategier, der opfylder forskellige behov, som f.eks. at give \u00f8jeblikkelig indkomst, reducere skatter og etablere varige arvinger. Vi tilbyder ogs\u00e5 effektrapportering, som hj\u00e6lper r\u00e5dgivere med at demonstrere de h\u00e5ndgribelige resultater af deres kunders filantropiske investeringer. Endelig tilbyder vi personlig r\u00e5dgivning, planl\u00e6gning af arv og adgang til et bredt netv\u00e6rk af eksperter og ligesindede, herunder juridiske, finansielle og nonprofit-ledere. Dette netv\u00e6rk giver v\u00e6rdifuld indsigt og muligheder for samarbejde.<\/p>\n\t\t\t\t<h2 itemprop=\"name description\">Er der nogen unikke programmer eller initiativer, der er skr\u00e6ddersyet til professionelle r\u00e5dgivere? <\/h2>\n\t\t\t\t<p>Vi er glade for at kunne annoncere den kommende lancering af flere initiativer, der er designet specielt til professionelle r\u00e5dgivere. For at holde dig informeret, bedes du tilmelde dig vores <a href=\"\/da\/media-news\/email-newsletter-sign-up\/\">Power of Purpose nyhedsbrev<\/a>.<\/p>\n\t\t\t\t<h2 itemprop=\"name description\">Do you provide any tools that Professional Advisors can use with their clients?<\/h2>\n\t\t\t\tUpon request, we will run customized illustrations for donors interested in establishing a Charitable Gift Annuity (CGA) or Charitable Remainder Trust (CRT). These illustrations present to the donor the anticipated income and tax benefit of their gift.\n\t\t\t\t<h2 itemprop=\"name description\">Hvilke skattefordele eller -incitamenter b\u00f8r professionelle r\u00e5dgivere v\u00e6re opm\u00e6rksomme p\u00e5, n\u00e5r de vejleder deres kunder om at donere til VCCF?<\/h2>\n\t\t\t\t<p>Donationer til VCCF giver flere potentielle skattefordele, som kan v\u00e6re en integreret del af en omfattende finansiel og filantropisk strategi. De vigtigste skattefordele kan omfatte:<\/p>\n<ul>\n<li><strong>Skattefradrag for velg\u00f8renhed:<\/strong> Donorer kan ofte tr\u00e6kke donationer til VCCF fra deres f\u00f8derale indkomstskat op til en vis procentdel af deres justerede bruttoindkomst (AGI). Dette fradrag kan v\u00e6re s\u00e6rligt fordelagtigt for personer med h\u00f8j indkomst.<\/li>\n<li><strong>Skattebesparelser p\u00e5 kapitalgevinster:<\/strong> Donorer, der bidrager med v\u00e6rdisatte aktiver, s\u00e5som aktier eller fast ejendom, til VCCF, kan potentielt undg\u00e5 at betale kapitalgevinstskat af v\u00e6rdistigningen. Det giver dem mulighed for at g\u00f8re en st\u00f8rre velg\u00f8rende indsats sammenlignet med at s\u00e6lge aktiverne og donere provenuet.<\/li>\n<li><strong>Neds\u00e6ttelse af boafgift:<\/strong> Hvis man inkluderer velg\u00f8rende donationer som en del af en bodelingsplan, kan det reducere den skattepligtige v\u00e6rdi af boet og potentielt s\u00e6nke eller fjerne boafgiften. Det er is\u00e6r en fordel for donorer, der \u00f8nsker at efterlade en varig arv og samtidig minimere boafgiften.<\/li>\n<li><strong>Donoradministrerede fonde (DAF):<\/strong> Etablering af en Donor Advised Fund gennem VCCF kan give donorer mulighed for at f\u00e5 et \u00f8jeblikkeligt skattefradrag for det fulde bidragsbel\u00f8b og samtidig bevare fleksibiliteten til at anbefale tilskud over tid. Det kan v\u00e6re et strategisk v\u00e6rkt\u00f8j til at h\u00e5ndtere skatteforpligtelser og st\u00f8tte velg\u00f8rende form\u00e5l.<\/li>\n<li><strong>IRA Charitable Rollovers:<\/strong> Personer p\u00e5 70\u00bd \u00e5r eller derover kan foretage skattefrie overf\u00f8rsler direkte fra deres IRA'er til VCCF og dermed opfylde kravet om minimumsdistribution uden at skulle betale indkomstskat.<\/li>\n<\/ul>\n<p>Selv om disse fordele kan v\u00e6re betydelige, er det vigtigt for donorer at r\u00e5df\u00f8re sig med skatteeksperter eller advokater, der besk\u00e6ftiger sig med ejendomsplanl\u00e6gning, for at forst\u00e5 de specifikke konsekvenser af velg\u00f8renhed i forbindelse med deres overordnede \u00f8konomiske og skattem\u00e6ssige situation. VCCF er forpligtet til at samarbejde med professionelle r\u00e5dgivere for at sikre, at donorer f\u00e5r n\u00f8jagtige oplysninger og maksimerer virkningen af deres filantropiske bidrag.<\/p>\n\t<p>For more details or to discuss ways VCCF can assist you and your clients, contact our Philanthropic Services Team<\/p>\n\t\t\t<a href=\"\/da\/my-vccf-fund\/fund-contact\/\" target=\"_self\">\n\t\t\t\t\t\t\tKontakt os\n\t\t\t\t\t<\/a>\n\t<p>Ventura County Community Foundation er forpligtet til at g\u00f8re Ventura County til et blomstrende, retf\u00e6rdigt samfund.<\/p>\n<p>&nbsp;<\/p>\n<p>Sammen kan vi inspirere og g\u00f8re det muligt for dine kunder at v\u00e6re en del af en arv af gener\u00f8sitet og indflydelse.<\/p>\n    <button id=\"board-prev\" type=\"button\"><\/button>\n    1\n     \/ 3\n    <button id=\"board-next\" type=\"button\"><\/button>","protected":false},"excerpt":{"rendered":"<p>FAQ for professionelle r\u00e5dgivere Hvorfor skal jeg anbefale VCCF til mine kunder? Som professionel r\u00e5dgiver kan dine anbefalinger have stor indflydelse p\u00e5 dine kunders filantropiske strategier. Ventura County Community Foundation er...<\/p>","protected":false},"author":4,"featured_media":0,"parent":20931,"menu_order":0,"comment_status":"closed","ping_status":"closed","template":"","meta":{"_acf_changed":false,"give_campaign_id":0,"footnotes":""},"class_list":["post-21048","page","type-page","status-publish","hentry"],"acf":[],"campaignId":"","_links":{"self":[{"href":"https:\/\/vccf.org\/da\/wp-json\/wp\/v2\/pages\/21048","targetHints":{"allow":["GET"]}}],"collection":[{"href":"https:\/\/vccf.org\/da\/wp-json\/wp\/v2\/pages"}],"about":[{"href":"https:\/\/vccf.org\/da\/wp-json\/wp\/v2\/types\/page"}],"author":[{"embeddable":true,"href":"https:\/\/vccf.org\/da\/wp-json\/wp\/v2\/users\/4"}],"replies":[{"embeddable":true,"href":"https:\/\/vccf.org\/da\/wp-json\/wp\/v2\/comments?post=21048"}],"version-history":[{"count":0,"href":"https:\/\/vccf.org\/da\/wp-json\/wp\/v2\/pages\/21048\/revisions"}],"up":[{"embeddable":true,"href":"https:\/\/vccf.org\/da\/wp-json\/wp\/v2\/pages\/20931"}],"wp:attachment":[{"href":"https:\/\/vccf.org\/da\/wp-json\/wp\/v2\/media?parent=21048"}],"curies":[{"name":"wp","href":"https:\/\/api.w.org\/{rel}","templated":true}]}}