{"id":21049,"date":"2024-07-11T13:31:46","date_gmt":"2024-07-11T13:31:46","guid":{"rendered":"https:\/\/vccf.org\/?page_id=21049"},"modified":"2025-11-17T14:11:46","modified_gmt":"2025-11-17T22:11:46","slug":"donor-faqs","status":"publish","type":"page","link":"https:\/\/vccf.org\/da\/donate\/donor-faqs\/","title":{"rendered":"Ofte stillede sp\u00f8rgsm\u00e5l om donorer"},"content":{"rendered":"<h1>\n\t\t\tOfte stillede sp\u00f8rgsm\u00e5l fra vores donorer\t<\/h1>\n\t<p>Hos VCCF tror vi p\u00e5 f\u00e6llesskabets kraft. Hvert sp\u00f8rgsm\u00e5l, du stiller, styrker vores mission om at forbedre livskraften og trivslen i Ventura County. Uanset om du overvejer en donation eller er en eksisterende donor, baner dine foresp\u00f8rgsler vejen for st\u00f8rre indflydelse. Nedenfor finder du svar p\u00e5 nogle af de mest almindelige sp\u00f8rgsm\u00e5l, vores donorer stiller.<\/p>\n\t\t\t\tEr VCCF forpligtet til at v\u00e6re en god forvalter af min donation?\n\t\t\t\tJA, DET ER VI! VCCF's bestyrelse er 100%-certificeret i Fiduciary Essentials for Foundations and Endowments (FEFE), og personalet bliver uddannet hvert \u00e5r.\n<img loading=\"lazy\" decoding=\"async\" src=\"https:\/\/vccf.org\/wp-content\/uploads\/2024\/07\/logo.png\" alt=\"\" width=\"120\" height=\"120\" \/>\n\t\t\t\tHvorfor skal jeg donere til VCCF?\n\t\t\t\tAt donere til Ventura County Community Foundation betyder at investere i vores samfunds fremtid. Hver dollar, du giver, st\u00f8tter lokale nonprofitorganisationer og initiativer, der har til form\u00e5l at forbedre livskvaliteten i hele Ventura County. Vores dybe tilknytning til lokalsamfundet og omfattende viden om lokale behov sikrer, at dine bidrag g\u00e5r derhen, hvor de kan g\u00f8re mest gavn:\n<ul>\n<li data-pm-slice=\"1 3 []\">Over $250 millioner uddelt i tilskud og stipendier siden starten.<\/li>\n<li data-pm-slice=\"1 3 []\">Konsekvent anerkendelse af gennemsigtighed og finanspolitisk ansvarlighed.<\/li>\n<\/ul>\n\t\t\t\tEr VCCF en nonprofit organisation?\n\t\t\t\tJA, DET ER DEN! Derfor er enhver donation til VCCF eller en VCCF-fond en velg\u00f8rende donation under skatte-ID 77-0165029.\n\t\t\t\tHvilke typer aktiver kan jeg give?\n\t\t\t\tVCCF er autoriseret til at modtage gaver af enhver art. De mest almindelige typer af gaver omfatter kontanter, v\u00e6rdsat ejendom og b\u00f8rsnoterede aktier, men vi kan ogs\u00e5 tage imod de fleste andre aktiver.\n\t<p>To learn more or to take the next step of your Ventura County Philanthropic Journey, please contact our Philanthropic Services team<\/p>\n\t\t\t<a href=\"\/da\/my-vccf-fund\/fund-contact\/\" target=\"_self\">\n\t\t\t\t\t\t\tKontakt Jim Rivera\n\t\t\t\t\t<\/a>\n\t\t\t\t<img decoding=\"async\" src=\"https:\/\/vccf.org\/wp-content\/uploads\/2024\/07\/Group-1080-2.png\" alt=\"Group 1080 (2)\" itemprop=\"image\" height=\"563\" width=\"463\" title=\"Gruppe 1080 (2)\" onerror=\"this.style.display='none'\" loading=\"lazy\" \/>\n\t<p>\"Dette samfund har v\u00e6ret vores hjem i mange \u00e5r og har v\u00e6ret godt for os. Vores b\u00f8rn og b\u00f8rneb\u00f8rn bor alle i dette omr\u00e5de. Vi oprettede denne fond for at fremme udviklingen af billige boliger, for at st\u00f8tte kunsten og for at forbedre det fysiske og mentale velbefindende hos folk i vores samfund. Fonden er fleksibel i forhold til at hj\u00e6lpe os med vores efterladte planer, og vi elsker at kunne se resultaterne af vores donationer, mens vi stadig er i live og kan v\u00e6re en del af det.\"<\/p>\n<h4>\n\t\t\tMike Merewether. Donor\t<\/h4>\n\t<p>Hvert sp\u00f8rgsm\u00e5l f\u00f8rer til dybere forst\u00e5else og forbindelse. Din nysgerrighed giver n\u00e6ring til vores f\u00e6lles mission om at berige livet for alle indbyggere i Ventura County. Sammen skaber vi en arv af medf\u00f8lelse og modstandsdygtighed. Tak, fordi du overvejer Ventura County Community Foundation som din partner i filantropi.<\/p>\n<h4>\n\t\t\tEr du klar til at g\u00f8re en forskel?\t<\/h4>\n\t<p><a href=\"https:\/\/vccf.org\/da\/contact-us\/\">Kontakt os i dag<\/a>, <a href=\"https:\/\/vccf.org\/da\/donate\/\">donere<\/a>eller <a href=\"https:\/\/vccf.org\/da\/my-vccf-fund\/start-a-fund\/\">Start din egen fond<\/a> for at begynde din filantropiske rejse med at g\u00f8re Ventura County til et bedre sted at v\u00e6re.<\/p>\n\t\t\t\t<img decoding=\"async\" src=\"https:\/\/vccf.org\/wp-content\/uploads\/2024\/04\/image-11.png\" alt=\"image (11)\" itemprop=\"image\" height=\"563\" width=\"463\" title=\"billede (11)\" onerror=\"this.style.display='none'\" loading=\"lazy\" \/>","protected":false},"excerpt":{"rendered":"<p>Ofte stillede sp\u00f8rgsm\u00e5l fra vores donorer Hos VCCF tror vi p\u00e5 f\u00e6llesskabets kraft. Hvert sp\u00f8rgsm\u00e5l, du stiller, styrker vores mission om at forbedre livskraften og trivslen i...<\/p>","protected":false},"author":4,"featured_media":0,"parent":20931,"menu_order":0,"comment_status":"closed","ping_status":"closed","template":"","meta":{"_acf_changed":false,"give_campaign_id":0,"footnotes":""},"class_list":["post-21049","page","type-page","status-publish","hentry"],"acf":[],"campaignId":"","_links":{"self":[{"href":"https:\/\/vccf.org\/da\/wp-json\/wp\/v2\/pages\/21049","targetHints":{"allow":["GET"]}}],"collection":[{"href":"https:\/\/vccf.org\/da\/wp-json\/wp\/v2\/pages"}],"about":[{"href":"https:\/\/vccf.org\/da\/wp-json\/wp\/v2\/types\/page"}],"author":[{"embeddable":true,"href":"https:\/\/vccf.org\/da\/wp-json\/wp\/v2\/users\/4"}],"replies":[{"embeddable":true,"href":"https:\/\/vccf.org\/da\/wp-json\/wp\/v2\/comments?post=21049"}],"version-history":[{"count":0,"href":"https:\/\/vccf.org\/da\/wp-json\/wp\/v2\/pages\/21049\/revisions"}],"up":[{"embeddable":true,"href":"https:\/\/vccf.org\/da\/wp-json\/wp\/v2\/pages\/20931"}],"wp:attachment":[{"href":"https:\/\/vccf.org\/da\/wp-json\/wp\/v2\/media?parent=21049"}],"curies":[{"name":"wp","href":"https:\/\/api.w.org\/{rel}","templated":true}]}}