{"id":21086,"date":"2024-07-23T10:02:18","date_gmt":"2024-07-23T10:02:18","guid":{"rendered":"https:\/\/vccf.org\/?page_id=21086"},"modified":"2025-07-24T04:39:34","modified_gmt":"2025-07-24T11:39:34","slug":"start-a-fund","status":"publish","type":"page","link":"https:\/\/vccf.org\/da\/my-vccf-fund\/start-a-fund\/","title":{"rendered":"Start en fond med Ventura County Community Foundation"},"content":{"rendered":"<h1>\n\t\t\tBegynd din arv i Ventura County - opret en VCCF-fond\t<\/h1>\n\t<p>Velkommen til et f\u00e6llesskab af forandringsskabere!<\/p>\n<h2>\n\t\t\tHvorfor starte en fond med VCCF?\t<\/h2>\n\t<p>Slut dig til vores engagement i at forandre Ventura County gennem fokuseret filantropi. At starte en fond med Ventura County Community Foundation er en personlig m\u00e5de at give tilbage til sager, du br\u00e6nder for, og skabe forandring, hvor der er mest brug for det i vores samfund.<\/p>\n\t\t\t\t<img decoding=\"async\" src=\"https:\/\/vccf.org\/wp-content\/uploads\/2024\/07\/logo-2.png\" alt=\"logo (2)\" itemprop=\"image\" height=\"120\" width=\"120\" title=\"logo (2)\" onerror=\"this.style.display='none'\" loading=\"lazy\" \/>\n<h3>\n\t\t\tVCCF er 100%-certificeret i Fiduciary Essentials for Foundations and Endowments (FEFE).\t<\/h3>\n<h3>\n\t\t\tS\u00e5dan starter du en fond\t<\/h3>\n\t<p>Begynd din filantropiske rejse ved at planl\u00e6gge en gratis konsultationsaftale med vores dedikerede filantropiske serviceteam. Vi dr\u00f8fter dine m\u00e5l og udforsker de bedste muligheder for at g\u00f8re din donation s\u00e5 virkningsfuld som muligt.<\/p>\n\t\t\t<a href=\"https:\/\/vccf.org\/da\/my-vccf-fund\/fund-contact\/\" target=\"_self\">\n\t\t\t\t\t\t\tAftal en uforpligtende konsultation\n\t\t\t\t\t<\/a>\n\t<p>\"VCCF g\u00f8r det nemt at etablere en arv, der vil gavne mennesker i mange \u00e5r fremover, og at sikre, at midlerne g\u00e5r til v\u00e6rdige organisationer.\"<\/p>\n\t<p>Kimberly J. Engberg, fondsejer<\/p>\n<h3>\n\t\t\tTypiske trin til at starte en fond:\t<\/h3>\n\t\t\t\tGennemg\u00e5 m\u00e5l og ambitioner\n\t\t\t\t<p>Defin\u00e9r, hvad du vil opn\u00e5 med din filantropi.<\/p>\n\t\t\t\tV\u00e6lg den bedst egnede fondstype\n\t\t\t\t<p>Gennemg\u00e5 og sammenlign en r\u00e6kke forskellige fondskategorier for bedst at matche dine velg\u00f8renhedsinteresser og effektm\u00e5l:<\/p>\n<ul data-pm-slice=\"3 3 []\">\n<li data-list-indent=\"2\" data-list-type=\"bulleted\">\n<p><strong>Agenturfonde:<\/strong> St\u00f8t din nonprofit med forvaltede aktiver.<\/p>\n<\/li>\n<li data-list-indent=\"2\" data-list-type=\"bulleted\">\n<p><strong>Donoradministrerede fonde (DAF):<\/strong> Nyd godt af skattefordele og anbefalede tilskud.<\/p>\n<\/li>\n<li data-list-indent=\"2\" data-list-type=\"bulleted\">\n<p><strong>Udpegede midler:<\/strong> Direkte st\u00f8tte til specifikke organisationer eller programmer.<\/p>\n<\/li>\n<li data-list-indent=\"2\" data-list-type=\"bulleted\">\n<p><strong>Fonde for interesseomr\u00e5der:<\/strong> Adresser brede \u00e5rsager eller geografiske omr\u00e5der.<\/p>\n<\/li>\n<li data-list-indent=\"2\" data-list-type=\"bulleted\">\n<p><strong>Stipendiemidler:<\/strong> St\u00f8tte de studerendes uddannelse.<\/p>\n<\/li>\n<li data-list-indent=\"2\" data-list-type=\"bulleted\">\n<p><strong>Ubegr\u00e6nsede midler:<\/strong> G\u00f8r det muligt for VCCF at im\u00f8dekomme presserende behov i samfundet.<\/p>\n<\/li>\n<\/ul>\n\t\t\t\t\"Lav papirarbejdet\"\n\t\t\t\t<p>Samarbejd med vores ekspertteam om at oprette din fond og mindes dine \u00f8nsker.<\/p>\n\t\t\t\tUddeling af midler\n\t\t\t\t<p>Beslut, hvordan midlerne skal fordeles, s\u00e5 de f\u00e5r en varig virkning.<\/p>\n\t\t\t\tFinansier din fond\n\t\t\t\t<p>Begynd med en f\u00f8rste donation, og \u00f8g den med tiden.<\/p>\n\t<p>For sp\u00f8rgsm\u00e5l eller n\u00e6ste skridt, kontakt vores filantropiske serviceteam<\/p>\n\t\t\t<a href=\"https:\/\/vccf.org\/da\/my-vccf-fund\/fund-contact\/\" target=\"_self\">\n\t\t\t\t\t\t\tKontakt os\n\t\t\t\t\t<\/a>\n<h2>\n\t\t\tFordele ved at oprette en fond\t<\/h2>\n\t\t\t\t<img decoding=\"async\" src=\"https:\/\/vccf.org\/wp-content\/uploads\/2024\/07\/Group-1075.png\" alt=\"Group 1075\" itemprop=\"image\" height=\"52\" width=\"52\" title=\"Gruppe 1075\" onerror=\"this.style.display='none'\" loading=\"lazy\" \/>\n<h3>\n\t\t\tEnkelhed\t<\/h3>\n\t<p>At oprette en velg\u00f8rende fond er et nemt og billigt alternativ til at oprette og administrere en privat fond, og det kr\u00e6ver minimalt papirarbejde. Vi administrerer investeringer, behandler fondsuddelinger og indsender passende selvangivelser.<\/p>\n\t\t\t\t<img decoding=\"async\" src=\"https:\/\/vccf.org\/wp-content\/uploads\/2024\/07\/Group-1076.png\" alt=\"Group 1076\" itemprop=\"image\" height=\"52\" width=\"52\" title=\"Gruppe 1076\" onerror=\"this.style.display='none'\" loading=\"lazy\" \/>\n<h3>\n\t\t\tSkattefordele\t<\/h3>\n\t<p>Maksimer de f\u00f8derale og statslige skattefordele. Modtag et \u00f8jeblikkeligt skattefradrag det \u00e5r, gaven gives, uden at skulle skynde dig at tr\u00e6ffe beslutninger om det endelige tidspunkt eller modtageren af dine gaver.<\/p>\n\t\t\t\t<img decoding=\"async\" src=\"https:\/\/vccf.org\/wp-content\/uploads\/2024\/07\/Group-1122.png\" alt=\"Group 1122\" itemprop=\"image\" height=\"52\" width=\"52\" title=\"Gruppe 1122\" onerror=\"this.style.display='none'\" loading=\"lazy\" \/>\n<h3>\n\t\t\tStor fleksibilitet\t<\/h3>\n\t<p>Vi kan modtage en bred vifte af gaver - herunder kontanter, aktier, fast ejendom og andre aktiver. Vi kan hj\u00e6lpe dig med at oprette en fond til stort set alle velg\u00f8rende form\u00e5l. Modtag offentlig anerkendelse eller forbliv anonym. Du kan give tilskud til en r\u00e6kke forskellige organisationer og tilf\u00f8je til enhver fond til enhver tid.<\/p>\n\t\t\t\t<img decoding=\"async\" src=\"https:\/\/vccf.org\/wp-content\/uploads\/2024\/07\/Group-1079.png\" alt=\"Group 1079\" itemprop=\"image\" height=\"50\" width=\"45\" title=\"Gruppe 1079\" onerror=\"this.style.display='none'\" loading=\"lazy\" \/>\n<h3>\n\t\t\tProfessionel ledelse\t<\/h3>\n\t<p>Nyd fordelene ved, at din fond er en del af en aktivt forvaltet, diversificeret investeringsportef\u00f8lje med professionelle medarbejdere, der kan svare p\u00e5 sp\u00f8rgsm\u00e5l, identificere samfundets behov og screene anmodninger om tilskud.<\/p>\n\t\t\t\t<img decoding=\"async\" src=\"https:\/\/vccf.org\/wp-content\/uploads\/2024\/07\/Group-1080-2-1.png\" alt=\"Group 1080 (2)\" itemprop=\"image\" height=\"52\" width=\"50\" title=\"Gruppe 1080 (2)\" onerror=\"this.style.display='none'\" loading=\"lazy\" \/>\n<h3>\n\t\t\tIndvirkning p\u00e5 samfundet\t<\/h3>\n\t<p>Vores professionelle programmedarbejdere hj\u00e6lper dig med at forst\u00e5 lokalsamfundets behov, vurdere lokale organisationer og dirigere gavekroner til omr\u00e5der med stor gennemslagskraft.<\/p>\n\t\t\t\t<img decoding=\"async\" src=\"https:\/\/vccf.org\/wp-content\/uploads\/2024\/07\/Group-1081.png\" alt=\"Group 1081\" itemprop=\"image\" height=\"52\" width=\"52\" title=\"Gruppe 1081\" onerror=\"this.style.display='none'\" loading=\"lazy\" \/>\n<h3>\n\t\t\tStabilitet\t<\/h3>\n\t<p>Lokale fonde er professionelle organisationer, der lever op til offentliggjorte standarder for investeringspraksis, donortjenester og uddelingspraksis. \u00c5rlig revision, offentligg\u00f8relse af alle uddelingsaktiviteter og omhyggelig udv\u00e6lgelse af bestyrelsesmedlemmer sikrer fortsat brug af midler i offentlighedens interesse, som donorerne har bestemt.<\/p>\n\t\t\t\t<img decoding=\"async\" src=\"https:\/\/vccf.org\/wp-content\/uploads\/2024\/07\/Group-1123.png\" alt=\"Group 1123\" itemprop=\"image\" height=\"52\" width=\"53\" title=\"Gruppe 1123\" onerror=\"this.style.display='none'\" loading=\"lazy\" \/>\n<h3>\n\t\t\tEvighed\t<\/h3>\n\t<p>Legater vil tjene dine velg\u00f8rende interesser nu og i de kommende generationer, fordi fondens hovedstol aldrig bliver brugt. En fond varer for evigt - et permanent vidnesbyrd om din medf\u00f8lelse og en varig ressource for dit samfund.<\/p>\n\t<button id=\"board-prev\" type=\"button\">Rul tilbage<\/button>\n<button id=\"board-next\" type=\"button\">Rul for at se mere<\/button>\n\t<p><strong>Bliv en del af vores f\u00e6llesskab af donorer i dag! Kontakt os for at starte din filantropiske rejse, og hj\u00e6lp os med at g\u00f8re Ventura County til et bedre sted for alle.<\/strong><\/p>\n\t\t\t<a href=\"https:\/\/vccf.org\/da\/my-vccf-fund\/fund-contact\/\" target=\"_self\">\n\t\t\t\t\t\t\tKontakt os\n\t\t\t\t\t<\/a>\n<h3>\n\t\t\t\"Dette samfund har v\u00e6ret vores hjem i mange \u00e5r og har v\u00e6ret godt for os. Vores b\u00f8rn og b\u00f8rneb\u00f8rn bor alle i dette omr\u00e5de. Vi oprettede denne fond for at fremme udviklingen af billige boliger, for at st\u00f8tte kunsten og for at forbedre det fysiske og mentale velbefindende hos folk i vores samfund. Fonden er fleksibel i forhold til at hj\u00e6lpe os med vores bo-planer, og vi elsker at kunne se resultaterne af vores donationer, mens vi stadig er i live og kan v\u00e6re en del af det.\"\t<\/h3>\n\t<p>Mike Merewether, Donor<\/p>\n\t\t\t\t<img decoding=\"async\" src=\"https:\/\/vccf.org\/wp-content\/uploads\/2024\/07\/Group-1080-1.png\" alt=\"Group 1080 (1)\" itemprop=\"image\" height=\"563\" width=\"463\" title=\"Gruppe 1080 (1)\" onerror=\"this.style.display='none'\" loading=\"lazy\" \/>","protected":false},"excerpt":{"rendered":"<p>Begynd din arv i Ventura County - opret en VCCF-fond Velkommen til et f\u00e6llesskab af forandringsskabere! Hvorfor starte en fond med VCCF? Slut dig til vores engagement i at...<\/p>","protected":false},"author":3,"featured_media":0,"parent":21014,"menu_order":0,"comment_status":"closed","ping_status":"closed","template":"","meta":{"_acf_changed":false,"give_campaign_id":0,"footnotes":""},"class_list":["post-21086","page","type-page","status-publish","hentry"],"acf":[],"campaignId":"","_links":{"self":[{"href":"https:\/\/vccf.org\/da\/wp-json\/wp\/v2\/pages\/21086","targetHints":{"allow":["GET"]}}],"collection":[{"href":"https:\/\/vccf.org\/da\/wp-json\/wp\/v2\/pages"}],"about":[{"href":"https:\/\/vccf.org\/da\/wp-json\/wp\/v2\/types\/page"}],"author":[{"embeddable":true,"href":"https:\/\/vccf.org\/da\/wp-json\/wp\/v2\/users\/3"}],"replies":[{"embeddable":true,"href":"https:\/\/vccf.org\/da\/wp-json\/wp\/v2\/comments?post=21086"}],"version-history":[{"count":0,"href":"https:\/\/vccf.org\/da\/wp-json\/wp\/v2\/pages\/21086\/revisions"}],"up":[{"embeddable":true,"href":"https:\/\/vccf.org\/da\/wp-json\/wp\/v2\/pages\/21014"}],"wp:attachment":[{"href":"https:\/\/vccf.org\/da\/wp-json\/wp\/v2\/media?parent=21086"}],"curies":[{"name":"wp","href":"https:\/\/api.w.org\/{rel}","templated":true}]}}