{"id":21089,"date":"2024-07-23T13:46:20","date_gmt":"2024-07-23T13:46:20","guid":{"rendered":"https:\/\/vccf.org\/?page_id=21089"},"modified":"2025-05-05T11:05:04","modified_gmt":"2025-05-05T18:05:04","slug":"nonprofit-compliance","status":"publish","type":"page","link":"https:\/\/vccf.org\/da\/grants\/nonprofit-compliance\/","title":{"rendered":"Nonprofit-overholdelse"},"content":{"rendered":"<h1>\n\t\tNonprofit-overholdelse og tilskud\n\t<\/h1>\n<h2>\n\t\tNonprofit-overholdelse\n\t<\/h2>\n\tEfter modtagelse af en anbefaling om tilskud fra en fond foretager VCCF en due diligence-kontrol af den modtagende organisation. Alle nonprofit 501(c)(3)-organisationer i Californien skal \u00e5rligt registrere sig hos Californiens justitsministerium og opretholde en \"aktuel\" registreringsstatus, medmindre organisationen er fritaget. Nonprofit 501(c)(3)-organisationer uden for staten skal registrere sig hos Californiens statsadvokat, hvis de driver forretning i Californien, dvs. beder om donationer, modtager gaver eller andre aktiver med \u00f8konomisk v\u00e6rdi til velg\u00f8rende form\u00e5l.\n<p>Her er nogle nyttige links til den californiske justitsministers hjemmeside.<\/p>\n<ul>\n<li><a href=\"https:\/\/oag.ca.gov\/charities\/initial-reg\" target=\"_blank\" rel=\"noopener\">F\u00f8rste registrering<\/a><\/li>\n<li><a href=\"https:\/\/oag.ca.gov\/charities\/renewals\" target=\"_blank\" rel=\"noopener\">\u00c5rlig fornyelse af registrering<\/a><\/li>\n<li><a href=\"https:\/\/oag.ca.gov\/charities\/delinquency\" target=\"_blank\" rel=\"noopener\">Misligholdt<\/a><\/li>\n<\/ul>\n<p>Ud over at have en aktuel registrering skal nonprofitorganisationen v\u00e6re ajour med sine skatteindberetninger til skattemyndighederne. Oplysninger om skatteindberetninger gennemg\u00e5s via <a href=\"https:\/\/apps.irs.gov\/app\/eos\/\" target=\"_blank\" rel=\"noopener\">IRS Tax Exempt Organization Search Tool.<\/a><\/p>\n<p>VCCF gennemf\u00f8rer ogs\u00e5 en grundl\u00e6ggende finansiel due diligence-vurdering som beskrevet i den vedh\u00e6ftede politik \"<a href=\"https:\/\/vccf.org\/wp-content\/uploads\/2024\/11\/VCCF-Assessing-the-Financial-Health-of-Nonprofit-Organizations.pdf\" target=\"_blank\" rel=\"noopener\">Vurdering af nonprofitorganisationers \u00f8konomiske sundhed<\/a>&#8220;.<\/p>\n\t\t\t<a href=\"https:\/\/vccf.org\/da\/grants\/\" target=\"_self\">\n\t\t\t\t\t\t\tTilbage til Bevillinger\n\t\t\t\t\t<\/a>","protected":false},"excerpt":{"rendered":"<p>Nonprofit Compliance og Grantmaking Nonprofit Compliance Efter modtagelse af en anbefaling om tilskud fra en fond foretager VCCF en due diligence-kontrol af den modtagende organisation. Alle nonprofitorganisationer i Californien, 501(c)(3),...<\/p>","protected":false},"author":4,"featured_media":0,"parent":22928,"menu_order":0,"comment_status":"closed","ping_status":"closed","template":"","meta":{"_acf_changed":false,"give_campaign_id":0,"footnotes":""},"class_list":["post-21089","page","type-page","status-publish","hentry"],"acf":[],"campaignId":"","_links":{"self":[{"href":"https:\/\/vccf.org\/da\/wp-json\/wp\/v2\/pages\/21089","targetHints":{"allow":["GET"]}}],"collection":[{"href":"https:\/\/vccf.org\/da\/wp-json\/wp\/v2\/pages"}],"about":[{"href":"https:\/\/vccf.org\/da\/wp-json\/wp\/v2\/types\/page"}],"author":[{"embeddable":true,"href":"https:\/\/vccf.org\/da\/wp-json\/wp\/v2\/users\/4"}],"replies":[{"embeddable":true,"href":"https:\/\/vccf.org\/da\/wp-json\/wp\/v2\/comments?post=21089"}],"version-history":[{"count":0,"href":"https:\/\/vccf.org\/da\/wp-json\/wp\/v2\/pages\/21089\/revisions"}],"up":[{"embeddable":true,"href":"https:\/\/vccf.org\/da\/wp-json\/wp\/v2\/pages\/22928"}],"wp:attachment":[{"href":"https:\/\/vccf.org\/da\/wp-json\/wp\/v2\/media?parent=21089"}],"curies":[{"name":"wp","href":"https:\/\/api.w.org\/{rel}","templated":true}]}}