{"id":21123,"date":"2024-07-25T11:56:07","date_gmt":"2024-07-25T11:56:07","guid":{"rendered":"https:\/\/vccf.org\/?page_id=21123"},"modified":"2025-12-11T13:54:16","modified_gmt":"2025-12-11T21:54:16","slug":"virtual-lunch-and-learns","status":"publish","type":"page","link":"https:\/\/vccf.org\/da\/events\/virtual-lunch-and-learns\/","title":{"rendered":"Virtuel frokost og undervisning"},"content":{"rendered":"<h1>\n\t\t\tVCCF Virtual Lunch &amp; Learns: <br \/>Bliv en del af vores f\u00e6llesskab af Changemakers!\t<\/h1>\n\t<p><strong>Engagerer sig sammen for et lysere Ventura County<\/strong><\/p>\n\t<p>Hos Ventura County Community Foundation mener vi, at hvert m\u00f8de er en mulighed for at skabe en bedre fremtid for vores samfund. Vores arrangementer er mere end m\u00f8der; de er en livlig fejring af et f\u00e6lles form\u00e5l og en oprigtig forpligtelse til at forbedre Ventura County.<\/p>\n\t<p><strong>Virtuel frokost og undervisning: Et vindue til lokal indflydelse<\/strong><\/p>\n\t<p>Oplev kraften i kollektiv handling med vores Virtual Lunch &amp; Learns. Disse m\u00f8der samler donorer, samfundsledere og passionerede enkeltpersoner for at diskutere og st\u00f8tte de igangv\u00e6rende projekter, der former vores samfunds fremtid. Fra at forbedre uddannelsesmuligheder til at fremme sundhedsinitiativer er hvert m\u00f8de et skridt fremad p\u00e5 vores f\u00e6lles rejse.<\/p>\n\t\t\t\t<img decoding=\"async\" src=\"https:\/\/vccf.org\/wp-content\/uploads\/2024\/10\/image-2024-10-18T132935.500.png\" alt=\"image - 2024-10-18T132935.500\" itemprop=\"image\" height=\"851\" width=\"836\" title=\"billede - 2024-10-18T132935.500\" onerror=\"this.style.display='none'\" loading=\"lazy\" \/>\n<h2>\n\t\t\tHvorfor deltage?\t<\/h2>\n\t<p>Kom i kontakt med ligesindede<\/p>\n\t<p>Del din passion med et f\u00e6llesskab, der bekymrer sig dybt om Ventura Countys fremtid og velbefindende.<\/p>\n\t<p>Hold dig orienteret om effektive projekter<\/p>\n\t<p>F\u00e5 indsigt i den direkte effekt af dine bidrag, og se p\u00e5 f\u00f8rste h\u00e5nd, hvordan vi sammen g\u00f8r en forskel.<\/p>\n\t<p>Form fremtiden<\/p>\n\t<p>Din deltagelse er med til at udstikke retningen for vores initiativer og sikre, at samfundets behov altid er i h\u00f8js\u00e6det.<\/p>\n\t<p>H\u00f8r fra dem, der har oplevet gl\u00e6den ved at give gennem vores arrangementer:<\/p>\n\t<p>\"Virtual Lunch and Learns har v\u00e6ret en fantastisk m\u00e5de at m\u00f8de kontakter i andre nonprofitorganisationer p\u00e5. Ventura County har en bred vifte af nonprofitorganisationer, der udf\u00f8rer et st\u00e6rkt arbejde og g\u00f8r vores samfund til et vidunderligt sted at bo. Jeg har l\u00e6rt s\u00e5 meget gennem Lunch and Learns og f\u00e5et mange nye venner.\"<\/p>\n\t<p>Linda Braunschweiger, administrerende direkt\u00f8r for Housing Trust Fund Ventura County<\/p>\n<h2>\n\t\t\tKommende begivenheder\t<\/h2>\n\t<p>Vi inviterer dig til at deltage i vores kommende arrangementer. Hvert arrangement er n\u00f8je planlagt for at sikre en berigende og mindev\u00e6rdig oplevelse for alle deltagere. Hold \u00f8je med detaljer om vores n\u00e6ste m\u00f8de, og v\u00e6r en del af noget helt s\u00e6rligt.<\/p>\n<p>For at blive en del af vores n\u00e6ste arrangement eller for flere detaljer, kontakt Lauren Graf Pe\u00f1a p\u00e5 <a href=\"mailto:lgraf@vccf.org\" rel=\"noopener\" target=\"_blank\">lgraf@vccf.org<\/a>.<\/p>\n<p>Lad os sammen inspirere til forandring og fejre \u00e5nden i vores samfund ved hver eneste sammenkomst!<\/p>\n<h2>\n\t\t\tTilmelding og tidligere optagelser\t<\/h2>","protected":false},"excerpt":{"rendered":"<p>VCCF Virtual Lunch &amp; Learns: Bliv en del af vores f\u00e6llesskab af forandringsskabere! Engager dig sammen for et lysere Ventura County Hos Ventura County Community Foundation mener vi, at hvert m\u00f8de er en mulighed for at...<\/p>","protected":false},"author":4,"featured_media":0,"parent":21008,"menu_order":0,"comment_status":"closed","ping_status":"closed","template":"","meta":{"_acf_changed":false,"give_campaign_id":0,"footnotes":""},"class_list":["post-21123","page","type-page","status-publish","hentry"],"acf":[],"campaignId":"","_links":{"self":[{"href":"https:\/\/vccf.org\/da\/wp-json\/wp\/v2\/pages\/21123","targetHints":{"allow":["GET"]}}],"collection":[{"href":"https:\/\/vccf.org\/da\/wp-json\/wp\/v2\/pages"}],"about":[{"href":"https:\/\/vccf.org\/da\/wp-json\/wp\/v2\/types\/page"}],"author":[{"embeddable":true,"href":"https:\/\/vccf.org\/da\/wp-json\/wp\/v2\/users\/4"}],"replies":[{"embeddable":true,"href":"https:\/\/vccf.org\/da\/wp-json\/wp\/v2\/comments?post=21123"}],"version-history":[{"count":0,"href":"https:\/\/vccf.org\/da\/wp-json\/wp\/v2\/pages\/21123\/revisions"}],"up":[{"embeddable":true,"href":"https:\/\/vccf.org\/da\/wp-json\/wp\/v2\/pages\/21008"}],"wp:attachment":[{"href":"https:\/\/vccf.org\/da\/wp-json\/wp\/v2\/media?parent=21123"}],"curies":[{"name":"wp","href":"https:\/\/api.w.org\/{rel}","templated":true}]}}