{"id":21130,"date":"2024-07-25T14:15:19","date_gmt":"2024-07-25T14:15:19","guid":{"rendered":"https:\/\/vccf.org\/?page_id=21130"},"modified":"2025-08-22T16:36:22","modified_gmt":"2025-08-22T23:36:22","slug":"donor-peer-network","status":"publish","type":"page","link":"https:\/\/vccf.org\/da\/events\/donor-peer-network\/","title":{"rendered":"Peer-netv\u00e6rk for donorer"},"content":{"rendered":"<h1>\n\t\t\tPeer-netv\u00e6rk for donorer\t<\/h1>\n\t<p>I hjertet af Ventura County trives vores Donor Peer Network med de forbindelser, vi opbygger sammen. Netv\u00e6rket er opst\u00e5et p\u00e5 baggrund af oprigtige diskussioner og f\u00e6lles dr\u00f8mme og er et vidnesbyrd om styrken ved kollektivt at give. Vores donorer l\u00e6ngtes efter dybere relationer, og vi lyttede.<\/p>\n\t\t\t\t<img decoding=\"async\" src=\"https:\/\/vccf.org\/wp-content\/uploads\/2024\/09\/image-3.png\" alt=\"image (3)\" itemprop=\"image\" height=\"851\" width=\"836\" title=\"billede (3)\" onerror=\"this.style.display='none'\" loading=\"lazy\" \/>\n\t\t\t\t<img decoding=\"async\" src=\"https:\/\/vccf.org\/wp-content\/uploads\/2024\/07\/1-20.png\" alt=\"1 (20)\" itemprop=\"image\" height=\"50\" width=\"50\" title=\"1 (20)\" onerror=\"this.style.display='none'\" loading=\"lazy\" \/>\n\t<p>P\u00e5 opdagelse sammen<\/p>\n\t<p>Firs procent af vores donorer har fundet deres mest p\u00e5lidelige vejledning gennem interaktion med ligestillede. Dette netv\u00e6rk handler ikke kun om at give; det handler om at l\u00e6re, dele og vokse sammen. Hundrede procent af vores fokusgruppedeltagere udtrykte et \u00f8nske om at forst\u00e5 vores samfunds udfordringer og om at knytte meningsfulde b\u00e5nd til andre donorer.<\/p>\n\t\t\t\t<img decoding=\"async\" src=\"https:\/\/vccf.org\/wp-content\/uploads\/2024\/07\/3-14.png\" alt=\"3 (14)\" itemprop=\"image\" height=\"50\" width=\"50\" title=\"3 (14)\" onerror=\"this.style.display='none'\" loading=\"lazy\" \/>\n\t<p>Vores rejse<\/p>\n\t<p>Donor Peer Network blev lanceret i januar 2021 og ledes af de passionerede medform\u00e6nd Catherine Sepulveda og Jack Edelstein og er blevet et fyrt\u00e5rn for h\u00e5b og samarbejde. Vores arrangementer sp\u00e6nder fra virtuelle diskussioner til personlige sammenkomster, der alle er designet til at inspirere og udstyre vores medlemmer med den viden og de relationer, der er n\u00f8dvendige for at g\u00f8re en konkret forskel.<\/p>\n\t\t\t\t<img decoding=\"async\" src=\"https:\/\/vccf.org\/wp-content\/uploads\/2024\/07\/2-15.png\" alt=\"2 (15)\" itemprop=\"image\" height=\"50\" width=\"50\" title=\"2 (15)\" onerror=\"this.style.display='none'\" loading=\"lazy\" \/>\n\t<p>Hvorfor slutte sig til os?<\/p>\n\t<p>Ventura Countys sk\u00f8nhed afspejles i samfundets gener\u00f8sitet. Vores initiativer d\u00e6kker et bredt spektrum af form\u00e5l, fra dyrevelf\u00e6rd til uddannelse af sm\u00e5b\u00f8rn og fra katastrofeberedskab til milj\u00f8forvaltning. Som medlem vil du ikke kun st\u00f8tte disse vigtige omr\u00e5der, men ogs\u00e5 v\u00e6re en del af en medf\u00f8lende og inspireret gruppe, der er dedikeret til at g\u00f8re Ventura County til et bedre sted for alle.<\/p>\n\t\t\t\t<img decoding=\"async\" src=\"https:\/\/vccf.org\/wp-content\/uploads\/2024\/09\/Group-1080.png\" alt=\"Group 1080\" itemprop=\"image\" height=\"563\" width=\"463\" title=\"Gruppe 1080\" onerror=\"this.style.display='none'\" loading=\"lazy\" \/>\n\t<p>\"Hvilken \u00e6re det er at v\u00e6re en del af VCCF's Donor Peer Network, at se, at <em>f\u00f8le<\/em>\u00a0den indflydelse, vores program har haft p\u00e5 s\u00e5 mange liv. At l\u00e6re om den styrke og udholdenhed, som vores modtagere har, h\u00e5bet; at h\u00f8re deres historier og se det med vores egne \u00f8jne og hjerter - har \u00e6ndret <em>min<\/em>\u00a0livet. Der er ikke ord nok til at takke.\"<\/p>\n\t<p>Terri Lisagor, medlem af DPN<\/p>\n\t<p><strong>For at l\u00e6re mere<\/strong>kontakt venligst Mike Silacci p\u00e5 <a href=\"mailto:msilacci@vccf.org\">msilacci@vccf.org<\/a>.<\/p>\n\t<p>Tag med os p\u00e5 denne rejse af velvilje og inspiration. Sammen kan vi opn\u00e5 ekstraordin\u00e6re ting for Ventura County!<\/p>\n<h2>\n\t\t\tPeer-netv\u00e6rkets kalender\t<\/h2>\n\t<p>Kun tilg\u00e6ngelig for Donor Peer Network<\/p>\n<table  data-tablesaw-minimap>\n\t\t\t<thead>\n\t\t<tr>\n\t\t\t<th id=\"pp-table-col-1\" scope=\"col\" data-tablesaw-sortable-col>\t\t\t\t\t\n\t\t\t\t\t\t\t\t\t\t\t\tDato\/tid\t\t\t\t\t\n\t\t\t\t\t<\/th><th id=\"pp-table-col-2\" scope=\"col\" data-tablesaw-sortable-col>\t\t\t\t\t\n\t\t\t\t\t\t\t\t\t\t\t\tF\u00e6llesskab af praksis\t\t\t\t\t\n\t\t\t\t\t<\/th><th id=\"pp-table-col-3\" scope=\"col\" data-tablesaw-sortable-col>\t\t\t\t\t\n\t\t\t\t\t\t\t\t\t\t\t\tSpecifik problemstilling\t\t\t\t\t\n\t\t\t\t\t<\/th><th id=\"pp-table-col-4\" scope=\"col\" data-tablesaw-sortable-col>\t\t\t\t\t\n\t\t\t\t\t\t\t\t\t\t\t\tPeer-deling\t\t\t\t\t\n\t\t\t\t\t<\/th>\t\t<\/tr>\n\t<\/thead>\n\t\t<tbody>\n\t\t<tr data-row-index=\"1\"><td><strong>Sep 10, 2025, 4:30 &#8211; 6 P.M.<\/strong><\/td><td>Donor Peer Network sommerreception p\u00e5 Moorpark College Teaching Zoo<\/td><\/tr><tr data-row-index=\"2\"><td><strong>Nov 1, 2024, 4 &#8211; 6 P.M.<\/strong><\/td><td>Donor Peer Network Social, p\u00e5 VCCF Nonprofit Center<\/td><td>\"Quest\" af John Kobara<\/td><\/tr><tr data-row-index=\"3\"><td><strong>Feb 8, 2024, 5 &#8211; 7 P.M. <\/strong><\/td><td>Middag for donorernes peer-netv\u00e6rk: Uddannelsens fremtid p\u00e5 CSU Channel Islands<\/td><\/tr><tr data-row-index=\"4\"><td><b>May 18, 2023, 5 &#8211; 7 P.M.<\/b><\/td><td>Donor Peer Network Social, p\u00e5 Boys &amp; Girls Club of Camarillo<\/td><td>Emne: Dr\u00f8mmen om vores fremtid \u00c5ben gruppediskussion, deling og sp\u00f8rgsm\u00e5l og svar<\/td><td>Passion Pitch<\/td><\/tr><tr data-row-index=\"5\"><td><b>Feb 16, 2023, 5 &#8211; 7 P.M.<\/b><\/td><td>Donor Peer Network Social, hos Food Share of Ventura County<\/td><td>Emne: Partnerskab med regeringen \u00c5ben for sp\u00f8rgsm\u00e5l \/ diskussion<\/td><td>Passion Pitch<\/td><\/tr><tr data-row-index=\"6\"><td><b>Nov 17, 2022, 5 &#8211; 7 P.M.<\/b><\/td><td>Donor Peer Network Social, p\u00e5 VCCF Nonprofit Center<\/td><td>Reunion Holiday Dinner \u00c5ben gruppediskussion, deling og sp\u00f8rgsm\u00e5l og svar<\/td><td>Passion Pitch<\/td><\/tr><tr data-row-index=\"7\"><td><b>June 23, 2022, 4 &#8211; 6 P.M.<\/b><\/td><td>Peer-netv\u00e6rk for donorer: \u00c5r 1 i tilbageblik, virtuel<\/td><td>Faciliteret diskussion og feedback<\/td><td>Passion Pitch<\/td><\/tr><tr data-row-index=\"8\"><td><b>Apr 21, 2022, 12 &#8211; 1:30 P.M.<\/b><\/td><td>Velkommen til DIT Donor Peer Network, virtuelt<\/td><td>\u00c5ben for sp\u00f8rgsm\u00e5l \/ diskussion<\/td><td>Passion Pitch<\/td><\/tr><tr data-row-index=\"9\"><td><b>Mar 24, 2022 5:30 &#8211; 7:30 P.M.<\/b><\/td><td>Middag med VCCF's bestyrelse p\u00e5 VCCF Nonprofit Center<\/td><td>\u00c5ben gruppediskussion, deling og sp\u00f8rgsm\u00e5l og svar<\/td><\/tr><tr data-row-index=\"10\"><td><b>Feb 24, 2022, 12 &#8211; 1:30 P.M.<\/b><\/td><td>Sm\u00e5b\u00f8rnsundervisning af h\u00f8jeste kvalitet, Santa Paula Pilot Program, Virtual<\/td><td>\u00c5ben for sp\u00f8rgsm\u00e5l \/ diskussion<\/td><td>Passion Pitch<\/td><\/tr><tr data-row-index=\"11\"><td><b>Jan 27, 2022 12 &#8211; 1:30 P.M.<\/b><\/td><td>F\u00e6llesskabsfonde som borgernes hjem, virtuelle<\/td><td>Bolig og hjeml\u00f8shed<\/td><td>Passion Pitch<\/td><\/tr><tr data-row-index=\"12\"><td><b>Nov 30, 2021 11:30 A.M. &#8211; 2 P.M<\/b><\/td><td>Status for nonprofit-sektoren\nCenter for nonprofit-ledelse, virtuel<\/td><\/tr><tr data-row-index=\"13\"><td><b>Nov 17, 2021, 8 A.M. &#8211; 12 P.M.<\/b><\/td><td>Ventura Countys tilstand i regionen\nVentura County Civic Alliance, virtuel<\/td><\/tr>\t<\/tbody>\n<\/table>","protected":false},"excerpt":{"rendered":"<p>Donor Peer Network I hjertet af Ventura County trives vores Donor Peer Network med de forbindelser, vi opbygger sammen. Netv\u00e6rket er opst\u00e5et p\u00e5 baggrund af oprigtige diskussioner og f\u00e6lles dr\u00f8mme og er...<\/p>","protected":false},"author":3,"featured_media":0,"parent":21008,"menu_order":0,"comment_status":"closed","ping_status":"closed","template":"","meta":{"_acf_changed":false,"give_campaign_id":0,"footnotes":""},"class_list":["post-21130","page","type-page","status-publish","hentry"],"acf":[],"campaignId":"","_links":{"self":[{"href":"https:\/\/vccf.org\/da\/wp-json\/wp\/v2\/pages\/21130","targetHints":{"allow":["GET"]}}],"collection":[{"href":"https:\/\/vccf.org\/da\/wp-json\/wp\/v2\/pages"}],"about":[{"href":"https:\/\/vccf.org\/da\/wp-json\/wp\/v2\/types\/page"}],"author":[{"embeddable":true,"href":"https:\/\/vccf.org\/da\/wp-json\/wp\/v2\/users\/3"}],"replies":[{"embeddable":true,"href":"https:\/\/vccf.org\/da\/wp-json\/wp\/v2\/comments?post=21130"}],"version-history":[{"count":0,"href":"https:\/\/vccf.org\/da\/wp-json\/wp\/v2\/pages\/21130\/revisions"}],"up":[{"embeddable":true,"href":"https:\/\/vccf.org\/da\/wp-json\/wp\/v2\/pages\/21008"}],"wp:attachment":[{"href":"https:\/\/vccf.org\/da\/wp-json\/wp\/v2\/media?parent=21130"}],"curies":[{"name":"wp","href":"https:\/\/api.w.org\/{rel}","templated":true}]}}