{"id":21234,"date":"2024-08-09T19:29:01","date_gmt":"2024-08-09T19:29:01","guid":{"rendered":"https:\/\/vccf.org\/?page_id=21234"},"modified":"2025-06-06T14:18:07","modified_gmt":"2025-06-06T21:18:07","slug":"donate","status":"publish","type":"page","link":"https:\/\/vccf.org\/da\/initiatives\/donate\/","title":{"rendered":"Donate to Initiatives"},"content":{"rendered":"<h1>\n\t\t\tDonate to Support VCCF&#8217;s Commitment to the Betterment of Ventura County\t<\/h1>\n\t<p>Hver eneste dollar, du giver, er med til at skabe et mere levende og modstandsdygtigt Ventura County. Din donation giver Ventura County Community Foundation mulighed for at im\u00f8dekomme presserende behov, fremme langsigtet v\u00e6kst og se Ventura County-samfund blomstre.<\/p>\n\t\t\t\t\t<a href=\"#\"  id=\"fl-accordion--label-0\" tabindex=\"0\" aria-controls=\"fl-accordion--panel-0\">Andre m\u00e5der at give p\u00e5<\/a>\n\t\t\t\t\t\t\t\t\t\t\t<a href=\"#\" id=\"fl-accordion--icon-0\"  tabindex=\"0\"><i title=\"Expand\">Expand<\/i><\/a>\n\t\t\t\t\t<ul>\n<li><strong>Med check<\/strong>: Skal betales til<em>\u00a0Ventura County Community Foundation.\u00a0<\/em>Skriv venligst fondens navn i bem\u00e6rkningsfeltet og send til VCCF 4001 Mission Oaks Blvd. Suite A, Camarillo, CA 93012.<\/li>\n<li><strong>Andre gaver<\/strong>: Vi tager ogs\u00e5 imod gaver i form af aktier, IRA-udbetalinger og overf\u00f8rsler.  Kontakt venligst Bonnie Gilles, VCCF Vice President &amp; Chief Financial and Operating Officer, p\u00e5 805.330.6681, ext. 125 eller e-mail\u00a0<a href=\"mailto:%20bgilles@vccf.org\">bgilles@vccf.org.<\/a><\/li>\n<\/ul>\n\t<div class='root-data-givewp-embed' data-form-locale='da_DK' data-form-url='https:\/\/vccf.org\/?post_type=give_forms&#038;p=21542' data-form-view-url='https:\/\/vccf.org\/da\/?givewp-route=donation-form-view&form-id=21542' data-src='https:\/\/vccf.org\/da\/?givewp-route=donation-form-view&form-id=21542' data-givewp-embed-id='give-form-shortcode-1' data-form-format='' data-open-form-button='Donate now' style='--givewp-primary-color: #ff8846; --givewp-secondary-color: #8d867a;'><\/div>","protected":false},"excerpt":{"rendered":"<p>Don\u00e9r for at st\u00f8tte VCCF's engagement i at forbedre Ventura County, CA Hver dollar, du giver, er med til at skabe et mere levende og modstandsdygtigt Ventura County. Din donation styrker...<\/p>","protected":false},"author":5,"featured_media":0,"parent":21044,"menu_order":0,"comment_status":"closed","ping_status":"closed","template":"","meta":{"_acf_changed":false,"give_campaign_id":0,"footnotes":""},"class_list":["post-21234","page","type-page","status-publish","hentry"],"acf":[],"campaignId":"","_links":{"self":[{"href":"https:\/\/vccf.org\/da\/wp-json\/wp\/v2\/pages\/21234","targetHints":{"allow":["GET"]}}],"collection":[{"href":"https:\/\/vccf.org\/da\/wp-json\/wp\/v2\/pages"}],"about":[{"href":"https:\/\/vccf.org\/da\/wp-json\/wp\/v2\/types\/page"}],"author":[{"embeddable":true,"href":"https:\/\/vccf.org\/da\/wp-json\/wp\/v2\/users\/5"}],"replies":[{"embeddable":true,"href":"https:\/\/vccf.org\/da\/wp-json\/wp\/v2\/comments?post=21234"}],"version-history":[{"count":0,"href":"https:\/\/vccf.org\/da\/wp-json\/wp\/v2\/pages\/21234\/revisions"}],"up":[{"embeddable":true,"href":"https:\/\/vccf.org\/da\/wp-json\/wp\/v2\/pages\/21044"}],"wp:attachment":[{"href":"https:\/\/vccf.org\/da\/wp-json\/wp\/v2\/media?parent=21234"}],"curies":[{"name":"wp","href":"https:\/\/api.w.org\/{rel}","templated":true}]}}