{"id":21453,"date":"2024-09-16T14:41:11","date_gmt":"2024-09-16T14:41:11","guid":{"rendered":"https:\/\/vccf.org\/?page_id=21453"},"modified":"2025-05-05T11:04:48","modified_gmt":"2025-05-05T18:04:48","slug":"start-an-endowment-fund","status":"publish","type":"page","link":"https:\/\/vccf.org\/da\/grants\/start-an-endowment-fund\/","title":{"rendered":"Start en legatfond"},"content":{"rendered":"<h1>\n\t\tSkab \u00f8konomisk b\u00e6redygtighed for din nonprofit\n\t<\/h1>\n\t<p>Kontakt os for at aftale en konsultation om legater.<\/p>\n\t\t\t<a href=\"https:\/\/vccf.org\/da\/my-vccf-fund\/fund-contact\/\" target=\"_self\">\n\t\t\t\t\t\t\tPlanl\u00e6g en aftale\n\t\t\t\t\t<\/a>\n\t\t\t\t<img loading=\"lazy\" decoding=\"async\" src=\"https:\/\/vccf.org\/wp-content\/uploads\/2024\/09\/Mask-group-87.png\" alt=\"Mask group (87)\" itemprop=\"image\" height=\"851\" width=\"836\" title=\"Gruppe af masker (87)\" onerror=\"this.style.display='none'\"  \/>\n\t\t\t\t<img loading=\"lazy\" decoding=\"async\" src=\"https:\/\/vccf.org\/wp-content\/uploads\/2024\/04\/\u0421\u043b\u043e\u0439-1-4.png\" alt=\"\u0421\u043b\u043e\u0438\u0306 1 4\" itemprop=\"image\" height=\"60\" width=\"44\" title=\"\u0421\u043b\u043e\u0439 1 4\" onerror=\"this.style.display='none'\"  \/>\n<h3>\n\t\tG\u00f8r Ventura County til et bedre sted at bo\n\t<\/h3>\n\t<p>\"At samarbejde med Ventura County Community Foundation om at forvalte vores legater har v\u00e6ret en af de mest v\u00e6rdifulde beslutninger, vi har truffet for vores nonprofits fremtid og langsigtede b\u00e6redygtighed. Vi har stor tillid til VCCF; de bringer et niveau af ekspertise, integritet og omsorg, der f\u00f8les som en \u00e6gte forl\u00e6ngelse af vores team. Med VCCF ved vores side kan vi fokusere fuldt ud p\u00e5 vores mission og p\u00e5 at udvide vores programmer til gavn for Ventura County.\"<\/p>\n\t<p>Elena Brokaw, Museum of Ventura County<\/p>\n<h2>\n\t\tHvorfor v\u00e6lge en Agency Endowment Fund?\n\t<\/h2>\n\t<p>Opbygning af en fond med VCCF giver din nonprofitorganisation en vej til \u00f8konomisk modstandsdygtighed og b\u00e6redygtighed og sikrer, at din mission trives i mange \u00e5r fremover.<\/p>\n\t\t\t\t<img decoding=\"async\" src=\"https:\/\/vccf.org\/wp-content\/uploads\/2024\/09\/Group-1127.svg\" alt=\"Group 1127\" itemprop=\"image\" title=\"Gruppe 1127\" onerror=\"this.style.display='none'\"  \/>\n\t<p>Mission Velstand<\/p>\n\t<p>Opbygning af en fond med VCCF giver din nonprofitorganisation en vej til \u00f8konomisk modstandsdygtighed og b\u00e6redygtighed og sikrer, at din mission trives i mange \u00e5r fremover.<\/p>\n\t\t\t\t<img decoding=\"async\" src=\"https:\/\/vccf.org\/wp-content\/uploads\/2024\/09\/Group-1127.svg\" alt=\"Group 1127\" itemprop=\"image\" title=\"Gruppe 1127\" onerror=\"this.style.display='none'\"  \/>\n\t<p>Finansiel stabilitet<\/p>\n\t<p>Skab en p\u00e5lidelig indkomststr\u00f8m, der st\u00f8tter din organisation ud over de \u00e5rlige budgetter og kampagner.<\/p>\n\t\t\t\t<img decoding=\"async\" src=\"https:\/\/vccf.org\/wp-content\/uploads\/2024\/11\/Frame-1181.svg\" alt=\"Frame 1181\" itemprop=\"image\" title=\"Ramme 1181\" onerror=\"this.style.display='none'\"  \/>\n\t<p>B\u00e6redygtighed p\u00e5 lang sigt<\/p>\n\t<p>Sikr fremtiden for dine programmer og aktiviteter, selv i udfordrende tider, ved at opbygge et solidt \u00f8konomisk fundament.<\/p>\n\t\t\t\t<img decoding=\"async\" src=\"https:\/\/vccf.org\/wp-content\/uploads\/2024\/09\/Group-1129.svg\" alt=\"Group 1129\" itemprop=\"image\" title=\"Gruppe 1129\" onerror=\"this.style.display='none'\"  \/>\n\t<p>Vedligeholdelse af faciliteter<\/p>\n\t<p>Afs\u00e6t midler til n\u00f8dvendige reparationer og opgraderinger, s\u00e5 du sikrer, at dine faciliteter forbliver i topform.<\/p>\n\t\t\t\t<img decoding=\"async\" src=\"https:\/\/vccf.org\/wp-content\/uploads\/2024\/09\/Group-1130-1.svg\" alt=\"Group 1130 (1)\" itemprop=\"image\" title=\"Gruppe 1130 (1)\" onerror=\"this.style.display='none'\"  \/>\n\t<p>\u00d8get synlighed<\/p>\n\t<p>Bliv partner med VCCF for at styrke din organisations trov\u00e6rdighed og tilstedev\u00e6relse i samfundet.<\/p>\n\t\t\t\t<img decoding=\"async\" src=\"https:\/\/vccf.org\/wp-content\/uploads\/2024\/09\/Group-1131.svg\" alt=\"Group 1131\" itemprop=\"image\" title=\"Gruppe 1131\" onerror=\"this.style.display='none'\"  \/>\n\t<p>Legacy Building<\/p>\n\t<p>Skab en varig effekt ved at oprette en fond, der st\u00f8tter din mission i generationer.<\/p>\n\t\t\t\t<img decoding=\"async\" src=\"https:\/\/vccf.org\/wp-content\/uploads\/2024\/09\/Group-1134-1.svg\" alt=\"Group 1134 (1)\" itemprop=\"image\" title=\"Gruppe 1134 (1)\" onerror=\"this.style.display='none'\"  \/>\n\t<p>Planlagt donation<\/p>\n\t<p>Giv donorer mulighed for at give planlagte eller udskudte gaver, hvilket udvider dine finansieringsmuligheder.<\/p>\n\t\t\t\t<img decoding=\"async\" src=\"https:\/\/vccf.org\/wp-content\/uploads\/2024\/09\/Group-1134-1.svg\" alt=\"Group 1134 (1)\" itemprop=\"image\" title=\"Gruppe 1134 (1)\" onerror=\"this.style.display='none'\"  \/>\n\t<p>Professionel ledelse<\/p>\n\t<p>F\u00e5 gavn af ekspertinvesteringer, der sikrer, at din kapitalfond forvaltes klogt og giver optimalt afkast.<\/p>\n\t<p>\"VCCF har v\u00e6ret medvirkende til at hj\u00e6lpe Food Share med at \u00f8ge vores kapital for at sikre vores \u00f8konomiske fremtid. Teamet er altid proaktivt og tilbyder dedikeret st\u00f8tte, n\u00e5r vi har brug for det. De g\u00e5r ogs\u00e5 ud over det s\u00e6dvanlige ved at hj\u00e6lpe os med at f\u00e5 kontakt til donorer, der br\u00e6nder for vores mission om at sikre, at ingen g\u00e5r sultne rundt i Ventura County. Vi er dybt taknemmelige for at have VCCF som en betroet partner i vores arbejde.\"<\/p>\n\t<p>Monica White, pr\u00e6sident og CEO, Food Share of Ventura County<\/p>\n<h2>\n\t\tS\u00e5dan etablerer du din fond\n\t<\/h2>\n\t<p>Navngiv din fond<\/p>\n\t<p>V\u00e6lg et navn, der er i overensstemmelse med din mission og dine v\u00e6rdier, og som afspejler din organisations essens.<\/p>\n\t<p>Form\u00e5l<\/p>\n\t<p>Definer, hvordan indt\u00e6gterne skal st\u00f8tte dine initiativer, og beskriv de langsigtede m\u00e5l for din fond.<\/p>\n\t<p>Din bestyrelses godkendelse<\/p>\n\t<p>Definer, hvordan indt\u00e6gterne skal st\u00f8tte dine initiativer, og beskriv de langsigtede m\u00e5l for din fond.<\/p>\n\t<p>Dokumentation<\/p>\n\t<p>Indsend en kopi af dine vedt\u00e6gter for at f\u00e6rdigg\u00f8re oprettelsen af din fond.<\/p>\n\t<p>Kontakt os for at f\u00e5 ekspertvejledning og hj\u00e6lp:<\/p>\n\t\t\t<a href=\"https:\/\/vccf.org\/da\/my-vccf-fund\/fund-contact\/\" target=\"_self\">\n\t\t\t\t\t\t\tKontakt os\n\t\t\t\t\t<\/a>\n    <button id=\"board-prev\" type=\"button\"><\/button>\n    1\n     \/ 4\n    <button id=\"board-next\" type=\"button\"><\/button>","protected":false},"excerpt":{"rendered":"<p>Opbyg \u00f8konomisk b\u00e6redygtighed for din nonprofit Kontakt os for at aftale en konsultation om legater. Planl\u00e6g en aftale G\u00f8r Ventura County til et bedre sted at bo \"Partnerskab med Ventura County Community...<\/p>","protected":false},"author":3,"featured_media":0,"parent":22928,"menu_order":0,"comment_status":"closed","ping_status":"closed","template":"","meta":{"_acf_changed":false,"give_campaign_id":0,"footnotes":""},"class_list":["post-21453","page","type-page","status-publish","hentry"],"acf":[],"campaignId":"","_links":{"self":[{"href":"https:\/\/vccf.org\/da\/wp-json\/wp\/v2\/pages\/21453","targetHints":{"allow":["GET"]}}],"collection":[{"href":"https:\/\/vccf.org\/da\/wp-json\/wp\/v2\/pages"}],"about":[{"href":"https:\/\/vccf.org\/da\/wp-json\/wp\/v2\/types\/page"}],"author":[{"embeddable":true,"href":"https:\/\/vccf.org\/da\/wp-json\/wp\/v2\/users\/3"}],"replies":[{"embeddable":true,"href":"https:\/\/vccf.org\/da\/wp-json\/wp\/v2\/comments?post=21453"}],"version-history":[{"count":0,"href":"https:\/\/vccf.org\/da\/wp-json\/wp\/v2\/pages\/21453\/revisions"}],"up":[{"embeddable":true,"href":"https:\/\/vccf.org\/da\/wp-json\/wp\/v2\/pages\/22928"}],"wp:attachment":[{"href":"https:\/\/vccf.org\/da\/wp-json\/wp\/v2\/media?parent=21453"}],"curies":[{"name":"wp","href":"https:\/\/api.w.org\/{rel}","templated":true}]}}