{"id":21559,"date":"2024-10-25T13:57:14","date_gmt":"2024-10-25T13:57:14","guid":{"rendered":"https:\/\/vccf.org\/?page_id=21559"},"modified":"2026-01-23T11:26:00","modified_gmt":"2026-01-23T19:26:00","slug":"donate-to-support-disaster-relief","status":"publish","type":"page","link":"https:\/\/vccf.org\/da\/donate\/donate-to-support-disaster-relief\/","title":{"rendered":"Donate to Support Disaster Relief"},"content":{"rendered":"<h1>\n\t\t\tDon\u00e9r nu\t<\/h1>\n\t\t\t<a href=\"#relief-recovery\"  target=\"_self\">\n\t\t\t\t\t\t\tTo support the Ventura County Neighbors Support Fund, donate below\n\t\t\t\t\t<\/a>\n\t\t\t<a href=\"https:\/\/vccf.org\/da\/donate\/\"  target=\"_self\">\n\t\t\t\t\t\t\tKlik her for at give et bidrag til en af VCCF's fonde eller initiativer\n\t\t\t\t\t<\/a>\n<h2  id=\"relief-recovery\">\n\t\t\t\t<\/h2>\n\t<p>Hver eneste dollar, du giver, er med til at skabe et mere levende og modstandsdygtigt Ventura County. Din donation giver Ventura County Community Foundation mulighed for at im\u00f8dekomme presserende behov, fremme langsigtet v\u00e6kst og se Ventura County-samfund blomstre.<\/p>\n<h2>\n\t\t\tAndre m\u00e5der at donere p\u00e5\t<\/h2>\n\t<p><strong>1. Send os en check<\/strong><\/p>\n<p>Skriv en check til Ventura County Community Foundation og send den til vores postadresse p\u00e5 4001 Mission Oaks Blvd, Suite A, Camarillo, CA 93012. Skriv venligst navnet p\u00e5 den fond, du \u00f8nsker at bidrage til, i bem\u00e6rkningsfeltet.<\/p>\n<p><strong>2. Overf\u00f8r v\u00e6rdipapirer eller kontanter via bankoverf\u00f8rsel<\/strong><\/p>\n<p>Vi modtager gaver i form af b\u00f8rsnoterede v\u00e6rdipapirer og kontanter via bankoverf\u00f8rsel. For at g\u00f8re det nemmere for dig har vi udarbejdet et instruktionsbrev p\u00e5 \u00e9n side, som du kan sende til din bank eller dit investeringsr\u00e5dgivningsfirma, og som giver din finansielle r\u00e5dgiver alle de oplysninger, han eller hun skal bruge for at gennemf\u00f8re en bankoverf\u00f8rsel af v\u00e6rdipapirer eller kontanter.<\/p>\n<a href=\"https:\/\/vccf.org\/wp-content\/uploads\/2026\/01\/USB-Stock-Transfer-1.pdf\" target=\"_blank\" rel=\"noopener\">Instruktioner til at sende en bankoverf\u00f8rsel<\/a><br \/>\n<a href=\"https:\/\/vccf.org\/wp-content\/uploads\/2026\/01\/VCCF-Wire-ACH-Transfer.pdf\" target=\"_blank\" rel=\"noopener\">Instruktioner til en aktieoverf\u00f8rsel<\/a>\n<p>Hvis du har sp\u00f8rgsm\u00e5l, er du velkommen til at kontakte os p\u00e5 <a href=\"mailto:info@vccf.org\">info@vccf.org<\/a>.<\/p>\n<p>Husk at angive navnet p\u00e5 den fond, du \u00f8nsker at bidrage til. Ventura County Community Foundation er en 501(c)3 offentlig velg\u00f8renhedsorganisation, Federal Tax ID-nummer: 77-0165029.<\/p>","protected":false},"excerpt":{"rendered":"<p>Donate Now To support the Ventura County Neighbors Support Fund, donate below To make a contribution to any VCCF Fund or Initiative, click here Every dollar you give helps weave&hellip;<\/p>","protected":false},"author":3,"featured_media":23230,"parent":20931,"menu_order":0,"comment_status":"closed","ping_status":"closed","template":"","meta":{"_acf_changed":false,"give_campaign_id":0,"footnotes":""},"class_list":["post-21559","page","type-page","status-publish","has-post-thumbnail","hentry"],"acf":[],"campaignId":"","_links":{"self":[{"href":"https:\/\/vccf.org\/da\/wp-json\/wp\/v2\/pages\/21559","targetHints":{"allow":["GET"]}}],"collection":[{"href":"https:\/\/vccf.org\/da\/wp-json\/wp\/v2\/pages"}],"about":[{"href":"https:\/\/vccf.org\/da\/wp-json\/wp\/v2\/types\/page"}],"author":[{"embeddable":true,"href":"https:\/\/vccf.org\/da\/wp-json\/wp\/v2\/users\/3"}],"replies":[{"embeddable":true,"href":"https:\/\/vccf.org\/da\/wp-json\/wp\/v2\/comments?post=21559"}],"version-history":[{"count":0,"href":"https:\/\/vccf.org\/da\/wp-json\/wp\/v2\/pages\/21559\/revisions"}],"up":[{"embeddable":true,"href":"https:\/\/vccf.org\/da\/wp-json\/wp\/v2\/pages\/20931"}],"wp:featuredmedia":[{"embeddable":true,"href":"https:\/\/vccf.org\/da\/wp-json\/wp\/v2\/media\/23230"}],"wp:attachment":[{"href":"https:\/\/vccf.org\/da\/wp-json\/wp\/v2\/media?parent=21559"}],"curies":[{"name":"wp","href":"https:\/\/api.w.org\/{rel}","templated":true}]}}