{"id":22940,"date":"2025-04-30T07:29:47","date_gmt":"2025-04-30T14:29:47","guid":{"rendered":"https:\/\/vccf.org\/?page_id=22940"},"modified":"2025-07-18T08:28:36","modified_gmt":"2025-07-18T15:28:36","slug":"get-involved","status":"publish","type":"page","link":"https:\/\/vccf.org\/da\/get-involved\/","title":{"rendered":"Bliv involveret"},"content":{"rendered":"<img decoding=\"async\" src=\"https:\/\/vccf.org\/wp-content\/uploads\/2024\/09\/AdobeStock_514940291-2.png\" alt=\"AdobeStock_514940291 2\" itemprop=\"image\" height=\"375\" width=\"519\" title=\"AdobeStock_514940291 2\" onerror=\"this.style.display='none'\" loading=\"lazy\" \/>\n\t<h1>Transform Ventura County<br \/>\n- Bliv involveret i VCCF<\/h1>\n<h2>\n\t\t\tOmfavn din passion, styrk dit form\u00e5l, og transformer Ventura County\t<\/h2>\n\t<p>I hjertet af Ventura County s\u00e6tter hver eneste handling, du foretager dig, gang i en b\u00f8lge af positiv forandring. Her hos Ventura County Community Foundation (VCCF) inviterer vi dig til at kanalisere din passion ind i m\u00e5lrettede handlinger, der beriger vores samfund. Find ud af, hvordan du kan g\u00f8re en dybtg\u00e5ende forskel:<\/p>\n\t\t\t\t<img decoding=\"async\" src=\"https:\/\/vccf.org\/wp-content\/uploads\/2024\/07\/AdobeStock_566561880-1-2.png\" alt=\"AdobeStock_566561880 1 (2)\" itemprop=\"image\" height=\"377\" width=\"520\" title=\"AdobeStock_566561880 1 (2)\" onerror=\"this.style.display='none'\" loading=\"lazy\" \/>\n\tDon\u00e9r til adresse<br \/>\nF\u00e6llesskabets behov\n\t<p>Bidrag hurtigt til vores samfunds mest presserende behov, eller st\u00f8t en bestemt fond.<\/p>\n\t\t\t<a href=\"https:\/\/vccf.org\/da\/donate\/\" target=\"_self\">\n\t\t\t\t\t\t\tDon\u00e9r nu!\n\t\t\t\t\t<\/a>\n\t<p>VCCF-initiativer<\/p>\n\t<p>L\u00e6s mere om VCCF's initiativer, og find ud af, hvordan du kan g\u00f8re en forskel.<\/p>\n\t\t\t<a href=\"https:\/\/vccf.org\/da\/initiatives\/\" target=\"_self\">\n\t\t\t\t\t\t\tF\u00e5 mere at vide!\n\t\t\t\t\t<\/a>\n\t<p>Start din egen fond<\/p>\n\t<p>Skab en meningsfuld forskel p\u00e5 de omr\u00e5der, du br\u00e6nder mest for. Ved at starte en fond fokuserer du din st\u00f8tte p\u00e5 de sager, der betyder mest for dig, og sikrer en varig effekt.<\/p>\n\t\t\t<a href=\"https:\/\/vccf.org\/da\/my-vccf-fund\/start-a-fund\/\" target=\"_self\">\n\t\t\t\t\t\t\tOpret en fond\n\t\t\t\t\t<\/a>\n\t<p>Begivenheder i samfundet<\/p>\n\t<p>Kom i kontakt med lokale nonprofitorganisationer, andre donorer og medlemmer af lokalsamfundet gennem vores arrangementer. F\u00e5 indsigt i det transformative arbejde, der sker i Ventura County, og hvordan du kan v\u00e6re en del af denne bev\u00e6gelse.<\/p>\n\t\t\t<a href=\"https:\/\/vccf.org\/da\/events\/\" target=\"_self\">\n\t\t\t\t\t\t\tDeltag i en begivenhed\n\t\t\t\t\t<\/a>\n\t<p>VCCF-butik<\/p>\n\t<p>For yderligere at st\u00f8tte VCCF i vores mission kan du vise din k\u00e6rlighed ved at bes\u00f8ge VCCF-butikken!<\/p>\n\t\t\t<a href=\"https:\/\/vccf.org\/da\/store\/\" target=\"_self\">\n\t\t\t\t\t\t\tG\u00e5 til butikken\n\t\t\t\t\t<\/a>\n<h2>\n\t\t\tVed at give gennem VCCF modtager du:\t<\/h2>\n\t<p>F\u00e6llesskabets ekspertise<\/p>\n\t<p>Med en historie af lokalt engagement og et omfattende netv\u00e6rk af over 800 lokale fonde p\u00e5 verdensplan er VCCF en grundpille i lokalsamfundets ledelse. Dine bidrag indg\u00e5r i en koordineret, vidende indsats for at im\u00f8dekomme de skiftende behov i Ventura County, hvilket fremmer virkningsfulde forandringer og en lysere fremtid.<\/p>\n\t<p>Bred r\u00e6kkevidde og forskelligartet finansiering<\/p>\n\t<p>Ved at samle ressourcerne st\u00f8tter dine gaver et v\u00e6ld af initiativer p\u00e5 tv\u00e6rs af forskellige sektorer, hvilket forst\u00e6rker r\u00e6kkevidden og effekten af hver dollar, der bruges p\u00e5 at skabe et modstandsdygtigt samfund.<\/p>\n\tProfessionel vejledning<br \/>\nog st\u00f8tte\n\t<p>Vores team tilbyder ekspertr\u00e5dgivning og concierge-service og hj\u00e6lper dig med at tilpasse din filantropiske indsats til dine personlige v\u00e6rdier og m\u00e5l og sikrer, at din donation f\u00e5r s\u00e5 stor effekt som muligt.<\/p>\n\t<p>Betydelige skattefordele<\/p>\n\t<p>Bidrag gennem VCCF fremmer ikke kun dine altruistiske m\u00e5l, men kan ogs\u00e5 give betydelige skattefordele, hvilket maksimerer effekten af dine bidrag.<\/p>","protected":false},"excerpt":{"rendered":"<p>Transform Ventura County - Bliv involveret i VCCF Omfavn din passion, styrk dit form\u00e5l og transform\u00e9r Ventura County I hjertet af Ventura County ant\u00e6nder hver eneste handling, du foretager dig, en...<\/p>","protected":false},"author":9,"featured_media":0,"parent":0,"menu_order":0,"comment_status":"closed","ping_status":"closed","template":"","meta":{"_acf_changed":false,"give_campaign_id":0,"footnotes":""},"class_list":["post-22940","page","type-page","status-publish","hentry"],"acf":[],"campaignId":"","_links":{"self":[{"href":"https:\/\/vccf.org\/da\/wp-json\/wp\/v2\/pages\/22940","targetHints":{"allow":["GET"]}}],"collection":[{"href":"https:\/\/vccf.org\/da\/wp-json\/wp\/v2\/pages"}],"about":[{"href":"https:\/\/vccf.org\/da\/wp-json\/wp\/v2\/types\/page"}],"author":[{"embeddable":true,"href":"https:\/\/vccf.org\/da\/wp-json\/wp\/v2\/users\/9"}],"replies":[{"embeddable":true,"href":"https:\/\/vccf.org\/da\/wp-json\/wp\/v2\/comments?post=22940"}],"version-history":[{"count":0,"href":"https:\/\/vccf.org\/da\/wp-json\/wp\/v2\/pages\/22940\/revisions"}],"wp:attachment":[{"href":"https:\/\/vccf.org\/da\/wp-json\/wp\/v2\/media?parent=22940"}],"curies":[{"name":"wp","href":"https:\/\/api.w.org\/{rel}","templated":true}]}}