{"id":269,"date":"2024-04-15T12:06:54","date_gmt":"2024-04-15T12:06:54","guid":{"rendered":"https:\/\/vccf.org\/?page_id=269"},"modified":"2026-01-20T09:42:28","modified_gmt":"2026-01-20T17:42:28","slug":"students","status":"publish","type":"page","link":"https:\/\/vccf.org\/da\/scholarships\/students\/","title":{"rendered":"Studerende"},"content":{"rendered":"<h1>\n\t\t\tVCCF-stipendium <br \/>program for studerende\t<\/h1>\n\tEt stipendium er mere end en \u00f8konomisk tildeling;<br \/>\nDet er n\u00f8glen, der l\u00e5ser fremtiden op.\n\t\t\t<a href=\"https:\/\/vccf.org\/da\/scholarships\/students\/student-applicants\/\"  target=\"_self\">\n\t\t\t\t\t\t\tAns\u00f8gningsproces\n\t\t\t\t\t<\/a>\n<h2>\n\t\t\tVCCF Scholarship Season Now Closed\t<\/h2>\n<figure itemscope itemtype=\"https:\/\/schema.org\/ImageObject\">\n\t\t\t\t<img decoding=\"async\" src=\"https:\/\/vccf.org\/wp-content\/uploads\/2024\/09\/iStock-1436156776.png\" alt=\"iStock-1436156776\" height=\"851\" width=\"836\" title=\"iStock-1436156776\" onerror=\"this.style.display='none'\" loading=\"lazy\" \/>\n\t<\/figure>\n<figure itemscope itemtype=\"https:\/\/schema.org\/ImageObject\">\n\t\t\t\t<img decoding=\"async\" src=\"https:\/\/vccf.org\/wp-content\/uploads\/2024\/09\/image-8.png\" alt=\"image (8)\" height=\"563\" width=\"463\" title=\"billede (8)\" onerror=\"this.style.display='none'\" loading=\"lazy\" \/>\n\t<\/figure>\n<h2>\n\t\t\tStuderende ans\u00f8gere\t<\/h2>\n\t<p>Hvis du er studerende og interesseret i at ans\u00f8ge om et VCCF-stipendium, kan du udforske retningslinjer for st\u00f8tteberettigelse, ans\u00f8gningsoplysninger og meget mere.<\/p>\n\t\t\t<a href=\"https:\/\/vccf.org\/da\/scholarships\/students\/student-applicants\/\"  target=\"_self\">\n\t\t\t\t\t\t\tAns\u00f8gningsproces\n\t\t\t\t\t<\/a>\n<h3>\n\t\t\tSt\u00f8t de studerendes succes\t<\/h3>\n<figure itemscope itemtype=\"https:\/\/schema.org\/ImageObject\">\n\t\t\t\t<img decoding=\"async\" src=\"https:\/\/vccf.org\/wp-content\/uploads\/2024\/04\/\u0421\u043b\u043e\u0439-1-4.png\" alt=\"\u0421\u043b\u043e\u0438\u0306 1 4\" height=\"60\" width=\"44\" title=\"\u0421\u043b\u043e\u0439 1 4\" onerror=\"this.style.display='none'\" loading=\"lazy\" \/>\n\t<\/figure>\n    <button id=\"board-prev\" type=\"button\"><\/button>\n    1\n     \/ 4\n    <button id=\"board-next\" type=\"button\"><\/button>\n<h2>\n\t\t\tVores samfund tror p\u00e5 dig. Du vil overvinde alle barrierer.\t<\/h2>\n<h2>\n\t\t\tCongrats to our 2025 scholarship recipients!\t<\/h2>\n\t\t\t<a href=\"https:\/\/vccf.org\/da\/2025-vccf-scholarship-season-a-thank-you-from-our-students\/\"  target=\"_self\">\n\t\t\t\t\t\t\tL\u00e6s mere\n\t\t\t\t\t<\/a>\n\t\t<iframe loading=\"lazy\" title=\"vimeo-afspiller\" src=\"https:\/\/player.vimeo.com\/video\/1103213031?h=8345a254cc\" width=\"640\" height=\"360\" frameborder=\"0\" referrerpolicy=\"strict-origin-when-cross-origin\" allow=\"autoplay; fullscreen; picture-in-picture; clipboard-write; encrypted-media; web-share\"   allowfullscreen><\/iframe>\t\n<h2>\n\t\t\tSp\u00f8rg om VCCF's stipendieprogram\t<\/h2>\n\t<p>Kontakt os i dag for at tale om den forskel, du kan g\u00f8re.<\/p>\n\t\t\t\t\t\t\t\"*\" angiver obligatoriske felter\n                        <form method='post' enctype='multipart\/form-data' target='gform_ajax_frame_3' id='gform_3'  action='https:\/\/vccf.org\/da\/scholarships\/students\/?fl_builder&#038;fl_builder_ui_iframe#gf_3' data-formid='3' novalidate data-trp-original-action=\"https:\/\/vccf.org\/scholarships\/students\/?fl_builder&#038;fl_builder_ui_iframe#gf_3\">\t\t\t\t\t\n\t\t\t\t\t\t<label>&#916;<textarea name=\"ak_hp_textarea\" cols=\"45\" rows=\"8\" maxlength=\"100\"><\/textarea><\/label>\n\t\t\t\t\t\t<input type=\"hidden\" id=\"ak_js_1\" name=\"ak_js\" value=\"44\" \/>\n                        <label class='gfield_label gform-field-label' for='input_3_5'>Navn*<\/label><input name='input_5' id='input_3_5' type='text' value='' class='large'    placeholder='Navn' aria-required=\"true\" aria-invalid=\"false\"   \/><label class='gfield_label gform-field-label' for='input_3_3'>E-mail*<\/label>\n                            <input name='input_3' id='input_3_3' type='email' value='' class='large'   placeholder='E-mail' aria-required=\"true\" aria-invalid=\"false\"  \/>\n                        <label class='gfield_label gform-field-label' for='input_3_4'>Skriv dine sp\u00f8rgsm\u00e5l*.<\/label><input name='input_4' id='input_3_4' type='text' value='' class='large'    placeholder='Skriv dine sp\u00f8rgsm\u00e5l' aria-required=\"true\" aria-invalid=\"false\"   \/>\n         <input type='submit' id='gform_submit_button_3' class='gform_button button' onclick='gform.submission.handleButtonClick(this);' data-submission-type='submit' value='Send'  \/> <input type='hidden' name='gform_ajax' value='form_id=3&amp;title=&amp;description=&amp;tabindex=0&amp;theme=gravity-theme&amp;styles=[]&amp;hash=02ebea4531b82c9c59105c0aa94bcf71' \/>\n            <input type='hidden' class='gform_hidden' name='gform_submission_method' data-js='gform_submission_method_3' value='iframe' \/>\n            <input type='hidden' class='gform_hidden' name='gform_theme' data-js='gform_theme_3' id='gform_theme_3' value='gravity-theme' \/>\n            <input type='hidden' class='gform_hidden' name='gform_style_settings' data-js='gform_style_settings_3' id='gform_style_settings_3' value='[]' \/>\n            <input type='hidden' class='gform_hidden' name='is_submit_3' value='1' \/>\n            <input type='hidden' class='gform_hidden' name='gform_submit' value='3' \/>\n            <input type='hidden' class='gform_hidden' name='gform_unique_id' value='' \/>\n            <input type='hidden' class='gform_hidden' name='state_3' value='WyJbXSIsImNmY2MzMDFiZWU0ZjI4YWI1Y2I5MThmMTE4MTA5NDVlIl0=' \/>\n            <input type='hidden' autocomplete='off' class='gform_hidden' name='gform_target_page_number_3' id='gform_target_page_number_3' value='0' \/>\n            <input type='hidden' autocomplete='off' class='gform_hidden' name='gform_source_page_number_3' id='gform_source_page_number_3' value='1' \/>\n            <input type='hidden' name='gform_field_values' value='' \/>\n                        <input type=\"hidden\" name=\"trp-form-language\" value=\"da\"\/><\/form>\n\t\t                <iframe style='display:none;width:0px;height:0px;' src='about:blank' name='gform_ajax_frame_3' id='gform_ajax_frame_3' title='Denne iframe indeholder den logik, der kr\u00e6ves for at h\u00e5ndtere Ajax-drevne Gravity Forms.'><\/iframe>\n<figure itemscope itemtype=\"https:\/\/schema.org\/ImageObject\">\n\t\t\t\t<img decoding=\"async\" src=\"https:\/\/vccf.org\/wp-content\/uploads\/2024\/09\/image-7.png\" alt=\"image (7)\" height=\"563\" width=\"463\" title=\"billede (7)\" onerror=\"this.style.display='none'\" loading=\"lazy\" \/>\n\t<\/figure>","protected":false},"excerpt":{"rendered":"<p>VCCF's stipendieprogram for studerende Et stipendium er mere end en \u00f8konomisk tildeling; det er n\u00f8glen, der l\u00e5ser fremtiden op. Ans\u00f8gningsproces Ans\u00f8g VCCF Scholarship Season er nu lukket Studerende...<\/p>","protected":false},"author":4,"featured_media":0,"parent":22926,"menu_order":0,"comment_status":"closed","ping_status":"closed","template":"","meta":{"_acf_changed":false,"give_campaign_id":0,"footnotes":""},"class_list":["post-269","page","type-page","status-publish","hentry"],"acf":[],"campaignId":"","_links":{"self":[{"href":"https:\/\/vccf.org\/da\/wp-json\/wp\/v2\/pages\/269","targetHints":{"allow":["GET"]}}],"collection":[{"href":"https:\/\/vccf.org\/da\/wp-json\/wp\/v2\/pages"}],"about":[{"href":"https:\/\/vccf.org\/da\/wp-json\/wp\/v2\/types\/page"}],"author":[{"embeddable":true,"href":"https:\/\/vccf.org\/da\/wp-json\/wp\/v2\/users\/4"}],"replies":[{"embeddable":true,"href":"https:\/\/vccf.org\/da\/wp-json\/wp\/v2\/comments?post=269"}],"version-history":[{"count":0,"href":"https:\/\/vccf.org\/da\/wp-json\/wp\/v2\/pages\/269\/revisions"}],"up":[{"embeddable":true,"href":"https:\/\/vccf.org\/da\/wp-json\/wp\/v2\/pages\/22926"}],"wp:attachment":[{"href":"https:\/\/vccf.org\/da\/wp-json\/wp\/v2\/media?parent=269"}],"curies":[{"name":"wp","href":"https:\/\/api.w.org\/{rel}","templated":true}]}}