{"id":3,"date":"2023-10-11T08:39:14","date_gmt":"2023-10-11T08:39:14","guid":{"rendered":"https:\/\/vccf.org\/?page_id=3"},"modified":"2025-01-10T08:21:56","modified_gmt":"2025-01-10T08:21:56","slug":"privacy-policy","status":"publish","type":"page","link":"https:\/\/vccf.org\/da\/privacy-policy\/","title":{"rendered":"Politik for beskyttelse af personlige oplysninger"},"content":{"rendered":"<h3>\n\t\tFortrolighedspolitik\n\t<\/h3>\n\t<p><strong>Godkendt af bestyrelsen den 7. september 2010<\/strong><\/p>\n\t<p>Ventura County Community Foundation er forpligtet til at opretholde fortroligheden, integriteten og sikkerheden af personlige oplysninger, der er betroet os af nuv\u00e6rende donorer, potentielle donorer og ledere og medarbejdere i almennyttige organisationer, der henvender sig til os for at f\u00e5 finansiering, og de mennesker, de tjener. Denne erkl\u00e6ring om beskyttelse af personlige oplysninger g\u00e6lder for Ventura County Community Foundation-webstedet og regulerer dataindsamling og -brug. Ved at bruge Ventura County Community Foundations hjemmeside accepterer du den datapraksis, der er beskrevet i denne erkl\u00e6ring.<\/p>\n\t<p><strong>Indsamling af dine personlige oplysninger<\/strong><\/p>\n\t<p>Ventura County Community Foundation indsamler personligt identificerbare oplysninger, s\u00e5som din e-mailadresse, navn, hjemme- eller arbejdsadresse eller telefonnummer. Ventura County Community Foundation indsamler ogs\u00e5 anonyme demografiske oplysninger, som ikke er unikke for dig, s\u00e5som dit postnummer, alder, k\u00f8n, pr\u00e6ferencer, interesser og favoritter.<\/p>\n\t<p>Der er ogs\u00e5 oplysninger om din computers hardware og software, der automatisk indsamles af Ventura County Community Foundation. Disse oplysninger kan omfatte: din IP-adresse, browsertype, dom\u00e6nenavne, adgangstider og henvisende webstedsadresser. Disse oplysninger bruges af Ventura County Community Foundation til drift af tjenesten, til at opretholde kvaliteten af tjenesten og til at levere generelle statistikker vedr\u00f8rende brug af Ventura County Community Foundation-webstedet.<\/p>\n\t<p>V\u00e6r opm\u00e6rksom p\u00e5, at hvis du direkte videregiver personligt identificerbare oplysninger eller personf\u00f8lsomme data via Ventura County Community Foundations offentlige opslagstavler, kan disse oplysninger blive indsamlet og brugt af andre. Bem\u00e6rk: Ventura County Community Foundation l\u00e6ser ikke noget af din private online kommunikation.<\/p>\n\t<p>Ventura County Community Foundation opfordrer dig til at gennemg\u00e5 fortrolighedserkl\u00e6ringerne p\u00e5 de websteder, du v\u00e6lger at linke til fra Ventura County Community Foundation, s\u00e5 du kan forst\u00e5, hvordan disse websteder indsamler, bruger og deler dine oplysninger. Ventura County Community Foundation er ikke ansvarlig for fortrolighedserkl\u00e6ringer eller andet indhold p\u00e5 websteder uden for Ventura County Community Foundation.<\/p>\n\t<p><strong>Brug af dine personlige oplysninger<\/strong><\/p>\n\t<p>Ventura County Community Foundation indsamler og bruger dine personlige oplysninger til at drive Ventura County Community Foundation-webstedet og levere de tjenester, du har anmodet om. Ventura County Community Foundation bruger ogs\u00e5 dine personligt identificerbare oplysninger til at informere dig om andre produkter eller tjenester, der er tilg\u00e6ngelige fra Ventura County Community Foundation og dets tilknyttede virksomheder. Ventura County Community Foundation kan ogs\u00e5 kontakte dig via unders\u00f8gelser for at unders\u00f8ge din mening om nuv\u00e6rende tjenester eller om potentielle nye tjenester, der kan tilbydes.<\/p>\n\t<p>Ventura County Community Foundation s\u00e6lger, udlejer eller leaser ikke sine kundelister til tredjeparter. Ventura County Community Foundation kan fra tid til anden kontakte dig p\u00e5 vegne af eksterne forretningspartnere om et bestemt tilbud, der kan v\u00e6re af interesse for dig. I disse tilf\u00e6lde overf\u00f8res dine unikke personligt identificerbare oplysninger (e-mail, navn, adresse, telefonnummer) ikke til tredjeparten. Derudover kan The Ventura County Community Foundation dele data med betroede partnere for at hj\u00e6lpe os med at udf\u00f8re statistiske analyser, sende dig e-mail eller post, yde kundesupport eller arrangere leverancer. Alle s\u00e5danne tredjeparter er forbudt at bruge dine personlige oplysninger undtagen til at levere disse tjenester til Ventura County Community Foundation, og de er forpligtet til at opretholde fortroligheden af dine oplysninger.<\/p>\n\t<p>Ventura County Community Foundation bruger eller videregiver ikke f\u00f8lsomme personlige oplysninger, s\u00e5som race, religion eller politisk tilh\u00f8rsforhold, uden dit udtrykkelige samtykke.<\/p>\n\t<p>Ventura County Community Foundation holder styr p\u00e5 de websteder og sider, vores kunder bes\u00f8ger inden for Ventura County Community Foundation, for at afg\u00f8re, hvilke Ventura County Community Foundation-tjenester der er de mest popul\u00e6re. Disse data bruges til at levere tilpasset indhold og reklame inden for Ventura County Community Foundation til kunder, hvis adf\u00e6rd indikerer, at de er interesserede i et bestemt emneomr\u00e5de.<\/p>\n\t<p>Ventura County Community Foundations websteder vil kun videregive dine personlige oplysninger uden varsel, hvis det kr\u00e6ves af loven eller i god tro om, at en s\u00e5dan handling er n\u00f8dvendig for at: (a) overholde lovens forskrifter eller overholde juridisk proces, der serveres p\u00e5 Ventura County Community Foundation eller webstedet; (b) beskytte og forsvare Ventura County Community Foundation's rettigheder eller ejendom; og (c) handle under presserende omst\u00e6ndigheder for at beskytte den personlige sikkerhed for brugere af Ventura County Community Foundation eller offentligheden.<\/p>\n\t<p><strong>Brug af cookies<\/strong><\/p>\n\t<p>Ventura County Community Foundations websted bruger \"cookies\" til at hj\u00e6lpe dig med at tilpasse din onlineoplevelse. En cookie er en tekstfil, der placeres p\u00e5 din harddisk af en websideserver. Cookies kan ikke bruges til at k\u00f8re programmer eller levere virus til din computer. Cookies er unikt tildelt dig og kan kun l\u00e6ses af en webserver i det dom\u00e6ne, der udstedte cookien til dig.<\/p>\n\t<p>Et af de prim\u00e6re form\u00e5l med cookies er at give dig en praktisk funktion, der sparer dig tid. Form\u00e5let med en cookie er at fort\u00e6lle webserveren, at du er vendt tilbage til en bestemt side. Hvis du f.eks. tilpasser Ventura County Community Foundations sider eller registrerer dig p\u00e5 Ventura County Community Foundations websted eller tjenester, hj\u00e6lper en cookie Ventura County Community Foundation med at huske dine specifikke oplysninger ved efterf\u00f8lgende bes\u00f8g. Dette forenkler processen med at registrere dine personlige oplysninger, s\u00e5som faktureringsadresser, forsendelsesadresser og s\u00e5 videre. N\u00e5r du vender tilbage til det samme Ventura County Community Foundation-websted, kan de oplysninger, du tidligere har givet, hentes, s\u00e5 du nemt kan bruge de Ventura County Community Foundation-funktioner, som du tilpassede.<\/p>\n\t<p>Du har mulighed for at acceptere eller afvise cookies. De fleste webbrowsere accepterer automatisk cookies, men du kan normalt \u00e6ndre din browserindstilling til at afvise cookies, hvis du foretr\u00e6kker det. Hvis du v\u00e6lger at afvise cookies, kan du muligvis ikke fuldt ud opleve de interaktive funktioner i Ventura County Community Foundation-tjenesterne eller de websteder, du bes\u00f8ger.<\/p>\n\t<p><strong>Sikkerhed for dine personlige oplysninger<\/strong><\/p>\n\t<p>Ventura County Community Foundation sikrer dine personlige oplysninger mod uautoriseret adgang, brug eller videregivelse. Ventura County Community Foundation sikrer de personligt identificerbare oplysninger, du giver p\u00e5 computerservere i et kontrolleret, sikkert milj\u00f8, beskyttet mod uautoriseret adgang, brug eller videregivelse. N\u00e5r personlige oplysninger (f.eks. et kreditkortnummer) overf\u00f8res til andre websteder, er de beskyttet ved hj\u00e6lp af kryptering.<\/p>\n\t<p><strong>\u00c6ndringer til denne erkl\u00e6ring<\/strong><\/p>\n\t<p>Ventura County Community Foundation vil lejlighedsvis opdatere denne erkl\u00e6ring om beskyttelse af personlige oplysninger for at afspejle virksomhedens og kundernes feedback. Ventura County Community Foundation opfordrer dig til med j\u00e6vne mellemrum at gennemg\u00e5 denne erkl\u00e6ring for at blive informeret om, hvordan Ventura County Community Foundation beskytter dine oplysninger.<\/p>\n\t<p><strong>Kontaktoplysninger<\/strong><\/p>\n\t<p>Ventura County Community Foundation gl\u00e6der sig over dine kommentarer til denne erkl\u00e6ring om beskyttelse af personlige oplysninger. Hvis du mener, at The Ventura County Community Foundation ikke har overholdt denne erkl\u00e6ring, bedes du kontakte The Ventura County Community Foundation p\u00e5 <a href=\"mailto:info@vccf.org\">info@vccf.org<\/a>. Vi vil g\u00f8re en kommercielt rimelig indsats for straks at fastsl\u00e5 og afhj\u00e6lpe problemet.<\/p>","protected":false},"excerpt":{"rendered":"<p>Privatlivspolitik Godkendt af bestyrelsen den 7. september 2010 Ventura County Community Foundation er forpligtet til at opretholde fortroligheden, integriteten og sikkerheden af personlige oplysninger, der er betroet...<\/p>","protected":false},"author":3,"featured_media":0,"parent":0,"menu_order":0,"comment_status":"closed","ping_status":"closed","template":"","meta":{"_acf_changed":false,"give_campaign_id":0,"footnotes":""},"class_list":["post-3","page","type-page","status-publish","hentry"],"acf":[],"campaignId":"","_links":{"self":[{"href":"https:\/\/vccf.org\/da\/wp-json\/wp\/v2\/pages\/3","targetHints":{"allow":["GET"]}}],"collection":[{"href":"https:\/\/vccf.org\/da\/wp-json\/wp\/v2\/pages"}],"about":[{"href":"https:\/\/vccf.org\/da\/wp-json\/wp\/v2\/types\/page"}],"author":[{"embeddable":true,"href":"https:\/\/vccf.org\/da\/wp-json\/wp\/v2\/users\/3"}],"replies":[{"embeddable":true,"href":"https:\/\/vccf.org\/da\/wp-json\/wp\/v2\/comments?post=3"}],"version-history":[{"count":0,"href":"https:\/\/vccf.org\/da\/wp-json\/wp\/v2\/pages\/3\/revisions"}],"wp:attachment":[{"href":"https:\/\/vccf.org\/da\/wp-json\/wp\/v2\/media?parent=3"}],"curies":[{"name":"wp","href":"https:\/\/api.w.org\/{rel}","templated":true}]}}