{"id":521,"date":"2024-04-18T13:58:36","date_gmt":"2024-04-18T13:58:36","guid":{"rendered":"https:\/\/vccf.org\/?page_id=521"},"modified":"2026-01-20T09:54:24","modified_gmt":"2026-01-20T17:54:24","slug":"student-applicants","status":"publish","type":"page","link":"https:\/\/vccf.org\/da\/scholarships\/students\/student-applicants\/","title":{"rendered":"Studerende ans\u00f8gere"},"content":{"rendered":"<h1>\n\t\t\tTillykke med den videreg\u00e5ende uddannelse!\t<\/h1>\n\t<p>Takket v\u00e6re lokale donorers gener\u00f8sitet er VCCF i stand til at samarbejde med dig og hj\u00e6lpe dig med at n\u00e5 dine karriere- og uddannelsesm\u00e5l.<\/p>\n<h2>\n\t\t\tVCCF Scholarship Season Now Closed\t<\/h2>\n<figure itemscope itemtype=\"https:\/\/schema.org\/ImageObject\">\n\t\t\t\t<img decoding=\"async\" src=\"https:\/\/vccf.org\/wp-content\/uploads\/2024\/12\/ye6dugke.jpeg\" alt=\"ye6dugke\" height=\"1067\" width=\"1600\" title=\"ye6dugke\" onerror=\"this.style.display='none'\" loading=\"lazy\" \/>\n\t<\/figure>\n<h2>\n\t\t\tAns\u00f8gningsprocessen\t<\/h2>\n\t<p>Vores ans\u00f8gningsproces for stipendier er <strong>konkurrencedygtig<\/strong>med over 100 tilg\u00e6ngelige stipendiemuligheder og <strong>flere tusinde<\/strong> <strong>ans\u00f8gere \u00e5rligt<\/strong>. Det er afg\u00f8rende, at du udfylder din ans\u00f8gning omhyggeligt og fuldst\u00e6ndigt for at komme i betragtning. Vi r\u00e5der alle studerende til grundigt at <strong>L\u00e6s f\u00f8lgende side<\/strong> for at forst\u00e5 applikationskravene.<\/p>\n\t\t\t\tWatch the Overview Video\n\t\t\t\t<iframe src=\"https:\/\/player.vimeo.com\/video\/1127333725?badge=0&amp;autopause=0&amp;player_id=0&amp;app_id=58479\" frameborder=\"0\" allow=\"autoplay; fullscreen; picture-in-picture; clipboard-write; encrypted-media; web-share\" referrerpolicy=\"strict-origin-when-cross-origin\" title=\"VCCF Scholarship Presentation 2025.26\"><\/iframe>\t\t\t\n\t\t\t\tKom godt i gang\n\t\t\t\t<p>For at kunne gennemf\u00f8re ans\u00f8gningsprocessen skal du l\u00e6se alle oplysningerne p\u00e5 denne side.<\/p>\n<ol>\n<li>Opret en konto p\u00e5 VCCF Academic Works-portalen ved at\u00a0<strong><a href=\"https:\/\/vccf.academicworks.com\/users\/sign_up\" target=\"_blank\" rel=\"noopener\">ved at klikke her<\/a><\/strong>. S\u00f8rg for at bruge din personlige e-mailadresse, og tjek din e-mail ofte. <strong>Brug ikke din skole-e-mailadresse<\/strong>. Identificer en adgangskode ved at f\u00f8lge disse retningslinjer. Din adgangskode skal:\n<ul>\n<li>Ikke indeholde dit brugernavn eller almindelige ord eller s\u00e6tninger.<\/li>\n<li>Indeholder mindst 12 tegn.<\/li>\n<li>Inkluder mindst 1 ciffer, 1 stort bogstav, 1 lille bogstav og 1 af disse specialtegn: # ? ! @ $ % ^ &amp; * -<\/li>\n<\/ul>\n<\/li>\n<li>Kontakt to personer, som er villige til at udfylde et anbefalingsskema p\u00e5 dine vegne. En af personerne skal v\u00e6re en l\u00e6rer eller skolevejleder. Du vil blive bedt om at angive dine referencers navne og e-mailadresser i ans\u00f8gningsportalen. Hvis det er muligt, bedes du angive deres personlige e-mailadresser. Den anden kan v\u00e6re en tr\u00e6ner, pr\u00e6st, arbejdsgiver eller en person, der ikke er et familiemedlem. Breve fra j\u00e6vnaldrende accepteres ikke.<\/li>\n<li>N\u00e5r du har udfyldt den generelle ans\u00f8gning, <strong>click on &#8220;other opportunities&#8221;<\/strong> for at sikre, at du opfylder kravene til de enkelte muligheder, du ans\u00f8ger om.<\/li>\n<li>Hvis du har brug for hj\u00e6lp, bedes du kontakte vores stipendieafdeling p\u00e5 <a href=\"mailto:scholarships@vccf.org\" target=\"_blank\" rel=\"noopener\">scholarships@vccf.org<\/a><\/li>\n<\/ol>\n\t\t\t\tBed om din seneste karakterudskrift fra din akademiske vejleder\n\t\t\t\t<ul>\n<li>Du skal indsende en udskrift\u00a0<strong>som en PDF-fil<\/strong> for at din ans\u00f8gning kan komme i betragtning. S\u00f8rg for, at filnavnet er kort og uden specialtegn.<\/li>\n<li>Studenterprofiler er kun acceptable, s\u00e5 l\u00e6nge de indeholder dit uv\u00e6gtede gennemsnit.<\/li>\n<li><strong>Dit uv\u00e6gtede gennemsnit skal v\u00e6re synligt.<\/strong><\/li>\n<\/ul>\n\t\t\t\tBed om mindst to referencer\n\t\t\t\t<p>Bem\u00e6rk, at de fleste anbefalere skal bruge\u00a0<strong>mindst to (2) uger<\/strong>\u00a0Det er ikke muligt at udfylde anbefalingsskemaet i tide, men det er aldrig for tidligt at sp\u00f8rge. Vi opfordrer dig til at give dine anbefalere s\u00e5 lang tid i forvejen som muligt, n\u00e5r du beder om en reference.<\/p>\n<p>I \u00e5r vil dine anbefalere udfylde et sp\u00f8rgeskema p\u00e5 dine vegne.<\/p>\n<ul>\n<li>Giv dine anbefalere tid nok til at udfylde sp\u00f8rgeskemaet.<\/li>\n<li>De andre anbefalinger kan v\u00e6re fra en tr\u00e6ner, pr\u00e6st, arbejdsgiver, mentor eller en anden, der kender dig godt og ikke er en ven eller et familiemedlem, men mindst 1 anbefaling skal komme fra en l\u00e6rer eller studievejleder.<\/li>\n<\/ul>\n\t\t\t\tFinancial Need\n\t\t\t\t<p>Some of our scholarships require proof of financial need. <a href=\"https:\/\/vccf.org\/wp-content\/uploads\/2025\/10\/2026-VCCF-Financial-Need-Resource.pdf\"><strong>Please view our Financial Need Guidelines here<\/strong><\/a>N\u00e5r du udfylder ans\u00f8gningen, skal du kende dine seneste \u00f8konomiske oplysninger.<\/p>\n<ul>\n<li>Hvis du er en\u00a0<strong>afh\u00e6ngig<\/strong> you will need your guardians&#8217;\/spouse&#8217;s<strong>\u00a0samlet indkomst fra det seneste skatte\u00e5r<\/strong>.<\/li>\n<li>Hvis du er <strong>uafh\u00e6ngig<\/strong> Du skal bruge\u00a0<strong>samlede indkomst for dit seneste skatte\u00e5r.<\/strong><\/li>\n<li>Retningslinjer for \u00f8konomisk behov vil v\u00e6re tilg\u00e6ngelige i oktober i hvert kalender\u00e5r.<\/li>\n<\/ul>\n\t\t\t\tGennemg\u00e5 tilg\u00e6ngelige stipendiemuligheder\n\t\t\t\t<p><strong>Ventura County Community Foundation har over 100 stipendiemuligheder!<\/strong><\/p>\n<p>Nye stipendier er tilg\u00e6ngelige, og der er foretaget nogle \u00e6ndringer. Alle ans\u00f8gere, ogs\u00e5 dem, der tidligere har f\u00e5et tildelt et stipendium, b\u00f8r gennemg\u00e5 retningslinjerne, da kriterierne kan have \u00e6ndret sig. Retningslinjerne for stipendier vil v\u00e6re tilg\u00e6ngelige i oktober i hvert kalender\u00e5r.<\/p>\n<p><strong><a href=\"https:\/\/vccf.org\/wp-content\/uploads\/2025\/10\/2026-Scholarship-Guidelines.pdf\" target=\"_blank\" rel=\"noopener\">Klik her<\/a><\/strong> for vores retningslinjer for stipendier.<\/p>\n<p>N\u00e5r du udfylder og indsender den generelle stipendieans\u00f8gning, vil din ans\u00f8gning blive taget i betragtning til alle de tilg\u00e6ngelige auto-match-stipendier. Ud over auto-match-mulighederne er der flere apply-to scholarships til r\u00e5dighed. Du kan gennemg\u00e5 ans\u00f8gningsmulighederne, n\u00e5r du har indsendt den generelle ans\u00f8gning.<\/p>\n\t\t\t\tTips til stipendier\n\t\t\t\t<ul>\n<li><strong>TIP #1 Vent ikke til sidste \u00f8jeblik<\/strong><br \/>\nDet tager tid at udfylde ans\u00f8gningen, s\u00e5 t\u00e6nk over dine svar.<\/li>\n<li><strong>TIP #2 S\u00f8rg for, at dine anbefalinger bliver indsendt p\u00e5 dine vegne<\/strong><br \/>\nAns\u00f8gningen kr\u00e6ver to anbefalinger, for at din ans\u00f8gning kan komme i betragtning. Det er dit ansvar at sikre, at dine anbefalere udfylder anbefalingen p\u00e5 dine vegne inden den endelige deadline.<\/li>\n<li><strong>TIP #3 Udfyld ans\u00f8gningen i sin helhed.<\/strong><br \/>\nBe sure to complete the entire application. If a question does not apply, note that on the application (&#8220;n\/a&#8221; for not applicable). Don&#8217;t just leave a blank. Include all required documents.<\/li>\n<li><strong>TIP #4 F\u00f8lg anvisningerne.<br \/>\n<\/strong>Angiv alt, hvad der kr\u00e6ves, men angiv ikke ting, der ikke eftersp\u00f8rges - s\u00e5 bliver din ans\u00f8gning diskvalificeret.\u00a0<strong>Hvis der kr\u00e6ves et s\u00e6rligt essay eller en s\u00e6rlig formular, skal du s\u00f8rge for at inkludere den.<\/strong><\/li>\n<li><strong>TIP #5 S\u00f8rg for, at dit essay g\u00f8r indtryk.<\/strong><br \/>\nThe key to writing a strong essay is to be personal and specific. Include concrete details to make your experience come alive: the &#8216;who,&#8217; &#8216;what,&#8217; &#8216;where,&#8217; and &#8216;when&#8217; of your topic. The simplest experience can be monumental if you present honestly how you were affected. There is a specific prompt or topic for each scholarship. Be sure that you respond to that prompt. Be sure to check your spelling. Think of your essay as a narrative picture of you for our selection committee.<\/li>\n<li><strong>TIP #6 Give it a final &#8216;once-over.&#8217;<br \/>\n<\/strong>L\u00e6s korrektur p\u00e5 hele ans\u00f8gningen. V\u00e6r p\u00e5 udkig efter forkert stavede ord eller grammatiske fejl. Bed en ven, l\u00e6rer eller for\u00e6lder om at l\u00e6se korrektur p\u00e5 dine essays.<\/li>\n<li><strong>TIP #7 Bed om hj\u00e6lp, hvis du har brug for det.<br \/>\n<\/strong>Hvis du har problemer med ans\u00f8gningen, bedes du kontakte VCCF Scholarship-teamet p\u00e5 <a href=\"mailto:scholarships@vccf.org\" rel=\"noopener\" target=\"_blank\">scholarships@vccf.org<\/a>. Hvis du har specifikke sp\u00f8rgsm\u00e5l til ans\u00f8gningen, skal du kontakte Ventura County Community Foundation.<\/li>\n<li><strong>TIP #8 Husk: din legatans\u00f8gning repr\u00e6senterer dig!<\/strong><br \/>\nDin evne til at indsende en p\u00e6n, rettidig og komplet ans\u00f8gning afspejler dig. Det er dit ansigt over for organisationen. V\u00e6r stolt af dig selv ved at indsende den bedste ans\u00f8gning, du kan.<\/li>\n<li><strong>TIP #9 Ans\u00f8g kun, hvis du er berettiget.<br \/>\n<\/strong>For de tilg\u00e6ngelige ans\u00f8gningslegater skal du sikre dig, at du er berettiget, f\u00f8r du ans\u00f8ger. Din ans\u00f8gning vil ikke blive taget i betragtning, hvis du ikke er kvalificeret til at ans\u00f8ge.<\/li>\n<\/ul>\n\t\t\t\tVigtige dokumenter\n\t\t\t\t<p><strong><a href=\"https:\/\/vccf.org\/wp-content\/uploads\/2025\/10\/2026-VCCF-Financial-Need-Resource.pdf\" target=\"_blank\" rel=\"noopener\">2025-2026 Financial Need Document<\/a><\/strong><\/p>\n<p><strong><a href=\"https:\/\/vccf.org\/wp-content\/uploads\/2024\/11\/guidelines-24.25-final.pdf\" target=\"_blank\" rel=\"noopener\">2024-2025 Retningslinjer<\/a><\/strong><\/p>\n\t\t\t\tTimeline &#038; Important Dates\n\t\t\t\t<p><strong>October 29, 2025: <\/strong><em>Application Opens<\/em><\/p>\n<p><strong>January 16, 2026: <\/strong><em>Application Closes<\/em><\/p>\n<p><strong>January 23, 2026: <\/strong><em>Final Reference Deadline<\/em><\/p>\n<p><strong>February through April 2026: <\/strong><em>Ans\u00f8gninger bliver gennemg\u00e5et<\/em><\/p>\n<p><strong>April 28, 2026: <\/strong><em>Applicants Informed<\/em><\/p>\n<h2>\n\t\t\tNow you are ready to apply\t<\/h2>\n\t<p>You&#8217;ve reviewed the eligibility guidelines, you&#8217;ve requested your most recent transcripts, gathered your financial documents, and have contacted your potential references &#8211; great! Now it&#8217;s time to work on your application.<\/p>\n\t\t\t<a href=\"https:\/\/vccf.academicworks.com\/\" target=\"_blank\" rel=\"noopener\">\n\t\t\t\t\t\t\tAns\u00f8g\n\t\t\t\t\t<\/a>\n    <button id=\"board-prev\" type=\"button\"><\/button>\n    1\n     \/ 4\n    <button id=\"board-next\" type=\"button\"><\/button>","protected":false},"excerpt":{"rendered":"<p>Congratulations on Pursuing Higher Education! Through the generosity of local donors, VCCF is able to partner with you to help you reach your career and educational goals. VCCF Scholarship Season&hellip;<\/p>","protected":false},"author":4,"featured_media":0,"parent":269,"menu_order":0,"comment_status":"closed","ping_status":"closed","template":"","meta":{"_acf_changed":false,"give_campaign_id":0,"footnotes":""},"class_list":["post-521","page","type-page","status-publish","hentry"],"acf":[],"campaignId":"","_links":{"self":[{"href":"https:\/\/vccf.org\/da\/wp-json\/wp\/v2\/pages\/521","targetHints":{"allow":["GET"]}}],"collection":[{"href":"https:\/\/vccf.org\/da\/wp-json\/wp\/v2\/pages"}],"about":[{"href":"https:\/\/vccf.org\/da\/wp-json\/wp\/v2\/types\/page"}],"author":[{"embeddable":true,"href":"https:\/\/vccf.org\/da\/wp-json\/wp\/v2\/users\/4"}],"replies":[{"embeddable":true,"href":"https:\/\/vccf.org\/da\/wp-json\/wp\/v2\/comments?post=521"}],"version-history":[{"count":0,"href":"https:\/\/vccf.org\/da\/wp-json\/wp\/v2\/pages\/521\/revisions"}],"up":[{"embeddable":true,"href":"https:\/\/vccf.org\/da\/wp-json\/wp\/v2\/pages\/269"}],"wp:attachment":[{"href":"https:\/\/vccf.org\/da\/wp-json\/wp\/v2\/media?parent=521"}],"curies":[{"name":"wp","href":"https:\/\/api.w.org\/{rel}","templated":true}]}}