{"id":553,"date":"2024-04-19T10:40:40","date_gmt":"2024-04-19T10:40:40","guid":{"rendered":"https:\/\/vccf.org\/?page_id=553"},"modified":"2026-04-14T12:34:43","modified_gmt":"2026-04-14T19:34:43","slug":"recommenders","status":"publish","type":"page","link":"https:\/\/vccf.org\/da\/scholarships\/recommenders\/","title":{"rendered":"Anbefalinger"},"content":{"rendered":"<h1>\n\t\t\tReferencer til VCCF-stipendier\t<\/h1>\n\t<p>Tak, fordi du st\u00f8tter vores studerende i Ventura County!<\/p>\n\t<p>Hvert \u00e5r ans\u00f8ger tusindvis af studerende om VCCF-stipendier. Referencebreve er en vigtig del af ans\u00f8gningsprocessen for VCCF-stipendier. De giver medlemmerne af udv\u00e6lgelseskomit\u00e9en et holistisk billede af den studerende under evalueringsprocessen. Referencebreve afsl\u00f8rer meget om ans\u00f8geren, og de giver medlemmerne af udv\u00e6lgelseskomit\u00e9en mulighed for bedre at forst\u00e5 ans\u00f8gerens m\u00e5l, ambitioner, arbejdsmoral og karakter.<\/p>\n<figure itemscope itemtype=\"https:\/\/schema.org\/ImageObject\">\n\t\t\t\t<img decoding=\"async\" src=\"https:\/\/vccf.org\/wp-content\/uploads\/2024\/07\/image-82.png\" alt=\"image (82)\" height=\"851\" width=\"836\" title=\"billede (82)\" onerror=\"this.style.display='none'\" loading=\"lazy\" \/>\n\t<\/figure>\n\t<p>\"Jeg er indstiller, fordi karakterer og aktiviteter kun fort\u00e6ller en del af historien. Mit h\u00e5b er, at et velskrevet anbefalingsbrev fort\u00e6ller en donor den studerendes historie om mod og udholdenhed.\"<\/p>\n\t<p>Sarah Page, AVID-l\u00e6rer p\u00e5 gymnasiet og reference<\/p>\n<h2>\n\t\t\tKom godt i gang\t<\/h2>\n\t<p>F\u00f8r du g\u00e5r i gang med at skrive dit brev, skal du lige l\u00e6se f\u00f8lgende vigtige oplysninger.<\/p>\n\t\t\t\tHvad du kan forvente som reference\n\t\t\t\t<p>De studerende vil sp\u00f8rge, om du er villig til at udfylde et sp\u00f8rgeskema p\u00e5 deres vegne. Hvis du ikke er i stand til at udfylde sp\u00f8rgeskemaet, bedes du give dem besked, s\u00e5 de kan finde en anden reference.\u00a0<strong>Der skal indsendes to sp\u00f8rgeskemaer p\u00e5 vegne af den studerende, ellers bliver vedkommende automatisk diskvalificeret.<\/strong>\u00a0Sp\u00f8rgeskemaet er fortroligt, og den studerende har ikke adgang til dine svar.<\/p>\n<p>Studerende skal indtaste deres e-mailadresse i programmet, og du vil modtage en e-mail fra Academic Works med et direkte link til sp\u00f8rgeskemaet. Du skal muligvis oprette et brugernavn og en adgangskode.<\/p>\n<p>Hvis du har tekniske problemer, bedes du sende en e-mail til <a href=\"mailto:scholarships@vccf.org\">scholarships@vccf.org<\/a><\/p>\n\t\t\t\tHvilke oplysninger skal indg\u00e5 i dit sp\u00f8rgeskema?\n\t\t\t\t<p>Vi vil sp\u00f8rge dig om f\u00f8lgende i sp\u00f8rgeskemaet:<\/p>\n<ul>\n<li>Dit forhold til den studerende<\/li>\n<li>Hvor l\u00e6nge du har kendt den studerende<\/li>\n<li>Denne studerendes styrkeomr\u00e5der<\/li>\n<li>Den studerendes arbejdsmoral<\/li>\n<\/ul>\n<p><strong>Hvis du kender den studerende i en akademisk kapacitet, bedes du ogs\u00e5 tale om den studerendes deltagelse i undervisningen samt hans\/hendes evner til at samarbejde med og lytte til andre.<\/strong><\/p>\n\t\t\t\tHvis du ikke er i stand til at indsende et sp\u00f8rgeskema p\u00e5 vegne af den studerende\n\t\t\t\t<p>Ans\u00f8gere, der ikke har to referencer, er desv\u00e6rre\u00a0<strong>automatisk diskvalificeret<\/strong>\u00a0fra ans\u00f8gningsprocessen for VCCF-stipendier.<\/p>\n<p>Hvis du ikke er i stand til at udfylde sp\u00f8rgeskemaet, bedes du straks give den studerende besked, s\u00e5 den studerende kan sp\u00f8rge en anden.<\/p>\n    <button id=\"board-prev\" type=\"button\"><\/button>\n    1\n     \/ 4\n    <button id=\"board-next\" type=\"button\"><\/button>","protected":false},"excerpt":{"rendered":"<p>Referencer til VCCF-stipendier Tak, fordi du st\u00f8tter vores studerende i Ventura County! Hvert \u00e5r ans\u00f8ger tusindvis af studerende om VCCF-stipendier. Referencebreve er en vigtig del af VCCF's...<\/p>","protected":false},"author":4,"featured_media":0,"parent":22926,"menu_order":0,"comment_status":"closed","ping_status":"closed","template":"","meta":{"_acf_changed":false,"give_campaign_id":0,"footnotes":""},"class_list":["post-553","page","type-page","status-publish","hentry"],"acf":[],"campaignId":"","_links":{"self":[{"href":"https:\/\/vccf.org\/da\/wp-json\/wp\/v2\/pages\/553","targetHints":{"allow":["GET"]}}],"collection":[{"href":"https:\/\/vccf.org\/da\/wp-json\/wp\/v2\/pages"}],"about":[{"href":"https:\/\/vccf.org\/da\/wp-json\/wp\/v2\/types\/page"}],"author":[{"embeddable":true,"href":"https:\/\/vccf.org\/da\/wp-json\/wp\/v2\/users\/4"}],"replies":[{"embeddable":true,"href":"https:\/\/vccf.org\/da\/wp-json\/wp\/v2\/comments?post=553"}],"version-history":[{"count":0,"href":"https:\/\/vccf.org\/da\/wp-json\/wp\/v2\/pages\/553\/revisions"}],"up":[{"embeddable":true,"href":"https:\/\/vccf.org\/da\/wp-json\/wp\/v2\/pages\/22926"}],"wp:attachment":[{"href":"https:\/\/vccf.org\/da\/wp-json\/wp\/v2\/media?parent=553"}],"curies":[{"name":"wp","href":"https:\/\/api.w.org\/{rel}","templated":true}]}}