{"id":562,"date":"2024-04-19T11:16:06","date_gmt":"2024-04-19T11:16:06","guid":{"rendered":"https:\/\/vccf.org\/?page_id=562"},"modified":"2025-08-11T08:49:47","modified_gmt":"2025-08-11T15:49:47","slug":"donors","status":"publish","type":"page","link":"https:\/\/vccf.org\/da\/scholarships\/donors\/","title":{"rendered":"Donorer af stipendier"},"content":{"rendered":"<h1>\n\t\t\tDonorer af VCCF-stipendier\t<\/h1>\n\t<p>Dette program er kun muligt takket v\u00e6re de gener\u00f8se donorer, der st\u00f8tter vores studerende i Ventura County. Udforsk muligheden for at oprette en legatfond i dag.<\/p>\n\t\t\t<a href=\"#start-a-fund\" target=\"_self\">\n\t\t\t\t\t\t\tDoner\n\t\t\t\t\t<\/a>\n\t\t\t\t<img decoding=\"async\" src=\"https:\/\/vccf.org\/wp-content\/uploads\/2024\/09\/iStock-475889833-2.png\" alt=\"iStock-475889833 2\" itemprop=\"image\" height=\"851\" width=\"836\" title=\"iStock-475889833 2\" onerror=\"this.style.display='none'\" loading=\"lazy\" \/>\n\t\t\t\t<img decoding=\"async\" src=\"https:\/\/vccf.org\/wp-content\/uploads\/2024\/09\/image-5.png\" alt=\"image (5)\" itemprop=\"image\" height=\"563\" width=\"463\" title=\"billede (5)\" onerror=\"this.style.display='none'\" loading=\"lazy\" \/>\n<h2  id=\"start-a-fund\">\n\t\t\tStart en stipendiefond!\t<\/h2>\n\t<p>Vi s\u00e6tter pris p\u00e5 at samarbejde med gener\u00f8se donorer om at hj\u00e6lpe v\u00e6rdigt tr\u00e6ngende studerende i Ventura County.<\/p>\n<p>Det er nemt at oprette en stipendiefond, n\u00e5r du samarbejder med Ventura County Community Foundation.<\/p>\n\t\t\t<a href=\"https:\/\/vccf.org\/da\/my-vccf-fund\/start-a-fund\/\" target=\"_self\">\n\t\t\t\t\t\t\tStart en stipendiefond\n\t\t\t\t\t<\/a>\n    <button id=\"board-prev\" type=\"button\"><\/button>\n    1\n     \/ 4\n    <button id=\"board-next\" type=\"button\"><\/button>\n<h2>\n\t\t\tCongrats to our 2025 scholarship recipients!\t<\/h2>\n\t\t\t<a href=\"https:\/\/vccf.org\/da\/2025-vccf-scholarship-season-a-thank-you-from-our-students\/\" target=\"_self\">\n\t\t\t\t\t\t\tL\u00e6s mere\n\t\t\t\t\t<\/a>\n\t\t<iframe loading=\"lazy\" title=\"vimeo-afspiller\" src=\"https:\/\/player.vimeo.com\/video\/1103213031?h=8345a254cc\" width=\"640\" height=\"360\" frameborder=\"0\" referrerpolicy=\"strict-origin-when-cross-origin\" allow=\"autoplay; fullscreen; picture-in-picture; clipboard-write; encrypted-media; web-share\"   allowfullscreen><\/iframe>","protected":false},"excerpt":{"rendered":"<p>VCCF-stipendiedonorer Dette program er kun muligt takket v\u00e6re de gener\u00f8se donorer, der st\u00f8tter vores studerende i Ventura County. Udforsk muligheden for at oprette en legatfond i dag. Don\u00e9r Start en legatfond!...<\/p>","protected":false},"author":4,"featured_media":0,"parent":22926,"menu_order":0,"comment_status":"closed","ping_status":"closed","template":"","meta":{"_acf_changed":false,"give_campaign_id":0,"footnotes":""},"class_list":["post-562","page","type-page","status-publish","hentry"],"acf":[],"campaignId":"","_links":{"self":[{"href":"https:\/\/vccf.org\/da\/wp-json\/wp\/v2\/pages\/562","targetHints":{"allow":["GET"]}}],"collection":[{"href":"https:\/\/vccf.org\/da\/wp-json\/wp\/v2\/pages"}],"about":[{"href":"https:\/\/vccf.org\/da\/wp-json\/wp\/v2\/types\/page"}],"author":[{"embeddable":true,"href":"https:\/\/vccf.org\/da\/wp-json\/wp\/v2\/users\/4"}],"replies":[{"embeddable":true,"href":"https:\/\/vccf.org\/da\/wp-json\/wp\/v2\/comments?post=562"}],"version-history":[{"count":0,"href":"https:\/\/vccf.org\/da\/wp-json\/wp\/v2\/pages\/562\/revisions"}],"up":[{"embeddable":true,"href":"https:\/\/vccf.org\/da\/wp-json\/wp\/v2\/pages\/22926"}],"wp:attachment":[{"href":"https:\/\/vccf.org\/da\/wp-json\/wp\/v2\/media?parent=562"}],"curies":[{"name":"wp","href":"https:\/\/api.w.org\/{rel}","templated":true}]}}