{"id":566,"date":"2024-04-19T13:04:37","date_gmt":"2024-04-19T13:04:37","guid":{"rendered":"https:\/\/vccf.org\/?page_id=566"},"modified":"2026-04-14T06:53:53","modified_gmt":"2026-04-14T13:53:53","slug":"readers","status":"publish","type":"page","link":"https:\/\/vccf.org\/da\/scholarships\/readers\/","title":{"rendered":"L\u00e6sere"},"content":{"rendered":"<h1>\n\t\tL\u00e6sere af stipendier\n\t<\/h1>\n\t<p>VCCF's stipendiel\u00e6sere best\u00e5r af frivillige fra lokalsamfundet og stipendiedonorer, som er engagerede i at forbedre uddannelsesmulighederne for studerende i Ventura County. Hvert \u00e5r investerer l\u00e6serne deres tid i at gennemg\u00e5, l\u00e6se og bed\u00f8mme legatans\u00f8gninger. Deres ekspertise og tid er h\u00f8jt v\u00e6rdsat, og vi kunne ikke g\u00f8re dette arbejde uden dem.<\/p>\n<p>Hvis du er interesseret i at blive VCCF-stipendiel\u00e6ser, s\u00e5 send en e-mail til vores stipendiechef, Kirsti Thompson, p\u00e5 <a href=\"mailto:kthompson@vccf.org\" target=\"_blank\" rel=\"noopener\">kthompson@vccf.org<\/a>.<\/p>\n\t\t\t<a href=\"https:\/\/vccf.org\/da\/vccf-scholarship-reader-interest-form\/\" target=\"_self\" rel=\"noopener\">\n\t\t\t\t\t\t\tIndsend formularen for l\u00e6serinteresse\n\t\t\t\t\t<\/a>\n\t\t\t\t<img loading=\"lazy\" decoding=\"async\" src=\"https:\/\/vccf.org\/wp-content\/uploads\/2024\/11\/Recommender-Image.png\" alt=\"Recommender Image\" itemprop=\"image\" height=\"400\" width=\"600\" title=\"Anbefalingsbillede\" onerror=\"this.style.display='none'\"  \/>\n<h2>\n\t\tVCCF's legatprogram har brug for legatl\u00e6sere!\n\t<\/h2>\n\t<p>V\u00e6r med til at st\u00f8tte Ventura Countys studerende ved at gennemg\u00e5 legatans\u00f8gninger. Det er en givende oplevelse, der viser de lokale studerendes talent og potentiale.<\/p>\n\t\t\t<a href=\"https:\/\/vccf.org\/da\/vccf-scholarship-reader-interest-form\/\" target=\"_self\" rel=\"noopener\">\n\t\t\t\t\t\t\tIndsend formularen for l\u00e6serinteresse\n\t\t\t\t\t<\/a>\n<h2>\n\t\tJobbeskrivelse for stipendiel\u00e6ser\n\t<\/h2>\n\t\t\t\tForm\u00e5let med VCCF's stipendiel\u00e6sere\n\t\t\t\t<p>Form\u00e5let med VCCF Scholarship Readers er at l\u00e6se, gennemg\u00e5 og score specifikke stipendieans\u00f8gninger grundigt.<\/p>\n<p>Der tilbydes tr\u00e6ning til l\u00e6serne hvert \u00e5r, og der er l\u00f8bende st\u00f8tte fra Scholarship-teamet under hele processen. Alle frivillige opgaver, inklusive on-demand-tr\u00e6ning, kan udf\u00f8res virtuelt fra dit hjem.<\/p>\n<p>Gennemgangen foreg\u00e5r online, hvilket g\u00f8r det muligt at gennemf\u00f8re den hvor som helst!<\/p>\n\t\t\t\tKrav og specifikke opgaver\n\t\t\t\t<p><strong>Kravene<\/strong><\/p>\n<ul>\n<li>Indvilliger i at bruge 15-20 timer p\u00e5 at tr\u00e6ne, gennemg\u00e5, evaluere og score alle konkurrencepr\u00e6gede stipendieans\u00f8gninger i l\u00f8bet af for\u00e5ret.<\/li>\n<li>Skal v\u00e6re 18 \u00e5r eller \u00e6ldre<\/li>\n<li>Skal v\u00e6rds\u00e6tte og st\u00f8tte videreg\u00e5ende uddannelse<\/li>\n<li>Skal have en computer med internetadgang<\/li>\n<li>Skal se on-demand tr\u00e6ningsvideo<\/li>\n<\/ul>\n<p><strong>Specifikke pligter<\/strong><\/p>\n<ul>\n<li>Grundigt l\u00e6se, gennemg\u00e5 og score de ans\u00f8gninger, du f\u00e5r tildelt, inden deadline<\/li>\n<li>F\u00f8lg VCCF's kriterier for bed\u00f8mmelse af stipendier<\/li>\n<\/ul>\n\t\t\t\tYderligere vilk\u00e5r\n\t\t\t\t<p>Arbejdet som stipendiel\u00e6ser er frivilligt. Personer, der er interesserede i at give noget tilbage og hj\u00e6lpe studerende med at n\u00e5 deres fulde potentiale, opfordres til at overveje at deltage i denne vigtige indsats. Alle frivillige skal gennemg\u00e5 og underskrive VCCF's formular om interessekonflikter og fortrolighedspolitik, inden de deltager i l\u00e6se- og scoringsprocessen.<\/p>\n<p>Frivillige skal anerkende, at de som en del af deres deltagelse i VCCF's stipendieprogram vil f\u00e5 adgang til oplysninger, der er personlige, fortrolige og\/eller ejendomsretligt beskyttede, f.eks. personlige oplysninger som navne, e-mailadresser, akademiske oplysninger og ans\u00e6ttelsesoplysninger. Frivillige skal acceptere at holde alle fortrolige oplysninger strengt fortrolige og acceptere, at de kun m\u00e5 bruges til de form\u00e5l, der er n\u00f8dvendige for at gennemg\u00e5 og score stipendieans\u00f8gninger, og ikke m\u00e5 bruges til noget andet form\u00e5l eller videregives til nogen tredjepart.<\/p>\n\t\t\t\tHar du sp\u00f8rgsm\u00e5l?\n\t\t\t\t<p>Hvis du vil vide mere om frivilligt arbejde som VCCF-stipendiel\u00e6ser, kan du sende en e-mail til Scholarship Director Kirsti Thompson p\u00e5\u00a0<a href=\"mailto:kthompson@vccf.org\" target=\"_blank\" rel=\"noopener\">kthompson@vccf.org<\/a>.<\/p>\n\t\t\t<a href=\"https:\/\/vccf.org\/da\/vccf-scholarship-reader-interest-form\/\" target=\"_self\" rel=\"noopener\">\n\t\t\t\t\t\t\tIndsend formularen for l\u00e6serinteresse\n\t\t\t\t\t<\/a>","protected":false},"excerpt":{"rendered":"<p>Stipendiel\u00e6sere VCCF's stipendiel\u00e6sere best\u00e5r af frivillige fra lokalsamfundet og stipendiedonorer, som er engagerede i at forbedre uddannelsesmulighederne for studerende i Ventura County. Hvert \u00e5r l\u00e6ser...<\/p>","protected":false},"author":4,"featured_media":0,"parent":22926,"menu_order":0,"comment_status":"closed","ping_status":"closed","template":"","meta":{"_acf_changed":false,"give_campaign_id":0,"footnotes":""},"class_list":["post-566","page","type-page","status-publish","hentry"],"acf":[],"campaignId":"","_links":{"self":[{"href":"https:\/\/vccf.org\/da\/wp-json\/wp\/v2\/pages\/566","targetHints":{"allow":["GET"]}}],"collection":[{"href":"https:\/\/vccf.org\/da\/wp-json\/wp\/v2\/pages"}],"about":[{"href":"https:\/\/vccf.org\/da\/wp-json\/wp\/v2\/types\/page"}],"author":[{"embeddable":true,"href":"https:\/\/vccf.org\/da\/wp-json\/wp\/v2\/users\/4"}],"replies":[{"embeddable":true,"href":"https:\/\/vccf.org\/da\/wp-json\/wp\/v2\/comments?post=566"}],"version-history":[{"count":0,"href":"https:\/\/vccf.org\/da\/wp-json\/wp\/v2\/pages\/566\/revisions"}],"up":[{"embeddable":true,"href":"https:\/\/vccf.org\/da\/wp-json\/wp\/v2\/pages\/22926"}],"wp:attachment":[{"href":"https:\/\/vccf.org\/da\/wp-json\/wp\/v2\/media?parent=566"}],"curies":[{"name":"wp","href":"https:\/\/api.w.org\/{rel}","templated":true}]}}