{"id":579,"date":"2024-04-21T23:17:02","date_gmt":"2024-04-21T23:17:02","guid":{"rendered":"https:\/\/vccf.org\/?page_id=579"},"modified":"2026-01-22T15:40:52","modified_gmt":"2026-01-22T23:40:52","slug":"vccf-scholarship-reader-interest-form","status":"publish","type":"page","link":"https:\/\/vccf.org\/da\/scholarships\/readers\/vccf-scholarship-reader-interest-form\/","title":{"rendered":"VCCF Scholarship Reader Interest Survey"},"content":{"rendered":"<h2>\n\t\t\tUnders\u00f8gelse af l\u00e6sernes interesse for VCCF-stipendier\t<\/h2>\n\t<p>Vi rekrutterer i \u00f8jeblikket frivillige fra Ventura County, som er interesserede i at l\u00e6se og score legatans\u00f8gninger for 2025-cyklussen. Ventura County Community Foundation Scholarship Program uddelte over $1,4 millioner sidste \u00e5r for at hj\u00e6lpe lokale studerende med at n\u00e5 deres m\u00e5l om at g\u00e5 p\u00e5 college, takket v\u00e6re vores frivillige l\u00e6seres h\u00e5rde arbejde og engagement.<\/p>\n<p>Volunteers are expected to read and score between 30 applications, with training and support provided. All activities for this volunteer role are virtual and can be done at the comfort of your own home. The tasks will take less than 10 hours of your time. If you are a Ventura County resident and are interested in supporting our local students in their quest to further their education, please submit the following form.<\/p>\n<p>Hvis du har venner eller kolleger, som kunne v\u00e6re interesserede i denne mulighed for frivilligt arbejde, m\u00e5 du endelig ikke t\u00f8ve med at sende denne besked videre til dem, eller du kan dele vores kontaktoplysninger med dem.<\/p>\n                <form method='post' enctype='multipart\/form-data' target='gform_ajax_frame_4' id='gform_4'  action='https:\/\/vccf.org\/da\/scholarships\/readers\/vccf-scholarship-reader-interest-form\/?fl_builder&#038;fl_builder_ui_iframe#gf_4' data-formid='4' novalidate data-trp-original-action=\"https:\/\/vccf.org\/scholarships\/readers\/vccf-scholarship-reader-interest-form\/?fl_builder&#038;fl_builder_ui_iframe#gf_4\">\t\t\t\t\t\n\t\t\t\t\t\t<label>&#916;<textarea name=\"ak_hp_textarea\" cols=\"45\" rows=\"8\" maxlength=\"100\"><\/textarea><\/label>\n\t\t\t\t\t\t<input type=\"hidden\" id=\"ak_js_1\" name=\"ak_js\" value=\"7\" \/>\n                        <label class='gfield_label gform-field-label' for='input_4_1'>First Name(Required)<\/label><input name='input_1' id='input_4_1' type='text' value='' class='large'    placeholder='Fornavn*' aria-required=\"true\" aria-invalid=\"false\"   \/><label class='gfield_label gform-field-label' for='input_4_3'>Last Name(Required)<\/label><input name='input_3' id='input_4_3' type='text' value='' class='large'    placeholder='Efternavn*' aria-required=\"true\" aria-invalid=\"false\"   \/><label class='gfield_label gform-field-label' for='input_4_4'>E-mail (p\u00e5kr\u00e6vet)<\/label>\n                            <input name='input_4' id='input_4_4' type='email' value='' class='large'   placeholder='E-mail*' aria-required=\"true\" aria-invalid=\"false\"  \/>\n                        <label class='gfield_label gform-field-label' for='input_4_6'>Address(Required)<\/label><input name='input_6' id='input_4_6' type='text' value='' class='large'    placeholder='Adresse*' aria-required=\"true\" aria-invalid=\"false\"   \/><fieldset id=\"field_4_10\"><legend class='gfield_label gform-field-label gfield_label_before_complex'>Adresse<\/legend>    \n                                    <input type='text' name='input_10.3' id='input_4_10_3' value=''   placeholder='By' aria-required='false'    \/>\n                                    <label for='input_4_10_3' id='input_4_10_3_label' class='gform-field-label gform-field-label--type-sub hidden_sub_label screen-reader-text'>By<\/label>\n                                 <input type='hidden' class='gform_hidden' name='input_10.4' id='input_4_10_4' value=''\/><input type='hidden' class='gform_hidden' name='input_10.6' id='input_4_10_6' value='' \/>\n                <\/fieldset><fieldset id=\"field_4_11\"><legend class='gfield_label gform-field-label gfield_label_before_complex'>Adresse<\/legend>    \n                                        <input type='text' name='input_11.4' id='input_4_11_4' value=''     placeholder='Stat\/provins' aria-required='false'    \/>\n                                        <label for='input_4_11_4' id='input_4_11_4_label' class='gform-field-label gform-field-label--type-sub hidden_sub_label screen-reader-text'>Stat \/ provins \/ region<\/label>\n                                      <input type='hidden' class='gform_hidden' name='input_11.6' id='input_4_11_6' value='' \/>\n                <\/fieldset><fieldset id=\"field_4_9\"><legend class='gfield_label gform-field-label gfield_label_before_complex'>Adresse<\/legend>    \n                        <input type='hidden' class='gform_hidden' name='input_9.4' id='input_4_9_4' value=''\/>\n                                    <input type='text' name='input_9.5' id='input_4_9_5' value=''   placeholder='Postnummer' aria-required='false'    \/>\n                                    <label for='input_4_9_5' id='input_4_9_5_label' class='gform-field-label gform-field-label--type-sub hidden_sub_label screen-reader-text'>Postnummer<\/label>\n                                <input type='hidden' class='gform_hidden' name='input_9.6' id='input_4_9_6' value='' \/>\n                <\/fieldset><fieldset id=\"field_4_13\"><legend class='gfield_label gform-field-label gfield_label_before_complex'>Adresse<\/legend>    \n                        <input type='hidden' class='gform_hidden' name='input_13.4' id='input_4_13_4' value=''\/>\n                                        <select name='input_13.6' id='input_4_13_6'   aria-required='false'><option value='' selected='selected'>Land<\/option><option value='Afghanistan'>Afghanistan<\/option><option value='Albania'>Albanien<\/option><option value='Algeria'>Algeriet<\/option><option value='American Samoa'>Amerikansk Samoa<\/option><option value='Andorra'>Andorra<\/option><option value='Angola'>Angola<\/option><option value='Anguilla'>Anguilla<\/option><option value='Antarctica'>Antarktis<\/option><option value='Antigua and Barbuda'>Antigua og Barbuda<\/option><option value='Argentina'>Argentina<\/option><option value='Armenia'>Armenien<\/option><option value='Aruba'>Aruba<\/option><option value='Australia'>Australien<\/option><option value='Austria'>\u00d8strig<\/option><option value='Azerbaijan'>Aserbajdsjan<\/option><option value='Bahamas'>Bahamas<\/option><option value='Bahrain'>Bahrain<\/option><option value='Bangladesh'>Bangladesh<\/option><option value='Barbados'>Barbados<\/option><option value='Belarus'>Hviderusland<\/option><option value='Belgium'>Belgien<\/option><option value='Belize'>Belize<\/option><option value='Benin'>Benin<\/option><option value='Bermuda'>Bermuda<\/option><option value='Bhutan'>Bhutan<\/option><option value='Bolivia'>Bolivia<\/option><option value='Bonaire, Sint Eustatius and Saba'>Bonaire, Sint Eustatius og Saba<\/option><option value='Bosnia and Herzegovina'>Bosnien og Hercegovina<\/option><option value='Botswana'>Botswana<\/option><option value='Bouvet Island'>Bouvet-\u00f8en<\/option><option value='Brazil'>Brasilien<\/option><option value='British Indian Ocean Territory'>Britisk territorium i Det Indiske Ocean<\/option><option value='Brunei Darussalam'>Brunei Darussalam<\/option><option value='Bulgaria'>Bulgarien<\/option><option value='Burkina Faso'>Burkina Faso<\/option><option value='Burundi'>Burundi<\/option><option value='Cabo Verde'>Cabo Verde<\/option><option value='Cambodia'>Cambodja<\/option><option value='Cameroon'>Cameroun<\/option><option value='Canada'>Canada<\/option><option value='Cayman Islands'>Cayman\u00f8erne<\/option><option value='Central African Republic'>Den Centralafrikanske Republik<\/option><option value='Chad'>Chad<\/option><option value='Chile'>Chile<\/option><option value='China'>Kina<\/option><option value='Christmas Island'>Jule\u00f8en<\/option><option value='Cocos Islands'>Cocos-\u00f8erne<\/option><option value='Colombia'>Colombia<\/option><option value='Comoros'>Comorerne<\/option><option value='Congo'>Congo<\/option><option value='Congo, Democratic Republic of the'>Congo, Den Demokratiske Republik<\/option><option value='Cook Islands'>Cook-\u00f8erne<\/option><option value='Costa Rica'>Costa Rica<\/option><option value='Croatia'>Kroatien<\/option><option value='Cuba'>Cuba<\/option><option value='Cura\u00e7ao'>Cura\u00e7ao<\/option><option value='Cyprus'>Cypern<\/option><option value='Czechia'>Tjekkiet<\/option><option value='C\u00f4te d&#039;Ivoire'>Elfenbenskysten<\/option><option value='Denmark'>Danmark<\/option><option value='Djibouti'>Djibouti<\/option><option value='Dominica'>Dominica<\/option><option value='Dominican Republic'>Den Dominikanske Republik<\/option><option value='Ecuador'>Ecuador<\/option><option value='Egypt'>Egypten<\/option><option value='El Salvador'>El Salvador<\/option><option value='Equatorial Guinea'>\u00c6kvatorialguinea<\/option><option value='Eritrea'>Eritrea<\/option><option value='Estonia'>Estland<\/option><option value='Eswatini'>Eswatini<\/option><option value='Ethiopia'>Etiopien<\/option><option value='Falkland Islands'>Falklands\u00f8erne<\/option><option value='Faroe Islands'>F\u00e6r\u00f8erne<\/option><option value='Fiji'>Fiji<\/option><option value='Finland'>Finland<\/option><option value='France'>Frankrig<\/option><option value='French Guiana'>Fransk Guyana<\/option><option value='French Polynesia'>Fransk Polynesien<\/option><option value='French Southern Territories'>De franske sydlige territorier<\/option><option value='Gabon'>Gabon<\/option><option value='Gambia'>Gambia<\/option><option value='Georgia'>Georgien<\/option><option value='Germany'>Tyskland<\/option><option value='Ghana'>Ghana<\/option><option value='Gibraltar'>Gibraltar<\/option><option value='Greece'>Gr\u00e6kenland<\/option><option value='Greenland'>Gr\u00f8nland<\/option><option value='Grenada'>Grenada<\/option><option value='Guadeloupe'>Guadeloupe<\/option><option value='Guam'>Guam<\/option><option value='Guatemala'>Guatemala<\/option><option value='Guernsey'>Guernsey<\/option><option value='Guinea'>Guinea<\/option><option value='Guinea-Bissau'>Guinea-Bissau<\/option><option value='Guyana'>Guyana<\/option><option value='Haiti'>Haiti<\/option><option value='Heard Island and McDonald Islands'>Heard Island og McDonald Islands<\/option><option value='Holy See'>Den hellige stol<\/option><option value='Honduras'>Honduras<\/option><option value='Hong Kong'>Hong Kong<\/option><option value='Hungary'>Ungarn<\/option><option value='Iceland'>Island<\/option><option value='India'>Indien<\/option><option value='Indonesia'>Indonesien<\/option><option value='Iran'>Iran<\/option><option value='Iraq'>Irak<\/option><option value='Ireland'>Irland<\/option><option value='Isle of Man'>Isle of Man<\/option><option value='Israel'>Israel<\/option><option value='Italy'>Italien<\/option><option value='Jamaica'>Jamaica<\/option><option value='Japan'>Japan<\/option><option value='Jersey'>Jersey<\/option><option value='Jordan'>Jordan<\/option><option value='Kazakhstan'>Kasakhstan<\/option><option value='Kenya'>Kenya<\/option><option value='Kiribati'>Kiribati<\/option><option value='Korea, Democratic People&#039;s Republic of'>Korea, Den Demokratiske Folkerepublik<\/option><option value='Korea, Republic of'>Korea, Republikken<\/option><option value='Kuwait'>Kuwait<\/option><option value='Kyrgyzstan'>Kirgisistan<\/option><option value='Lao People&#039;s Democratic Republic'>Den Demokratiske Folkerepublik Laos<\/option><option value='Latvia'>Letland<\/option><option value='Lebanon'>Libanon<\/option><option value='Lesotho'>Lesotho<\/option><option value='Liberia'>Liberia<\/option><option value='Libya'>Libyen<\/option><option value='Liechtenstein'>Liechtenstein<\/option><option value='Lithuania'>Litauen<\/option><option value='Luxembourg'>Luxembourg<\/option><option value='Macao'>Macao<\/option><option value='Madagascar'>Madagaskar<\/option><option value='Malawi'>Malawi<\/option><option value='Malaysia'>Malaysia<\/option><option value='Maldives'>Maldiverne<\/option><option value='Mali'>Mali<\/option><option value='Malta'>Malta<\/option><option value='Marshall Islands'>Marshall\u00f8erne<\/option><option value='Martinique'>Martinique<\/option><option value='Mauritania'>Mauretanien<\/option><option value='Mauritius'>Mauritius<\/option><option value='Mayotte'>Mayotte<\/option><option value='Mexico'>Mexico<\/option><option value='Micronesia'>Mikronesien<\/option><option value='Moldova'>Moldova<\/option><option value='Monaco'>Monaco<\/option><option value='Mongolia'>Mongoliet<\/option><option value='Montenegro'>Montenegro<\/option><option value='Montserrat'>Montserrat<\/option><option value='Morocco'>Marokko<\/option><option value='Mozambique'>Mozambique<\/option><option value='Myanmar'>Myanmar<\/option><option value='Namibia'>Namibia<\/option><option value='Nauru'>Nauru<\/option><option value='Nepal'>Nepal<\/option><option value='Netherlands'>Holland<\/option><option value='New Caledonia'>Ny Kaledonien<\/option><option value='New Zealand'>New Zealand<\/option><option value='Nicaragua'>Nicaragua<\/option><option value='Niger'>Niger<\/option><option value='Nigeria'>Nigeria<\/option><option value='Niue'>Niue<\/option><option value='Norfolk Island'>Norfolk-\u00f8en<\/option><option value='North Macedonia'>Nordmakedonien<\/option><option value='Northern Mariana Islands'>Nordmarianerne<\/option><option value='Norway'>Norge<\/option><option value='Oman'>Oman<\/option><option value='Pakistan'>Pakistan<\/option><option value='Palau'>Palau<\/option><option value='Palestine, State of'>Pal\u00e6stina, staten<\/option><option value='Panama'>Panama<\/option><option value='Papua New Guinea'>Papua Ny Guinea<\/option><option value='Paraguay'>Paraguay<\/option><option value='Peru'>Peru<\/option><option value='Philippines'>Filippinerne<\/option><option value='Pitcairn'>Pitcairn<\/option><option value='Poland'>Polen<\/option><option value='Portugal'>Portugal<\/option><option value='Puerto Rico'>Puerto Rico<\/option><option value='Qatar'>Qatar<\/option><option value='Romania'>Rum\u00e6nien<\/option><option value='Russian Federation'>Den Russiske F\u00f8deration<\/option><option value='Rwanda'>Rwanda<\/option><option value='R\u00e9union'>R\u00e9union<\/option><option value='Saint Barth\u00e9lemy'>Saint Barth\u00e9lemy<\/option><option value='Saint Helena, Ascension and Tristan da Cunha'>Sankt Helena, Kristi himmelfart og Tristan da Cunha<\/option><option value='Saint Kitts and Nevis'>Saint Kitts og Nevis<\/option><option value='Saint Lucia'>Sankt Lucia<\/option><option value='Saint Martin'>Sankt Martin<\/option><option value='Saint Pierre and Miquelon'>Saint Pierre og Miquelon<\/option><option value='Saint Vincent and the Grenadines'>Saint Vincent og Grenadinerne<\/option><option value='Samoa'>Samoa<\/option><option value='San Marino'>San Marino<\/option><option value='Sao Tome and Principe'>Sao Tome og Principe<\/option><option value='Saudi Arabia'>Saudi-Arabien<\/option><option value='Senegal'>Senegal<\/option><option value='Serbia'>Serbien<\/option><option value='Seychelles'>Seychellerne<\/option><option value='Sierra Leone'>Sierra Leone<\/option><option value='Singapore'>Singapore<\/option><option value='Sint Maarten'>Sint Maarten<\/option><option value='Slovakia'>Slovakiet<\/option><option value='Slovenia'>Slovenien<\/option><option value='Solomon Islands'>Salomon\u00f8erne<\/option><option value='Somalia'>Somalia<\/option><option value='South Africa'>Sydafrika<\/option><option value='South Georgia and the South Sandwich Islands'>Sydgeorgien og Sydsandwich\u00f8erne<\/option><option value='South Sudan'>Sydsudan<\/option><option value='Spain'>Spanien<\/option><option value='Sri Lanka'>Sri Lanka<\/option><option value='Sudan'>Sudan<\/option><option value='Suriname'>Surinam<\/option><option value='Svalbard and Jan Mayen'>Svalbard og Jan Mayen<\/option><option value='Sweden'>Sverige<\/option><option value='Switzerland'>Schweiz<\/option><option value='Syria Arab Republic'>Den Arabiske Republik Syrien<\/option><option value='Taiwan'>Taiwan<\/option><option value='Tajikistan'>Tadsjikistan<\/option><option value='Tanzania, the United Republic of'>Tanzania, Den Forenede Republik<\/option><option value='Thailand'>Thailand<\/option><option value='Timor-Leste'>Timor-Leste<\/option><option value='Togo'>Togo<\/option><option value='Tokelau'>Tokelau<\/option><option value='Tonga'>Tonga<\/option><option value='Trinidad and Tobago'>Trinidad og Tobago<\/option><option value='Tunisia'>Tunesien<\/option><option value='Turkmenistan'>Turkmenistan<\/option><option value='Turks and Caicos Islands'>Turks- og Caicos\u00f8erne<\/option><option value='Tuvalu'>Tuvalu<\/option><option value='T\u00fcrkiye'>Tyrkiet<\/option><option value='US Minor Outlying Islands'>USA's mindre afsidesliggende \u00f8er<\/option><option value='Uganda'>Uganda<\/option><option value='Ukraine'>Ukraine<\/option><option value='United Arab Emirates'>De Forenede Arabiske Emirater<\/option><option value='United Kingdom'>Det Forenede Kongerige<\/option><option value='United States'>De Forenede Stater<\/option><option value='Uruguay'>Uruguay<\/option><option value='Uzbekistan'>Usbekistan<\/option><option value='Vanuatu'>Vanuatu<\/option><option value='Venezuela'>Venezuela<\/option><option value='Viet Nam'>Vietnam<\/option><option value='Virgin Islands, British'>Jomfru\u00f8erne, britiske<\/option><option value='Virgin Islands, U.S.'>Jomfru\u00f8erne, USA<\/option><option value='Wallis and Futuna'>Wallis og Futuna<\/option><option value='Western Sahara'>Vestsahara<\/option><option value='Yemen'>Yemen<\/option><option value='Zambia'>Zambia<\/option><option value='Zimbabwe'>Zimbabwe<\/option><option value='\u00c5land Islands'>\u00c5lands\u00f8erne<\/option><\/select>\n                                        <label for='input_4_13_6' id='input_4_13_6_label' class='gform-field-label gform-field-label--type-sub hidden_sub_label screen-reader-text'>Land<\/label>\n                <\/fieldset><label class='gfield_label gform-field-label' for='input_4_14'>Telefon<\/label><input name='input_14' id='input_4_14' type='tel' value='' class='large'  placeholder='Telefonnummer'  aria-invalid=\"false\"   \/><label class='gfield_label gform-field-label' for='input_4_15'>About Yourself(Required)<\/label><textarea name='input_15' id='input_4_15' class='textarea small'    placeholder='Fort\u00e6l os lidt om dig selv, og hvorfor du er interesseret i denne mulighed for at hj\u00e6lpe vores lokale studerende*.' aria-required=\"true\" aria-invalid=\"false\"   rows='10' cols='50'><\/textarea>\n         <input type='submit' id='gform_submit_button_4' class='gform_button button' onclick='gform.submission.handleButtonClick(this);' data-submission-type='submit' value='Send'  \/> <input type='hidden' name='gform_ajax' value='form_id=4&amp;title=&amp;description=&amp;tabindex=0&amp;theme=gravity-theme&amp;styles=[]&amp;hash=2ac61118ae529d897ab5193c9b03f195' \/>\n            <input type='hidden' class='gform_hidden' name='gform_submission_method' data-js='gform_submission_method_4' value='iframe' \/>\n            <input type='hidden' class='gform_hidden' name='gform_theme' data-js='gform_theme_4' id='gform_theme_4' value='gravity-theme' \/>\n            <input type='hidden' class='gform_hidden' name='gform_style_settings' data-js='gform_style_settings_4' id='gform_style_settings_4' value='[]' \/>\n            <input type='hidden' class='gform_hidden' name='is_submit_4' value='1' \/>\n            <input type='hidden' class='gform_hidden' name='gform_submit' value='4' \/>\n            <input type='hidden' class='gform_hidden' name='gform_currency' data-currency='USD' value='8GK4vJPnDopmWcBoYXVuUCUAMeoEE8Ibhnnav8UekD042tsbS6VssBIuGPZeAEt6n0r\/42\/o8TkSmsxAEy3crogHgKmpmSx2DOD7ptDAhrHwTjk=' \/>\n            <input type='hidden' class='gform_hidden' name='gform_unique_id' value='' \/>\n            <input type='hidden' class='gform_hidden' name='state_4' value='WyJbXSIsImNmY2MzMDFiZWU0ZjI4YWI1Y2I5MThmMTE4MTA5NDVlIl0=' \/>\n            <input type='hidden' autocomplete='off' class='gform_hidden' name='gform_target_page_number_4' id='gform_target_page_number_4' value='0' \/>\n            <input type='hidden' autocomplete='off' class='gform_hidden' name='gform_source_page_number_4' id='gform_source_page_number_4' value='1' \/>\n            <input type='hidden' name='gform_field_values' value='' \/>\n                        <input type=\"hidden\" name=\"trp-form-language\" value=\"da\"\/><\/form>\n\t\t                <iframe style='display:none;width:0px;height:0px;' src='about:blank' name='gform_ajax_frame_4' id='gform_ajax_frame_4' title='Denne iframe indeholder den logik, der kr\u00e6ves for at h\u00e5ndtere Ajax-drevne Gravity Forms.'><\/iframe>","protected":false},"excerpt":{"rendered":"<p>VCCF scholarship reader interest survey We are currently recruiting Ventura County volunteers who are interested in reading and scoring scholarship applications for the 2026 cycle. The Ventura County Community Foundation&hellip;<\/p>","protected":false},"author":4,"featured_media":0,"parent":566,"menu_order":0,"comment_status":"closed","ping_status":"closed","template":"","meta":{"_acf_changed":false,"give_campaign_id":0,"footnotes":""},"class_list":["post-579","page","type-page","status-publish","hentry"],"acf":[],"campaignId":"","_links":{"self":[{"href":"https:\/\/vccf.org\/da\/wp-json\/wp\/v2\/pages\/579","targetHints":{"allow":["GET"]}}],"collection":[{"href":"https:\/\/vccf.org\/da\/wp-json\/wp\/v2\/pages"}],"about":[{"href":"https:\/\/vccf.org\/da\/wp-json\/wp\/v2\/types\/page"}],"author":[{"embeddable":true,"href":"https:\/\/vccf.org\/da\/wp-json\/wp\/v2\/users\/4"}],"replies":[{"embeddable":true,"href":"https:\/\/vccf.org\/da\/wp-json\/wp\/v2\/comments?post=579"}],"version-history":[{"count":0,"href":"https:\/\/vccf.org\/da\/wp-json\/wp\/v2\/pages\/579\/revisions"}],"up":[{"embeddable":true,"href":"https:\/\/vccf.org\/da\/wp-json\/wp\/v2\/pages\/566"}],"wp:attachment":[{"href":"https:\/\/vccf.org\/da\/wp-json\/wp\/v2\/media?parent=579"}],"curies":[{"name":"wp","href":"https:\/\/api.w.org\/{rel}","templated":true}]}}