{"id":744,"date":"2024-04-26T08:11:49","date_gmt":"2024-04-26T08:11:49","guid":{"rendered":"https:\/\/vccf.org\/?page_id=744"},"modified":"2026-05-01T11:19:25","modified_gmt":"2026-05-01T18:19:25","slug":"coffee-and-connections","status":"publish","type":"page","link":"https:\/\/vccf.org\/da\/events\/coffee-and-connections\/","title":{"rendered":"Kaffe og forbindelser"},"content":{"rendered":"<h1>\n\t\t\tKaffe og forbindelser\t<\/h1>\n\t<p><strong>At omfavne f\u00e6llesskabet, en kop ad gangen<\/strong><\/p>\n<p>Hos Ventura County Community Foundation tror vi p\u00e5 kraften i forbindelser. Vi og vores samarbejdspartnere p\u00e5 California Lutheran University Center for Nonprofit Leadership inviterer dig til at slutte dig til os. Disse netv\u00e6rks- og udvekslingsmuligheder er mere end bare en r\u00e6kke arrangementer; det er en bev\u00e6gelse mod et mere forbundet, st\u00f8ttende og blomstrende Ventura County.<\/p>\n\t\t\t<a href=\"https:\/\/vccf.org\/da\/events\/coffee-and-connections\/coffee-connections-sign-up\/\"  target=\"_self\">\n\t\t\t\t\t\t\tKom med p\u00e5 mailinglisten\n\t\t\t\t\t<\/a>\n<figure itemscope itemtype=\"https:\/\/schema.org\/ImageObject\">\n\t\t\t\t<img decoding=\"async\" src=\"https:\/\/vccf.org\/wp-content\/uploads\/2024\/04\/image-38.png\" alt=\"image (38)\" height=\"851\" width=\"836\" title=\"billede (38)\" onerror=\"this.style.display='none'\" loading=\"lazy\" \/>\n\t<\/figure>\n<h2>\n\t\t\tOm Coffee &amp; Connections\t<\/h2>\n\t<p>Coffee &amp; Connections er designet til at fremme f\u00e6llesskabsbaserede, gensidigt fordelagtige relationer mellem fagfolk i lokalsamfundet og nonprofitorganisationer. Vores virtuelle og personlige m\u00f8der hver anden m\u00e5ned dykker ned i faciliterede samtaler med lokale nonprofitorganisationer, diskuterer udfordringer og succeser med ligesindede og uddyber vores forst\u00e5else af lokalsamfundets behov.<\/p>\n<p>Alle nonprofitfolk er velkomne til at deltage. Hj\u00e6lp os med at sprede budskabet ved at invitere dine nonprofit-kolleger til at deltage i Coffee &amp; Connections. Sammen kan vi v\u00e6ve et st\u00e6rkere v\u00e6v af st\u00f8tte og samarbejde i hele Ventura County!<\/p>\n<h2>\n\t\t\tHvorfor deltage i Coffee &amp; Connections?\t<\/h2>\n\t<p>Dyrk relationer<\/p>\n\t<p>Opbyg varige forbindelser med andre nonprofit- og samfundsprofessionelle, som deler din passion for at g\u00f8re en forskel.<\/p>\n\t<p>L\u00e6r og voks<\/p>\n\t<p>Deltag i meningsfulde diskussioner, der fokuserer p\u00e5 l\u00f8sninger fra den virkelige verden, f\u00e6lles erfaringer og samarbejdsl\u00e6ring.<\/p>\n\t<p>Styrke f\u00e6llesskabet<\/p>\n\t<p>Sammen kan vi skabe et st\u00e6rkere og mere modstandsdygtigt Ventura County, forenet af vores engagement i service og medmenneskelighed.<\/p>\n<figure itemscope itemtype=\"https:\/\/schema.org\/ImageObject\">\n\t\t\t\t<img decoding=\"async\" src=\"https:\/\/vccf.org\/wp-content\/uploads\/2025\/05\/Coffee-Connections.png\" alt=\"Vanessa Bechtel speaking to a crowd at Coffee and Connections\" height=\"563\" width=\"463\" title=\"Kaffe og forbindelser\" onerror=\"this.style.display='none'\" loading=\"lazy\" \/>\n\t<\/figure>\n<h2  id=\"upcoming\">\n\t\t\tKommende kaffe og forbindelser\t<\/h2>\n\t<p><strong>At give USA 2025: En frokostudgave af Coffee &amp; Connections<\/strong><\/p>\n<p>!\" Giving USA udgiver 2025-udgaven af sin Annual Report on Philanthropy in America. Denne uvurderlige ressource unders\u00f8ger kilderne til og anvendelsen af velg\u00f8renhed i USA i \u00e5r 2024 og giver n\u00f8gledata, der kan hj\u00e6lpe nonprofitorganisationer med at formulere effektive fundraising-strategier, tilgange og aktiviteter.<\/p>\n<p>Join us for this Coffee &amp; Connections Lunchtime Edition on <strong>Thursday, July 9 from 12 to 1:30 p.m.<\/strong> with Cassie Carter, Vice President, Fundraising at Campbell &amp; Company. During this virtual session, Cassie will make meaning of the 2026 Giving USA report and share her insights on emerging philanthropic trends and their implications for your organization and the community.<\/p>\n\t\t\t<a href=\"https:\/\/californialutheran.app.neoncrm.com\/eventReg.jsp?event=2393&#038;\" target=\"_self\" rel=\"noopener\">\n\t\t\t\t\t\t\tTilmeld dig nu\n\t\t\t\t\t<\/a>\n<h2>\n\t\t\tVores m\u00f8der\t<\/h2>","protected":false},"excerpt":{"rendered":"<p>Coffee &amp; Connections Embracing Community, One Cup at a Time Hos Ventura County Community Foundation tror vi p\u00e5 kraften i forbindelser. Vi og vores samarbejdspartnere i California...<\/p>","protected":false},"author":4,"featured_media":0,"parent":21008,"menu_order":0,"comment_status":"closed","ping_status":"closed","template":"","meta":{"_acf_changed":false,"give_campaign_id":0,"footnotes":""},"class_list":["post-744","page","type-page","status-publish","hentry"],"acf":[],"campaignId":"","_links":{"self":[{"href":"https:\/\/vccf.org\/da\/wp-json\/wp\/v2\/pages\/744","targetHints":{"allow":["GET"]}}],"collection":[{"href":"https:\/\/vccf.org\/da\/wp-json\/wp\/v2\/pages"}],"about":[{"href":"https:\/\/vccf.org\/da\/wp-json\/wp\/v2\/types\/page"}],"author":[{"embeddable":true,"href":"https:\/\/vccf.org\/da\/wp-json\/wp\/v2\/users\/4"}],"replies":[{"embeddable":true,"href":"https:\/\/vccf.org\/da\/wp-json\/wp\/v2\/comments?post=744"}],"version-history":[{"count":0,"href":"https:\/\/vccf.org\/da\/wp-json\/wp\/v2\/pages\/744\/revisions"}],"up":[{"embeddable":true,"href":"https:\/\/vccf.org\/da\/wp-json\/wp\/v2\/pages\/21008"}],"wp:attachment":[{"href":"https:\/\/vccf.org\/da\/wp-json\/wp\/v2\/media?parent=744"}],"curies":[{"name":"wp","href":"https:\/\/api.w.org\/{rel}","templated":true}]}}