{"id":20928,"date":"2024-06-18T14:14:47","date_gmt":"2024-06-18T14:14:47","guid":{"rendered":"https:\/\/vccf.org\/?page_id=20928"},"modified":"2026-04-30T09:43:17","modified_gmt":"2026-04-30T16:43:17","slug":"about","status":"publish","type":"page","link":"https:\/\/vccf.org\/de\/about\/","title":{"rendered":"\u00dcber"},"content":{"rendered":"<h1>\n\t\t\tNachhaltige Wirkung erzielen\t<\/h1>\n<h1>\n\t\t\ton the place you call home\t<\/h1>\n\t<p>Mit der richtigen Anleitung und Unterst\u00fctzung ist es ganz einfach, in Ihrer Gemeinde etwas zu bewirken. Sie m\u00fcssen sich nicht mehr \u00fcberfordert f\u00fchlen, unsicher sein, welche Zwecke Sie unterst\u00fctzen sollen, oder nicht mehr wissen, wie Sie sicherstellen k\u00f6nnen, dass Ihre Spende effektiv genutzt wird. VCCF bietet eine nahtlose, informierte, einfache und wirkungsvolle Spendenerfahrung:<\/p>\n<h4>\n\t\t\tNachgewiesene Wirkung\t<\/h4>\n\t<p>Seit 1987 hat die VCCF rund $250 Millionen zur Unterst\u00fctzung unserer Gemeinschaft bereitgestellt.<\/p>\n<h4>\n\t\t\tGr\u00f6\u00dfte Reichweite\t<\/h4>\n\t<p>We&#8217;ve supported 10,000+ unique nonprofit organizations and local businesses.<\/p>\n<h4>\n\t\t\tUnterst\u00fctzung durch Peer-Geber\t<\/h4>\n\t<p>Mehr als 22.000 Spender tragen zu unserem Auftrag bei, was die breite Unterst\u00fctzung und das Vertrauen unserer Gemeinschaft widerspiegelt.<\/p>\n<strong><a href=\"https:\/\/vccf.org\/de\/contact-us\/\">Kontakt<\/a> oder <a href=\"https:\/\/vccf.org\/de\/donors\/\">Engagieren Sie sich<\/a> und sehen Sie, wie Ihre Beitr\u00e4ge eine unmittelbare und dauerhafte Wirkung haben, die Sie sp\u00fcren k\u00f6nnen.<\/strong>\n\t<p>\"Ich glaube nicht, dass ich die Welt ver\u00e4ndern kann, aber ich kann dazu beitragen, Ventura County noch besser zu machen.\"<\/p>\n\t<p><strong>Leah Lacayo, Spenderin<\/strong><\/p>\n<h3>\n\t\t\tUnsere Geschichte\t<\/h3>\n<h3>\n\t\t\tVorstandsmitglieder\t<\/h3>\n<h3>\n\t\t\tMitarbeiter\t<\/h3>\n<h3>\n\t\t\tFinanzen\t<\/h3>\n<h3>\n\t\t\tGeschichten von Spendern\t<\/h3>\n<h3>\n\t\t\tFAQ's\t<\/h3>\n<h2>\n\t\t\tVCCF beitreten\t<\/h2>\n\t<p>Und werden Sie Teil einer mitf\u00fchlenden, inspirierten Gemeinschaft von Gebern und Machern. Gemeinsam bauen wir eine hellere, st\u00e4rkere Zukunft f\u00fcr unser Ventura County.<\/p>\n\t\t\t<a href=\"https:\/\/vccf.org\/de\/get-involved\/\"  target=\"_self\">\n\t\t\t\t\t\t\tEngagieren Sie sich\n\t\t\t\t\t<\/a>\n\t\t\t<a href=\"https:\/\/vccf.org\/de\/contact-us\/\"  target=\"_self\">\n\t\t\t\t\t\t\tE-Mail\n\t\t\t\t\t<\/a>\n<figure itemscope itemtype=\"https:\/\/schema.org\/ImageObject\">\n\t\t\t\t<img decoding=\"async\" src=\"https:\/\/vccf.org\/wp-content\/uploads\/2024\/06\/Group-1080-2.png\" alt=\"Group 1080 (2)\" height=\"563\" width=\"463\" title=\"Gruppe 1080 (2)\" onerror=\"this.style.display='none'\" loading=\"lazy\" \/>\n\t<\/figure>","protected":false},"excerpt":{"rendered":"<p>Schaffen Sie eine nachhaltige Wirkung an dem Ort, den Sie Ihr Zuhause nennen. Mit der richtigen Anleitung und Unterst\u00fctzung ist es leicht, in Ihrer Gemeinde etwas zu bewirken. Sie f\u00fchlen sich nicht mehr \u00fcberfordert, unsicher...<\/p>","protected":false},"author":4,"featured_media":0,"parent":0,"menu_order":0,"comment_status":"closed","ping_status":"closed","template":"","meta":{"_acf_changed":false,"give_campaign_id":0,"footnotes":""},"class_list":["post-20928","page","type-page","status-publish","hentry"],"acf":[],"campaignId":"","_links":{"self":[{"href":"https:\/\/vccf.org\/de\/wp-json\/wp\/v2\/pages\/20928","targetHints":{"allow":["GET"]}}],"collection":[{"href":"https:\/\/vccf.org\/de\/wp-json\/wp\/v2\/pages"}],"about":[{"href":"https:\/\/vccf.org\/de\/wp-json\/wp\/v2\/types\/page"}],"author":[{"embeddable":true,"href":"https:\/\/vccf.org\/de\/wp-json\/wp\/v2\/users\/4"}],"replies":[{"embeddable":true,"href":"https:\/\/vccf.org\/de\/wp-json\/wp\/v2\/comments?post=20928"}],"version-history":[{"count":0,"href":"https:\/\/vccf.org\/de\/wp-json\/wp\/v2\/pages\/20928\/revisions"}],"wp:attachment":[{"href":"https:\/\/vccf.org\/de\/wp-json\/wp\/v2\/media?parent=20928"}],"curies":[{"name":"wp","href":"https:\/\/api.w.org\/{rel}","templated":true}]}}