{"id":20931,"date":"2024-06-18T15:18:26","date_gmt":"2024-06-18T15:18:26","guid":{"rendered":"https:\/\/vccf.org\/?page_id=20931"},"modified":"2025-03-18T02:52:29","modified_gmt":"2025-03-18T09:52:29","slug":"donate","status":"publish","type":"page","link":"https:\/\/vccf.org\/de\/donate\/","title":{"rendered":"Spenden Sie"},"content":{"rendered":"<img loading=\"lazy\" decoding=\"async\" src=\"https:\/\/vccf.org\/wp-content\/uploads\/2024\/09\/jJqJfy3-3.png\" alt=\"-jJqJfy3 3\" itemprop=\"image\" height=\"375\" width=\"519\" title=\"-jJqJfy3 3\" onerror=\"this.style.display='none'\"  \/>\n\t\t\t<a href=\"https:\/\/vccf.org\/de\/professional-advisor-faqs\/\" target=\"_self\">\n\t\t\t\t\t\t\tFAQs zu professionellen Beratern\n\t\t\t\t\t<\/a>\n\tM\u00f6glichkeiten des Spendens und<br \/>\neinen Unterschied machen<br \/>\nin Ventura County\n\t<p>Jeder Akt des Gebens gestaltet die Zukunft unserer Gemeinschaft. Ihre Gro\u00dfz\u00fcgigkeit treibt den Fortschritt voran, unterst\u00fctzt Bed\u00fcrftige und st\u00e4rkt unser gemeinsames Zuhause.<\/p>\n\t\t\t\t<img loading=\"lazy\" decoding=\"async\" src=\"https:\/\/vccf.org\/wp-content\/uploads\/2024\/06\/donate-3.jpg\" alt=\"donate-3\" itemprop=\"image\" height=\"756\" width=\"1098\" title=\"spenden-3\" onerror=\"this.style.display='none'\"  \/>\n\t\t\t<a href=\"\/de\/donor-faqs\/\" target=\"_self\">\n\t\t\t\t\t\t\tFAQs f\u00fcr Spender\n\t\t\t\t\t<\/a>\n\t<p>Unterst\u00fctzung der Mission<\/p>\n\t<p>Ein allgemeiner Beitrag zur Verbesserung der Situation in Ventura County, CA.<\/p>\n\t\t\t<a href=\"\/de\/donate\/mission-support\/\" target=\"_self\">\n\t\t\t\t\t\t\tSpenden Sie\n\t\t\t\t\t<\/a>\n\t<p>Bleibende Tribute<\/p>\n\t<p>Feiern Sie einen Meilenstein. Dankbarkeit ausdr\u00fccken. Eine Leistung w\u00fcrdigen. Einem Leben gedenken.<\/p>\n\t\t\t<a href=\"https:\/\/vccf.org\/de\/donate\/donate-to-a-tribute-fund\/\" target=\"_self\">\n\t\t\t\t\t\t\tZu Ehren einer Person spenden\n\t\t\t\t\t<\/a>\n\t<p>Unterst\u00fctzung spezifischer Fonds<\/p>\n\t<p>Setzen Sie sich f\u00fcr die Dinge ein, die Ihnen am Herzen liegen.<\/p>\n\t\t\t<a href=\"https:\/\/vccf.org\/de\/donate\/support-specific-funds-and-initiatives\/\" target=\"_self\">\n\t\t\t\t\t\t\tSpenden Sie f\u00fcr einen bestimmten Zweck\n\t\t\t\t\t<\/a>","protected":false},"excerpt":{"rendered":"<p>Professionelle Berater FAQs M\u00f6glichkeiten, zu spenden und in Ventura County etwas zu bewirken Jede Spende pr\u00e4gt die Zukunft unserer Gemeinde. Ihre Gro\u00dfz\u00fcgigkeit treibt den Fortschritt voran, unterst\u00fctzt die Bed\u00fcrftigen und...<\/p>","protected":false},"author":9,"featured_media":0,"parent":0,"menu_order":0,"comment_status":"closed","ping_status":"closed","template":"","meta":{"_acf_changed":false,"give_campaign_id":0,"footnotes":""},"class_list":["post-20931","page","type-page","status-publish","hentry"],"acf":[],"campaignId":"","_links":{"self":[{"href":"https:\/\/vccf.org\/de\/wp-json\/wp\/v2\/pages\/20931","targetHints":{"allow":["GET"]}}],"collection":[{"href":"https:\/\/vccf.org\/de\/wp-json\/wp\/v2\/pages"}],"about":[{"href":"https:\/\/vccf.org\/de\/wp-json\/wp\/v2\/types\/page"}],"author":[{"embeddable":true,"href":"https:\/\/vccf.org\/de\/wp-json\/wp\/v2\/users\/9"}],"replies":[{"embeddable":true,"href":"https:\/\/vccf.org\/de\/wp-json\/wp\/v2\/comments?post=20931"}],"version-history":[{"count":0,"href":"https:\/\/vccf.org\/de\/wp-json\/wp\/v2\/pages\/20931\/revisions"}],"wp:attachment":[{"href":"https:\/\/vccf.org\/de\/wp-json\/wp\/v2\/media?parent=20931"}],"curies":[{"name":"wp","href":"https:\/\/api.w.org\/{rel}","templated":true}]}}