{"id":20939,"date":"2024-06-19T08:01:45","date_gmt":"2024-06-19T08:01:45","guid":{"rendered":"https:\/\/vccf.org\/?page_id=20939"},"modified":"2026-03-24T11:58:06","modified_gmt":"2026-03-24T18:58:06","slug":"financials","status":"publish","type":"page","link":"https:\/\/vccf.org\/de\/about\/financials\/","title":{"rendered":"Finanzen"},"content":{"rendered":"<h1>\n\t\t\tFinanzen\t<\/h1>\n\t<p>Die Ventura County Community Foundation vertritt die Gesamtheit des Ventura County. Wir verwalten ein Gesamtverm\u00f6gen von mehr als $250 Millionen Euro und fungieren als Treuh\u00e4nder f\u00fcr mehr als 800 philanthropische Fonds. Wir arbeiten mit einem Gesch\u00e4ftsjahr, das am 1. Oktober beginnt und am 30. September endet.<\/p>\n\t\t\t<a href=\"https:\/\/vccf.org\/de\/get-involved\/\"  target=\"_self\">\n\t\t\t\t\t\t\tEngagieren Sie sich\n\t\t\t\t\t<\/a>\n<figure itemscope itemtype=\"https:\/\/schema.org\/ImageObject\">\n\t\t\t\t<img decoding=\"async\" src=\"https:\/\/vccf.org\/wp-content\/uploads\/2024\/06\/Mask-group.png\" alt=\"Mask group\" height=\"772\" width=\"836\" title=\"Maskengruppe\" onerror=\"this.style.display='none'\" loading=\"lazy\" \/>\n\t<\/figure>\n<h3>\n\t\t\tUnsere Geschichte\t<\/h3>\n<h3>\n\t\t\tVorstandsmitglieder\t<\/h3>\n<h3>\n\t\t\tMitarbeiter\t<\/h3>\n<h3>\n\t\t\tFinanzen\t<\/h3>\n<h3>\n\t\t\tGeschichten von Spendern\t<\/h3>\n<h3>\n\t\t\tFAQ's\t<\/h3>\n<h1>\n\t\t\tFinanzen\t<\/h1>\n\t\t\t\tFinanzielle Dokumente verf\u00fcgbar\n\t\t\t\t<ul>\n<li><a href=\"https:\/\/vccf.org\/wp-content\/uploads\/2026\/02\/Ventura-County-Community-Foundation-Sep25-AR-Final.pdf\">FY 2025 Audited Financial Statements<\/a><\/li>\n<li><a href=\"https:\/\/vccf.org\/wp-content\/uploads\/2025\/03\/Ventura-County-Community-Foundation-Sept24-AR-Final.pdf\">Gepr\u00fcfte Finanzberichte f\u00fcr das Gesch\u00e4ftsjahr 2024<\/a><\/li>\n<li><a href=\"https:\/\/vccf.org\/wp-content\/uploads\/2024\/04\/ventura-county-community-foundation-and-subsidiaries-sep23ar-final.pdf\" target=\"_blank\" rel=\"noopener\">Gepr\u00fcfte Finanzberichte f\u00fcr das Gesch\u00e4ftsjahr 2023<\/a><\/li>\n<li><a href=\"https:\/\/vccf.org\/wp-content\/uploads\/2024\/04\/ventura-county-community-foundation-sep22ar-final_.pdf\" target=\"_blank\" rel=\"noopener\">Gepr\u00fcfte Finanzberichte f\u00fcr das Gesch\u00e4ftsjahr 2022<\/a><\/li>\n<li><a href=\"https:\/\/vccf.org\/wp-content\/uploads\/2024\/04\/ventura-county-community-foundation-sep21ar-final.pdf\" target=\"_blank\" rel=\"noopener\">Gepr\u00fcfte Finanzberichte f\u00fcr das Gesch\u00e4ftsjahr 2021<\/a><\/li>\n<li><a href=\"https:\/\/vccf.org\/wp-content\/uploads\/2024\/04\/ventura-county-community-foundation-sep20ar-final.pdf\" target=\"_blank\" rel=\"noopener\">Gepr\u00fcfte Finanzberichte f\u00fcr das Gesch\u00e4ftsjahr 2020<\/a><\/li>\n<li><a href=\"https:\/\/vccf.org\/wp-content\/uploads\/2025\/08\/VCCF-2023-Form-990-Public-Disclosure-Copy.pdf\">FY 2024 Form 990<\/a>, <a href=\"https:\/\/vccf.org\/wp-content\/uploads\/2025\/08\/VCCF-2023-Form-990-T-Public-Disclosure-Copy.pdf\">FY 2024 Form 990-T<\/a>, <a href=\"https:\/\/vccf.org\/wp-content\/uploads\/2025\/08\/VCCFCASO-2023-Form-990-Public-Disclosure-Copy.pdf\">GJ 2023 VCCF Komplexes Verm\u00f6gen Unterst\u00fctzende Organisation 990<\/a><\/li>\n<li><a href=\"https:\/\/vccf.org\/wp-content\/uploads\/2024\/09\/vccf-2022-form-990-public-disclosure-copy.pdf\" target=\"_blank\" rel=\"noopener\">FY 2023 Formular 990<\/a>,\u00a0<a href=\"https:\/\/vccf.org\/wp-content\/uploads\/2024\/09\/vccf-2022-form-990-t-public-disclosure-copy.pdf\" target=\"_blank\" rel=\"noopener\">FY 2023 Formular 990-T,<\/a>\u00a0<a href=\"https:\/\/vccf.org\/wp-content\/uploads\/2024\/09\/vccfcaso-2022-form-990-public-disclosure-copy.pdf\" target=\"_blank\" rel=\"noopener\">GJ 2023 VCCF Komplexes Verm\u00f6gen Unterst\u00fctzende Organisation 990<\/a><\/li>\n<li><a href=\"https:\/\/vccf.org\/wp-content\/uploads\/2024\/04\/vccf-2021-form-990-public-disclosure-copy.pdf\" target=\"_blank\" rel=\"noopener\">FY 2022 Formular 990<\/a><\/li>\n<li><a href=\"https:\/\/vccf.org\/wp-content\/uploads\/2024\/04\/vccf-2020-form-990-public-disclosure-copy.pdf\" target=\"_blank\" rel=\"noopener\">Formular 990 f\u00fcr das Gesch\u00e4ftsjahr 2021,<\/a>\u00a0<a href=\"https:\/\/vccf.org\/wp-content\/uploads\/2024\/04\/vccf-2020-form-990-t-public-disclosure-copy.pdf\" target=\"_blank\" rel=\"noopener\">Formular 990-T f\u00fcr das Gesch\u00e4ftsjahr 2021<\/a><\/li>\n<li><a href=\"https:\/\/vccf.org\/wp-content\/uploads\/2024\/04\/vccf-2019-form-990-public-disclosure-copy.pdf\" target=\"_blank\" rel=\"noopener\">Formular 990 f\u00fcr das Gesch\u00e4ftsjahr 2020,<\/a>\u00a0<a href=\"https:\/\/vccf.org\/wp-content\/uploads\/2024\/04\/vccf-2019-form-990-t-public-disclosure-copy-1.pdf\" target=\"_blank\" rel=\"noopener\">Formular 990-T f\u00fcr das Gesch\u00e4ftsjahr 2020<\/a><\/li>\n<\/ul>\n\t\t\t\tInvestment Policy &#038; Overview \n\t\t\t\t<p><a href=\"https:\/\/vccf.org\/wp-content\/uploads\/2025\/10\/VCCF-Investment-Policy-Statement-Final-2025.pdf\" target=\"_blank\" rel=\"noopener\">VCCF Investitionspolitik<\/a><\/p>\n<p>Jedes Jahr werden die Investitionsrichtlinien des VCCF vom Investitionsausschuss gr\u00fcndlich \u00fcberpr\u00fcft, dessen empfohlene \u00c4nderungen an den Verwaltungsrat weitergeleitet werden. In diesen Richtlinien sind die j\u00e4hrlichen Aussch\u00fcttungsbetr\u00e4ge, die Anlageziele, die Anlageziele und die Ziele f\u00fcr die Verm\u00f6gensverteilung festgelegt.<\/p>\n<p>Die j\u00e4hrliche Aussch\u00fcttungspolitik f\u00fcr Stiftungsfonds basiert auf einer Total-Return-Strategie, die einen langfristigen Kapitalzuwachs erm\u00f6glichen soll. Die derzeitige j\u00e4hrliche Aussch\u00fcttungspolitik f\u00fcr die meisten Fonds betr\u00e4gt 5% des gesamten Fondswertes, basierend auf einem gleitenden 16-Quartals-Durchschnitt zum 30. Juni.<\/p>\n<p>Unser langfristiges Anlageziel ist klar: Das Portfolio soll real und inflationsbereinigt wachsen, um den j\u00e4hrlichen Aussch\u00fcttungsbedarf des Fonds zu decken und gleichzeitig die Kaufkraft zu erhalten und zu steigern.<\/p>\n\t\t\t\tGeb\u00fchren f\u00fcr Investitionen\n\t\t\t\t<p>Jeder Fonds der VCCF ist anteilig an den tats\u00e4chlichen Kosten f\u00fcr den Anlageprozess, die Berater und die Grundgeb\u00fchren beteiligt, da jeder Fonds auch anteilig an den Ertr\u00e4gen beteiligt ist. Gegenw\u00e4rtig betragen die Investitionskosten 0,73%.<\/p>\n<p>* F\u00fcr weitere Informationen wenden Sie sich bitte an Bonnie Gilles, Chief Financial Officer, unter\u00a0<a href=\"mailto:bgilles@vccf.org\">bgilles@vccf.org<\/a>.<\/p>\n<figure itemscope itemtype=\"https:\/\/schema.org\/ImageObject\">\n\t\t\t\t<img decoding=\"async\" src=\"https:\/\/vccf.org\/wp-content\/uploads\/2024\/04\/\u0421\u043b\u043e\u0439-1-4.png\" alt=\"\u0421\u043b\u043e\u0438\u0306 1 4\" height=\"60\" width=\"44\" title=\"\u0421\u043b\u043e\u0439 1 4\" onerror=\"this.style.display='none'\" loading=\"lazy\" \/>\n\t<\/figure>\n<h3>\n\t\t\tErleben Sie, dass Ihre Beitr\u00e4ge eine unmittelbare und nachhaltige Wirkung haben, die Sie sp\u00fcren k\u00f6nnen\t<\/h3>\n<figure itemscope itemtype=\"https:\/\/schema.org\/ImageObject\">\n\t\t\t\t<img decoding=\"async\" src=\"https:\/\/vccf.org\/wp-content\/uploads\/2024\/04\/\u0421\u043b\u043e\u0439-1-4.png\" alt=\"\u0421\u043b\u043e\u0438\u0306 1 4\" height=\"60\" width=\"44\" title=\"\u0421\u043b\u043e\u0439 1 4\" onerror=\"this.style.display='none'\" loading=\"lazy\" \/>\n\t<\/figure>\n<h2>\n\t\t\tVCCF beitreten\t<\/h2>\n\t<p>Und werden Sie Teil einer mitf\u00fchlenden, inspirierten Gemeinschaft von Gebern und Machern. Gemeinsam bauen wir eine hellere, st\u00e4rkere Zukunft f\u00fcr unser Ventura County.<\/p>\n\t\t\t<a href=\"https:\/\/vccf.org\/de\/get-involved\/\"  target=\"_self\">\n\t\t\t\t\t\t\tEngagieren Sie sich\n\t\t\t\t\t<\/a>\n\t\t\t<a href=\"https:\/\/vccf.org\/de\/contact-us\/\"  target=\"_self\">\n\t\t\t\t\t\t\tE-Mail\n\t\t\t\t\t<\/a>\n<figure itemscope itemtype=\"https:\/\/schema.org\/ImageObject\">\n\t\t\t\t<img decoding=\"async\" src=\"https:\/\/vccf.org\/wp-content\/uploads\/2024\/06\/Group-1080-2.png\" alt=\"Group 1080 (2)\" height=\"563\" width=\"463\" title=\"Gruppe 1080 (2)\" onerror=\"this.style.display='none'\" loading=\"lazy\" \/>\n\t<\/figure>","protected":false},"excerpt":{"rendered":"<p>Financials The Ventura County Community Foundation represents the entirety of Ventura County. We oversee more than $250 million in total assets and serve as fiduciary to more than 800 philanthropic&hellip;<\/p>","protected":false},"author":3,"featured_media":0,"parent":20928,"menu_order":0,"comment_status":"closed","ping_status":"closed","template":"","meta":{"_acf_changed":false,"give_campaign_id":0,"footnotes":""},"class_list":["post-20939","page","type-page","status-publish","hentry"],"acf":[],"campaignId":"","_links":{"self":[{"href":"https:\/\/vccf.org\/de\/wp-json\/wp\/v2\/pages\/20939","targetHints":{"allow":["GET"]}}],"collection":[{"href":"https:\/\/vccf.org\/de\/wp-json\/wp\/v2\/pages"}],"about":[{"href":"https:\/\/vccf.org\/de\/wp-json\/wp\/v2\/types\/page"}],"author":[{"embeddable":true,"href":"https:\/\/vccf.org\/de\/wp-json\/wp\/v2\/users\/3"}],"replies":[{"embeddable":true,"href":"https:\/\/vccf.org\/de\/wp-json\/wp\/v2\/comments?post=20939"}],"version-history":[{"count":0,"href":"https:\/\/vccf.org\/de\/wp-json\/wp\/v2\/pages\/20939\/revisions"}],"up":[{"embeddable":true,"href":"https:\/\/vccf.org\/de\/wp-json\/wp\/v2\/pages\/20928"}],"wp:attachment":[{"href":"https:\/\/vccf.org\/de\/wp-json\/wp\/v2\/media?parent=20939"}],"curies":[{"name":"wp","href":"https:\/\/api.w.org\/{rel}","templated":true}]}}