{"id":20945,"date":"2024-06-19T09:46:32","date_gmt":"2024-06-19T09:46:32","guid":{"rendered":"https:\/\/vccf.org\/?page_id=20945"},"modified":"2026-04-27T00:11:58","modified_gmt":"2026-04-27T07:11:58","slug":"donor-stories","status":"publish","type":"page","link":"https:\/\/vccf.org\/de\/about\/donor-stories\/","title":{"rendered":"Geschichten von Spendern"},"content":{"rendered":"<h1>\n\t\t\tGeschichten von Spendern\t<\/h1>\n\t<p>Mit Ihrer Unterst\u00fctzung kann Ventura County zu einem noch lebenswerteren Ort werden.<\/p>\n\t\t\t<a href=\"https:\/\/vccf.org\/de\/get-involved\/\"  target=\"_self\">\n\t\t\t\t\t\t\tEngagieren Sie sich\n\t\t\t\t\t<\/a>\n<figure itemscope itemtype=\"https:\/\/schema.org\/ImageObject\">\n\t\t\t\t<img decoding=\"async\" src=\"https:\/\/vccf.org\/wp-content\/uploads\/2025\/01\/VCCF-LR-126.jpg\" alt=\"VCCF-LR-126\" height=\"1467\" width=\"2200\" title=\"VCCF-LR-126\" onerror=\"this.style.display='none'\" loading=\"lazy\" \/>\n\t<\/figure>\n<h3>\n\t\t\tUnsere Geschichte\t<\/h3>\n<h3>\n\t\t\tVorstandsmitglieder\t<\/h3>\n<h3>\n\t\t\tMitarbeiter\t<\/h3>\n<h3>\n\t\t\tFinanzen\t<\/h3>\n<h3>\n\t\t\tGeschichten von Spendern\t<\/h3>\n<h3>\n\t\t\tFAQ's\t<\/h3>\n<figure itemscope itemtype=\"https:\/\/schema.org\/ImageObject\">\n\t\t\t\t<img decoding=\"async\" src=\"https:\/\/vccf.org\/wp-content\/uploads\/2024\/04\/\u0421\u043b\u043e\u0439-1-4.png\" alt=\"\u0421\u043b\u043e\u0438\u0306 1 4\" height=\"60\" width=\"44\" title=\"\u0421\u043b\u043e\u0439 1 4\" onerror=\"this.style.display='none'\" loading=\"lazy\" \/>\n\t<\/figure>\n<h3>\n\t\t\tErleben Sie, dass Ihre Beitr\u00e4ge eine unmittelbare und nachhaltige Wirkung haben, die Sie sp\u00fcren k\u00f6nnen\t<\/h3>\n<figure itemscope itemtype=\"https:\/\/schema.org\/ImageObject\">\n\t\t\t\t<img decoding=\"async\" src=\"https:\/\/vccf.org\/wp-content\/uploads\/2024\/04\/\u0421\u043b\u043e\u0439-1-4.png\" alt=\"\u0421\u043b\u043e\u0438\u0306 1 4\" height=\"60\" width=\"44\" title=\"\u0421\u043b\u043e\u0439 1 4\" onerror=\"this.style.display='none'\" loading=\"lazy\" \/>\n\t<\/figure>\n<h2>\n\t\t\tVCCF beitreten\t<\/h2>\n\t<p>Und werden Sie Teil einer mitf\u00fchlenden, inspirierten Gemeinschaft von Gebern und Machern. Gemeinsam bauen wir eine hellere, st\u00e4rkere Zukunft f\u00fcr unser Ventura County.<\/p>\n\t\t\t<a href=\"https:\/\/vccf.org\/de\/get-involved\/\"  target=\"_self\">\n\t\t\t\t\t\t\tEngagieren Sie sich\n\t\t\t\t\t<\/a>\n\t\t\t<a href=\"https:\/\/vccf.org\/de\/contact-us\/\"  target=\"_self\">\n\t\t\t\t\t\t\tE-Mail\n\t\t\t\t\t<\/a>\n<figure itemscope itemtype=\"https:\/\/schema.org\/ImageObject\">\n\t\t\t\t<img decoding=\"async\" src=\"https:\/\/vccf.org\/wp-content\/uploads\/2024\/06\/Group-1080-2.png\" alt=\"Group 1080 (2)\" height=\"563\" width=\"463\" title=\"Gruppe 1080 (2)\" onerror=\"this.style.display='none'\" loading=\"lazy\" \/>\n\t<\/figure>","protected":false},"excerpt":{"rendered":"<p>Donor stories With your support, Ventura County can become an even better place to live. Get Involved Our history Board members Staff members Financials Donor stories FAQ&#8217;s See your contributions&hellip;<\/p>","protected":false},"author":3,"featured_media":0,"parent":20928,"menu_order":0,"comment_status":"closed","ping_status":"closed","template":"","meta":{"_acf_changed":false,"give_campaign_id":0,"footnotes":""},"class_list":["post-20945","page","type-page","status-publish","hentry"],"acf":[],"campaignId":"","_links":{"self":[{"href":"https:\/\/vccf.org\/de\/wp-json\/wp\/v2\/pages\/20945","targetHints":{"allow":["GET"]}}],"collection":[{"href":"https:\/\/vccf.org\/de\/wp-json\/wp\/v2\/pages"}],"about":[{"href":"https:\/\/vccf.org\/de\/wp-json\/wp\/v2\/types\/page"}],"author":[{"embeddable":true,"href":"https:\/\/vccf.org\/de\/wp-json\/wp\/v2\/users\/3"}],"replies":[{"embeddable":true,"href":"https:\/\/vccf.org\/de\/wp-json\/wp\/v2\/comments?post=20945"}],"version-history":[{"count":0,"href":"https:\/\/vccf.org\/de\/wp-json\/wp\/v2\/pages\/20945\/revisions"}],"up":[{"embeddable":true,"href":"https:\/\/vccf.org\/de\/wp-json\/wp\/v2\/pages\/20928"}],"wp:attachment":[{"href":"https:\/\/vccf.org\/de\/wp-json\/wp\/v2\/media?parent=20945"}],"curies":[{"name":"wp","href":"https:\/\/api.w.org\/{rel}","templated":true}]}}