{"id":20952,"date":"2024-06-19T10:15:14","date_gmt":"2024-06-19T10:15:14","guid":{"rendered":"https:\/\/vccf.org\/?page_id=20952"},"modified":"2026-03-24T11:55:28","modified_gmt":"2026-03-24T18:55:28","slug":"our-history","status":"publish","type":"page","link":"https:\/\/vccf.org\/de\/about\/our-history\/","title":{"rendered":"Our History"},"content":{"rendered":"<h1>\n\t\t\tUnsere Geschichte\t<\/h1>\n\t<p>\"Ich glaube nicht, dass ich die Welt ver\u00e4ndern kann, aber ich kann dazu beitragen, Ventura County noch besser zu machen.\"<\/p>\n<h4>\n\t\t\tLeah Lacayo, Spenderin\t<\/h4>\n\t\t\t<a href=\"https:\/\/vccf.org\/de\/get-involved\/\"  target=\"_self\">\n\t\t\t\t\t\t\tEngagieren Sie sich\n\t\t\t\t\t<\/a>\n<figure itemscope itemtype=\"https:\/\/schema.org\/ImageObject\">\n\t\t\t\t<img decoding=\"async\" src=\"https:\/\/vccf.org\/wp-content\/uploads\/2024\/09\/Group-1080-1.png\" alt=\"Group 1080 (1)\" height=\"563\" width=\"463\" title=\"Gruppe 1080 (1)\" onerror=\"this.style.display='none'\" loading=\"lazy\" \/>\n\t<\/figure>\n<h3>\n\t\t\tUnsere Geschichte\t<\/h3>\n<h3>\n\t\t\tVorstandsmitglieder\t<\/h3>\n<h3>\n\t\t\tMitarbeiter\t<\/h3>\n<h3>\n\t\t\tFinanzen\t<\/h3>\n<h3>\n\t\t\tGeschichten von Spendern\t<\/h3>\n<h3>\n\t\t\tFAQ's\t<\/h3>\n<h2>\n\t\t\tMuch has changed in our community since 1987. Our purpose hasn&#8217;t.\t<\/h2>\n\t<p>Vor fast 40 Jahren haben wir uns vorgenommen, das Leben der Menschen in Ventura County zu verbessern.<\/p>\n\tUrspr\u00fcnglich wollten wir gemeinn\u00fctzigen Organisationen zu mehr Nachhaltigkeit verhelfen und Spendern die M\u00f6glichkeit geben, komplizierte Schenkungen wie Immobilien und Aktien zu hinterlassen. 1990 begannen wir damit, Menschen die M\u00f6glichkeit zu geben, Stipendien zu finanzieren. Im Jahr 2000 boten wir dann Gemeinschaftsspenden an, bei denen Spender f\u00fcr ein gemeinsames Ziel spenden konnten.<br \/>\nJetzt versammeln wir eine gro\u00dfe Zahl von Einwohnern, um gemeinsam f\u00fcr den Wandel einzutreten.\n<figure itemscope itemtype=\"https:\/\/schema.org\/ImageObject\">\n\t\t\t\t<img decoding=\"async\" src=\"https:\/\/vccf.org\/wp-content\/uploads\/2024\/09\/Group-1093-1024x787.png\" alt=\"Group 1093\" height=\"787\" width=\"1024\" title=\"Gruppe 1093\" onerror=\"this.style.display='none'\" loading=\"lazy\" \/>\n\t<\/figure>\n<h2>\n\t\t\tUnser Auftrag\t<\/h2>\n\t<p>Wir bringen Menschen, Ressourcen und L\u00f6sungen zusammen, um eine nachhaltige Wirkung in unserer gemeinsamen Welt zu erzielen.<\/p>\n<h2>\n\t\t\tUnsere Vision\t<\/h2>\n\t<p>Wir stellen uns eine engagierte und bl\u00fchende Gemeinschaft vor, die durch wachsende Gro\u00dfz\u00fcgigkeit inspiriert wird.<\/p>\n<h2>\n\t\t\tUnsere Werte\t<\/h2>\n<figure itemscope itemtype=\"https:\/\/schema.org\/ImageObject\">\n\t\t\t\t<img decoding=\"async\" src=\"https:\/\/vccf.org\/wp-content\/uploads\/2024\/04\/Group-1079.svg\" alt=\"Group 1079\" title=\"Gruppe 1079\" onerror=\"this.style.display='none'\" loading=\"lazy\" \/>\n\t<\/figure>\n\t<p>Vertrauen<\/p>\n\t<p>Wir wenden solide Finanzprinzipien an und investieren klug, um das uns anvertraute Verm\u00f6gen zu verwalten.<\/p>\n<figure itemscope itemtype=\"https:\/\/schema.org\/ImageObject\">\n\t\t\t\t<img decoding=\"async\" src=\"https:\/\/vccf.org\/wp-content\/uploads\/2024\/04\/Group-1080.svg\" alt=\"Group 1080\" title=\"Gruppe 1080\" onerror=\"this.style.display='none'\" loading=\"lazy\" \/>\n\t<\/figure>\n\t<p>Transparenz<\/p>\n\t<p>Wir f\u00fchren unsere Arbeit mit Ehrlichkeit, Zielstrebigkeit und Verantwortungsbewusstsein aus.<\/p>\n<figure itemscope itemtype=\"https:\/\/schema.org\/ImageObject\">\n\t\t\t\t<img decoding=\"async\" src=\"https:\/\/vccf.org\/wp-content\/uploads\/2024\/04\/Group-1081.svg\" alt=\"Group 1081\" title=\"Fraktion 1081\" onerror=\"this.style.display='none'\" loading=\"lazy\" \/>\n\t<\/figure>\n\t<p>Mitgef\u00fchl<\/p>\n\t<p>Wir bringen Einf\u00fchlungsverm\u00f6gen, Respekt und Herz in all unsere Interaktionen ein.<\/p>\n<figure itemscope itemtype=\"https:\/\/schema.org\/ImageObject\">\n\t\t\t\t<img decoding=\"async\" src=\"https:\/\/vccf.org\/wp-content\/uploads\/2024\/04\/Group-1125.svg\" alt=\"Group 1125\" title=\"Gruppe 1125\" onerror=\"this.style.display='none'\" loading=\"lazy\" \/>\n\t<\/figure>\n\t<p>Eigenkapital<\/p>\n\t<p>Wir h\u00f6ren auf unterschiedliche Stimmen und Erfahrungen und machen sie h\u00f6rbar, um faire und gerechte Chancen zu f\u00f6rdern.<\/p>\n<figure itemscope itemtype=\"https:\/\/schema.org\/ImageObject\">\n\t\t\t\t<img decoding=\"async\" src=\"https:\/\/vccf.org\/wp-content\/uploads\/2024\/04\/Group-1140.svg\" alt=\"Group 1140\" title=\"Gruppe 1140\" onerror=\"this.style.display='none'\" loading=\"lazy\" \/>\n\t<\/figure>\n\t<p>Hartn\u00e4ckigkeit<\/p>\n\t<p>Wir reagieren strategisch und unmittelbar auf dynamische Herausforderungen und bleiben hartn\u00e4ckig, bis ein nachhaltiger Erfolg erreicht ist.<\/p>\n<figure itemscope itemtype=\"https:\/\/schema.org\/ImageObject\">\n\t\t\t\t<img decoding=\"async\" src=\"https:\/\/vccf.org\/wp-content\/uploads\/2024\/04\/Group-1132.svg\" alt=\"Group 1132\" title=\"Gruppe 1132\" onerror=\"this.style.display='none'\" loading=\"lazy\" \/>\n\t<\/figure>\n\t<p>Exzellenz<\/p>\n\t<p>Wir investieren kontinuierlich in Bildung, Betrieb, Technologie und unser Humankapital, um unseren Spenderkunden und den Menschen, denen wir dienen, die h\u00f6chste Qualit\u00e4t an Dienstleistungen und Unterst\u00fctzung zu bieten.<\/p>\n<figure itemscope itemtype=\"https:\/\/schema.org\/ImageObject\">\n\t\t\t\t<img decoding=\"async\" src=\"https:\/\/vccf.org\/wp-content\/uploads\/2024\/04\/Group-1125.svg\" alt=\"Group 1125\" title=\"Gruppe 1125\" onerror=\"this.style.display='none'\" loading=\"lazy\" \/>\n\t<\/figure>\n\t<p>Authentische Verbindung<\/p>\n\t<p>Wir gehen alle Partnerschaften mit offener Zusammenarbeit und ehrlicher Kommunikation ein, um gemeinsam wirkungsvolle L\u00f6sungen zu entwickeln.<\/p>\n<h2  id=\"legacy-magazine\">\n\t\t\tVCCF&#8217;s Legacy Magazine\t<\/h2>\n\t<p>Ein Verm\u00e4chtnis der Gro\u00dfz\u00fcgigkeit.<\/p>\n\t<p>Die Ventura County Community Foundation ist stolz darauf, ihr erstes Legacy-Magazin \"A Legacy of Generosity\" zu ver\u00f6ffentlichen. Diese 42-seitige Publikation f\u00e4ngt den Geist und das Herz unserer Spender, Gemeindemitglieder, Zuwendungsempf\u00e4nger und gemeinn\u00fctzigen F\u00fchrungskr\u00e4fte ein, wie sie die Werte der VCCF - Vertrauen, Transparenz, Mitgef\u00fchl, Gerechtigkeit, Hartn\u00e4ckigkeit, Exzellenz und authentische Verbindung - leben.<\/p>\n\t<p>Dieses Magazin erz\u00e4hlt die Geschichte Ihrer Gemeindestiftung und die Rolle, die sie in den Geschichten von Ventura County durch ihre philanthropische Beratung und kommunale F\u00fchrung spielt.<\/p>\n\t<p>Wir laden Sie ein, diesen Liebesbrief an unsere Gemeinschaft zu lesen, in dem wir die Botschaft \"Somos Vecinos y Todos Contamos\" - wir sind alle Nachbarn und wir alle z\u00e4hlen! Mit 17 bewegenden Interviews und wundersch\u00f6nen Fotos unserer Gemeinschaft und ihrer inspirierenden Mitglieder wird dieses Magazin Sie zum Lachen und Weinen bringen und Sie werden es immer wieder lesen wollen.<\/p>\n<h4>\n\t\t<a href=\"https:\/\/vccf.org\/wp-content\/uploads\/2024\/11\/vccf-legacy-magazine-pdf.pdf\" title=\"Das Magazin als PDF herunterladen\"  target=\"_blank\"  rel=\"noopener\">\n\t\t\tDas Magazin als PDF herunterladen\t\t<\/a>\n\t<\/h4>\n\t\t\t<a href=\"https:\/\/vccf.org\/SMPA_VCCF_financial_insert\/mobile\/index.html\"  target=\"_blank\" rel=\"noopener\">\n\t\t\t\t\t\t\tFinanzdaten GJ 2022\n\t\t\t\t\t<\/a>\n\t\t\t<a href=\"https:\/\/vccf.org\/SMPA_VCCF_5-24\/mobile\/index.html\"  target=\"_blank\" rel=\"noopener\">\n\t\t\t\t\t\t\tJetzt lesen\n\t\t\t\t\t<\/a>\n<figure itemscope itemtype=\"https:\/\/schema.org\/ImageObject\">\n\t\t\t\t<img decoding=\"async\" src=\"https:\/\/vccf.org\/wp-content\/uploads\/2024\/04\/\u0421\u043b\u043e\u0439-1-4.png\" alt=\"\u0421\u043b\u043e\u0438\u0306 1 4\" height=\"60\" width=\"44\" title=\"\u0421\u043b\u043e\u0439 1 4\" onerror=\"this.style.display='none'\" loading=\"lazy\" \/>\n\t<\/figure>\n<h3>\n\t\t\tErleben Sie, dass Ihre Beitr\u00e4ge eine unmittelbare und nachhaltige Wirkung haben, die Sie sp\u00fcren k\u00f6nnen\t<\/h3>\n<figure itemscope itemtype=\"https:\/\/schema.org\/ImageObject\">\n\t\t\t\t<img decoding=\"async\" src=\"https:\/\/vccf.org\/wp-content\/uploads\/2024\/04\/\u0421\u043b\u043e\u0439-1-4.png\" alt=\"\u0421\u043b\u043e\u0438\u0306 1 4\" height=\"60\" width=\"44\" title=\"\u0421\u043b\u043e\u0439 1 4\" onerror=\"this.style.display='none'\" loading=\"lazy\" \/>\n\t<\/figure>\n<h2>\n\t\t\tVCCF beitreten\t<\/h2>\n\t<p>Und werden Sie Teil einer mitf\u00fchlenden, inspirierten Gemeinschaft von Gebern und Machern. Gemeinsam bauen wir eine hellere, st\u00e4rkere Zukunft f\u00fcr unser Ventura County.<\/p>\n\t\t\t<a href=\"https:\/\/vccf.org\/de\/get-involved\/\"  target=\"_self\">\n\t\t\t\t\t\t\tEngagieren Sie sich\n\t\t\t\t\t<\/a>\n\t\t\t<a href=\"https:\/\/vccf.org\/de\/contact-us\/\"  target=\"_self\">\n\t\t\t\t\t\t\tE-Mail\n\t\t\t\t\t<\/a>\n<figure itemscope itemtype=\"https:\/\/schema.org\/ImageObject\">\n\t\t\t\t<img decoding=\"async\" src=\"https:\/\/vccf.org\/wp-content\/uploads\/2024\/06\/Group-1080-2.png\" alt=\"Group 1080 (2)\" height=\"563\" width=\"463\" title=\"Gruppe 1080 (2)\" onerror=\"this.style.display='none'\" loading=\"lazy\" \/>\n\t<\/figure>","protected":false},"excerpt":{"rendered":"<p>Our history &#8220;I don&#8217;t think I can change the world, but I can contribute to making Ventura County even better.&#8221; Leah Lacayo, donor Get Involved Our history Board members Staff&hellip;<\/p>","protected":false},"author":4,"featured_media":0,"parent":20928,"menu_order":0,"comment_status":"closed","ping_status":"closed","template":"","meta":{"_acf_changed":false,"give_campaign_id":0,"footnotes":""},"class_list":["post-20952","page","type-page","status-publish","hentry"],"acf":[],"campaignId":"","_links":{"self":[{"href":"https:\/\/vccf.org\/de\/wp-json\/wp\/v2\/pages\/20952","targetHints":{"allow":["GET"]}}],"collection":[{"href":"https:\/\/vccf.org\/de\/wp-json\/wp\/v2\/pages"}],"about":[{"href":"https:\/\/vccf.org\/de\/wp-json\/wp\/v2\/types\/page"}],"author":[{"embeddable":true,"href":"https:\/\/vccf.org\/de\/wp-json\/wp\/v2\/users\/4"}],"replies":[{"embeddable":true,"href":"https:\/\/vccf.org\/de\/wp-json\/wp\/v2\/comments?post=20952"}],"version-history":[{"count":0,"href":"https:\/\/vccf.org\/de\/wp-json\/wp\/v2\/pages\/20952\/revisions"}],"up":[{"embeddable":true,"href":"https:\/\/vccf.org\/de\/wp-json\/wp\/v2\/pages\/20928"}],"wp:attachment":[{"href":"https:\/\/vccf.org\/de\/wp-json\/wp\/v2\/media?parent=20952"}],"curies":[{"name":"wp","href":"https:\/\/api.w.org\/{rel}","templated":true}]}}