{"id":20953,"date":"2024-06-19T10:19:19","date_gmt":"2024-06-19T10:19:19","guid":{"rendered":"https:\/\/vccf.org\/?page_id=20953"},"modified":"2026-03-24T11:56:06","modified_gmt":"2026-03-24T18:56:06","slug":"faq","status":"publish","type":"page","link":"https:\/\/vccf.org\/de\/about\/faq\/","title":{"rendered":"FAQ"},"content":{"rendered":"<h1>\n\t\t\tFAQs\t<\/h1>\n\t<p>Wir sind hier, um Ihnen Wissen \u00fcber kommunale Themen zu vermitteln, Ressourcen f\u00fcr einen sozialen Wandel bereitzustellen und Strategien zu entwickeln, die Ihre Werte, Hoffnungen und Visionen f\u00fcr eine bessere Welt unterst\u00fctzen. Die M\u00f6glichkeiten sind vielf\u00e4ltig - mit Ihren Spenden an unsere Gemeinde legen Sie heute den Grundstein f\u00fcr morgen und f\u00fcr kommende Generationen.<\/p>\n\t\t\t<a href=\"https:\/\/vccf.org\/de\/get-involved\/\"  target=\"_self\">\n\t\t\t\t\t\t\tEngagieren Sie sich\n\t\t\t\t\t<\/a>\n<figure itemscope itemtype=\"https:\/\/schema.org\/ImageObject\">\n\t\t\t\t<img decoding=\"async\" src=\"https:\/\/vccf.org\/wp-content\/uploads\/2024\/06\/Mask-group-2.png\" alt=\"Mask group (2)\" height=\"772\" width=\"836\" title=\"Maskengruppe (2)\" onerror=\"this.style.display='none'\" loading=\"lazy\" \/>\n\t<\/figure>\n<h3>\n\t\t\tUnsere Geschichte\t<\/h3>\n<h3>\n\t\t\tVorstandsmitglieder\t<\/h3>\n<h3>\n\t\t\tMitarbeiter\t<\/h3>\n<h3>\n\t\t\tFinanzen\t<\/h3>\n<h3>\n\t\t\tGeschichten von Spendern\t<\/h3>\n<h3>\n\t\t\tFAQ's\t<\/h3>\n<h1>\n\t\t\tSpender FAQ\t<\/h1>\n\t\t\t\tIst VCCF eine gemeinn\u00fctzige Organisation?\n\t\t\t\t<p>YES! Daher ist jede Spende an VCCF oder einen VCCF-Fonds eine wohlt\u00e4tige Spende unter der Steuer-ID 77-0165029.<\/p>\n\t\t\t\tWie hoch sind die Einstiegskosten?\n\t\t\t\t<p>Wir haben uns darauf spezialisiert, Sie beim strategischen Schenken zu unterst\u00fctzen, und es gibt\u00a0<strong>keine Kosten<\/strong>\u00a0f\u00fcr diesen Planungszeitraum.<\/p>\n<p>Sobald Sie Ihren Fonds eingerichtet haben, f\u00e4llt jedoch eine viertelj\u00e4hrliche Verwaltungsgeb\u00fchr an, die von der Art des von Ihnen eingerichteten Fonds abh\u00e4ngt.<\/p>\n<p>F\u00fcr gestiftete Stipendienfonds wird beispielsweise eine j\u00e4hrliche Geb\u00fchr von 1,5% erhoben, die in der Regel 1,24% pro Jahr betr\u00e4gt und auf den Saldo erhoben wird. Bei Fonds, die keine Stipendien vergeben, wie z. B. Donor Advised Fund oder Nonprofit Agency Fund, wird in der Regel eine Geb\u00fchr von 1,24% pro Quartal auf den Saldo erhoben. Es gibt noch einige andere Fondstypen, die aufgrund der Laufzeit des Fonds eine besondere Geb\u00fchrenstruktur aufweisen, wie z. B. ein Pass-Through-Fonds oder eine m\u00f6gliche Geb\u00fchrenerm\u00e4\u00dfigung aufgrund der Gr\u00f6\u00dfe Ihres Fonds.<\/p>\n<p>To learn more, <a href=\"https:\/\/vccf.org\/de\/my-vccf-fund\/fund-contact\/\">please contact our Philanthropic Services Team.<\/a><\/p>\n\t\t\t\tWelche Arten von Verm\u00f6genswerten kann ich verschenken?\n\t\t\t\t<p>Wir sind befugt, Geschenke aller Art anzunehmen. Zu den h\u00e4ufigsten Schenkungen geh\u00f6ren Bargeld, wertgesch\u00e4tztes Eigentum und b\u00f6rsennotierte Aktien, aber auch die meisten anderen Verm\u00f6genswerte k\u00f6nnen wir annehmen.<\/p>\n<p><a href=\"https:\/\/vccf.org\/de\/my-vccf-fund\/fund-contact\/\">Please contact our Philanthropic Services Team<\/a>\u00a0to learn more about available giving options.<\/p>\n\t\t\t\tArbeiten Sie mit professionellen Beratern zusammen?\n\t\t\t\t<p>Wenn es Ihnen wie vielen professionellen Beratern geht, haben Sie vielleicht bisher gez\u00f6gert, das Thema Philanthropie mit Ihren Kunden anzusprechen. Untersuchungen zeigen jedoch, dass die Menschen sehr daran interessiert sind, mehr \u00fcber wohlt\u00e4tige Spenden zu erfahren. Einem Artikel im Chronicle of Philanthropy zufolge w\u00fcnschen sich die meisten Menschen, dass ihre Berater mehr \u00fcber geplante Spenden wissen und ihnen mehr Vorschl\u00e4ge f\u00fcr die Art der Spenden machen. Mit anderen Worten: Ihre Kunden werden es Ihnen danken, wenn Sie sich bem\u00fchen, besser \u00fcber die zentrale Rolle zu informieren, die Philanthropie bei der Nachlassplanung spielen kann.<\/p>\n<p>Die Ventura County Community Foundation ist ein einziges, vertrauensw\u00fcrdiges Instrument, das Sie und Ihre Kunden nutzen k\u00f6nnen, um sich mit Themen zu befassen, die ihnen wichtig sind, und gleichzeitig maximale Steuervorteile nach Landes- und Bundesrecht zu erzielen. Wir bieten eine Vielzahl von Spendenoptionen - einschlie\u00dflich der M\u00f6glichkeit, einen Donor Advised Fund im Namen Ihres Kunden einzurichten. Bedeutende Spendenm\u00f6glichkeiten ergeben sich oft, wenn Kunden wichtige gesch\u00e4ftliche, pers\u00f6nliche und finanzielle Entscheidungen treffen. Unsere Mitarbeiter k\u00f6nnen mit Ihnen und Ihrem Kunden zusammenarbeiten, um die beste L\u00f6sung f\u00fcr wohlt\u00e4tige Zwecke zu empfehlen. Denken Sie an die folgenden Szenarien:<\/p>\n<p><strong>Steuerplanung zum Jahresende<\/strong><br \/>Ihr Kunde muss Kapitalgewinne ausgleichen oder Kapitalverluste ausgleichen und m\u00f6chte der Gemeinschaft etwas zur\u00fcckgeben, hat aber nur wenig Zeit, um sich f\u00fcr die verdienstvollsten Wohlt\u00e4tigkeitsorganisationen zu entscheiden.<\/p>\n<p><strong>Einen Nachlass bewahren<\/strong><br \/>Bei der Nachlassplanung wird m\u00f6glicherweise festgestellt, dass erhebliche Steuern an das Finanzamt zu zahlen sind, und Ihr Kunde m\u00f6chte das Geld wohlt\u00e4tigen Zwecken zukommen lassen.<\/p>\n<p><strong>Komfortabel in den Ruhestand<\/strong><br \/>Ihr Kunde ist an einem stabilen Einkommen zu Lebzeiten interessiert und war schon immer wohlt\u00e4tig.<\/p>\n<p><strong>Gr\u00fcndung einer privaten Stiftung<\/strong><br \/>Ihr Kunde denkt \u00fcber die Gr\u00fcndung einer privaten Stiftung nach und sucht nach Unterst\u00fctzung im Back-Office oder nach einem kosteng\u00fcnstigeren, einfacheren Weg.<\/p>\n<p><strong>Eng gehaltene Aktien<\/strong><br \/>Your client&#8217;s net worth includes a closely held company, and it&#8217;s important for your client to give back to the community.<\/p>\n<p><strong>Verkauf oder Ver\u00e4u\u00dferung von hoch bewerteten Aktien oder Immobilien<\/strong><br \/>Ihr Kunde besitzt wertgesch\u00e4tzte Aktien oder Immobilien und m\u00f6chte einen Teil der Gewinne f\u00fcr wohlt\u00e4tige Zwecke verwenden. Die ausgew\u00e4hlten Wohlt\u00e4tigkeitsorganisationen sind jedoch m\u00f6glicherweise zu klein, um direkte Schenkungen von Aktien oder Immobilien anzunehmen. Durch die Zusammenarbeit mit Ihrer gemeinn\u00fctzigen Stiftung k\u00f6nnen Sie diese Herausforderungen nahtlos meistern.<br \/>Wir bieten flexible Spendenl\u00f6sungen, wie z. B. Spendenfonds, geplante Schenkungen oder Schenkungen von Lebenseinkommen, um die philanthropischen Ziele Ihrer Kunden zu erreichen. Die VCCF ist in der Lage, verschiedene Schenkungsformen zu akzeptieren, darunter auch eng gehaltene und hochgesch\u00e4tzte Aktien, um sicherzustellen, dass Ihr Kunde die maximalen Steuervorteile erh\u00e4lt.<br \/>Mit unserem Fachwissen k\u00f6nnen Sie sicher sein, dass die wohlt\u00e4tigen Ziele Ihrer Kunden gewissenhaft und effektiv verfolgt werden und eine sinnvolle und dauerhafte Wirkung erzielen.<\/p>\n<p>To learn more, <a href=\"https:\/\/vccf.org\/de\/donate\/professional-advisor-faqs\/\">please visit our Professional Advisors FAQ page<\/a>.<\/p>\n<figure itemscope itemtype=\"https:\/\/schema.org\/ImageObject\">\n\t\t\t\t<img decoding=\"async\" src=\"https:\/\/vccf.org\/wp-content\/uploads\/2024\/04\/\u0421\u043b\u043e\u0439-1-4.png\" alt=\"\u0421\u043b\u043e\u0438\u0306 1 4\" height=\"60\" width=\"44\" title=\"\u0421\u043b\u043e\u0439 1 4\" onerror=\"this.style.display='none'\" loading=\"lazy\" \/>\n\t<\/figure>\n<h3>\n\t\t\tErleben Sie, dass Ihre Beitr\u00e4ge eine unmittelbare und nachhaltige Wirkung haben, die Sie sp\u00fcren k\u00f6nnen\t<\/h3>\n<figure itemscope itemtype=\"https:\/\/schema.org\/ImageObject\">\n\t\t\t\t<img decoding=\"async\" src=\"https:\/\/vccf.org\/wp-content\/uploads\/2024\/04\/\u0421\u043b\u043e\u0439-1-4.png\" alt=\"\u0421\u043b\u043e\u0438\u0306 1 4\" height=\"60\" width=\"44\" title=\"\u0421\u043b\u043e\u0439 1 4\" onerror=\"this.style.display='none'\" loading=\"lazy\" \/>\n\t<\/figure>\n<h2>\n\t\t\tVCCF beitreten\t<\/h2>\n\t<p>Und werden Sie Teil einer mitf\u00fchlenden, inspirierten Gemeinschaft von Gebern und Machern. Gemeinsam bauen wir eine hellere, st\u00e4rkere Zukunft f\u00fcr unser Ventura County.<\/p>\n\t\t\t<a href=\"https:\/\/vccf.org\/de\/get-involved\/\"  target=\"_self\">\n\t\t\t\t\t\t\tEngagieren Sie sich\n\t\t\t\t\t<\/a>\n\t\t\t<a href=\"https:\/\/vccf.org\/de\/contact-us\/\"  target=\"_self\">\n\t\t\t\t\t\t\tE-Mail\n\t\t\t\t\t<\/a>\n<figure itemscope itemtype=\"https:\/\/schema.org\/ImageObject\">\n\t\t\t\t<img decoding=\"async\" src=\"https:\/\/vccf.org\/wp-content\/uploads\/2024\/06\/Group-1080-2.png\" alt=\"Group 1080 (2)\" height=\"563\" width=\"463\" title=\"Gruppe 1080 (2)\" onerror=\"this.style.display='none'\" loading=\"lazy\" \/>\n\t<\/figure>","protected":false},"excerpt":{"rendered":"<p>FAQs We are here to provide you with knowledge of community issues; resources to impact social change; and strategies to support your values, hopes, and vision for a greater world.&hellip;<\/p>","protected":false},"author":3,"featured_media":0,"parent":20928,"menu_order":0,"comment_status":"closed","ping_status":"closed","template":"","meta":{"_acf_changed":false,"give_campaign_id":0,"footnotes":""},"class_list":["post-20953","page","type-page","status-publish","hentry"],"acf":[],"campaignId":"","_links":{"self":[{"href":"https:\/\/vccf.org\/de\/wp-json\/wp\/v2\/pages\/20953","targetHints":{"allow":["GET"]}}],"collection":[{"href":"https:\/\/vccf.org\/de\/wp-json\/wp\/v2\/pages"}],"about":[{"href":"https:\/\/vccf.org\/de\/wp-json\/wp\/v2\/types\/page"}],"author":[{"embeddable":true,"href":"https:\/\/vccf.org\/de\/wp-json\/wp\/v2\/users\/3"}],"replies":[{"embeddable":true,"href":"https:\/\/vccf.org\/de\/wp-json\/wp\/v2\/comments?post=20953"}],"version-history":[{"count":0,"href":"https:\/\/vccf.org\/de\/wp-json\/wp\/v2\/pages\/20953\/revisions"}],"up":[{"embeddable":true,"href":"https:\/\/vccf.org\/de\/wp-json\/wp\/v2\/pages\/20928"}],"wp:attachment":[{"href":"https:\/\/vccf.org\/de\/wp-json\/wp\/v2\/media?parent=20953"}],"curies":[{"name":"wp","href":"https:\/\/api.w.org\/{rel}","templated":true}]}}