{"id":21044,"date":"2024-07-10T18:13:12","date_gmt":"2024-07-10T18:13:12","guid":{"rendered":"https:\/\/vccf.org\/?page_id=21044"},"modified":"2025-05-05T10:52:20","modified_gmt":"2025-05-05T17:52:20","slug":"initiatives","status":"publish","type":"page","link":"https:\/\/vccf.org\/de\/initiatives\/","title":{"rendered":"Initiativen"},"content":{"rendered":"<h1>\n\t\tLeben ver\u00e4ndern, eine Initiative nach der anderen.\n\t<\/h1>\n<h1>\n\t\tSchlie\u00dfen Sie sich uns an!\n\t<\/h1>\n\t<p>Vom Umweltschutz bis hin zu Bildungsprogrammen - Ihre Unterst\u00fctzung f\u00fcr die Initiativen der VCCF in Ventura County schafft eine bl\u00fchende Gemeinschaft f\u00fcr alle. Finden Sie heraus, wie Sie noch heute etwas bewirken k\u00f6nnen!<\/p>\n\t\t\t<a href=\"https:\/\/vccf.org\/de\/initiatives\/donate\/\" target=\"_self\">\n\t\t\t\t\t\t\tJetzt spenden\n\t\t\t\t\t<\/a>\n\t\t\t\t<img loading=\"lazy\" decoding=\"async\" src=\"https:\/\/vccf.org\/wp-content\/uploads\/2024\/04\/\u0421\u043b\u043e\u0439-1-4.png\" alt=\"\u0421\u043b\u043e\u0438\u0306 1 4\" itemprop=\"image\" height=\"60\" width=\"44\" title=\"\u0421\u043b\u043e\u0439 1 4\" onerror=\"this.style.display='none'\"  \/>\n<h3>\n\t\tVentura County zu einem lebenswerteren Ort machen\n\t<\/h3>\n\t<p>Ihre Unterst\u00fctzung f\u00fcr die Initiativen der VCCF in Ventura County schafft eine bl\u00fchende Gemeinschaft f\u00fcr alle. Durch die Unterst\u00fctzung dieser Programme spielen Sie eine direkte Rolle bei der Gestaltung der Zukunft von Ventura County und helfen uns bei der Bew\u00e4ltigung unserer wichtigsten Herausforderungen. Finden Sie heraus, wie Sie noch heute etwas bewirken k\u00f6nnen!<\/p>\n<h2>\n\t\tAktuelle Initiativen\n\t<\/h2>\n        \t<meta itemscope itemprop=\"mainEntityOfPage\" itemtype=\"https:\/\/schema.org\/WebPage\" itemid=\"http:\/\/176\" content=\"Isabella Project &#8211; Highest-Quality Early Childhood Education Initiative\" \/><meta itemprop=\"datePublished\" content=\"2024-04-12\" \/><meta itemprop=\"dateModified\" content=\"2025-03-20\" \/><meta itemprop=\"name\" content=\"Ventura County Community Foundation\"\/><meta itemprop=\"url\" content=\"https:\/\/vccf.org\/author\/laurengraf\/\" \/><meta itemprop=\"name\" content=\"laurengraf\" \/><meta itemprop=\"url\" content=\"https:\/\/vccf.org\/wp-content\/uploads\/2024\/04\/c1cd2aab5c9cf2f0cdd797299fe64329-scaled.jpeg\" \/><meta itemprop=\"width\" content=\"1707\" \/><meta itemprop=\"height\" content=\"2560\" \/><meta itemprop=\"interactionType\" content=\"https:\/\/schema.org\/CommentAction\" \/><meta itemprop=\"userInteractionCount\" content=\"0\" \/>\n    <h3><a href='https:\/\/vccf.org\/de\/vccf-initiatives\/isabella-project-early-childhood-education\/' title='Isabella-Projekt - Initiative f\u00fcr h\u00f6chste Qualit\u00e4t in der fr\u00fchkindlichen Bildung'>Isabella-Projekt - Initiative f\u00fcr h\u00f6chste Qualit\u00e4t in der fr\u00fchkindlichen Bildung<\/a><\/h3>\n    <img decoding=\"async\" src=\"https:\/\/vccf.org\/wp-content\/uploads\/2024\/04\/c1cd2aab5c9cf2f0cdd797299fe64329-scaled.jpeg\" \/>\n        \t<meta itemscope itemprop=\"mainEntityOfPage\" itemtype=\"https:\/\/schema.org\/WebPage\" itemid=\"http:\/\/177\" content=\"Animal Welfare Initiative\" \/><meta itemprop=\"datePublished\" content=\"2024-04-12\" \/><meta itemprop=\"dateModified\" content=\"2025-02-11\" \/><meta itemprop=\"name\" content=\"Ventura County Community Foundation\"\/><meta itemprop=\"url\" content=\"https:\/\/vccf.org\/author\/kazbek-kadalashvilieverneu-com\/\" \/><meta itemprop=\"name\" content=\"Kazbek Kadalashvili\" \/><meta itemprop=\"url\" content=\"https:\/\/vccf.org\/wp-content\/uploads\/2024\/04\/AdobeStock_716979388-1.png\" \/><meta itemprop=\"width\" content=\"836\" \/><meta itemprop=\"height\" content=\"850\" \/><meta itemprop=\"interactionType\" content=\"https:\/\/schema.org\/CommentAction\" \/><meta itemprop=\"userInteractionCount\" content=\"0\" \/>\n    <h3><a href='https:\/\/vccf.org\/de\/vccf-initiatives\/vccf-animal-welfare-fund\/' title='Initiative f\u00fcr den Tierschutz'>Initiative f\u00fcr den Tierschutz<\/a><\/h3>\n    <img decoding=\"async\" src=\"https:\/\/vccf.org\/wp-content\/uploads\/2024\/04\/AdobeStock_716979388-1.png\" \/>\n        \t<meta itemscope itemprop=\"mainEntityOfPage\" itemtype=\"https:\/\/schema.org\/WebPage\" itemid=\"http:\/\/178\" content=\"Caregiver Initiative\" \/><meta itemprop=\"datePublished\" content=\"2024-04-12\" \/><meta itemprop=\"dateModified\" content=\"2025-01-13\" \/><meta itemprop=\"name\" content=\"Ventura County Community Foundation\"\/><meta itemprop=\"url\" content=\"https:\/\/vccf.org\/author\/viktar-ramanovicheverneu-com\/\" \/><meta itemprop=\"name\" content=\"Viktar Ramanovich\" \/><meta itemprop=\"url\" content=\"https:\/\/vccf.org\/wp-content\/uploads\/2024\/04\/vccf-lr-40-768x512-1.jpg\" \/><meta itemprop=\"width\" content=\"768\" \/><meta itemprop=\"height\" content=\"512\" \/><meta itemprop=\"interactionType\" content=\"https:\/\/schema.org\/CommentAction\" \/><meta itemprop=\"userInteractionCount\" content=\"0\" \/>\n    <h3><a href='https:\/\/vccf.org\/de\/vccf-initiatives\/caregiver-initiative\/' title='Initiative f\u00fcr pflegende Angeh\u00f6rige'>Initiative f\u00fcr pflegende Angeh\u00f6rige<\/a><\/h3>\n    <img decoding=\"async\" src=\"https:\/\/vccf.org\/wp-content\/uploads\/2024\/04\/vccf-lr-40-768x512-1.jpg\" \/>\n        \t<meta itemscope itemprop=\"mainEntityOfPage\" itemtype=\"https:\/\/schema.org\/WebPage\" itemid=\"http:\/\/181\" content=\"Environmental Initiative\" \/><meta itemprop=\"datePublished\" content=\"2024-04-12\" \/><meta itemprop=\"dateModified\" content=\"2025-01-13\" \/><meta itemprop=\"name\" content=\"Ventura County Community Foundation\"\/><meta itemprop=\"url\" content=\"https:\/\/vccf.org\/author\/kazbek-kadalashvilieverneu-com\/\" \/><meta itemprop=\"name\" content=\"Kazbek Kadalashvili\" \/><meta itemprop=\"url\" content=\"https:\/\/vccf.org\/wp-content\/uploads\/2024\/04\/image-18-1.png\" \/><meta itemprop=\"width\" content=\"836\" \/><meta itemprop=\"height\" content=\"850\" \/><meta itemprop=\"interactionType\" content=\"https:\/\/schema.org\/CommentAction\" \/><meta itemprop=\"userInteractionCount\" content=\"0\" \/>\n    <h3><a href='https:\/\/vccf.org\/de\/vccf-initiatives\/environmental-initiative\/' title='Umweltinitiative'>Umweltinitiative<\/a><\/h3>\n    <img decoding=\"async\" src=\"https:\/\/vccf.org\/wp-content\/uploads\/2024\/04\/image-18-1.png\" \/>\n        \t<meta itemscope itemprop=\"mainEntityOfPage\" itemtype=\"https:\/\/schema.org\/WebPage\" itemid=\"http:\/\/21045\" content=\"Scholarships for Local Students\" \/><meta itemprop=\"datePublished\" content=\"2024-07-10\" \/><meta itemprop=\"dateModified\" content=\"2024-11-06\" \/><meta itemprop=\"name\" content=\"Ventura County Community Foundation\"\/><meta itemprop=\"url\" content=\"https:\/\/vccf.org\/author\/viktar-ramanovicheverneu-com\/\" \/><meta itemprop=\"name\" content=\"Viktar Ramanovich\" \/><meta itemprop=\"url\" content=\"https:\/\/vccf.org\/wp-content\/uploads\/2024\/07\/image-142.png\" \/><meta itemprop=\"width\" content=\"345\" \/><meta itemprop=\"height\" content=\"222\" \/><meta itemprop=\"interactionType\" content=\"https:\/\/schema.org\/CommentAction\" \/><meta itemprop=\"userInteractionCount\" content=\"0\" \/>\n    <h3>\n        <a href=\"https:\/\/vccf.org\/de\/scholarships\/\">Stipendien f\u00fcr einheimische Studenten<\/a>\n    <\/h3>\n    <img decoding=\"async\" src=\"https:\/\/vccf.org\/wp-content\/uploads\/2024\/07\/image-142.png\" \/>\n        \t<meta itemscope itemprop=\"mainEntityOfPage\" itemtype=\"https:\/\/schema.org\/WebPage\" itemid=\"http:\/\/21622\" content=\"VCCF Disaster Resilience and Preparedness\" \/><meta itemprop=\"datePublished\" content=\"2024-11-06\" \/><meta itemprop=\"dateModified\" content=\"2025-02-12\" \/><meta itemprop=\"name\" content=\"Ventura County Community Foundation\"\/><meta itemprop=\"url\" content=\"https:\/\/vccf.org\/author\/maria-dadonovaeverneu-com\/\" \/><meta itemprop=\"name\" content=\"Maria Dadonova\" \/><meta itemprop=\"url\" content=\"https:\/\/vccf.org\/wp-content\/uploads\/2025\/01\/hill-fire-and-woolsey-fire-flower-e1561367852867-line-removed-2.png\" \/><meta itemprop=\"width\" content=\"1492\" \/><meta itemprop=\"height\" content=\"825\" \/><meta itemprop=\"interactionType\" content=\"https:\/\/schema.org\/CommentAction\" \/><meta itemprop=\"userInteractionCount\" content=\"0\" \/>\n    <h3><a href='https:\/\/vccf.org\/de\/vccf-initiatives\/vccf-disaster-resilience-and-preparedness\/' title='VCCF Katastrophenresistenz und -vorbereitung'>VCCF Katastrophenresistenz und -vorbereitung<\/a><\/h3>\n    <img decoding=\"async\" src=\"https:\/\/vccf.org\/wp-content\/uploads\/2025\/01\/hill-fire-and-woolsey-fire-flower-e1561367852867-line-removed-2.png\" \/>\n<h2>\n\t\tJetzt mitmachen\n\t<\/h2>\n<h3>\n\t\tNutzen Sie die Gelegenheit, etwas nachhaltig zu bewirken.\n\t<\/h3>\n\t<p><strong><a href=\"\/de\/initiatives\/donate\/\">Spenden Sie noch heute und werden Sie ein wichtiger Teil unserer Mission.<\/a><\/strong><\/p>\n<p>Gemeinsam k\u00f6nnen wir uns weiterhin den Herausforderungen stellen und die St\u00e4rke von Ventura County feiern. Lassen Sie uns gemeinsam in eine Zukunft investieren, in der jedes Mitglied unserer Gemeinschaft die M\u00f6glichkeit hat, zu gedeihen.<\/p>","protected":false},"excerpt":{"rendered":"<p>Transforming Lives, One Initiative at a Time. Join us! From environmental protection to educational programs, your support for VCCF&#8217;s initiatives in Ventura County creates a thriving community for everyone. Explore&hellip;<\/p>","protected":false},"author":4,"featured_media":0,"parent":0,"menu_order":0,"comment_status":"closed","ping_status":"closed","template":"","meta":{"_acf_changed":false,"give_campaign_id":0,"footnotes":""},"class_list":["post-21044","page","type-page","status-publish","hentry"],"acf":[],"campaignId":"","_links":{"self":[{"href":"https:\/\/vccf.org\/de\/wp-json\/wp\/v2\/pages\/21044","targetHints":{"allow":["GET"]}}],"collection":[{"href":"https:\/\/vccf.org\/de\/wp-json\/wp\/v2\/pages"}],"about":[{"href":"https:\/\/vccf.org\/de\/wp-json\/wp\/v2\/types\/page"}],"author":[{"embeddable":true,"href":"https:\/\/vccf.org\/de\/wp-json\/wp\/v2\/users\/4"}],"replies":[{"embeddable":true,"href":"https:\/\/vccf.org\/de\/wp-json\/wp\/v2\/comments?post=21044"}],"version-history":[{"count":0,"href":"https:\/\/vccf.org\/de\/wp-json\/wp\/v2\/pages\/21044\/revisions"}],"wp:attachment":[{"href":"https:\/\/vccf.org\/de\/wp-json\/wp\/v2\/media?parent=21044"}],"curies":[{"name":"wp","href":"https:\/\/api.w.org\/{rel}","templated":true}]}}