{"id":21048,"date":"2024-07-11T12:05:33","date_gmt":"2024-07-11T12:05:33","guid":{"rendered":"https:\/\/vccf.org\/?page_id=21048"},"modified":"2025-11-17T14:02:50","modified_gmt":"2025-11-17T22:02:50","slug":"professional-advisor-faqs","status":"publish","type":"page","link":"https:\/\/vccf.org\/de\/donate\/professional-advisor-faqs\/","title":{"rendered":"FAQs zu professionellen Beratern"},"content":{"rendered":"<h1>\n\t\t\tFAQs zu professionellen Beratern\t<\/h1>\n\t\t\t\t<h2 itemprop=\"name description\">Warum sollte ich meinen Kunden VCCF empfehlen?<\/h2>\n\t\t\t\tAls professioneller Berater k\u00f6nnen Ihre Empfehlungen die philanthropischen Strategien Ihrer Kunden stark beeinflussen. Die Ventura County Community Foundation ist nicht nur eine Stiftung, sondern eine gemeinschaftsorientierte Organisation, die seit 1987 fest in Ventura County verwurzelt ist. Wenn Sie die VCCF empfehlen, k\u00f6nnen Sie Ihre Kunden mit einer vertrauensw\u00fcrdigen Einrichtung in Verbindung bringen, die f\u00fcr ihre Transparenz, ihr Mitgef\u00fchl und ihre herausragende Leistung bei der Verwaltung philanthropischer Ressourcen bekannt ist. Die Spender der VCCF haben seit 1987 mehr als $250 Millionen gew\u00e4hrt, die sich direkt auf lokale gemeinn\u00fctzige Einrichtungen auswirken und Tausende von Studenten durch Stipendien unterst\u00fctzen.\n\t\t\t\t<h2 itemprop=\"name description\">Welche einzigartigen Dienstleistungen bietet VCCF meinen Kunden?<\/h2>\n\t\t\t\tVCCF bietet kundenorientierte philanthropische Beratung und hilft bei der Entwicklung pers\u00f6nlicher und wirkungsvoller Spendenstrategien. Dies umfasst alles von der Identifizierung von Ursachen bis zur Entwicklung von Strategien, die mit den Werten Ihrer Kunden \u00fcbereinstimmen. Dar\u00fcber hinaus bietet VCCF flexible Spendenoptionen, wie z. B. Donor Advised Funds, die kosteneffizienter und einfacher als die Gr\u00fcndung einer privaten Stiftung sein k\u00f6nnen.\n\t\t\t\t<h2 itemprop=\"name description\">Kann VCCF bei komplexen Schenkungsarten helfen?<\/h2>\n\t\t\t\tJa, VCCF ist in der Lage, eine breite Palette von Verm\u00f6gensarten zu verwalten, darunter Bargeld, Immobilien und Aktien. Unser Fachwissen erstreckt sich auch auf komplexere Szenarien wie eng gehaltene Aktien oder die Planung von Wohlt\u00e4tigkeitsveranstaltungen, um sicherzustellen, dass die philanthropischen Handlungen Ihrer Kunden sowohl wirkungsvoll als auch finanziell solide sind.\n\t\t\t\t<h2 itemprop=\"name description\">Welchen Nutzen hat die Partnerschaft mit VCCF f\u00fcr mich als professionellen Berater?<\/h2>\n\t\t\t\tDurch eine Partnerschaft mit der VCCF erhalten Sie Zugang zu einer Organisation, die tief in der Gemeinschaft verwurzelt ist und die lokalen Bed\u00fcrfnisse genau kennt. Eine Partnerschaft mit der VCCF erweitert nicht nur Ihr Dienstleistungsangebot, sondern positioniert Sie auch als wichtigen Akteur auf dem philanthropischen Weg Ihrer Kunden, vertieft die Kundenbeziehungen und st\u00e4rkt Ihren Ruf als zukunftsorientierter Berater.\n\t\t\t\t<h2 itemprop=\"name description\">Was hat die VCCF in Ventura County bewirkt?<\/h2>\n\t\t\t\tDie VCCF war ma\u00dfgeblich an der L\u00f6sung einiger der dringendsten Probleme in Ventura County beteiligt, von Bildungsinitiativen bis hin zur Katastrophenhilfe. Unsere Arbeit, die von einem Netzwerk von Spendern und Partnern unterst\u00fctzt wird, ist ein Beweis f\u00fcr die Kraft der gemeinschaftsorientierten Philanthropie und den sp\u00fcrbaren Unterschied, den sie im Leben der Einwohner von Ventura County bewirkt.\n\t\t\t\t<h2 itemprop=\"name description\">Verf\u00fcgen Sie \u00fcber zertifizierte Spezialisten f\u00fcr geplante Schenkungen? <\/h2>\n\t\t\t\t<p>Ja! Wir haben vier Mitarbeiter bei VCCF, die zertifizierte Spezialisten f\u00fcr geplante Schenkungen sind.<\/p>\n\t\t\t\t<h2 itemprop=\"name description\"> Haben Sie akkreditierte Investment Fiduciary Analysts unter Ihren Mitarbeitern?<\/h2>\n\t\t\t\t<p>Ja! Wir haben zwei Mitarbeiter bei VCCF, die zugelassene Investment Fiduciary Analysts sind.<\/p>\n\t\t\t\t<h2 itemprop=\"name description\">Wer sind die professionellen Berater, mit denen Sie haupts\u00e4chlich zusammenarbeiten und die Sie f\u00fcr sich gewinnen m\u00f6chten?<\/h2>\n\t\t\t\t<p>Wir arbeiten eng mit Rechtsanw\u00e4lten, Wirtschaftspr\u00fcfern und Steuerberatern, zertifizierten Finanzplanern und Nachlassplanern zusammen und bem\u00fchen uns, diese f\u00fcr uns zu gewinnen. Unser Ziel ist es, mit Beratern zusammenzuarbeiten, die ihre Kunden dabei unterst\u00fctzen, wirksame philanthropische Entscheidungen zu treffen.<\/p>\n\t\t\t\t<h2 itemprop=\"name description\">Welche spezifischen Dienstleistungen, Ressourcen, Werte und Vorteile bieten Sie professionellen Beratern?<\/h2>\n\t\t\t\t<p>Wir bei VCCF bieten einen besonderen Vorteil, da wir tief in der lokalen Gemeinschaft verwurzelt sind. Unser Philanthropic Consulting Office bietet Einzelpersonen, Familien und Unternehmen pers\u00f6nliche Dienstleistungen an und begleitet sie auf ihrem Weg der Philanthropie. Wir helfen dabei, sinnvolle Anliegen zu identifizieren, wirkungsvolle Strategien zu entwickeln, k\u00fcnftige Generationen in die Philanthropie einzubinden und bieten lokales Fachwissen zu dringenden kommunalen Themen. Unsere umfassende Due-Diligence-Pr\u00fcfung von gemeinn\u00fctzigen Organisationen, unsere strategische Beratung bei der Vergabe von Zusch\u00fcssen und unsere Schulungen zur Maximierung der Vorteile gemeinn\u00fctziger Spenden erm\u00f6glichen es professionellen Beratern, ihren Kunden ganzheitliche L\u00f6sungen anzubieten.<\/p>\n<p>Dank unserer Erfahrung mit geplanten Spenden k\u00f6nnen wir mit professionellen Beratern zusammenarbeiten, um Spendenstrategien zu entwickeln, die verschiedene Bed\u00fcrfnisse erf\u00fcllen, wie z. B. die Bereitstellung von sofortigem Einkommen, die Reduzierung von Steuern und die Schaffung eines dauerhaften Verm\u00e4chtnisses. Wir bieten auch Wirkungsberichte an, die den Beratern helfen, die greifbaren Ergebnisse der philanthropischen Investitionen ihrer Kunden nachzuweisen. Und schlie\u00dflich bieten wir pers\u00f6nliche Beratungen, Nachlassplanungsdienste und Zugang zu einem breiten Netzwerk von Experten und Gleichgesinnten, darunter f\u00fchrende Vertreter aus den Bereichen Recht, Finanzen und Gemeinn\u00fctzigkeit. Dieses Netzwerk bietet wertvolle Einblicke und M\u00f6glichkeiten zur Zusammenarbeit.<\/p>\n\t\t\t\t<h2 itemprop=\"name description\">Gibt es spezielle Programme oder Initiativen, die auf professionelle Berater zugeschnitten sind? <\/h2>\n\t\t\t\t<p>Wir freuen uns, Ihnen den bevorstehenden Start mehrerer Initiativen ank\u00fcndigen zu k\u00f6nnen, die sich speziell an professionelle Berater richten. Wenn Sie auf dem Laufenden bleiben m\u00f6chten, melden Sie sich bitte f\u00fcr unseren <a href=\"\/de\/media-news\/email-newsletter-sign-up\/\">Power of Purpose Newsletter<\/a>.<\/p>\n\t\t\t\t<h2 itemprop=\"name description\">Bieten Sie Tools an, die professionelle Berater f\u00fcr ihre Kunden nutzen k\u00f6nnen?<\/h2>\n\t\t\t\tAuf Wunsch erstellen wir ma\u00dfgeschneiderte Illustrationen f\u00fcr Spender, die an der Einrichtung einer Charitable Gift Annuity (CGA) oder eines Charitable Remainder Trust (CRT) interessiert sind. Diese Illustrationen zeigen dem Spender die voraussichtlichen Ertr\u00e4ge und Steuervorteile seiner Schenkung.\n\t\t\t\t<h2 itemprop=\"name description\">Welche steuerlichen Vorteile oder Anreize sollten professionelle Berater beachten, wenn sie ihre Kunden bei Spenden an die VCCF beraten?<\/h2>\n\t\t\t\t<p>Spenden an die VCCF bieten mehrere potenzielle Steuervorteile, die ein wesentlicher Bestandteil einer umfassenden finanziellen und philanthropischen Strategie sein k\u00f6nnen. Zu den wichtigsten Steuervorteilen geh\u00f6ren:<\/p>\n<ul>\n<li><strong>Gemeinn\u00fctziger Einkommenssteuerabzug:<\/strong> Spender k\u00f6nnen Spenden an die VCCF h\u00e4ufig bis zu einem bestimmten Prozentsatz ihres bereinigten Bruttoeinkommens (AGI) von der Bundessteuer absetzen. Dieser Abzug kann f\u00fcr Personen mit hohem Einkommen besonders vorteilhaft sein.<\/li>\n<li><strong>Einsparungen bei der Kapitalertragssteuer:<\/strong> Spender, die wertgesch\u00e4tzte Verm\u00f6genswerte wie Aktien oder Immobilien an die VCCF spenden, k\u00f6nnen die Zahlung von Kapitalertragssteuern auf den Wertzuwachs m\u00f6glicherweise vermeiden. Dadurch k\u00f6nnen sie einen gr\u00f6\u00dferen wohlt\u00e4tigen Beitrag leisten, als wenn sie die Verm\u00f6genswerte verkaufen und den Erl\u00f6s spenden w\u00fcrden.<\/li>\n<li><strong>Erm\u00e4\u00dfigung der Erbschaftssteuer:<\/strong> Wohlt\u00e4tige Spenden als Teil eines Nachlassplans k\u00f6nnen den steuerpflichtigen Wert des Nachlasses verringern, wodurch die Erbschaftssteuer gesenkt oder ganz abgeschafft werden kann. Dies ist besonders vorteilhaft f\u00fcr Spender, die ein dauerhaftes Verm\u00e4chtnis hinterlassen und gleichzeitig die Erbschaftssteuerlast minimieren m\u00f6chten.<\/li>\n<li><strong>Von Spendern beratene Fonds (DAFs):<\/strong> Die Einrichtung eines Donor Advised Fund \u00fcber die VCCF erm\u00f6glicht es den Spendern, den vollen Betrag ihrer Spende sofort von der Steuer abzusetzen und gleichzeitig die Flexibilit\u00e4t zu wahren, im Laufe der Zeit Zuwendungen zu empfehlen. Dies kann ein strategisches Instrument sein, um Steuerverbindlichkeiten zu verwalten und wohlt\u00e4tige Zwecke zu unterst\u00fctzen.<\/li>\n<li><strong>IRA-Rollovers f\u00fcr wohlt\u00e4tige Zwecke:<\/strong> Personen, die 70\u00bd Jahre oder \u00e4lter sind, k\u00f6nnen steuerfreie \u00dcberweisungen direkt von ihren IRAs an die VCCF vornehmen und so die erforderlichen Mindestaussch\u00fcttungen ohne Einkommenssteuer erf\u00fcllen.<\/li>\n<\/ul>\n<p>Obwohl diese Vorteile betr\u00e4chtlich sein k\u00f6nnen, ist es f\u00fcr Spender wichtig, sich von Steuerfachleuten oder Anw\u00e4lten f\u00fcr Nachlassplanung beraten zu lassen, um die spezifischen Auswirkungen von Wohlt\u00e4tigkeitsspenden im Kontext ihrer gesamten finanziellen und steuerlichen Situation zu verstehen. VCCF ist bestrebt, mit professionellen Beratern zusammenzuarbeiten, um sicherzustellen, dass die Spender genaue Informationen erhalten und die Wirkung ihrer philanthropischen Beitr\u00e4ge maximieren k\u00f6nnen.<\/p>\n\t<p>For more details or to discuss ways VCCF can assist you and your clients, contact our Philanthropic Services Team<\/p>\n\t\t\t<a href=\"\/de\/my-vccf-fund\/fund-contact\/\" target=\"_self\">\n\t\t\t\t\t\t\tKontakt\n\t\t\t\t\t<\/a>\n\t<p>Die Ventura County Community Foundation setzt sich daf\u00fcr ein, dass Ventura County eine bl\u00fchende, gerechte Gemeinschaft wird.<\/p>\n<p>&nbsp;<\/p>\n<p>Gemeinsam k\u00f6nnen wir Ihre Kunden dazu inspirieren und bef\u00e4higen, Teil eines gro\u00dfz\u00fcgigen und wirkungsvollen Verm\u00e4chtnisses zu sein.<\/p>\n    <button id=\"board-prev\" type=\"button\"><\/button>\n    1\n     \/ 3\n    <button id=\"board-next\" type=\"button\"><\/button>","protected":false},"excerpt":{"rendered":"<p>Professional Advisor FAQs Why should I recommend VCCF to my clients? As a professional advisor, your recommendations can greatly impact your clients&#8217; philanthropic strategies. The Ventura County Community Foundation is&hellip;<\/p>","protected":false},"author":4,"featured_media":0,"parent":20931,"menu_order":0,"comment_status":"closed","ping_status":"closed","template":"","meta":{"_acf_changed":false,"give_campaign_id":0,"footnotes":""},"class_list":["post-21048","page","type-page","status-publish","hentry"],"acf":[],"campaignId":"","_links":{"self":[{"href":"https:\/\/vccf.org\/de\/wp-json\/wp\/v2\/pages\/21048","targetHints":{"allow":["GET"]}}],"collection":[{"href":"https:\/\/vccf.org\/de\/wp-json\/wp\/v2\/pages"}],"about":[{"href":"https:\/\/vccf.org\/de\/wp-json\/wp\/v2\/types\/page"}],"author":[{"embeddable":true,"href":"https:\/\/vccf.org\/de\/wp-json\/wp\/v2\/users\/4"}],"replies":[{"embeddable":true,"href":"https:\/\/vccf.org\/de\/wp-json\/wp\/v2\/comments?post=21048"}],"version-history":[{"count":0,"href":"https:\/\/vccf.org\/de\/wp-json\/wp\/v2\/pages\/21048\/revisions"}],"up":[{"embeddable":true,"href":"https:\/\/vccf.org\/de\/wp-json\/wp\/v2\/pages\/20931"}],"wp:attachment":[{"href":"https:\/\/vccf.org\/de\/wp-json\/wp\/v2\/media?parent=21048"}],"curies":[{"name":"wp","href":"https:\/\/api.w.org\/{rel}","templated":true}]}}