{"id":21049,"date":"2024-07-11T13:31:46","date_gmt":"2024-07-11T13:31:46","guid":{"rendered":"https:\/\/vccf.org\/?page_id=21049"},"modified":"2025-11-17T14:11:46","modified_gmt":"2025-11-17T22:11:46","slug":"donor-faqs","status":"publish","type":"page","link":"https:\/\/vccf.org\/de\/donate\/donor-faqs\/","title":{"rendered":"FAQs f\u00fcr Spender"},"content":{"rendered":"<h1>\n\t\t\tH\u00e4ufig gestellte Fragen von unseren Spendern\t<\/h1>\n\t<p>Wir von der VCCF glauben an die Kraft der Gemeinschaft. Jede Frage, die Sie uns stellen, st\u00e4rkt unseren Auftrag, die Lebendigkeit und das Wohlergehen von Ventura County zu f\u00f6rdern. Ganz gleich, ob Sie eine Spende in Erw\u00e4gung ziehen oder bereits ein Spender sind, Ihre Fragen ebnen den Weg f\u00fcr eine gr\u00f6\u00dfere Wirkung. Im Folgenden finden Sie Antworten auf einige der h\u00e4ufigsten Fragen, die unsere Spender stellen.<\/p>\n\t\t\t\tIs VCCF required to be a good steward of my donation?\n\t\t\t\tYES! VCCF&#8217;s Board of Directors is 100% certified in Fiduciary Essentials for Foundations and Endowments (FEFE), and staff is trained every year.\n<img loading=\"lazy\" decoding=\"async\" src=\"https:\/\/vccf.org\/wp-content\/uploads\/2024\/07\/logo.png\" alt=\"\" width=\"120\" height=\"120\" \/>\n\t\t\t\tEine Spende an die Ventura County Community Foundation bedeutet eine Investition in die Zukunft unserer Gemeinde. Jeder Dollar, den Sie spenden, unterst\u00fctzt lokale gemeinn\u00fctzige Organisationen und Initiativen, die die Lebensqualit\u00e4t in Ventura County verbessern. Unsere tiefe Verbundenheit mit der Gemeinde und unser umfassendes Wissen \u00fcber die lokalen Bed\u00fcrfnisse stellen sicher, dass Ihre Spenden dort ankommen, wo sie am meisten bewirken k\u00f6nnen:\n<ul>\n<li data-pm-slice=\"1 3 []\">Seit der Gr\u00fcndung wurden \u00fcber $250 Millionen an Zusch\u00fcssen und Stipendien verteilt.<\/li>\n<li data-pm-slice=\"1 3 []\">Konsequente Anerkennung von Transparenz und finanzieller Rechenschaftspflicht.<\/li>\n<\/ul>\n\t\t\t\tIs VCCF a nonprofit?\n\t\t\t\tYES! Therefore any donation to VCCF or a VCCF fund is a charitable donation under the Tax ID 77-0165029.\n\t\t\t\tWhat asset types can I give?\n\t\t\t\tVCCF is authorized to accept gifts of all kinds. While the most common types of gifts include cash, appreciated property, and publicly-traded stock, we can also accept most other assets.\n\t<p>To learn more or to take the next step of your Ventura County Philanthropic Journey, please contact our Philanthropic Services team<\/p>\n\t\t\t<a href=\"\/de\/my-vccf-fund\/fund-contact\/\" target=\"_self\">\n\t\t\t\t\t\t\tAnsprechpartner Jim Rivera\n\t\t\t\t\t<\/a>\n\t\t\t\t<img decoding=\"async\" src=\"https:\/\/vccf.org\/wp-content\/uploads\/2024\/07\/Group-1080-2.png\" alt=\"Group 1080 (2)\" itemprop=\"image\" height=\"563\" width=\"463\" title=\"Gruppe 1080 (2)\" onerror=\"this.style.display='none'\" loading=\"lazy\" \/>\n\t<p>Diese Gemeinde ist seit vielen Jahren unser Zuhause und hat es gut mit uns gemeint. Unsere Kinder und Enkelkinder leben alle in dieser Gegend. Wir haben diesen Fonds eingerichtet, um die Entwicklung von erschwinglichem Wohnraum zu f\u00f6rdern, die Kunst zu unterst\u00fctzen und das k\u00f6rperliche und geistige Wohlbefinden der Menschen in unserer Gemeinde zu verbessern. Der Fonds hilft uns flexibel bei unseren Nachlasspl\u00e4nen, und wir freuen uns, dass wir die Ergebnisse unserer Spenden noch zu unseren Lebzeiten sehen und daran teilhaben k\u00f6nnen.<\/p>\n<h4>\n\t\t\tMike Merewether. Spender\t<\/h4>\n\t<p>Jede Frage f\u00fchrt zu einem tieferen Verst\u00e4ndnis und zu Verbindungen. Ihre Neugier treibt unsere gemeinsame Mission an, das Leben aller Einwohner von Ventura County zu bereichern. Gemeinsam schaffen wir ein Verm\u00e4chtnis des Mitgef\u00fchls und der Widerstandsf\u00e4higkeit. Vielen Dank, dass Sie die Ventura County Community Foundation als Ihren Partner in der Philanthropie in Betracht ziehen.<\/p>\n<h4>\n\t\t\tSind Sie bereit, etwas zu bewirken?\t<\/h4>\n\t<p><a href=\"https:\/\/vccf.org\/de\/contact-us\/\">Kontaktieren Sie uns heute<\/a>, <a href=\"https:\/\/vccf.org\/de\/donate\/\">spenden<\/a>, oder <a href=\"https:\/\/vccf.org\/de\/my-vccf-fund\/start-a-fund\/\">Ihren eigenen Fonds gr\u00fcnden<\/a> um Ihre philanthropische Reise zu beginnen und Ventura County zu einem besseren Ort zu machen.<\/p>\n\t\t\t\t<img decoding=\"async\" src=\"https:\/\/vccf.org\/wp-content\/uploads\/2024\/04\/image-11.png\" alt=\"image (11)\" itemprop=\"image\" height=\"563\" width=\"463\" title=\"Bild (11)\" onerror=\"this.style.display='none'\" loading=\"lazy\" \/>","protected":false},"excerpt":{"rendered":"<p>Frequently Asked Questions from Our Donors At the VCCF, we believe in the power of community. Every question you ask strengthens our mission to enhance the vibrancy and well-being of&hellip;<\/p>","protected":false},"author":4,"featured_media":0,"parent":20931,"menu_order":0,"comment_status":"closed","ping_status":"closed","template":"","meta":{"_acf_changed":false,"give_campaign_id":0,"footnotes":""},"class_list":["post-21049","page","type-page","status-publish","hentry"],"acf":[],"campaignId":"","_links":{"self":[{"href":"https:\/\/vccf.org\/de\/wp-json\/wp\/v2\/pages\/21049","targetHints":{"allow":["GET"]}}],"collection":[{"href":"https:\/\/vccf.org\/de\/wp-json\/wp\/v2\/pages"}],"about":[{"href":"https:\/\/vccf.org\/de\/wp-json\/wp\/v2\/types\/page"}],"author":[{"embeddable":true,"href":"https:\/\/vccf.org\/de\/wp-json\/wp\/v2\/users\/4"}],"replies":[{"embeddable":true,"href":"https:\/\/vccf.org\/de\/wp-json\/wp\/v2\/comments?post=21049"}],"version-history":[{"count":0,"href":"https:\/\/vccf.org\/de\/wp-json\/wp\/v2\/pages\/21049\/revisions"}],"up":[{"embeddable":true,"href":"https:\/\/vccf.org\/de\/wp-json\/wp\/v2\/pages\/20931"}],"wp:attachment":[{"href":"https:\/\/vccf.org\/de\/wp-json\/wp\/v2\/media?parent=21049"}],"curies":[{"name":"wp","href":"https:\/\/api.w.org\/{rel}","templated":true}]}}