{"id":21086,"date":"2024-07-23T10:02:18","date_gmt":"2024-07-23T10:02:18","guid":{"rendered":"https:\/\/vccf.org\/?page_id=21086"},"modified":"2025-07-24T04:39:34","modified_gmt":"2025-07-24T11:39:34","slug":"start-a-fund","status":"publish","type":"page","link":"https:\/\/vccf.org\/de\/my-vccf-fund\/start-a-fund\/","title":{"rendered":"Start a Fund with Ventura County Community Foundation"},"content":{"rendered":"<h1>\n\t\t\tBegin Your Legacy in Ventura County &#8211; Set Up a VCCF Fund\t<\/h1>\n\t<p>Willkommen in einer Gemeinschaft von Menschen, die etwas ver\u00e4ndern wollen!<\/p>\n<h2>\n\t\t\tWarum einen Fonds mit VCCF gr\u00fcnden?\t<\/h2>\n\t<p>Unterst\u00fctzen Sie uns bei unserem Engagement, Ventura County durch gezielte Philanthropie zu ver\u00e4ndern. Die Einrichtung eines Fonds bei der Ventura County Community Foundation bietet Ihnen eine pers\u00f6nliche M\u00f6glichkeit, sich f\u00fcr Dinge zu engagieren, die Ihnen am Herzen liegen, und Ver\u00e4nderungen dort voranzutreiben, wo sie in unserer Gemeinde am n\u00f6tigsten sind.<\/p>\n\t\t\t\t<img decoding=\"async\" src=\"https:\/\/vccf.org\/wp-content\/uploads\/2024\/07\/logo-2.png\" alt=\"logo (2)\" itemprop=\"image\" height=\"120\" width=\"120\" title=\"Logo (2)\" onerror=\"this.style.display='none'\" loading=\"lazy\" \/>\n<h3>\n\t\t\tVCCF is 100% certified in Fiduciary Essentials for Foundations and Endowments (FEFE).\t<\/h3>\n<h3>\n\t\t\tWie man einen Fonds gr\u00fcndet\t<\/h3>\n\t<p>Beginnen Sie Ihre philanthropische Reise, indem Sie einen kostenlosen Beratungstermin mit unserem engagierten Philanthropic Services Team vereinbaren. Wir besprechen Ihre Ziele und erkunden die besten Optionen, um Ihre Spenden so wirkungsvoll wie m\u00f6glich zu gestalten.<\/p>\n\t\t\t<a href=\"https:\/\/vccf.org\/de\/my-vccf-fund\/fund-contact\/\" target=\"_self\">\n\t\t\t\t\t\t\tVereinbaren Sie ein unverbindliches Beratungsgespr\u00e4ch\n\t\t\t\t\t<\/a>\n\t<p>\"Die VCCF macht es einfach, ein Verm\u00e4chtnis zu schaffen, das den Menschen \u00fcber Jahre hinweg zugute kommt, und sicherzustellen, dass die Mittel an f\u00f6rderungsw\u00fcrdige Organisationen gehen.\"<\/p>\n\t<p>Kimberly J. Engberg, Fondsinhaberin<\/p>\n<h3>\n\t\t\tTypische Schritte zur Gr\u00fcndung eines Fonds:\t<\/h3>\n\t\t\t\t\u00dcberpr\u00fcfung der Ziele und Bestrebungen\n\t\t\t\t<p>Definieren Sie, was Sie mit Ihrer Philanthropie erreichen wollen.<\/p>\n\t\t\t\tW\u00e4hlen Sie den am besten geeigneten Fondstyp\n\t\t\t\t<p>Pr\u00fcfen und vergleichen Sie eine Vielzahl von Fondskategorien, die Ihren gemeinn\u00fctzigen Interessen und Wirkungszielen am besten entsprechen:<\/p>\n<ul data-pm-slice=\"3 3 []\">\n<li data-list-indent=\"2\" data-list-type=\"bulleted\">\n<p><strong>Agentur-Fonds:<\/strong> Unterst\u00fctzen Sie Ihre gemeinn\u00fctzige Organisation mit verwaltetem Verm\u00f6gen.<\/p>\n<\/li>\n<li data-list-indent=\"2\" data-list-type=\"bulleted\">\n<p><strong>Von Spendern beratene Fonds (DAF):<\/strong> Genie\u00dfen Sie Steuervorteile und empfehlen Sie Zusch\u00fcsse.<\/p>\n<\/li>\n<li data-list-indent=\"2\" data-list-type=\"bulleted\">\n<p><strong>Bestimmte Fonds:<\/strong> Direkte Unterst\u00fctzung f\u00fcr bestimmte Organisationen oder Programme.<\/p>\n<\/li>\n<li data-list-indent=\"2\" data-list-type=\"bulleted\">\n<p><strong>Fonds f\u00fcr Interessengebiete:<\/strong> Auf breite Ursachen oder geografische Gebiete eingehen.<\/p>\n<\/li>\n<li data-list-indent=\"2\" data-list-type=\"bulleted\">\n<p><strong>Stipendienfonds:<\/strong> Aid students&#8217; education.<\/p>\n<\/li>\n<li data-list-indent=\"2\" data-list-type=\"bulleted\">\n<p><strong>Unbeschr\u00e4nkte Mittel:<\/strong> VCCF in die Lage versetzen, dringende Bed\u00fcrfnisse der Gemeinschaft zu erf\u00fcllen.<\/p>\n<\/li>\n<\/ul>\n\t\t\t\t&#8220;Do the paperwork&#8221;\n\t\t\t\t<p>Arbeiten Sie mit unserem Expertenteam zusammen, um Ihren Fonds einzurichten und Ihren W\u00fcnschen ein Denkmal zu setzen.<\/p>\n\t\t\t\tZuschussgew\u00e4hrung\n\t\t\t\t<p>Entscheiden Sie, wie die Mittel verteilt werden, um eine nachhaltige Wirkung zu erzielen.<\/p>\n\t\t\t\tFinanzieren Sie Ihren Fonds\n\t\t\t\t<p>Beginnen Sie mit einer ersten Spende und stocken Sie diese im Laufe der Zeit auf.<\/p>\n\t<p>Bei Fragen oder f\u00fcr weitere Schritte wenden Sie sich bitte an unser Philanthropic Services Team<\/p>\n\t\t\t<a href=\"https:\/\/vccf.org\/de\/my-vccf-fund\/fund-contact\/\" target=\"_self\">\n\t\t\t\t\t\t\tKontakt\n\t\t\t\t\t<\/a>\n<h2>\n\t\t\tVorteile der Einrichtung eines Fonds\t<\/h2>\n\t\t\t\t<img decoding=\"async\" src=\"https:\/\/vccf.org\/wp-content\/uploads\/2024\/07\/Group-1075.png\" alt=\"Group 1075\" itemprop=\"image\" height=\"52\" width=\"52\" title=\"Gruppe 1075\" onerror=\"this.style.display='none'\" loading=\"lazy\" \/>\n<h3>\n\t\t\tVereinfachung\t<\/h3>\n\t<p>Die Einrichtung eines Wohlt\u00e4tigkeitsfonds ist eine einfache und kosteng\u00fcnstige Alternative zur Gr\u00fcndung und Verwaltung einer privaten Stiftung und erfordert nur minimalen Papierkram. Wir verwalten Investitionen, bearbeiten Fondsaussch\u00fcttungen und reichen die entsprechenden Steuererkl\u00e4rungen ein.<\/p>\n\t\t\t\t<img decoding=\"async\" src=\"https:\/\/vccf.org\/wp-content\/uploads\/2024\/07\/Group-1076.png\" alt=\"Group 1076\" itemprop=\"image\" height=\"52\" width=\"52\" title=\"Gruppe 1076\" onerror=\"this.style.display='none'\" loading=\"lazy\" \/>\n<h3>\n\t\t\tSteuerliche Vorteile\t<\/h3>\n\t<p>Maximieren Sie die Steuervorteile auf Bundes- und Landesebene. Sie erhalten einen sofortigen Steuerabzug in dem Jahr, in dem das Geschenk gemacht wird, ohne dass Sie \u00fcbereilte Entscheidungen \u00fcber den endg\u00fcltigen Zeitpunkt oder den Beg\u00fcnstigten Ihrer Geschenke treffen m\u00fcssen.<\/p>\n\t\t\t\t<img decoding=\"async\" src=\"https:\/\/vccf.org\/wp-content\/uploads\/2024\/07\/Group-1122.png\" alt=\"Group 1122\" itemprop=\"image\" height=\"52\" width=\"52\" title=\"Gruppe 1122\" onerror=\"this.style.display='none'\" loading=\"lazy\" \/>\n<h3>\n\t\t\tGro\u00dfe Flexibilit\u00e4t\t<\/h3>\n\t<p>Wir k\u00f6nnen eine Vielzahl von Schenkungen annehmen - darunter Bargeld, Aktien, Immobilien und andere Verm\u00f6genswerte. Wir k\u00f6nnen Ihnen bei der Einrichtung eines Fonds helfen, der praktisch jedem wohlt\u00e4tigen Zweck dient. Erhalten Sie \u00f6ffentliche Anerkennung oder bleiben Sie anonym. Sie k\u00f6nnen einer Vielzahl von Organisationen Zusch\u00fcsse gew\u00e4hren und jeden Fonds jederzeit aufstocken.<\/p>\n\t\t\t\t<img decoding=\"async\" src=\"https:\/\/vccf.org\/wp-content\/uploads\/2024\/07\/Group-1079.png\" alt=\"Group 1079\" itemprop=\"image\" height=\"50\" width=\"45\" title=\"Gruppe 1079\" onerror=\"this.style.display='none'\" loading=\"lazy\" \/>\n<h3>\n\t\t\tProfessionelles Management\t<\/h3>\n\t<p>Genie\u00dfen Sie die Vorteile eines aktiv verwalteten, diversifizierten Anlageportfolios mit professionellen Mitarbeitern, die Ihnen bei Fragen zur Seite stehen, den Bedarf der Gemeinde ermitteln und Zuschussantr\u00e4ge pr\u00fcfen.<\/p>\n\t\t\t\t<img decoding=\"async\" src=\"https:\/\/vccf.org\/wp-content\/uploads\/2024\/07\/Group-1080-2-1.png\" alt=\"Group 1080 (2)\" itemprop=\"image\" height=\"52\" width=\"50\" title=\"Gruppe 1080 (2)\" onerror=\"this.style.display='none'\" loading=\"lazy\" \/>\n<h3>\n\t\t\tAuswirkungen auf die Gemeinschaft\t<\/h3>\n\t<p>Unsere professionellen Programmmitarbeiter helfen Ihnen dabei, die Bed\u00fcrfnisse der Gemeinde zu verstehen, lokale Organisationen zu bewerten und die Spendengelder in wirkungsvolle Bereiche zu lenken.<\/p>\n\t\t\t\t<img decoding=\"async\" src=\"https:\/\/vccf.org\/wp-content\/uploads\/2024\/07\/Group-1081.png\" alt=\"Group 1081\" itemprop=\"image\" height=\"52\" width=\"52\" title=\"Fraktion 1081\" onerror=\"this.style.display='none'\" loading=\"lazy\" \/>\n<h3>\n\t\t\tStabilit\u00e4t\t<\/h3>\n\t<p>Gemeinschaftsstiftungen sind professionelle Organisationen, die die ver\u00f6ffentlichten Leistungsstandards f\u00fcr Investitionspraktiken, Spenderdienste und Vergabepraktiken erf\u00fcllen. J\u00e4hrliche Rechnungspr\u00fcfungen, die Offenlegung aller Zuschussaktivit\u00e4ten und die sorgf\u00e4ltige Auswahl der Vorstandsmitglieder gew\u00e4hrleisten die kontinuierliche Verwendung der Mittel im \u00f6ffentlichen Interesse, wie es die Spender festgelegt haben.<\/p>\n\t\t\t\t<img decoding=\"async\" src=\"https:\/\/vccf.org\/wp-content\/uploads\/2024\/07\/Group-1123.png\" alt=\"Group 1123\" itemprop=\"image\" height=\"52\" width=\"53\" title=\"Gruppe 1123\" onerror=\"this.style.display='none'\" loading=\"lazy\" \/>\n<h3>\n\t\t\tEwige Rente\t<\/h3>\n\t<p>Gestiftete Fonds dienen Ihren wohlt\u00e4tigen Interessen jetzt und \u00fcber Generationen hinweg, da das Kapital des Fonds nie ausgegeben wird. Ein gestifteter Fonds bleibt f\u00fcr immer bestehen - ein dauerhaftes Zeugnis Ihres Mitgef\u00fchls und eine dauerhafte Ressource f\u00fcr Ihre Gemeinschaft.<\/p>\n\t<button id=\"board-prev\" type=\"button\">Zur\u00fcck bl\u00e4ttern<\/button>\n<button id=\"board-next\" type=\"button\">Scrollen f\u00fcr mehr<\/button>\n\t<p><strong>Werden Sie noch heute Mitglied unserer Spendergemeinschaft! Sprechen Sie uns an, um Ihre philanthropische Reise zu beginnen und helfen Sie uns, Ventura County zu einem besseren Ort f\u00fcr alle zu machen.<\/strong><\/p>\n\t\t\t<a href=\"https:\/\/vccf.org\/de\/my-vccf-fund\/fund-contact\/\" target=\"_self\">\n\t\t\t\t\t\t\tKontakt\n\t\t\t\t\t<\/a>\n<h3>\n\t\t\tDiese Gemeinde ist seit vielen Jahren unser Zuhause und hat es gut mit uns gemeint. Unsere Kinder und Enkelkinder leben alle in dieser Gegend. Wir haben diesen Fonds eingerichtet, um die Entwicklung von erschwinglichem Wohnraum zu f\u00f6rdern, die Kunst zu unterst\u00fctzen und das k\u00f6rperliche und geistige Wohlbefinden der Menschen in unserer Gemeinde zu verbessern. Der Fonds hilft uns flexibel bei unseren Nachlasspl\u00e4nen, und wir freuen uns, dass wir die Ergebnisse unserer Spenden noch zu unseren Lebzeiten sehen und daran teilhaben k\u00f6nnen.\t<\/h3>\n\t<p>Mike Merewether, Donor<\/p>\n\t\t\t\t<img decoding=\"async\" src=\"https:\/\/vccf.org\/wp-content\/uploads\/2024\/07\/Group-1080-1.png\" alt=\"Group 1080 (1)\" itemprop=\"image\" height=\"563\" width=\"463\" title=\"Gruppe 1080 (1)\" onerror=\"this.style.display='none'\" loading=\"lazy\" \/>","protected":false},"excerpt":{"rendered":"<p>Begin Your Legacy in Ventura County &#8211; Set Up a VCCF Fund Welcome to a community of change-makers! Why Start a Fund with VCCF? Join us in our commitment to&hellip;<\/p>","protected":false},"author":3,"featured_media":0,"parent":21014,"menu_order":0,"comment_status":"closed","ping_status":"closed","template":"","meta":{"_acf_changed":false,"give_campaign_id":0,"footnotes":""},"class_list":["post-21086","page","type-page","status-publish","hentry"],"acf":[],"campaignId":"","_links":{"self":[{"href":"https:\/\/vccf.org\/de\/wp-json\/wp\/v2\/pages\/21086","targetHints":{"allow":["GET"]}}],"collection":[{"href":"https:\/\/vccf.org\/de\/wp-json\/wp\/v2\/pages"}],"about":[{"href":"https:\/\/vccf.org\/de\/wp-json\/wp\/v2\/types\/page"}],"author":[{"embeddable":true,"href":"https:\/\/vccf.org\/de\/wp-json\/wp\/v2\/users\/3"}],"replies":[{"embeddable":true,"href":"https:\/\/vccf.org\/de\/wp-json\/wp\/v2\/comments?post=21086"}],"version-history":[{"count":0,"href":"https:\/\/vccf.org\/de\/wp-json\/wp\/v2\/pages\/21086\/revisions"}],"up":[{"embeddable":true,"href":"https:\/\/vccf.org\/de\/wp-json\/wp\/v2\/pages\/21014"}],"wp:attachment":[{"href":"https:\/\/vccf.org\/de\/wp-json\/wp\/v2\/media?parent=21086"}],"curies":[{"name":"wp","href":"https:\/\/api.w.org\/{rel}","templated":true}]}}