{"id":21089,"date":"2024-07-23T13:46:20","date_gmt":"2024-07-23T13:46:20","guid":{"rendered":"https:\/\/vccf.org\/?page_id=21089"},"modified":"2025-05-05T11:05:04","modified_gmt":"2025-05-05T18:05:04","slug":"nonprofit-compliance","status":"publish","type":"page","link":"https:\/\/vccf.org\/de\/grants\/nonprofit-compliance\/","title":{"rendered":"Gemeinn\u00fctzige Compliance"},"content":{"rendered":"<h1>\n\t\tGemeinn\u00fctzige Compliance und F\u00f6rdermittelvergabe\n\t<\/h1>\n<h2>\n\t\tGemeinn\u00fctzige Compliance\n\t<\/h2>\n\tNach Erhalt einer Zuschussempfehlung von einem Fonds f\u00fchrt die VCCF eine Due-Diligence-Pr\u00fcfung der Empf\u00e4ngerorganisation durch. Jede kalifornische gemeinn\u00fctzige 501(c)(3)-Organisation muss sich j\u00e4hrlich bei der kalifornischen Generalstaatsanwaltschaft registrieren lassen und einen \"aktuellen\" Registrierungsstatus aufrechterhalten, es sei denn, die Organisation ist davon befreit. Gemeinn\u00fctzige 501(c)(3)-Organisationen au\u00dferhalb des Bundesstaates m\u00fcssen sich bei der kalifornischen Generalstaatsanwaltschaft registrieren lassen, wenn sie in Kalifornien gesch\u00e4ftlich t\u00e4tig sind, d.h. um Spenden werben, Geschenke oder andere Verm\u00f6genswerte mit finanziellem Wert f\u00fcr wohlt\u00e4tige Zwecke entgegennehmen.\n<p>Hier finden Sie einige hilfreiche Links zur Website des kalifornischen Generalstaatsanwalts.<\/p>\n<ul>\n<li><a href=\"https:\/\/oag.ca.gov\/charities\/initial-reg\" target=\"_blank\" rel=\"noopener\">Erstmalige Registrierung<\/a><\/li>\n<li><a href=\"https:\/\/oag.ca.gov\/charities\/renewals\" target=\"_blank\" rel=\"noopener\">J\u00e4hrliche Erneuerung der Registrierung<\/a><\/li>\n<li><a href=\"https:\/\/oag.ca.gov\/charities\/delinquency\" target=\"_blank\" rel=\"noopener\">Delinquent<\/a><\/li>\n<\/ul>\n<p>Neben einer aktuellen Registrierung muss die gemeinn\u00fctzige Organisation auch ihre Steuererkl\u00e4rungen bei der IRS auf dem neuesten Stand halten. Die Informationen zu den Steuererkl\u00e4rungen werden von der <a href=\"https:\/\/apps.irs.gov\/app\/eos\/\" target=\"_blank\" rel=\"noopener\">IRS-Suchtool f\u00fcr steuerbefreite Organisationen.<\/a><\/p>\n<p>VCCF f\u00fchrt auch eine grundlegende finanzielle Due-Diligence-Pr\u00fcfung durch, wie in der beigef\u00fcgten Richtlinie beschrieben \"<a href=\"https:\/\/vccf.org\/wp-content\/uploads\/2024\/11\/VCCF-Assessing-the-Financial-Health-of-Nonprofit-Organizations.pdf\" target=\"_blank\" rel=\"noopener\">Bewertung der finanziellen Gesundheit von Nonprofit-Organisationen<\/a>&#8220;.<\/p>\n\t\t\t<a href=\"https:\/\/vccf.org\/de\/grants\/\" target=\"_self\">\n\t\t\t\t\t\t\tZur\u00fcck zu Zusch\u00fcsse\n\t\t\t\t\t<\/a>","protected":false},"excerpt":{"rendered":"<p>Nonprofit Compliance and Grantmaking Nonprofit Compliance Upon receipt of a grant recommendation from a fund, VCCF conducts a due diligence check on the recipient organization. Every California nonprofit 501(c)(3) organization&hellip;<\/p>","protected":false},"author":4,"featured_media":0,"parent":22928,"menu_order":0,"comment_status":"closed","ping_status":"closed","template":"","meta":{"_acf_changed":false,"give_campaign_id":0,"footnotes":""},"class_list":["post-21089","page","type-page","status-publish","hentry"],"acf":[],"campaignId":"","_links":{"self":[{"href":"https:\/\/vccf.org\/de\/wp-json\/wp\/v2\/pages\/21089","targetHints":{"allow":["GET"]}}],"collection":[{"href":"https:\/\/vccf.org\/de\/wp-json\/wp\/v2\/pages"}],"about":[{"href":"https:\/\/vccf.org\/de\/wp-json\/wp\/v2\/types\/page"}],"author":[{"embeddable":true,"href":"https:\/\/vccf.org\/de\/wp-json\/wp\/v2\/users\/4"}],"replies":[{"embeddable":true,"href":"https:\/\/vccf.org\/de\/wp-json\/wp\/v2\/comments?post=21089"}],"version-history":[{"count":0,"href":"https:\/\/vccf.org\/de\/wp-json\/wp\/v2\/pages\/21089\/revisions"}],"up":[{"embeddable":true,"href":"https:\/\/vccf.org\/de\/wp-json\/wp\/v2\/pages\/22928"}],"wp:attachment":[{"href":"https:\/\/vccf.org\/de\/wp-json\/wp\/v2\/media?parent=21089"}],"curies":[{"name":"wp","href":"https:\/\/api.w.org\/{rel}","templated":true}]}}