{"id":21123,"date":"2024-07-25T11:56:07","date_gmt":"2024-07-25T11:56:07","guid":{"rendered":"https:\/\/vccf.org\/?page_id=21123"},"modified":"2025-12-11T13:54:16","modified_gmt":"2025-12-11T21:54:16","slug":"virtual-lunch-and-learns","status":"publish","type":"page","link":"https:\/\/vccf.org\/de\/events\/virtual-lunch-and-learns\/","title":{"rendered":"Virtual Lunch and Learns"},"content":{"rendered":"<h1>\n\t\t\tVCCF Virtual Lunch &#038; Learns: <br \/>Werden Sie Teil unserer Gemeinschaft von Changemakern!\t<\/h1>\n\t<p><strong>Gemeinsam f\u00fcr ein besseres Ventura County engagieren<\/strong><\/p>\n\t<p>Wir von der Ventura County Community Foundation glauben, dass jedes Treffen eine Gelegenheit ist, eine bessere Zukunft f\u00fcr unsere Gemeinschaft zu schmieden. Unsere Veranstaltungen sind mehr als nur Versammlungen; sie sind eine lebendige Feier eines gemeinsamen Ziels und eines aufrichtigen Engagements f\u00fcr die Verbesserung von Ventura County.<\/p>\n\t<p><strong>Virtuelles Mittagessen und Lernen: Ein Fenster zur lokalen Wirkung<\/strong><\/p>\n\t<p>Erleben Sie die Kraft des gemeinsamen Handelns bei unseren virtuellen Lunch &amp; Learns. Bei diesen Veranstaltungen kommen Spender, F\u00fchrungskr\u00e4fte der Gemeinde und engagierte Einzelpersonen zusammen, um die laufenden Projekte zu diskutieren und zu unterst\u00fctzen, die die Zukunft unserer Gemeinde gestalten. Von der Verbesserung von Bildungsangeboten bis hin zur F\u00f6rderung von Gesundheitsinitiativen - jedes Treffen ist ein Schritt nach vorn auf unserem gemeinsamen Weg.<\/p>\n\t\t\t\t<img decoding=\"async\" src=\"https:\/\/vccf.org\/wp-content\/uploads\/2024\/10\/image-2024-10-18T132935.500.png\" alt=\"image - 2024-10-18T132935.500\" itemprop=\"image\" height=\"851\" width=\"836\" title=\"Bild - 2024-10-18T132935.500\" onerror=\"this.style.display='none'\" loading=\"lazy\" \/>\n<h2>\n\t\t\tWarum teilnehmen?\t<\/h2>\n\t<p>Verbindung mit Gleichgesinnten<\/p>\n\t<p>Share your passion with a community that cares deeply about Ventura County&#8217;s future and well-being.<\/p>\n\t<p>Bleiben Sie auf dem Laufenden \u00fcber wirkungsvolle Projekte<\/p>\n\t<p>Verschaffen Sie sich einen \u00dcberblick \u00fcber die direkten Auswirkungen Ihrer Beitr\u00e4ge und sehen Sie aus erster Hand, wie wir gemeinsam etwas bewirken k\u00f6nnen.<\/p>\n\t<p>Gestalten Sie die Zukunft<\/p>\n\t<p>Ihre Beteiligung tr\u00e4gt dazu bei, die Richtung unserer Initiativen zu bestimmen und sicherzustellen, dass die Bed\u00fcrfnisse der Gemeinschaft immer an erster Stelle stehen.<\/p>\n\t<p>H\u00f6ren Sie von denjenigen, die durch unsere Veranstaltungen die Freude des Gebens erfahren haben:<\/p>\n\t<p>\"Die Virtual Lunch and Learns sind eine gro\u00dfartige M\u00f6glichkeit, Kontakte zu anderen gemeinn\u00fctzigen Organisationen zu kn\u00fcpfen. In Ventura County gibt es eine gro\u00dfe Vielfalt an gemeinn\u00fctzigen Organisationen, die hervorragende Arbeit leisten und unsere Gemeinde zu einem wunderbaren Ort zum Leben machen. Ich habe durch die \"Lunch and Learns\" so viel gelernt und viele neue Freunde gefunden.<\/p>\n\t<p>Linda Braunschweiger, Gesch\u00e4ftsf\u00fchrerin des Housing Trust Fund Ventura County<\/p>\n<h2>\n\t\t\tKommende Veranstaltungen\t<\/h2>\n\t<p>Wir laden Sie ein, an unseren kommenden Veranstaltungen teilzunehmen. Jede Veranstaltung wird sorgf\u00e4ltig geplant, um ein bereicherndes und denkw\u00fcrdiges Erlebnis f\u00fcr alle Teilnehmer zu gew\u00e4hrleisten. Bleiben Sie dran und erfahren Sie mehr \u00fcber unsere n\u00e4chste Veranstaltung, um Teil von etwas ganz Besonderem zu sein.<\/p>\n<p>Wenn Sie an unserer n\u00e4chsten Veranstaltung teilnehmen oder weitere Informationen w\u00fcnschen, wenden Sie sich bitte an Lauren Graf Pe\u00f1a unter <a href=\"mailto:lgraf@vccf.org\" rel=\"noopener\" target=\"_blank\">lgraf@vccf.org<\/a>.<\/p>\n<p>Lassen Sie uns gemeinsam den Wandel vorantreiben und den Geist unserer Gemeinschaft bei jedem Treffen feiern!<\/p>\n<h2>\n\t\t\tRegistration &#038; Past Recordings\t<\/h2>","protected":false},"excerpt":{"rendered":"<p>VCCF Virtual Lunch &#038; Learns: Join Our Community of Changemakers! Engaging Together for a Brighter Ventura County At the Ventura County Community Foundation, we believe every gathering is an opportunity&hellip;<\/p>","protected":false},"author":4,"featured_media":0,"parent":21008,"menu_order":0,"comment_status":"closed","ping_status":"closed","template":"","meta":{"_acf_changed":false,"give_campaign_id":0,"footnotes":""},"class_list":["post-21123","page","type-page","status-publish","hentry"],"acf":[],"campaignId":"","_links":{"self":[{"href":"https:\/\/vccf.org\/de\/wp-json\/wp\/v2\/pages\/21123","targetHints":{"allow":["GET"]}}],"collection":[{"href":"https:\/\/vccf.org\/de\/wp-json\/wp\/v2\/pages"}],"about":[{"href":"https:\/\/vccf.org\/de\/wp-json\/wp\/v2\/types\/page"}],"author":[{"embeddable":true,"href":"https:\/\/vccf.org\/de\/wp-json\/wp\/v2\/users\/4"}],"replies":[{"embeddable":true,"href":"https:\/\/vccf.org\/de\/wp-json\/wp\/v2\/comments?post=21123"}],"version-history":[{"count":0,"href":"https:\/\/vccf.org\/de\/wp-json\/wp\/v2\/pages\/21123\/revisions"}],"up":[{"embeddable":true,"href":"https:\/\/vccf.org\/de\/wp-json\/wp\/v2\/pages\/21008"}],"wp:attachment":[{"href":"https:\/\/vccf.org\/de\/wp-json\/wp\/v2\/media?parent=21123"}],"curies":[{"name":"wp","href":"https:\/\/api.w.org\/{rel}","templated":true}]}}