{"id":21130,"date":"2024-07-25T14:15:19","date_gmt":"2024-07-25T14:15:19","guid":{"rendered":"https:\/\/vccf.org\/?page_id=21130"},"modified":"2025-08-22T16:36:22","modified_gmt":"2025-08-22T23:36:22","slug":"donor-peer-network","status":"publish","type":"page","link":"https:\/\/vccf.org\/de\/events\/donor-peer-network\/","title":{"rendered":"Spender-Peer-Netzwerk"},"content":{"rendered":"<h1>\n\t\t\tSpender-Peer-Netzwerk\t<\/h1>\n\t<p>Unser Donor Peer Network im Herzen von Ventura County lebt von den Verbindungen, die wir gemeinsam aufbauen. Dieses Netzwerk, das aus aufrichtigen Diskussionen und gemeinsamen Tr\u00e4umen entstanden ist, ist ein Beweis f\u00fcr die Kraft des gemeinsamen Gebens. Unsere Spender sehnten sich nach tieferen Beziehungen, und wir haben zugeh\u00f6rt.<\/p>\n\t\t\t\t<img decoding=\"async\" src=\"https:\/\/vccf.org\/wp-content\/uploads\/2024\/09\/image-3.png\" alt=\"image (3)\" itemprop=\"image\" height=\"851\" width=\"836\" title=\"Bild (3)\" onerror=\"this.style.display='none'\" loading=\"lazy\" \/>\n\t\t\t\t<img decoding=\"async\" src=\"https:\/\/vccf.org\/wp-content\/uploads\/2024\/07\/1-20.png\" alt=\"1 (20)\" itemprop=\"image\" height=\"50\" width=\"50\" title=\"1 (20)\" onerror=\"this.style.display='none'\" loading=\"lazy\" \/>\n\t<p>Gemeinsam entdecken<\/p>\n\t<p>Achtzig Prozent unserer Spenderinnen und Spender haben ihre vertrauensvollste Beratung durch die Interaktion mit Gleichgesinnten gefunden. In diesem Netzwerk geht es nicht nur um Spenden, sondern auch um Lernen, Austausch und gemeinsames Wachstum. Hundert Prozent der Teilnehmer unserer Fokusgruppe \u00e4u\u00dferten den Wunsch, die Herausforderungen unserer Gemeinschaft zu verstehen und sinnvolle Verbindungen mit anderen Spendern zu kn\u00fcpfen.<\/p>\n\t\t\t\t<img decoding=\"async\" src=\"https:\/\/vccf.org\/wp-content\/uploads\/2024\/07\/3-14.png\" alt=\"3 (14)\" itemprop=\"image\" height=\"50\" width=\"50\" title=\"3 (14)\" onerror=\"this.style.display='none'\" loading=\"lazy\" \/>\n\t<p>Unsere Reise<\/p>\n\t<p>Das im Januar 2021 ins Leben gerufene und von den engagierten Co-Vorsitzenden Catherine Sepulveda und Jack Edelstein geleitete Donor Peer Network hat sich zu einem Leuchtfeuer der Hoffnung und Zusammenarbeit entwickelt. Unsere Veranstaltungen reichen von virtuellen Diskussionen bis hin zu pers\u00f6nlichen Treffen, die alle dazu dienen, unsere Mitglieder zu inspirieren und mit dem Wissen und den Beziehungen auszustatten, die sie ben\u00f6tigen, um einen sp\u00fcrbaren Unterschied zu bewirken.<\/p>\n\t\t\t\t<img decoding=\"async\" src=\"https:\/\/vccf.org\/wp-content\/uploads\/2024\/07\/2-15.png\" alt=\"2 (15)\" itemprop=\"image\" height=\"50\" width=\"50\" title=\"2 (15)\" onerror=\"this.style.display='none'\" loading=\"lazy\" \/>\n\t<p>Warum bei uns mitmachen?<\/p>\n\t<p>Die Sch\u00f6nheit von Ventura County spiegelt sich in der Gro\u00dfz\u00fcgigkeit der Gemeinde wider. Unsere Initiativen decken ein breites Spektrum ab, vom Tierschutz bis zur fr\u00fchkindlichen Bildung, von der Katastrophenhilfe bis zum Umweltschutz. Als Mitglied werden Sie nicht nur diese wichtigen Bereiche unterst\u00fctzen, sondern auch Teil einer mitf\u00fchlenden und inspirierten Gruppe sein, die sich daf\u00fcr einsetzt, Ventura County zu einem besseren Ort f\u00fcr alle zu machen.<\/p>\n\t\t\t\t<img decoding=\"async\" src=\"https:\/\/vccf.org\/wp-content\/uploads\/2024\/09\/Group-1080.png\" alt=\"Group 1080\" itemprop=\"image\" height=\"563\" width=\"463\" title=\"Gruppe 1080\" onerror=\"this.style.display='none'\" loading=\"lazy\" \/>\n\t<p>&#8220;What an honor it is to be a part of VCCF&#8217;s Donor Peer Network, to see, to <em>f\u00fchlen<\/em>\u00a0die Auswirkungen, die unser Programm auf so viele Leben hat. Zu erfahren, wie stark und ausdauernd unsere Empf\u00e4nger sind, wie viel Hoffnung sie haben, ihre Geschichten zu h\u00f6ren und sie mit eigenen Augen und Herzen zu sehen - das hat das Leben der Menschen ver\u00e4ndert. <em>meine<\/em>\u00a0life. There aren&#8217;t enough words of thanks.&#8221;<\/p>\n\t<p>Terri Lisagor, DPN-Mitglied<\/p>\n\t<p><strong>Mehr erfahren<\/strong>kontaktieren Sie bitte Mike Silacci unter <a href=\"mailto:msilacci@vccf.org\">msilacci@vccf.org<\/a>.<\/p>\n\t<p>Begleiten Sie uns auf dieser Reise des Wohlwollens und der Inspiration. Gemeinsam k\u00f6nnen wir au\u00dfergew\u00f6hnliche Dinge f\u00fcr Ventura County erreichen!<\/p>\n<h2>\n\t\t\tPeer-Netzwerk-Kalender\t<\/h2>\n\t<p>Nur f\u00fcr das Donor-Peer-Netzwerk verf\u00fcgbar<\/p>\n<table  data-tablesaw-minimap>\n\t\t\t<thead>\n\t\t<tr>\n\t\t\t<th id=\"pp-table-col-1\" scope=\"col\" data-tablesaw-sortable-col>\t\t\t\t\t\n\t\t\t\t\t\t\t\t\t\t\t\tDatum\/Uhrzeit\t\t\t\t\t\n\t\t\t\t\t<\/th><th id=\"pp-table-col-2\" scope=\"col\" data-tablesaw-sortable-col>\t\t\t\t\t\n\t\t\t\t\t\t\t\t\t\t\t\tGemeinschaft der Praxis\t\t\t\t\t\n\t\t\t\t\t<\/th><th id=\"pp-table-col-3\" scope=\"col\" data-tablesaw-sortable-col>\t\t\t\t\t\n\t\t\t\t\t\t\t\t\t\t\t\tThemenspezifisch\t\t\t\t\t\n\t\t\t\t\t<\/th><th id=\"pp-table-col-4\" scope=\"col\" data-tablesaw-sortable-col>\t\t\t\t\t\n\t\t\t\t\t\t\t\t\t\t\t\tPeer-Sharing\t\t\t\t\t\n\t\t\t\t\t<\/th>\t\t<\/tr>\n\t<\/thead>\n\t\t<tbody>\n\t\t<tr data-row-index=\"1\"><td><strong>Sep 10, 2025, 4:30 &#8211; 6 P.M.<\/strong><\/td><td>Donor Peer Network Summer Reception, at Moorpark College Teaching Zoo<\/td><\/tr><tr data-row-index=\"2\"><td><strong>Nov 1, 2024, 4 &#8211; 6 P.M.<\/strong><\/td><td>Donor Peer Network Social, at the VCCF Nonprofit Center<\/td><td>&#8220;Quest&#8221; by John Kobara<\/td><\/tr><tr data-row-index=\"3\"><td><strong>Feb 8, 2024, 5 &#8211; 7 P.M. <\/strong><\/td><td>Donor Peer Network Dinner: The Future of Education, at CSU Channel Islands<\/td><\/tr><tr data-row-index=\"4\"><td><b>May 18, 2023, 5 &#8211; 7 P.M.<\/b><\/td><td>Donor Peer Network Social, at Boys &#038; Girls Club of Camarillo<\/td><td>Thema: Traum f\u00fcr unsere Zukunft Offene Gruppendiskussion, Austausch und Fragen und Antworten<\/td><td>Passion Pitch<\/td><\/tr><tr data-row-index=\"5\"><td><b>Feb 16, 2023, 5 &#8211; 7 P.M.<\/b><\/td><td>Donor Peer Network Social, at Food Share of Ventura County<\/td><td>Thema: Partnerschaften mit der Regierung Offen f\u00fcr Fragen \/ Diskussion<\/td><td>Passion Pitch<\/td><\/tr><tr data-row-index=\"6\"><td><b>Nov 17, 2022, 5 &#8211; 7 P.M.<\/b><\/td><td>Donor Peer Network Social, at the VCCF Nonprofit Center<\/td><td>Reunion Holiday Dinner Offene Gruppendiskussion, Austausch und Fragen und Antworten<\/td><td>Passion Pitch<\/td><\/tr><tr data-row-index=\"7\"><td><b>June 23, 2022, 4 &#8211; 6 P.M.<\/b><\/td><td>Donor Peer Network: Year 1 in Review, Virtual<\/td><td>Moderierte Diskussion und Feedback<\/td><td>Passion Pitch<\/td><\/tr><tr data-row-index=\"8\"><td><b>Apr 21, 2022, 12 &#8211; 1:30 P.M.<\/b><\/td><td>Welcome to YOUR Donor Peer Network, Virtual<\/td><td>Offen f\u00fcr Fragen \/ Diskussion<\/td><td>Passion Pitch<\/td><\/tr><tr data-row-index=\"9\"><td><b>Mar 24, 2022 5:30 &#8211; 7:30 P.M.<\/b><\/td><td>Dinner with VCCF Board of Directors, at the VCCF Nonprofit Center<\/td><td>Open Group Discussion, Sharing, and Q&#038;A<\/td><\/tr><tr data-row-index=\"10\"><td><b>Feb 24, 2022, 12 &#8211; 1:30 P.M.<\/b><\/td><td>Highest Quality Early Childhood Education, Santa Paula Pilot Program, Virtual<\/td><td>Offen f\u00fcr Fragen \/ Diskussion<\/td><td>Passion Pitch<\/td><\/tr><tr data-row-index=\"11\"><td><b>Jan 27, 2022 12 &#8211; 1:30 P.M.<\/b><\/td><td>Community Foundations as Civic Homes, Virtual<\/td><td>Wohnen und Obdachlosigkeit<\/td><td>Passion Pitch<\/td><\/tr><tr data-row-index=\"12\"><td><b>Nov 30, 2021 11:30 A.M. &#8211; 2 P.M<\/b><\/td><td>State of Nonprofit Sector\nCenter for Nonprofit Leadership, Virtual<\/td><\/tr><tr data-row-index=\"13\"><td><b>Nov 17, 2021, 8 A.M. &#8211; 12 P.M.<\/b><\/td><td>Ventura County State of the Region\nVentura County Civic Alliance, Virtual<\/td><\/tr>\t<\/tbody>\n<\/table>","protected":false},"excerpt":{"rendered":"<p>Donor Peer Network In the heart of Ventura County, our Donor Peer Network thrives on the connections we build together. Born from heartfelt discussions and shared dreams, this network is&hellip;<\/p>","protected":false},"author":3,"featured_media":0,"parent":21008,"menu_order":0,"comment_status":"closed","ping_status":"closed","template":"","meta":{"_acf_changed":false,"give_campaign_id":0,"footnotes":""},"class_list":["post-21130","page","type-page","status-publish","hentry"],"acf":[],"campaignId":"","_links":{"self":[{"href":"https:\/\/vccf.org\/de\/wp-json\/wp\/v2\/pages\/21130","targetHints":{"allow":["GET"]}}],"collection":[{"href":"https:\/\/vccf.org\/de\/wp-json\/wp\/v2\/pages"}],"about":[{"href":"https:\/\/vccf.org\/de\/wp-json\/wp\/v2\/types\/page"}],"author":[{"embeddable":true,"href":"https:\/\/vccf.org\/de\/wp-json\/wp\/v2\/users\/3"}],"replies":[{"embeddable":true,"href":"https:\/\/vccf.org\/de\/wp-json\/wp\/v2\/comments?post=21130"}],"version-history":[{"count":0,"href":"https:\/\/vccf.org\/de\/wp-json\/wp\/v2\/pages\/21130\/revisions"}],"up":[{"embeddable":true,"href":"https:\/\/vccf.org\/de\/wp-json\/wp\/v2\/pages\/21008"}],"wp:attachment":[{"href":"https:\/\/vccf.org\/de\/wp-json\/wp\/v2\/media?parent=21130"}],"curies":[{"name":"wp","href":"https:\/\/api.w.org\/{rel}","templated":true}]}}