{"id":21232,"date":"2024-08-09T18:34:48","date_gmt":"2024-08-09T18:34:48","guid":{"rendered":"https:\/\/vccf.org\/?page_id=21232"},"modified":"2025-05-05T10:25:53","modified_gmt":"2025-05-05T17:25:53","slug":"donate-to-a-fund","status":"publish","type":"page","link":"https:\/\/vccf.org\/de\/donate\/donate-to-a-fund\/","title":{"rendered":"Donate to a Fund"},"content":{"rendered":"<h1>\n\t\tUnterst\u00fctzen Sie mit einer Spende das VCCF-Engagement f\u00fcr die Verbesserung des Ventura County, CA\n\t<\/h1>\n\t<p>Jeder Dollar, den Sie spenden, tr\u00e4gt dazu bei, das Gewebe eines lebendigeren, widerstandsf\u00e4higeren Ventura County zu weben. Ihre Spende erm\u00f6glicht es der Ventura County Community Foundation, auf dringende Bed\u00fcrfnisse einzugehen, langfristiges Wachstum zu f\u00f6rdern und das Gedeihen der Gemeinden in Ventura County zu unterst\u00fctzen:<\/p>\n\t<div class='root-data-givewp-embed' data-form-locale='de_DE' data-form-url='https:\/\/vccf.org\/?post_type=give_forms&#038;p=21543' data-form-view-url='https:\/\/vccf.org\/de\/?givewp-route=donation-form-view&form-id=21543' data-src='https:\/\/vccf.org\/de\/?givewp-route=donation-form-view&form-id=21543' data-givewp-embed-id='give-form-shortcode-1' data-form-format='' data-open-form-button='Donate now' style='--givewp-primary-color: #ff8846; --givewp-secondary-color: #8d867a;'><\/div>\n\t\t\t\t<img loading=\"lazy\" decoding=\"async\" src=\"https:\/\/vccf.org\/wp-content\/uploads\/2024\/08\/donate-fund-hero.jpg\" alt=\"donate-fund-hero\" itemprop=\"image\" height=\"851\" width=\"836\" title=\"spenden-fund-hero\" onerror=\"this.style.display='none'\"  \/>","protected":false},"excerpt":{"rendered":"<p>Donate to Support VCCF Commitment to the betterment of Ventura County, CA Every dollar you give helps weave the fabric of a more vibrant, resilient Ventura County. Your donation empowers&hellip;<\/p>","protected":false},"author":5,"featured_media":0,"parent":20931,"menu_order":0,"comment_status":"closed","ping_status":"closed","template":"","meta":{"_acf_changed":false,"give_campaign_id":0,"footnotes":""},"class_list":["post-21232","page","type-page","status-publish","hentry"],"acf":[],"campaignId":"","_links":{"self":[{"href":"https:\/\/vccf.org\/de\/wp-json\/wp\/v2\/pages\/21232","targetHints":{"allow":["GET"]}}],"collection":[{"href":"https:\/\/vccf.org\/de\/wp-json\/wp\/v2\/pages"}],"about":[{"href":"https:\/\/vccf.org\/de\/wp-json\/wp\/v2\/types\/page"}],"author":[{"embeddable":true,"href":"https:\/\/vccf.org\/de\/wp-json\/wp\/v2\/users\/5"}],"replies":[{"embeddable":true,"href":"https:\/\/vccf.org\/de\/wp-json\/wp\/v2\/comments?post=21232"}],"version-history":[{"count":0,"href":"https:\/\/vccf.org\/de\/wp-json\/wp\/v2\/pages\/21232\/revisions"}],"up":[{"embeddable":true,"href":"https:\/\/vccf.org\/de\/wp-json\/wp\/v2\/pages\/20931"}],"wp:attachment":[{"href":"https:\/\/vccf.org\/de\/wp-json\/wp\/v2\/media?parent=21232"}],"curies":[{"name":"wp","href":"https:\/\/api.w.org\/{rel}","templated":true}]}}