{"id":21234,"date":"2024-08-09T19:29:01","date_gmt":"2024-08-09T19:29:01","guid":{"rendered":"https:\/\/vccf.org\/?page_id=21234"},"modified":"2025-06-06T14:18:07","modified_gmt":"2025-06-06T21:18:07","slug":"donate","status":"publish","type":"page","link":"https:\/\/vccf.org\/de\/initiatives\/donate\/","title":{"rendered":"Donate to Initiatives"},"content":{"rendered":"<h1>\n\t\t\tDonate to Support VCCF&#8217;s Commitment to the Betterment of Ventura County\t<\/h1>\n\t<p>Jeder Dollar, den Sie spenden, tr\u00e4gt dazu bei, das Gewebe eines lebendigeren, widerstandsf\u00e4higeren Ventura County zu weben. Ihre Spende erm\u00f6glicht es der Ventura County Community Foundation, dringende Bed\u00fcrfnisse zu erf\u00fcllen, langfristiges Wachstum zu f\u00f6rdern und das Gedeihen der Gemeinden in Ventura County zu unterst\u00fctzen.<\/p>\n\t\t\t\t\t<a href=\"#\"  id=\"fl-accordion--label-0\" tabindex=\"0\" aria-controls=\"fl-accordion--panel-0\">Andere M\u00f6glichkeiten zu spenden<\/a>\n\t\t\t\t\t\t\t\t\t\t\t<a href=\"#\" id=\"fl-accordion--icon-0\"  tabindex=\"0\"><i title=\"Expand\">Expand<\/i><\/a>\n\t\t\t\t\t<ul>\n<li><strong>Nach Pr\u00fcfung<\/strong>: Zahlbar an<em>\u00a0Ventura County Gemeinschaftsstiftung.\u00a0<\/em>Bitte schreiben Sie den Namen des Fonds in die Memo-Zeile und senden Sie an VCCF 4001 Mission Oaks Blvd. Suite A, Camarillo, CA 93012.<\/li>\n<li><strong>Andere Geschenke<\/strong>: Wir akzeptieren auch Schenkungen von Aktien, IRA-Aussch\u00fcttungen und \u00dcberweisungen.  Bitte kontaktieren Sie Bonnie Gilles, VCCF Vice President &amp; Chief Financial and Operating Officer, unter 805.330.6681, Durchwahl 125 oder per E-Mail\u00a0<a href=\"mailto:%20bgilles@vccf.org\">bgilles@vccf.org.<\/a><\/li>\n<\/ul>\n\t<div class='root-data-givewp-embed' data-form-locale='de_DE' data-form-url='https:\/\/vccf.org\/?post_type=give_forms&#038;p=21542' data-form-view-url='https:\/\/vccf.org\/de\/?givewp-route=donation-form-view&form-id=21542' data-src='https:\/\/vccf.org\/de\/?givewp-route=donation-form-view&form-id=21542' data-givewp-embed-id='give-form-shortcode-1' data-form-format='' data-open-form-button='Donate now' style='--givewp-primary-color: #ff8846; --givewp-secondary-color: #8d867a;'><\/div>","protected":false},"excerpt":{"rendered":"<p>Donate to Support VCCF&#8217;s Commitment to the Betterment of Ventura County Every dollar you give helps weave the fabric of a more vibrant, resilient Ventura County. Your donation empowers the&hellip;<\/p>","protected":false},"author":5,"featured_media":0,"parent":21044,"menu_order":0,"comment_status":"closed","ping_status":"closed","template":"","meta":{"_acf_changed":false,"give_campaign_id":0,"footnotes":""},"class_list":["post-21234","page","type-page","status-publish","hentry"],"acf":[],"campaignId":"","_links":{"self":[{"href":"https:\/\/vccf.org\/de\/wp-json\/wp\/v2\/pages\/21234","targetHints":{"allow":["GET"]}}],"collection":[{"href":"https:\/\/vccf.org\/de\/wp-json\/wp\/v2\/pages"}],"about":[{"href":"https:\/\/vccf.org\/de\/wp-json\/wp\/v2\/types\/page"}],"author":[{"embeddable":true,"href":"https:\/\/vccf.org\/de\/wp-json\/wp\/v2\/users\/5"}],"replies":[{"embeddable":true,"href":"https:\/\/vccf.org\/de\/wp-json\/wp\/v2\/comments?post=21234"}],"version-history":[{"count":0,"href":"https:\/\/vccf.org\/de\/wp-json\/wp\/v2\/pages\/21234\/revisions"}],"up":[{"embeddable":true,"href":"https:\/\/vccf.org\/de\/wp-json\/wp\/v2\/pages\/21044"}],"wp:attachment":[{"href":"https:\/\/vccf.org\/de\/wp-json\/wp\/v2\/media?parent=21234"}],"curies":[{"name":"wp","href":"https:\/\/api.w.org\/{rel}","templated":true}]}}