{"id":21453,"date":"2024-09-16T14:41:11","date_gmt":"2024-09-16T14:41:11","guid":{"rendered":"https:\/\/vccf.org\/?page_id=21453"},"modified":"2025-05-05T11:04:48","modified_gmt":"2025-05-05T18:04:48","slug":"start-an-endowment-fund","status":"publish","type":"page","link":"https:\/\/vccf.org\/de\/grants\/start-an-endowment-fund\/","title":{"rendered":"Einen Stiftungsfonds einrichten"},"content":{"rendered":"<h1>\n\t\tBuild Financial Sustainability for  Your Nonprofit\n\t<\/h1>\n\t<p>Setzen Sie sich mit uns in Verbindung, um ein Beratungsgespr\u00e4ch \u00fcber Stiftungen zu vereinbaren.<\/p>\n\t\t\t<a href=\"https:\/\/vccf.org\/de\/my-vccf-fund\/fund-contact\/\" target=\"_self\">\n\t\t\t\t\t\t\tTermin vereinbaren\n\t\t\t\t\t<\/a>\n\t\t\t\t<img loading=\"lazy\" decoding=\"async\" src=\"https:\/\/vccf.org\/wp-content\/uploads\/2024\/09\/Mask-group-87.png\" alt=\"Mask group (87)\" itemprop=\"image\" height=\"851\" width=\"836\" title=\"Maskengruppe (87)\" onerror=\"this.style.display='none'\"  \/>\n\t\t\t\t<img loading=\"lazy\" decoding=\"async\" src=\"https:\/\/vccf.org\/wp-content\/uploads\/2024\/04\/\u0421\u043b\u043e\u0439-1-4.png\" alt=\"\u0421\u043b\u043e\u0438\u0306 1 4\" itemprop=\"image\" height=\"60\" width=\"44\" title=\"\u0421\u043b\u043e\u0439 1 4\" onerror=\"this.style.display='none'\"  \/>\n<h3>\n\t\tVentura County zu einem lebenswerteren Ort machen\n\t<\/h3>\n\t<p>\"Die Zusammenarbeit mit der Ventura County Community Foundation bei der Verwaltung unseres Stiftungskapitals war eine der wertvollsten Entscheidungen, die wir f\u00fcr die Zukunft und langfristige Nachhaltigkeit unserer gemeinn\u00fctzigen Organisation getroffen haben. Wir haben gro\u00dfes Vertrauen in die VCCF; sie bringt ein Ma\u00df an Fachwissen, Integrit\u00e4t und Sorgfalt mit, das sich wie eine echte Erweiterung unseres Teams anf\u00fchlt. Mit der VCCF an unserer Seite k\u00f6nnen wir uns voll und ganz auf unsere Mission und die Ausweitung unserer Programme zum Wohle von Ventura County konzentrieren.\"<\/p>\n\t<p>Elena Brokaw, Museum von Ventura County<\/p>\n<h2>\n\t\tWarum sollten Sie sich f\u00fcr einen Stiftungsfonds der Agentur entscheiden?\n\t<\/h2>\n\t<p>Der Aufbau eines Stiftungsfonds mit der VCCF bietet Ihrer gemeinn\u00fctzigen Organisation einen Weg zu finanzieller Stabilit\u00e4t und Nachhaltigkeit, so dass Ihr Auftrag auch in den kommenden Jahren erfolgreich sein wird.<\/p>\n\t\t\t\t<img decoding=\"async\" src=\"https:\/\/vccf.org\/wp-content\/uploads\/2024\/09\/Group-1127.svg\" alt=\"Group 1127\" itemprop=\"image\" title=\"Gruppe 1127\" onerror=\"this.style.display='none'\"  \/>\n\t<p>Mission Wohlstand<\/p>\n\t<p>Der Aufbau eines Stiftungsfonds mit der VCCF bietet Ihrer gemeinn\u00fctzigen Organisation einen Weg zu finanzieller Stabilit\u00e4t und Nachhaltigkeit, so dass Ihr Auftrag auch in den kommenden Jahren erfolgreich sein wird.<\/p>\n\t\t\t\t<img decoding=\"async\" src=\"https:\/\/vccf.org\/wp-content\/uploads\/2024\/09\/Group-1127.svg\" alt=\"Group 1127\" itemprop=\"image\" title=\"Gruppe 1127\" onerror=\"this.style.display='none'\"  \/>\n\t<p>Finanzielle Stabilit\u00e4t<\/p>\n\t<p>Schaffen Sie einen verl\u00e4sslichen Einkommensstrom, der Ihre Organisation \u00fcber Jahresbudgets und Kampagnen hinaus unterst\u00fctzt.<\/p>\n\t\t\t\t<img decoding=\"async\" src=\"https:\/\/vccf.org\/wp-content\/uploads\/2024\/11\/Frame-1181.svg\" alt=\"Frame 1181\" itemprop=\"image\" title=\"Rahmen 1181\" onerror=\"this.style.display='none'\"  \/>\n\t<p>Langfristige Nachhaltigkeit<\/p>\n\t<p>Sichern Sie die Zukunft Ihrer Programme und Aktivit\u00e4ten, auch in schwierigen Zeiten, indem Sie eine solide finanzielle Grundlage schaffen.<\/p>\n\t\t\t\t<img decoding=\"async\" src=\"https:\/\/vccf.org\/wp-content\/uploads\/2024\/09\/Group-1129.svg\" alt=\"Group 1129\" itemprop=\"image\" title=\"Gruppe 1129\" onerror=\"this.style.display='none'\"  \/>\n\t<p>Instandhaltung der Einrichtungen<\/p>\n\t<p>Legen Sie Mittel f\u00fcr wichtige Reparaturen und Modernisierungen zur\u00fcck, um sicherzustellen, dass Ihre Einrichtungen in einem erstklassigen Zustand bleiben.<\/p>\n\t\t\t\t<img decoding=\"async\" src=\"https:\/\/vccf.org\/wp-content\/uploads\/2024\/09\/Group-1130-1.svg\" alt=\"Group 1130 (1)\" itemprop=\"image\" title=\"Gruppe 1130 (1)\" onerror=\"this.style.display='none'\"  \/>\n\t<p>Erh\u00f6hte Sichtbarkeit<\/p>\n\t<p>Partner with VCCF to enhance your organization&#8217;s credibility and presence within the community.<\/p>\n\t\t\t\t<img decoding=\"async\" src=\"https:\/\/vccf.org\/wp-content\/uploads\/2024\/09\/Group-1131.svg\" alt=\"Group 1131\" itemprop=\"image\" title=\"Gruppe 1131\" onerror=\"this.style.display='none'\"  \/>\n\t<p>Erbe Geb\u00e4ude<\/p>\n\t<p>Schaffen Sie eine nachhaltige Wirkung, indem Sie einen Fonds einrichten, der Ihren Auftrag \u00fcber Generationen hinweg unterst\u00fctzt.<\/p>\n\t\t\t\t<img decoding=\"async\" src=\"https:\/\/vccf.org\/wp-content\/uploads\/2024\/09\/Group-1134-1.svg\" alt=\"Group 1134 (1)\" itemprop=\"image\" title=\"Gruppe 1134 (1)\" onerror=\"this.style.display='none'\"  \/>\n\t<p>Geplantes Schenken<\/p>\n\t<p>Bieten Sie Spendern die M\u00f6glichkeit, geplante oder aufgeschobene Spenden zu machen und so Ihre Finanzierungsm\u00f6glichkeiten zu erweitern.<\/p>\n\t\t\t\t<img decoding=\"async\" src=\"https:\/\/vccf.org\/wp-content\/uploads\/2024\/09\/Group-1134-1.svg\" alt=\"Group 1134 (1)\" itemprop=\"image\" title=\"Gruppe 1134 (1)\" onerror=\"this.style.display='none'\"  \/>\n\t<p>Professionelles Management<\/p>\n\t<p>Profitieren Sie von einer fachkundigen Anlageverwaltung, die sicherstellt, dass Ihr Stiftungsfonds klug verwaltet wird, um optimale Ertr\u00e4ge zu erzielen.<\/p>\n\t<p>\"VCCF hat Food Share ma\u00dfgeblich dabei geholfen, unser Stiftungskapital zu vermehren, um unsere finanzielle Zukunft zu sichern. Das Team ist immer proaktiv und bietet engagierte Unterst\u00fctzung, wann immer wir sie brauchen. Sie gehen auch weit dar\u00fcber hinaus, indem sie uns helfen, mit Spendern in Kontakt zu kommen, die sich f\u00fcr unsere Mission begeistern, daf\u00fcr zu sorgen, dass niemand in Ventura County hungern muss. Wir sind sehr dankbar, VCCF als vertrauensw\u00fcrdigen Partner in unserer Arbeit zu haben.\"<\/p>\n\t<p>Monica White, Pr\u00e4sidentin und CEO, Food Share of Ventura County<\/p>\n<h2>\n\t\tWie Sie Ihren Fonds einrichten\n\t<\/h2>\n\t<p>Benennen Sie Ihren Fonds<\/p>\n\t<p>W\u00e4hlen Sie einen Namen, der mit Ihrem Auftrag und Ihren Werten \u00fcbereinstimmt und das Wesen Ihrer Organisation widerspiegelt.<\/p>\n\t<p>Zweck<\/p>\n\t<p>Legen Sie fest, wie die Einnahmen Ihre Initiativen unterst\u00fctzen sollen, und skizzieren Sie die langfristigen Ziele Ihres Fonds.<\/p>\n\t<p>Ihre Zustimmung zum Vorstand<\/p>\n\t<p>Legen Sie fest, wie die Einnahmen Ihre Initiativen unterst\u00fctzen sollen, und skizzieren Sie die langfristigen Ziele Ihres Fonds.<\/p>\n\t<p>Dokumentation<\/p>\n\t<p>Legen Sie eine Kopie Ihrer Gr\u00fcndungsurkunde vor, um die Einrichtung Ihres Fonds abzuschlie\u00dfen.<\/p>\n\t<p>Kontaktieren Sie uns f\u00fcr fachkundige Beratung und Unterst\u00fctzung:<\/p>\n\t\t\t<a href=\"https:\/\/vccf.org\/de\/my-vccf-fund\/fund-contact\/\" target=\"_self\">\n\t\t\t\t\t\t\tKontakt\n\t\t\t\t\t<\/a>\n    <button id=\"board-prev\" type=\"button\"><\/button>\n    1\n     \/ 4\n    <button id=\"board-next\" type=\"button\"><\/button>","protected":false},"excerpt":{"rendered":"<p>Build Financial Sustainability for Your Nonprofit Contact us to schedule a consultation about endowments. Schedule Appointment Make Ventura County a better place to live &#8220;Partnering with the Ventura County Community&hellip;<\/p>","protected":false},"author":3,"featured_media":0,"parent":22928,"menu_order":0,"comment_status":"closed","ping_status":"closed","template":"","meta":{"_acf_changed":false,"give_campaign_id":0,"footnotes":""},"class_list":["post-21453","page","type-page","status-publish","hentry"],"acf":[],"campaignId":"","_links":{"self":[{"href":"https:\/\/vccf.org\/de\/wp-json\/wp\/v2\/pages\/21453","targetHints":{"allow":["GET"]}}],"collection":[{"href":"https:\/\/vccf.org\/de\/wp-json\/wp\/v2\/pages"}],"about":[{"href":"https:\/\/vccf.org\/de\/wp-json\/wp\/v2\/types\/page"}],"author":[{"embeddable":true,"href":"https:\/\/vccf.org\/de\/wp-json\/wp\/v2\/users\/3"}],"replies":[{"embeddable":true,"href":"https:\/\/vccf.org\/de\/wp-json\/wp\/v2\/comments?post=21453"}],"version-history":[{"count":0,"href":"https:\/\/vccf.org\/de\/wp-json\/wp\/v2\/pages\/21453\/revisions"}],"up":[{"embeddable":true,"href":"https:\/\/vccf.org\/de\/wp-json\/wp\/v2\/pages\/22928"}],"wp:attachment":[{"href":"https:\/\/vccf.org\/de\/wp-json\/wp\/v2\/media?parent=21453"}],"curies":[{"name":"wp","href":"https:\/\/api.w.org\/{rel}","templated":true}]}}