{"id":21499,"date":"2024-09-18T17:08:09","date_gmt":"2024-09-18T17:08:09","guid":{"rendered":"https:\/\/vccf.org\/?page_id=21499"},"modified":"2025-01-16T13:17:23","modified_gmt":"2025-01-16T13:17:23","slug":"grant-resources","status":"publish","type":"page","link":"https:\/\/vccf.org\/de\/grant-resources\/","title":{"rendered":"Grant Resources"},"content":{"rendered":"<h1>\n\t\tLibrary  for Nonprofit Research and Development\n\t<\/h1>\n\t<p>Das VCCF beherbergt die Bibliothek f\u00fcr Nonprofit-Forschung und -Entwicklung mit gedruckten Publikationen, B\u00fcchern und Zeitschriften zu Themen des Nonprofit-Managements sowie die Datenbank Foundation Directory Online f\u00fcr die Suche nach Zusch\u00fcssen.<\/p>\n\t\t\t\t<img loading=\"lazy\" decoding=\"async\" src=\"https:\/\/vccf.org\/wp-content\/uploads\/2024\/04\/\u0421\u043b\u043e\u0439-1-4.png\" alt=\"\u0421\u043b\u043e\u0438\u0306 1 4\" itemprop=\"image\" height=\"60\" width=\"44\" title=\"\u0421\u043b\u043e\u0439 1 4\" onerror=\"this.style.display='none'\"  \/>\n<h3>\n\t\tVentura County zu einem lebenswerteren Ort machen\n\t<\/h3>\n\t\t\t<img decoding=\"async\" src=\"https:\/\/vccf.org\/wp-content\/uploads\/2024\/09\/image-73.png\" title=\"Bild (73)\" alt=\"\" \/>\t\t\t\t\t\n<h2>\n\t\tVCCF ist ein Partner des Funding Information Network von Foundation Directory Online.\u00a0\n\t<\/h2>\n\t<p>Candid's Foundation Directory Online ist seit langem ein f\u00fchrender Anbieter von Daten zu allen Aspekten der institutionellen Philanthropie. Besucher k\u00f6nnen auf die Datenbank Candid's Foundation Directory Online zugreifen und haben sofortigen Zugang zu \u00fcber 140.000 F\u00f6rdererprofilen, Philanthropy News, Ausschreibungen und Grantseeker Training.<\/p>\n\t<p>Dieser Service ist nur nach Vereinbarung m\u00f6glich. Kontaktieren Sie Datenbankmanager Aaron Weissman unter <a href=\"mailto:aweissman@vccf.org\">aweissman@vccf.org\u00a0<\/a>um herauszufinden, welche Termine in n\u00e4chster Zeit zur Verf\u00fcgung stehen, und um Einzelheiten \u00fcber die Richtlinien f\u00fcr den Dienst zu erfahren. Leider k\u00f6nnen wir keine Laufkundschaft akzeptieren.<\/p>","protected":false},"excerpt":{"rendered":"<p>Library for Nonprofit Research and Development VCCF is home to the Library for Nonprofit Research and Development with print publications, books, and periodicals on nonprofit management topics as well as&hellip;<\/p>","protected":false},"author":4,"featured_media":0,"parent":0,"menu_order":0,"comment_status":"closed","ping_status":"closed","template":"","meta":{"_acf_changed":false,"give_campaign_id":0,"footnotes":""},"class_list":["post-21499","page","type-page","status-publish","hentry"],"acf":[],"campaignId":"","_links":{"self":[{"href":"https:\/\/vccf.org\/de\/wp-json\/wp\/v2\/pages\/21499","targetHints":{"allow":["GET"]}}],"collection":[{"href":"https:\/\/vccf.org\/de\/wp-json\/wp\/v2\/pages"}],"about":[{"href":"https:\/\/vccf.org\/de\/wp-json\/wp\/v2\/types\/page"}],"author":[{"embeddable":true,"href":"https:\/\/vccf.org\/de\/wp-json\/wp\/v2\/users\/4"}],"replies":[{"embeddable":true,"href":"https:\/\/vccf.org\/de\/wp-json\/wp\/v2\/comments?post=21499"}],"version-history":[{"count":0,"href":"https:\/\/vccf.org\/de\/wp-json\/wp\/v2\/pages\/21499\/revisions"}],"wp:attachment":[{"href":"https:\/\/vccf.org\/de\/wp-json\/wp\/v2\/media?parent=21499"}],"curies":[{"name":"wp","href":"https:\/\/api.w.org\/{rel}","templated":true}]}}