{"id":21559,"date":"2024-10-25T13:57:14","date_gmt":"2024-10-25T13:57:14","guid":{"rendered":"https:\/\/vccf.org\/?page_id=21559"},"modified":"2026-01-23T11:26:00","modified_gmt":"2026-01-23T19:26:00","slug":"donate-to-support-disaster-relief","status":"publish","type":"page","link":"https:\/\/vccf.org\/de\/donate\/donate-to-support-disaster-relief\/","title":{"rendered":"Donate to Support Disaster Relief"},"content":{"rendered":"<h1>\n\t\t\tJetzt spenden\t<\/h1>\n\t\t\t<a href=\"#relief-recovery\"  target=\"_self\">\n\t\t\t\t\t\t\tTo support the Ventura County Neighbors Support Fund, donate below\n\t\t\t\t\t<\/a>\n\t\t\t<a href=\"https:\/\/vccf.org\/de\/donate\/\"  target=\"_self\">\n\t\t\t\t\t\t\tTo make a contribution to any VCCF Fund or Initiative, click here\n\t\t\t\t\t<\/a>\n<h2  id=\"relief-recovery\">\n\t\t\t\t<\/h2>\n\t<p>Jeder Dollar, den Sie spenden, tr\u00e4gt dazu bei, das Gewebe eines lebendigeren, widerstandsf\u00e4higeren Ventura County zu weben. Ihre Spende erm\u00f6glicht es der Ventura County Community Foundation, auf dringende Bed\u00fcrfnisse einzugehen, langfristiges Wachstum zu f\u00f6rdern und das Gedeihen der Gemeinden in Ventura County zu unterst\u00fctzen:<\/p>\n<h2>\n\t\t\tOther Ways to Donate\t<\/h2>\n\t<p><strong>1. Send us a check<\/strong><\/p>\n<p>Make checks payable to Ventura County Community Foundation and mail to our mailing address at 4001 Mission Oaks Blvd, Suite A, Camarillo, CA 93012. Please write the name of the fund you wish to contribute to in the memo line.<\/p>\n<p><strong>2. Transfer securities or cash by wire<\/strong><\/p>\n<p>We accept gifts of publicly traded securities and cash by wire. For your convenience, we&#8217;ve prepared a one-page instruction letter that you can send to your bank or investment advisory firm, which will give your financial advisor all the information he or she needs to execute a wire transfer of securities or cash.<\/p>\n<a href=\"https:\/\/vccf.org\/wp-content\/uploads\/2026\/01\/USB-Stock-Transfer-1.pdf\" target=\"_blank\" rel=\"noopener\">Instructions to send a wire transfer<\/a><br \/>\n<a href=\"https:\/\/vccf.org\/wp-content\/uploads\/2026\/01\/VCCF-Wire-ACH-Transfer.pdf\" target=\"_blank\" rel=\"noopener\">Instructions for a stock transfer<\/a>\n<p>If you have any questions, please contact us at <a href=\"mailto:info@vccf.org\">info@vccf.org<\/a>.<\/p>\n<p>Please be sure to include the name of the fund that you wish to contribute to. Ventura County Community Foundation is a 501(c)3 public charity, Federal Tax ID number: 77-0165029.<\/p>","protected":false},"excerpt":{"rendered":"<p>Donate Now To support the Ventura County Neighbors Support Fund, donate below To make a contribution to any VCCF Fund or Initiative, click here Every dollar you give helps weave&hellip;<\/p>","protected":false},"author":3,"featured_media":23230,"parent":20931,"menu_order":0,"comment_status":"closed","ping_status":"closed","template":"","meta":{"_acf_changed":false,"give_campaign_id":0,"footnotes":""},"class_list":["post-21559","page","type-page","status-publish","has-post-thumbnail","hentry"],"acf":[],"campaignId":"","_links":{"self":[{"href":"https:\/\/vccf.org\/de\/wp-json\/wp\/v2\/pages\/21559","targetHints":{"allow":["GET"]}}],"collection":[{"href":"https:\/\/vccf.org\/de\/wp-json\/wp\/v2\/pages"}],"about":[{"href":"https:\/\/vccf.org\/de\/wp-json\/wp\/v2\/types\/page"}],"author":[{"embeddable":true,"href":"https:\/\/vccf.org\/de\/wp-json\/wp\/v2\/users\/3"}],"replies":[{"embeddable":true,"href":"https:\/\/vccf.org\/de\/wp-json\/wp\/v2\/comments?post=21559"}],"version-history":[{"count":0,"href":"https:\/\/vccf.org\/de\/wp-json\/wp\/v2\/pages\/21559\/revisions"}],"up":[{"embeddable":true,"href":"https:\/\/vccf.org\/de\/wp-json\/wp\/v2\/pages\/20931"}],"wp:featuredmedia":[{"embeddable":true,"href":"https:\/\/vccf.org\/de\/wp-json\/wp\/v2\/media\/23230"}],"wp:attachment":[{"href":"https:\/\/vccf.org\/de\/wp-json\/wp\/v2\/media?parent=21559"}],"curies":[{"name":"wp","href":"https:\/\/api.w.org\/{rel}","templated":true}]}}