{"id":22928,"date":"2025-04-29T08:42:02","date_gmt":"2025-04-29T15:42:02","guid":{"rendered":"https:\/\/vccf.org\/?page_id=22928"},"modified":"2026-03-27T08:31:13","modified_gmt":"2026-03-27T15:31:13","slug":"grants","status":"publish","type":"page","link":"https:\/\/vccf.org\/de\/grants\/","title":{"rendered":"Zusch\u00fcsse"},"content":{"rendered":"<figure itemscope itemtype=\"https:\/\/schema.org\/ImageObject\">\n\t\t\t\t<img decoding=\"async\" src=\"https:\/\/vccf.org\/wp-content\/uploads\/2024\/07\/AdobeStock_514940291-1.png\" alt=\"AdobeStock_514940291 1\" height=\"375\" width=\"519\" title=\"AdobeStock_514940291 1\" onerror=\"this.style.display='none'\" loading=\"lazy\" \/>\n\t<\/figure>\n\tVentura Grafschaft<br \/>\nGemeinschaftsstiftung\n<p>Gemeinn\u00fctzige Dienstleistungen &amp; Zusch\u00fcsse<\/p>\n<figure itemscope itemtype=\"https:\/\/schema.org\/ImageObject\">\n\t\t\t\t<img decoding=\"async\" src=\"https:\/\/vccf.org\/wp-content\/uploads\/2024\/09\/AdobeStock_566561880-1.png\" alt=\"AdobeStock_566561880 1\" height=\"377\" width=\"520\" title=\"AdobeStock_566561880 1\" onerror=\"this.style.display='none'\" loading=\"lazy\" \/>\n\t<\/figure>\n\t<p>Zusch\u00fcsse beantragen<\/p>\n\t\t\t<a href=\"https:\/\/vccf.org\/de\/grants\/past-current-and-upcoming-grants\/\"  target=\"_self\">\n\t\t\t\t\t\t\tZusch\u00fcsse erkunden\n\t\t\t\t\t<\/a>\n\t<p>Ressourcen<\/p>\n\t\t\t<a href=\"https:\/\/vccf.org\/de\/grant-resources\/\"  target=\"_self\">\n\t\t\t\t\t\t\tRessourcen erforschen\n\t\t\t\t\t<\/a>\n\t<p>Gemeinn\u00fctzige Compliance<\/p>\n\t\t\t<a href=\"https:\/\/vccf.org\/de\/grants\/nonprofit-compliance\/\"  target=\"_self\">\n\t\t\t\t\t\t\tMehr erfahren\n\t\t\t\t\t<\/a>\n\t<p>Einrichtung eines Stiftungsfonds der Agentur<\/p>\n\t\t\t<a href=\"https:\/\/vccf.org\/de\/grants\/start-an-endowment-fund\/\"  target=\"_self\">\n\t\t\t\t\t\t\tEinen Fonds gr\u00fcnden\n\t\t\t\t\t<\/a>\n\tVCCF<br \/>\nNonprofit Center Tagungsraum\n\t\t\t<a href=\"https:\/\/vccf.org\/de\/reserve-a-room\/\"  target=\"_self\">\n\t\t\t\t\t\t\tEin Zimmer reservieren\n\t\t\t\t\t<\/a>","protected":false},"excerpt":{"rendered":"<p>Ventura County Community Foundation Gemeinn\u00fctzige Dienstleistungen &amp; Zusch\u00fcsse Zusch\u00fcsse beantragen Zusch\u00fcsse erforschen Ressourcen Ressourcen erforschen Gemeinn\u00fctzige Compliance Mehr erfahren Eine Agentur gr\u00fcnden Stiftungsfonds einen Fonds gr\u00fcnden VCCF Nonprofit...<\/p>","protected":false},"author":9,"featured_media":0,"parent":0,"menu_order":0,"comment_status":"closed","ping_status":"closed","template":"","meta":{"_acf_changed":false,"give_campaign_id":0,"footnotes":""},"class_list":["post-22928","page","type-page","status-publish","hentry"],"acf":[],"campaignId":"","_links":{"self":[{"href":"https:\/\/vccf.org\/de\/wp-json\/wp\/v2\/pages\/22928","targetHints":{"allow":["GET"]}}],"collection":[{"href":"https:\/\/vccf.org\/de\/wp-json\/wp\/v2\/pages"}],"about":[{"href":"https:\/\/vccf.org\/de\/wp-json\/wp\/v2\/types\/page"}],"author":[{"embeddable":true,"href":"https:\/\/vccf.org\/de\/wp-json\/wp\/v2\/users\/9"}],"replies":[{"embeddable":true,"href":"https:\/\/vccf.org\/de\/wp-json\/wp\/v2\/comments?post=22928"}],"version-history":[{"count":0,"href":"https:\/\/vccf.org\/de\/wp-json\/wp\/v2\/pages\/22928\/revisions"}],"wp:attachment":[{"href":"https:\/\/vccf.org\/de\/wp-json\/wp\/v2\/media?parent=22928"}],"curies":[{"name":"wp","href":"https:\/\/api.w.org\/{rel}","templated":true}]}}