{"id":22940,"date":"2025-04-30T07:29:47","date_gmt":"2025-04-30T14:29:47","guid":{"rendered":"https:\/\/vccf.org\/?page_id=22940"},"modified":"2025-07-18T08:28:36","modified_gmt":"2025-07-18T15:28:36","slug":"get-involved","status":"publish","type":"page","link":"https:\/\/vccf.org\/de\/get-involved\/","title":{"rendered":"Engagieren Sie sich"},"content":{"rendered":"<img decoding=\"async\" src=\"https:\/\/vccf.org\/wp-content\/uploads\/2024\/09\/AdobeStock_514940291-2.png\" alt=\"AdobeStock_514940291 2\" itemprop=\"image\" height=\"375\" width=\"519\" title=\"AdobeStock_514940291 2\" onerror=\"this.style.display='none'\" loading=\"lazy\" \/>\n\t<h1>Ventura County umgestalten<br \/>\n- Engagieren Sie sich bei VCCF<\/h1>\n<h2>\n\t\t\tNehmen Sie Ihre Leidenschaft an, st\u00e4rken Sie Ihr Ziel und ver\u00e4ndern Sie Ventura County\t<\/h2>\n\t<p>Im Herzen von Ventura County l\u00f6st jede Ihrer Handlungen eine Welle positiver Ver\u00e4nderungen aus. Hier bei der Ventura County Community Foundation (VCCF) laden wir Sie ein, Ihre Leidenschaft in zielgerichtetes Handeln zu lenken, das unsere Gemeinschaft bereichert. Entdecken Sie, wie Sie einen tiefgreifenden Einfluss aus\u00fcben k\u00f6nnen:<\/p>\n\t\t\t\t<img decoding=\"async\" src=\"https:\/\/vccf.org\/wp-content\/uploads\/2024\/07\/AdobeStock_566561880-1-2.png\" alt=\"AdobeStock_566561880 1 (2)\" itemprop=\"image\" height=\"377\" width=\"520\" title=\"AdobeStock_566561880 1 (2)\" onerror=\"this.style.display='none'\" loading=\"lazy\" \/>\n\tSpende an Adresse<br \/>\nGemeinschaftsbed\u00fcrfnisse\n\t<p>Leisten Sie schnell einen Beitrag f\u00fcr die dringendsten Bed\u00fcrfnisse unserer Gemeinschaft oder unterst\u00fctzen Sie einen bestimmten Fonds.<\/p>\n\t\t\t<a href=\"https:\/\/vccf.org\/de\/donate\/\" target=\"_self\">\n\t\t\t\t\t\t\tJetzt spenden!\n\t\t\t\t\t<\/a>\n\t<p>VCCF-Initiativen<\/p>\n\t<p>Erfahren Sie mehr \u00fcber die VCCF-Initiativen und finden Sie heraus, wie Sie etwas bewirken k\u00f6nnen.<\/p>\n\t\t\t<a href=\"https:\/\/vccf.org\/de\/initiatives\/\" target=\"_self\">\n\t\t\t\t\t\t\tMehr erfahren!\n\t\t\t\t\t<\/a>\n\t<p>Starten Sie Ihren eigenen Fonds<\/p>\n\t<p>Sie k\u00f6nnen in den Bereichen, die Ihnen am meisten am Herzen liegen, etwas bewirken. Wenn Sie einen Fonds gr\u00fcnden, k\u00f6nnen Sie Ihre Unterst\u00fctzung auf die Bereiche konzentrieren, die Ihnen am wichtigsten sind, und so eine nachhaltige Wirkung erzielen.<\/p>\n\t\t\t<a href=\"https:\/\/vccf.org\/de\/my-vccf-fund\/start-a-fund\/\" target=\"_self\">\n\t\t\t\t\t\t\tEinen Fonds einrichten\n\t\t\t\t\t<\/a>\n\t<p>Veranstaltungen der Gemeinschaft<\/p>\n\t<p>Kn\u00fcpfen Sie bei unseren Veranstaltungen Kontakte zu lokalen gemeinn\u00fctzigen Organisationen, anderen Spendern und Gemeindemitgliedern. Gewinnen Sie Einblicke in die transformative Arbeit in Ventura County und erfahren Sie, wie Sie ein Teil dieser Bewegung sein k\u00f6nnen.<\/p>\n\t\t\t<a href=\"https:\/\/vccf.org\/de\/events\/\" target=\"_self\">\n\t\t\t\t\t\t\tAn einer Veranstaltung teilnehmen\n\t\t\t\t\t<\/a>\n\t<p>VCCF-Laden<\/p>\n\t<p>Um die VCCF bei ihrer Arbeit weiter zu unterst\u00fctzen, besuchen Sie den VCCF-Shop!<\/p>\n\t\t\t<a href=\"https:\/\/vccf.org\/de\/store\/\" target=\"_self\">\n\t\t\t\t\t\t\tZum Laden gehen\n\t\t\t\t\t<\/a>\n<h2>\n\t\t\tWenn Sie \u00fcber VCCF spenden, erhalten Sie:\t<\/h2>\n\t<p>Fachwissen der Gemeinschaft<\/p>\n\t<p>Die VCCF kann auf eine lange Geschichte des lokalen Engagements zur\u00fcckblicken und verf\u00fcgt \u00fcber ein umfangreiches Netzwerk von \u00fcber 800 Gemeinschaftsstiftungen weltweit, die eine f\u00fchrende Rolle in der Gemeinschaft spielen. Ihre Beitr\u00e4ge flie\u00dfen in eine koordinierte, sachkundige Anstrengung ein, um die sich entwickelnden Bed\u00fcrfnisse von Ventura County zu erf\u00fcllen und wirkungsvolle Ver\u00e4nderungen und eine bessere Zukunft zu f\u00f6rdern.<\/p>\n\t<p>Gro\u00dfe Reichweite und vielf\u00e4ltige Finanzierungsm\u00f6glichkeiten<\/p>\n\t<p>Durch die B\u00fcndelung von Ressourcen unterst\u00fctzen Sie mit Ihren Spenden eine Vielzahl von Initiativen in verschiedenen Bereichen und erh\u00f6hen so die Reichweite und Wirkung jedes einzelnen Dollars, der f\u00fcr die Schaffung einer widerstandsf\u00e4higen Gemeinschaft ausgegeben wird.<\/p>\n\tProfessionelle Beratung<br \/>\nund Unterst\u00fctzung\n\t<p>Unser Team ber\u00e4t Sie fachkundig und unterst\u00fctzt Sie dabei, Ihre philanthropischen Bem\u00fchungen mit Ihren pers\u00f6nlichen Werten und Zielen in Einklang zu bringen, um sicherzustellen, dass Ihre Spenden so wirkungsvoll wie m\u00f6glich sind.<\/p>\n\t<p>Erhebliche Steuervorteile<\/p>\n\t<p>Eine Spende \u00fcber die VCCF f\u00f6rdert nicht nur Ihre altruistischen Ziele, sondern kann auch erhebliche Steuervorteile bieten und die Wirksamkeit Ihrer Beitr\u00e4ge maximieren.<\/p>","protected":false},"excerpt":{"rendered":"<p>Transform Ventura County - Engagieren Sie sich mit VCCF Umarmen Sie Ihre Leidenschaft, st\u00e4rken Sie Ihren Zweck und transformieren Sie Ventura County Im Herzen von Ventura County entz\u00fcndet jede...<\/p>","protected":false},"author":9,"featured_media":0,"parent":0,"menu_order":0,"comment_status":"closed","ping_status":"closed","template":"","meta":{"_acf_changed":false,"give_campaign_id":0,"footnotes":""},"class_list":["post-22940","page","type-page","status-publish","hentry"],"acf":[],"campaignId":"","_links":{"self":[{"href":"https:\/\/vccf.org\/de\/wp-json\/wp\/v2\/pages\/22940","targetHints":{"allow":["GET"]}}],"collection":[{"href":"https:\/\/vccf.org\/de\/wp-json\/wp\/v2\/pages"}],"about":[{"href":"https:\/\/vccf.org\/de\/wp-json\/wp\/v2\/types\/page"}],"author":[{"embeddable":true,"href":"https:\/\/vccf.org\/de\/wp-json\/wp\/v2\/users\/9"}],"replies":[{"embeddable":true,"href":"https:\/\/vccf.org\/de\/wp-json\/wp\/v2\/comments?post=22940"}],"version-history":[{"count":0,"href":"https:\/\/vccf.org\/de\/wp-json\/wp\/v2\/pages\/22940\/revisions"}],"wp:attachment":[{"href":"https:\/\/vccf.org\/de\/wp-json\/wp\/v2\/media?parent=22940"}],"curies":[{"name":"wp","href":"https:\/\/api.w.org\/{rel}","templated":true}]}}