{"id":3,"date":"2023-10-11T08:39:14","date_gmt":"2023-10-11T08:39:14","guid":{"rendered":"https:\/\/vccf.org\/?page_id=3"},"modified":"2025-01-10T08:21:56","modified_gmt":"2025-01-10T08:21:56","slug":"privacy-policy","status":"publish","type":"page","link":"https:\/\/vccf.org\/de\/privacy-policy\/","title":{"rendered":"Datenschutzbestimmungen"},"content":{"rendered":"<h3>\n\t\tDatenschutzbestimmungen\n\t<\/h3>\n\t<p><strong>Genehmigt durch den Verwaltungsrat am 7. September 2010<\/strong><\/p>\n\t<p>Die Ventura County Community Foundation verpflichtet sich, die Vertraulichkeit, Integrit\u00e4t und Sicherheit der pers\u00f6nlichen Daten zu wahren, die uns von aktuellen und potenziellen Spendern sowie von den Verantwortlichen und Mitarbeitern der gemeinn\u00fctzigen Organisationen, die sich wegen einer Finanzierung an uns wenden, und den Menschen, denen sie dienen, anvertraut werden. Diese Datenschutzerkl\u00e4rung gilt f\u00fcr die Website der Ventura County Community Foundation und regelt die Datenerfassung und -nutzung. Durch die Nutzung der Website der Ventura County Community Foundation erkl\u00e4ren Sie sich mit den in dieser Erkl\u00e4rung beschriebenen Datenpraktiken einverstanden.<\/p>\n\t<p><strong>Erfassung Ihrer pers\u00f6nlichen Daten<\/strong><\/p>\n\t<p>Die Ventura County Community Foundation speichert personenbezogene Daten wie Ihre E-Mail-Adresse, Ihren Namen, Ihre Wohn- oder Arbeitsadresse oder Ihre Telefonnummer. Die Ventura County Community Foundation speichert auch anonyme demografische Informationen, die Ihnen nicht eindeutig zuzuordnen sind, wie Postleitzahl, Alter, Geschlecht, Vorlieben, Interessen und Favoriten.<\/p>\n\t<p>Es gibt auch Informationen \u00fcber Ihre Computerhardware und -software, die von der Ventura County Community Foundation automatisch erfasst werden. Zu diesen Informationen geh\u00f6ren: Ihre IP-Adresse, der Browsertyp, der Domainname, die Zugriffszeit und die Adresse der verweisenden Website. Diese Informationen werden von der Ventura County Community Foundation f\u00fcr den Betrieb des Dienstes verwendet, um die Qualit\u00e4t des Dienstes aufrechtzuerhalten und um allgemeine Statistiken \u00fcber die Nutzung der Ventura County Community Foundation-Website zu erstellen.<\/p>\n\t<p>Bitte denken Sie daran, dass, wenn Sie pers\u00f6nlich identifizierbare Informationen oder pers\u00f6nlich sensible Daten direkt \u00fcber die \u00f6ffentlichen Mitteilungsbretter der Ventura County Community Foundation bekannt geben, diese Informationen von anderen gesammelt und verwendet werden k\u00f6nnen. Hinweis: Die Ventura County Community Foundation liest keine Ihrer privaten Online-Kommunikationen.<\/p>\n\t<p>Die Ventura County Community Foundation fordert Sie dazu auf, die Datenschutzerkl\u00e4rung der Webseiten, auf die sie von der Ventura County Community Foundation verlinkt werden, zu \u00fcberpr\u00fcfen, so dass Sie wissen, wie diese Web-Sites Ihre Informationen speichern und verwenden. Die Ventura County Community Foundation ist nicht verantwortlich f\u00fcr die Datenschutzbestimmungen oder andere Inhalte auf Websites au\u00dferhalb der Ventura County Community Foundation.<\/p>\n\t<p><strong>Verwendung Ihrer pers\u00f6nlichen Daten<\/strong><\/p>\n\t<p>Die Ventura County Community Foundation sammelt und verwendet Ihre pers\u00f6nlichen Informationen, um die Website der Ventura County Community Foundation zu betreiben und die von Ihnen gew\u00fcnschten Dienstleistungen zu erbringen. Die Ventura County Community Foundation verwendet Ihre pers\u00f6nlichen Informationen auch, um Sie \u00fcber andere Produkte oder Dienstleistungen der Ventura County Community Foundation und ihrer Partner zu informieren. Die Ventura County Community Foundation kann Sie auch zwecks Durchf\u00fchrung einer Marktforschung \u00fcber Ihre Meinung zu laufenden Diensten oder potenziellen neuen Diensten, die m\u00f6glicherweise angeboten werden, befragen.<\/p>\n\t<p>Die Ventura County Community Foundation verkauft, vermietet oder verleast ihre Kundenlisten nicht an Dritte. Die Ventura County Community Foundation kann Sie von Zeit zu Zeit im Namen von externen Gesch\u00e4ftspartnern \u00fcber ein bestimmtes Angebot informieren, das Sie m\u00f6glicherweise interessiert. In diesen F\u00e4llen werden Ihre pers\u00f6nlichen Daten (E-Mail, Name, Adresse, Telefonnummer) nicht an die dritte Partei weitergegeben. Dar\u00fcber hinaus kann die Ventura County Community Foundation Daten an vertrauensw\u00fcrdige Partner weitergeben, um uns bei der Durchf\u00fchrung statistischer Analysen zu unterst\u00fctzen, Ihnen E-Mails oder Post zu senden, Kundensupport zu leisten oder Lieferungen zu organisieren. Allen diesen Dritten ist es untersagt, Ihre pers\u00f6nlichen Daten zu verwenden, es sei denn, um diese Dienstleistungen f\u00fcr die Ventura County Community Foundation zu erbringen, und sie sind verpflichtet, die Vertraulichkeit Ihrer Daten zu wahren.<\/p>\n\t<p>Die Ventura County Community Foundation verwendet oder offenbart keine sensiblen pers\u00f6nlichen Daten wie Ethnie, Religion oder politische Zugeh\u00f6rigkeit ohne Ihre ausdr\u00fcckliche Zustimmung.<\/p>\n\t<p>Die Ventura County Community Foundation verfolgt die Spuren der Websites und Seiten, die unsere Kunden innerhalb der Ventura County Community Foundation besuchen, um festzustellen, welche Angebote der Ventura County Community Foundation am beliebtesten sind. Diese Daten werden verwendet, um ma\u00dfgeschneiderte Inhalte und Werbung innerhalb der Ventura County Community Foundation f\u00fcr Kunden zu liefern, deren Verhalten darauf hindeutet, dass sie an einem bestimmten Themenbereich interessiert sind.<\/p>\n\t<p>Die Websites der Ventura County Community Foundation geben Ihre pers\u00f6nlichen Daten ohne Vorank\u00fcndigung nur dann weiter, wenn dies gesetzlich vorgeschrieben ist oder wenn sie in gutem Glauben davon ausgehen, dass eine solche Ma\u00dfnahme notwendig ist, um: (a) zur Einhaltung der gesetzlichen Bestimmungen oder zur Befolgung von Gerichtsverfahren, die der Ventura County Community Foundation oder der Website zugestellt werden; (b) zum Schutz und zur Verteidigung der Rechte oder des Eigentums der Ventura County Community Foundation; und (c) unter dringenden Umst\u00e4nden zum Schutz der pers\u00f6nlichen Sicherheit der Benutzer der Ventura County Community Foundation oder der \u00d6ffentlichkeit.<\/p>\n\t<p><strong>Verwendung von Cookies<\/strong><\/p>\n\t<p>Die Website der Ventura County Community Foundation verwendet \"Cookies\", um Ihr Online-Erlebnis zu personalisieren. Ein Cookie ist eine Textdatei, die von einem Webserver auf Ihrer Festplatte abgelegt wird. Cookies k\u00f6nnen nicht verwendet werden, um Programme auszuf\u00fchren oder Viren auf Ihren Computer zu \u00fcbertragen. Cookies sind Ihnen eindeutig zugeordnet und k\u00f6nnen nur von einem Webserver in der Dom\u00e4ne gelesen werden, die das Cookie an Sie ausgegeben hat.<\/p>\n\t<p>Einer der Hauptzwecke von Cookies ist es, Ihnen eine praktische Funktion zu bieten, die Ihnen Zeit spart. Der Zweck eines Cookies besteht darin, dem Webserver mitzuteilen, dass Sie zu einer bestimmten Seite zur\u00fcckgekehrt sind. Wenn Sie zum Beispiel die Seiten der Ventura County Community Foundation personalisieren oder sich bei der Ventura County Community Foundation registrieren, hilft ein Cookie der Ventura County Community Foundation, Ihre spezifischen Informationen bei sp\u00e4teren Besuchen wiederzuerkennen. Dies vereinfacht den Prozess der Erfassung Ihrer pers\u00f6nlichen Informationen, wie z.B. Rechnungsadressen, Lieferadressen und so weiter. Wenn Sie zu derselben Website der Ventura County Community Foundation zur\u00fcckkehren, k\u00f6nnen die von Ihnen zuvor bereitgestellten Informationen abgerufen werden, so dass Sie die von Ihnen gew\u00fcnschten Funktionen der Ventura County Community Foundation problemlos nutzen k\u00f6nnen.<\/p>\n\t<p>Sie haben die M\u00f6glichkeit, Cookies zu akzeptieren oder abzulehnen. Die meisten Webbrowser akzeptieren Cookies automatisch, aber Sie k\u00f6nnen die Einstellungen Ihres Browsers in der Regel so \u00e4ndern, dass Sie Cookies ablehnen, wenn Sie dies w\u00fcnschen. Wenn Sie sich daf\u00fcr entscheiden, Cookies abzulehnen, k\u00f6nnen Sie m\u00f6glicherweise nicht alle interaktiven Funktionen der Ventura County Community Foundation-Dienste oder der von Ihnen besuchten Websites nutzen.<\/p>\n\t<p><strong>Sicherheit Ihrer pers\u00f6nlichen Daten<\/strong><\/p>\n\t<p>Die Ventura County Community Foundation sch\u00fctzt Ihre pers\u00f6nlichen Daten vor unbefugtem Zugriff, Verwendung oder Ver\u00f6ffentlichung. Die Ventura County Community Foundation verwahrt hierf\u00fcr ihre pers\u00f6nlichen Informationen, die Sie auf dem Server speichern, in einer kontrollierten sicheren Umgebung, in der unerlaubter Zugriff und Ver\u00f6ffentlichung verhindert werden. Wenn pers\u00f6nliche Informationen (wie z.B. eine Kreditkartennummer) an andere Websites \u00fcbertragen werden, werden sie durch Verschl\u00fcsselung gesch\u00fctzt.<\/p>\n\t<p><strong>\u00c4nderungen an dieser Erkl\u00e4rung<\/strong><\/p>\n\t<p>Die Ventura County Community Foundation wird diese Datenschutzerkl\u00e4rung gelegentlich aktualisieren, um R\u00fcckmeldungen von Unternehmen und Kunden zu ber\u00fccksichtigen. Die Ventura County Community Foundation fordert Sie auf, diese Erkl\u00e4rung regelm\u00e4\u00dfig zu \u00fcberpr\u00fcfen, um sich dar\u00fcber zu informieren, wie die Ventura County Community Foundation Ihre Daten sch\u00fctzt.<\/p>\n\t<p><strong>Kontaktinformationen<\/strong><\/p>\n\t<p>Die Ventura County Community Foundation freut sich \u00fcber Ihre Kommentare zu dieser Erkl\u00e4rung zum Datenschutz. Wenn Sie der Meinung sind, dass sich die Ventura County Community Foundation nicht an diese Erkl\u00e4rung gehalten hat, wenden Sie sich bitte an die Ventura County Community Foundation unter <a href=\"mailto:info@vccf.org\">info@vccf.org<\/a>. Wir werden alle wirtschaftlich vertretbaren Anstrengungen unternehmen, um das Problem umgehend zu ermitteln und zu beheben.<\/p>","protected":false},"excerpt":{"rendered":"<p>Datenschutzrichtlinie Genehmigt vom Vorstand am 7. September 2010 Die Ventura County Community Foundation verpflichtet sich, die Vertraulichkeit, Integrit\u00e4t und Sicherheit der ihr anvertrauten pers\u00f6nlichen Daten zu wahren...<\/p>","protected":false},"author":3,"featured_media":0,"parent":0,"menu_order":0,"comment_status":"closed","ping_status":"closed","template":"","meta":{"_acf_changed":false,"give_campaign_id":0,"footnotes":""},"class_list":["post-3","page","type-page","status-publish","hentry"],"acf":[],"campaignId":"","_links":{"self":[{"href":"https:\/\/vccf.org\/de\/wp-json\/wp\/v2\/pages\/3","targetHints":{"allow":["GET"]}}],"collection":[{"href":"https:\/\/vccf.org\/de\/wp-json\/wp\/v2\/pages"}],"about":[{"href":"https:\/\/vccf.org\/de\/wp-json\/wp\/v2\/types\/page"}],"author":[{"embeddable":true,"href":"https:\/\/vccf.org\/de\/wp-json\/wp\/v2\/users\/3"}],"replies":[{"embeddable":true,"href":"https:\/\/vccf.org\/de\/wp-json\/wp\/v2\/comments?post=3"}],"version-history":[{"count":0,"href":"https:\/\/vccf.org\/de\/wp-json\/wp\/v2\/pages\/3\/revisions"}],"wp:attachment":[{"href":"https:\/\/vccf.org\/de\/wp-json\/wp\/v2\/media?parent=3"}],"curies":[{"name":"wp","href":"https:\/\/api.w.org\/{rel}","templated":true}]}}