{"id":521,"date":"2024-04-18T13:58:36","date_gmt":"2024-04-18T13:58:36","guid":{"rendered":"https:\/\/vccf.org\/?page_id=521"},"modified":"2026-01-20T09:54:24","modified_gmt":"2026-01-20T17:54:24","slug":"student-applicants","status":"publish","type":"page","link":"https:\/\/vccf.org\/de\/scholarships\/students\/student-applicants\/","title":{"rendered":"Student Applicants"},"content":{"rendered":"<h1>\n\t\t\tHerzlichen Gl\u00fcckwunsch zur Hochschulbildung!\t<\/h1>\n\t<p>Dank der Gro\u00dfz\u00fcgigkeit lokaler Spender ist VCCF in der Lage, mit Ihnen zusammenzuarbeiten, damit Sie Ihre Karriere- und Bildungsziele erreichen k\u00f6nnen.<\/p>\n<h2>\n\t\t\tVCCF Scholarship Season Now Closed\t<\/h2>\n<figure itemscope itemtype=\"https:\/\/schema.org\/ImageObject\">\n\t\t\t\t<img decoding=\"async\" src=\"https:\/\/vccf.org\/wp-content\/uploads\/2024\/12\/ye6dugke.jpeg\" alt=\"ye6dugke\" height=\"1067\" width=\"1600\" title=\"ye6dugke\" onerror=\"this.style.display='none'\" loading=\"lazy\" \/>\n\t<\/figure>\n<h2>\n\t\t\tDas Bewerbungsverfahren\t<\/h2>\n\t<p>Unser Bewerbungsverfahren f\u00fcr Stipendien ist <strong>wettbewerbsf\u00e4hig<\/strong>mit \u00fcber 100 Stipendienangeboten und <strong>mehrere Tausend<\/strong> <strong>Antragsteller j\u00e4hrlich<\/strong>. Das sorgf\u00e4ltige und vollst\u00e4ndige Ausf\u00fcllen des Antrags ist entscheidend f\u00fcr die F\u00f6rderungsw\u00fcrdigkeit. Wir raten jedem Studenten, gr\u00fcndlich <strong>Lesen Sie die folgende Seite<\/strong> um die Anforderungen der Anwendung zu verstehen.<\/p>\n\t\t\t\tWatch the Overview Video\n\t\t\t\t<iframe src=\"https:\/\/player.vimeo.com\/video\/1127333725?badge=0&amp;autopause=0&amp;player_id=0&amp;app_id=58479\" frameborder=\"0\" allow=\"autoplay; fullscreen; picture-in-picture; clipboard-write; encrypted-media; web-share\" referrerpolicy=\"strict-origin-when-cross-origin\" title=\"VCCF Scholarship Presentation 2025.26\"><\/iframe>\t\t\t\n\t\t\t\tErste Schritte\n\t\t\t\t<p>Um Ihre Bewerbung erfolgreich abschlie\u00dfen zu k\u00f6nnen, lesen Sie bitte alle Informationen auf dieser Seite.<\/p>\n<ol>\n<li>Erstellen Sie ein Konto auf dem Portal VCCF Academic Works, indem Sie\u00a0<strong><a href=\"https:\/\/vccf.academicworks.com\/users\/sign_up\" target=\"_blank\" rel=\"noopener\">hier klicken<\/a><\/strong>. Verwenden Sie unbedingt Ihre pers\u00f6nliche E-Mail-Adresse und \u00fcberpr\u00fcfen Sie Ihre E-Mails regelm\u00e4\u00dfig. <strong>Verwenden Sie nicht Ihre Schul-E-Mail-Adresse<\/strong>. Befolgen Sie bei der Festlegung eines Passworts die folgenden Richtlinien. Ihr Passwort muss:\n<ul>\n<li>Sie d\u00fcrfen weder Ihren Benutzernamen noch g\u00e4ngige W\u00f6rter oder Ausdr\u00fccke enthalten.<\/li>\n<li>Sie m\u00fcssen mindestens 12 Zeichen enthalten.<\/li>\n<li>Enthalten Sie mindestens 1 Ziffer, 1 Gro\u00dfbuchstaben, 1 Kleinbuchstaben und 1 dieser Sonderzeichen: # ? ! @ $ % ^ &amp; * -<\/li>\n<\/ul>\n<\/li>\n<li>Wenden Sie sich an zwei Personen, die bereit sind, einen Empfehlungsfragebogen in Ihrem Namen auszuf\u00fcllen. Eine der Personen muss ein Lehrer oder Schulberater sein. Sie werden aufgefordert, die Namen und E-Mail-Adressen Ihrer Referenzen im Bewerbungsportal anzugeben. Wenn m\u00f6glich, geben Sie bitte deren pers\u00f6nliche E-Mail-Adressen an. Die andere Person kann ein Trainer, ein Pastor, ein Arbeitgeber oder eine Person sein, die kein Familienmitglied ist. Briefe von Gleichaltrigen werden nicht akzeptiert.<\/li>\n<li>Nachdem Sie die allgemeine Bewerbung ausgef\u00fcllt haben, <strong>click on &#8220;other opportunities&#8221;<\/strong> um sicherzustellen, dass Sie die Anforderungen f\u00fcr die einzelnen Stellen erf\u00fcllen, auf die Sie sich bewerben.<\/li>\n<li>Wenn Sie Hilfe ben\u00f6tigen, wenden Sie sich bitte an unsere Stipendienabteilung unter <a href=\"mailto:scholarships@vccf.org\" target=\"_blank\" rel=\"noopener\">scholarships@vccf.org<\/a><\/li>\n<\/ol>\n\t\t\t\tFordern Sie Ihr aktuellstes Zeugnis bei Ihrem Studienberater an\n\t\t\t\t<ul>\n<li>Sie m\u00fcssen eine Abschrift einreichen\u00a0<strong>als PDF-Datei<\/strong> damit Ihre Bewerbung ber\u00fccksichtigt werden kann. Bitte achten Sie darauf, dass der Dateiname kurz ist und keine Sonderzeichen enth\u00e4lt.<\/li>\n<li>Studentenprofile sind nur dann zul\u00e4ssig, wenn sie Ihren ungewichteten Notendurchschnitt enthalten.<\/li>\n<li><strong>Ihr ungewichteter Notendurchschnitt muss sichtbar sein.<\/strong><\/li>\n<\/ul>\n\t\t\t\tBitten Sie um mindestens zwei Referenzen\n\t\t\t\t<p>Bitte beachten Sie, dass die meisten Empfehlungsgeber Folgendes ben\u00f6tigen\u00a0<strong>mindestens zwei (2) Wochen<\/strong>\u00a0Wir empfehlen Ihnen, Ihre Empfehlungsgeber so fr\u00fch wie m\u00f6glich zu benachrichtigen, um den Empfehlungsfragebogen auszuf\u00fcllen. Wir ermutigen Sie, Ihren Empfehlungsgebern so viel Vorlaufzeit wie m\u00f6glich zu geben, wenn Sie eine Empfehlung anfordern.<\/p>\n<p>In diesem Jahr werden Ihre Empfehlungsgeber einen Fragebogen f\u00fcr Sie ausf\u00fcllen.<\/p>\n<ul>\n<li>Geben Sie Ihren Empfehlungsgebern gen\u00fcgend Zeit zum Ausf\u00fcllen des Fragebogens.<\/li>\n<li>Die andere(n) Empfehlung(en) kann (k\u00f6nnen) von einem Trainer, Pastor, Arbeitgeber, Mentor oder einer anderen Person stammen, die Sie gut kennt und kein Freund oder Familienmitglied ist, aber mindestens eine Empfehlung sollte von einem Lehrer oder Studienberater stammen.<\/li>\n<\/ul>\n\t\t\t\tFinancial Need\n\t\t\t\t<p>Some of our scholarships require proof of financial need. <a href=\"https:\/\/vccf.org\/wp-content\/uploads\/2025\/10\/2026-VCCF-Financial-Need-Resource.pdf\"><strong>Please view our Financial Need Guidelines here<\/strong><\/a>Wenn Sie den Antrag ausf\u00fcllen, m\u00fcssen Sie Ihre letzten Finanzdaten kennen.<\/p>\n<ul>\n<li>Wenn Sie ein\u00a0<strong>abh\u00e4ngig<\/strong> you will need your guardians&#8217;\/spouse&#8217;s<strong>\u00a0Gesamteinkommen aus dem letzten Steuerjahr, in dem der Antrag gestellt wurde<\/strong>.<\/li>\n<li>Wenn Sie <strong>unabh\u00e4ngig<\/strong> ben\u00f6tigen Sie die\u00a0<strong>Gesamteinkommen f\u00fcr das letzte Steuerjahr, in dem Sie Ihren Antrag gestellt haben.<\/strong><\/li>\n<li>Die Richtlinien f\u00fcr die finanzielle Bed\u00fcrftigkeit werden im Oktober eines jeden Kalenderjahres ver\u00f6ffentlicht.<\/li>\n<\/ul>\n\t\t\t\t\u00dcberpr\u00fcfung der verf\u00fcgbaren Stipendienm\u00f6glichkeiten\n\t\t\t\t<p><strong>Die Ventura County Community Foundation bietet \u00fcber 100 Stipendien an!<\/strong><\/p>\n<p>Es stehen neue Stipendien zur Verf\u00fcgung, und es wurden einige \u00c4nderungen vorgenommen. Alle Bewerber, auch diejenigen, die bereits ein Stipendium erhalten haben, sollten die Richtlinien \u00fcberpr\u00fcfen, da sich die Kriterien ge\u00e4ndert haben k\u00f6nnen. Die Stipendienrichtlinien werden im Oktober eines jeden Kalenderjahres ver\u00f6ffentlicht.<\/p>\n<p><strong><a href=\"https:\/\/vccf.org\/wp-content\/uploads\/2025\/10\/2026-Scholarship-Guidelines.pdf\" target=\"_blank\" rel=\"noopener\">Klicken Sie hier<\/a><\/strong> f\u00fcr unsere Stipendienrichtlinien.<\/p>\n<p>Wenn Sie den allgemeinen Stipendienantrag ausf\u00fcllen und einreichen, wird Ihr Antrag f\u00fcr alle verf\u00fcgbaren Stipendien ber\u00fccksichtigt. Zus\u00e4tzlich zu den Auto-Match-Stipendien gibt es mehrere Stipendien, f\u00fcr die Sie sich bewerben k\u00f6nnen. Sie k\u00f6nnen sich die Stipendienangebote ansehen, sobald Sie den allgemeinen Antrag eingereicht haben.<\/p>\n\t\t\t\tTipps zum Stipendium\n\t\t\t\t<ul>\n<li><strong>TIPP #1 Warten Sie nicht bis zur letzten Minute<\/strong><br \/>\nDas Ausf\u00fcllen des Antrags nimmt einige Zeit in Anspruch, \u00fcberlegen Sie sich Ihre Antworten gut.<\/li>\n<li><strong>TIPP #2 Stellen Sie sicher, dass Ihre Empfehlungen in Ihrem Namen abgegeben werden<\/strong><br \/>\nF\u00fcr die Bewerbung sind zwei Empfehlungen erforderlich, damit Ihre Bewerbung ber\u00fccksichtigt werden kann. Es liegt in Ihrer Verantwortung, daf\u00fcr zu sorgen, dass Ihre Empfehlungsgeber die Empfehlung in Ihrem Namen bis zum Ablauf der Frist ausf\u00fcllen.<\/li>\n<li><strong>TIPP #3 F\u00fcllen Sie den Antrag vollst\u00e4ndig aus.<\/strong><br \/>\nBe sure to complete the entire application. If a question does not apply, note that on the application (&#8220;n\/a&#8221; for not applicable). Don&#8217;t just leave a blank. Include all required documents.<\/li>\n<li><strong>TIPP #4 Befolgen Sie die Anweisungen.<br \/>\n<\/strong>Geben Sie alles an, was verlangt wird, aber geben Sie nichts an, was nicht verlangt wird - Ihre Bewerbung wird disqualifiziert.\u00a0<strong>Wenn ein spezieller Aufsatz oder ein spezielles Formular erforderlich ist, sollten Sie dieses unbedingt beif\u00fcgen.<\/strong><\/li>\n<li><strong>TIPP #5 Sorgen Sie daf\u00fcr, dass Ihr Aufsatz Eindruck macht.<\/strong><br \/>\nThe key to writing a strong essay is to be personal and specific. Include concrete details to make your experience come alive: the &#8216;who,&#8217; &#8216;what,&#8217; &#8216;where,&#8217; and &#8216;when&#8217; of your topic. The simplest experience can be monumental if you present honestly how you were affected. There is a specific prompt or topic for each scholarship. Be sure that you respond to that prompt. Be sure to check your spelling. Think of your essay as a narrative picture of you for our selection committee.<\/li>\n<li><strong>TIP #6 Give it a final &#8216;once-over.&#8217;<br \/>\n<\/strong>Lesen Sie die gesamte Bewerbung sorgf\u00e4ltig Korrektur. Achten Sie auf falsch geschriebene W\u00f6rter oder grammatikalische Fehler. Bitten Sie einen Freund, einen Lehrer oder ein Elternteil, Ihre Aufs\u00e4tze Korrektur zu lesen.<\/li>\n<li><strong>TIPP #7 Bitten Sie um Hilfe, wenn Sie sie brauchen.<br \/>\n<\/strong>Sollten Sie ein Problem mit dem Antrag haben, wenden Sie sich bitte an das VCCF-Stipendiumsteam unter <a href=\"mailto:scholarships@vccf.org\" rel=\"noopener\" target=\"_blank\">scholarships@vccf.org<\/a>. Wenn Sie spezielle Fragen zum Antrag haben, wenden Sie sich an die Ventura County Community Foundation.<\/li>\n<li><strong>TIPP #8 Denken Sie daran: Ihr Stipendienantrag repr\u00e4sentiert Sie!<\/strong><br \/>\nIhre F\u00e4higkeit, eine ordentliche, rechtzeitige und vollst\u00e4ndige Bewerbung einzureichen, ist ein gutes Zeichen. Es ist Ihr Gesicht f\u00fcr diese Organisation. Seien Sie stolz auf sich, indem Sie die bestm\u00f6gliche Bewerbung einreichen.<\/li>\n<li><strong>TIPP #9 Bewerben Sie sich nur, wenn Sie f\u00f6rderf\u00e4hig sind.<br \/>\n<\/strong>Bitte vergewissern Sie sich, dass Sie f\u00fcr die verf\u00fcgbaren Stipendien in Frage kommen, bevor Sie sich bewerben. Ihre Bewerbung wird nicht ber\u00fccksichtigt, wenn Sie nicht berechtigt sind, sich zu bewerben.<\/li>\n<\/ul>\n\t\t\t\tWichtige Dokumente\n\t\t\t\t<p><strong><a href=\"https:\/\/vccf.org\/wp-content\/uploads\/2025\/10\/2026-VCCF-Financial-Need-Resource.pdf\" target=\"_blank\" rel=\"noopener\">2025-2026 Financial Need Document<\/a><\/strong><\/p>\n<p><strong><a href=\"https:\/\/vccf.org\/wp-content\/uploads\/2024\/11\/guidelines-24.25-final.pdf\" target=\"_blank\" rel=\"noopener\">2024-2025 Leitlinien<\/a><\/strong><\/p>\n\t\t\t\tTimeline &#038; Important Dates\n\t\t\t\t<p><strong>October 29, 2025: <\/strong><em>Application Opens<\/em><\/p>\n<p><strong>January 16, 2026: <\/strong><em>Application Closes<\/em><\/p>\n<p><strong>January 23, 2026: <\/strong><em>Final Reference Deadline<\/em><\/p>\n<p><strong>February through April 2026: <\/strong><em>Die Antr\u00e4ge werden gepr\u00fcft<\/em><\/p>\n<p><strong>April 28, 2026: <\/strong><em>Applicants Informed<\/em><\/p>\n<h2>\n\t\t\tNow you are ready to apply\t<\/h2>\n\t<p>You&#8217;ve reviewed the eligibility guidelines, you&#8217;ve requested your most recent transcripts, gathered your financial documents, and have contacted your potential references &#8211; great! Now it&#8217;s time to work on your application.<\/p>\n\t\t\t<a href=\"https:\/\/vccf.academicworks.com\/\" target=\"_blank\" rel=\"noopener\">\n\t\t\t\t\t\t\tBewerbung\n\t\t\t\t\t<\/a>\n    <button id=\"board-prev\" type=\"button\"><\/button>\n    1\n     \/ 4\n    <button id=\"board-next\" type=\"button\"><\/button>","protected":false},"excerpt":{"rendered":"<p>Congratulations on Pursuing Higher Education! Through the generosity of local donors, VCCF is able to partner with you to help you reach your career and educational goals. VCCF Scholarship Season&hellip;<\/p>","protected":false},"author":4,"featured_media":0,"parent":269,"menu_order":0,"comment_status":"closed","ping_status":"closed","template":"","meta":{"_acf_changed":false,"give_campaign_id":0,"footnotes":""},"class_list":["post-521","page","type-page","status-publish","hentry"],"acf":[],"campaignId":"","_links":{"self":[{"href":"https:\/\/vccf.org\/de\/wp-json\/wp\/v2\/pages\/521","targetHints":{"allow":["GET"]}}],"collection":[{"href":"https:\/\/vccf.org\/de\/wp-json\/wp\/v2\/pages"}],"about":[{"href":"https:\/\/vccf.org\/de\/wp-json\/wp\/v2\/types\/page"}],"author":[{"embeddable":true,"href":"https:\/\/vccf.org\/de\/wp-json\/wp\/v2\/users\/4"}],"replies":[{"embeddable":true,"href":"https:\/\/vccf.org\/de\/wp-json\/wp\/v2\/comments?post=521"}],"version-history":[{"count":0,"href":"https:\/\/vccf.org\/de\/wp-json\/wp\/v2\/pages\/521\/revisions"}],"up":[{"embeddable":true,"href":"https:\/\/vccf.org\/de\/wp-json\/wp\/v2\/pages\/269"}],"wp:attachment":[{"href":"https:\/\/vccf.org\/de\/wp-json\/wp\/v2\/media?parent=521"}],"curies":[{"name":"wp","href":"https:\/\/api.w.org\/{rel}","templated":true}]}}