{"id":553,"date":"2024-04-19T10:40:40","date_gmt":"2024-04-19T10:40:40","guid":{"rendered":"https:\/\/vccf.org\/?page_id=553"},"modified":"2026-04-14T12:34:43","modified_gmt":"2026-04-14T19:34:43","slug":"recommenders","status":"publish","type":"page","link":"https:\/\/vccf.org\/de\/scholarships\/recommenders\/","title":{"rendered":"Empfehlungsgeber"},"content":{"rendered":"<h1>\n\t\t\tReferenzen f\u00fcr VCCF-Stipendien\t<\/h1>\n\t<p>Vielen Dank, dass Sie unsere Sch\u00fcler in Ventura County unterst\u00fctzen!<\/p>\n\t<p>Jedes Jahr bewerben sich Tausende von Studenten um VCCF-Stipendien. Empfehlungsschreiben sind ein wichtiger Bestandteil des VCCF-Stipendienbewerbungsverfahrens. Sie vermitteln den Mitgliedern des Auswahlausschusses w\u00e4hrend des Bewertungsprozesses ein ganzheitliches Bild des Studenten. Referenzschreiben verraten viel \u00fcber den Bewerber und erm\u00f6glichen es den Mitgliedern des Auswahlausschusses, die Ziele, Bestrebungen, Arbeitsmoral und den Charakter des Bewerbers besser zu verstehen.<\/p>\n<figure itemscope itemtype=\"https:\/\/schema.org\/ImageObject\">\n\t\t\t\t<img decoding=\"async\" src=\"https:\/\/vccf.org\/wp-content\/uploads\/2024\/07\/image-82.png\" alt=\"image (82)\" height=\"851\" width=\"836\" title=\"Bild (82)\" onerror=\"this.style.display='none'\" loading=\"lazy\" \/>\n\t<\/figure>\n\t<p>&#8220;I&#8217;m a recommender because grades and activities only tell part of the story. My hope is that a well-written letter of rec tells a donor the student&#8217;s story of grit and perseverance.&#8221;<\/p>\n\t<p>Sarah Page, High School AVID-Lehrerin und Referenz<\/p>\n<h2>\n\t\t\tErste Schritte\t<\/h2>\n\t<p>Bevor Sie mit dem Schreiben beginnen, nehmen Sie sich bitte einen Moment Zeit, um die folgenden wichtigen Informationen zu lesen.<\/p>\n\t\t\t\tWas Sie als Referenz erwarten k\u00f6nnen\n\t\t\t\t<p>Die Studierenden werden Sie fragen, ob Sie bereit sind, einen Fragebogen in ihrem Namen auszuf\u00fcllen. Wenn Sie nicht in der Lage sind, den Fragebogen auszuf\u00fcllen, teilen Sie dies bitte mit, damit sie eine andere Referenz finden k\u00f6nnen.\u00a0<strong>Zwei Frageb\u00f6gen m\u00fcssen im Namen des Studenten eingereicht werden, andernfalls wird er automatisch disqualifiziert.<\/strong>\u00a0Der Fragebogen wird vertraulich behandelt, und der Student hat keinen Zugang zu Ihren Antworten.<\/p>\n<p>Die Studierenden geben ihre E-Mail-Adresse in die Anwendung ein. Sie erhalten dann eine E-Mail von Academic Works mit einem direkten Link zum Fragebogen. M\u00f6glicherweise m\u00fcssen Sie einen Benutzernamen und ein Passwort erstellen.<\/p>\n<p>Wenn Sie technische Probleme haben, senden Sie bitte eine E-Mail an <a href=\"mailto:scholarships@vccf.org\">scholarships@vccf.org<\/a><\/p>\n\t\t\t\tWelche Informationen sollten in Ihrem Fragebogen erfasst werden?\n\t\t\t\t<p>Wir werden Sie in dem Fragebogen nach folgenden Punkten fragen:<\/p>\n<ul>\n<li>Ihre Beziehung zu dem Sch\u00fcler<\/li>\n<li>Wie lange kennen Sie den Sch\u00fcler\/die Sch\u00fclerin schon?<\/li>\n<li>Die St\u00e4rken dieses Studenten<\/li>\n<li>The student&#8217;s work ethic<\/li>\n<\/ul>\n<p><strong>Wenn Sie den Sch\u00fcler als Akademiker kennen, gehen Sie bitte auch auf seine Beteiligung am Unterricht und seine F\u00e4higkeit ein, mit anderen zusammenzuarbeiten und ihnen zuzuh\u00f6ren.<\/strong><\/p>\n\t\t\t\tFalls Sie nicht in der Lage sind, einen Fragebogen im Namen des Sch\u00fclers\/der Sch\u00fclerin einzureichen\n\t\t\t\t<p>Unfortunately, applicants who do not have\u00a0two references\u00a0are\u00a0<strong>automatisch disqualifiziert<\/strong>\u00a0aus dem VCCF-Stipendienantragsverfahren.<\/p>\n<p>Sollten Sie nicht in der Lage sein, den Fragebogen auszuf\u00fcllen, teilen Sie dies bitte umgehend mit, damit der Student eine andere Person fragen kann.<\/p>\n    <button id=\"board-prev\" type=\"button\"><\/button>\n    1\n     \/ 4\n    <button id=\"board-next\" type=\"button\"><\/button>","protected":false},"excerpt":{"rendered":"<p>VCCF Scholarship references Thank you for supporting our Ventura County students! Every year, thousands of students apply for VCCF scholarships. Letters of reference are a vital part of the VCCF&hellip;<\/p>","protected":false},"author":4,"featured_media":0,"parent":22926,"menu_order":0,"comment_status":"closed","ping_status":"closed","template":"","meta":{"_acf_changed":false,"give_campaign_id":0,"footnotes":""},"class_list":["post-553","page","type-page","status-publish","hentry"],"acf":[],"campaignId":"","_links":{"self":[{"href":"https:\/\/vccf.org\/de\/wp-json\/wp\/v2\/pages\/553","targetHints":{"allow":["GET"]}}],"collection":[{"href":"https:\/\/vccf.org\/de\/wp-json\/wp\/v2\/pages"}],"about":[{"href":"https:\/\/vccf.org\/de\/wp-json\/wp\/v2\/types\/page"}],"author":[{"embeddable":true,"href":"https:\/\/vccf.org\/de\/wp-json\/wp\/v2\/users\/4"}],"replies":[{"embeddable":true,"href":"https:\/\/vccf.org\/de\/wp-json\/wp\/v2\/comments?post=553"}],"version-history":[{"count":0,"href":"https:\/\/vccf.org\/de\/wp-json\/wp\/v2\/pages\/553\/revisions"}],"up":[{"embeddable":true,"href":"https:\/\/vccf.org\/de\/wp-json\/wp\/v2\/pages\/22926"}],"wp:attachment":[{"href":"https:\/\/vccf.org\/de\/wp-json\/wp\/v2\/media?parent=553"}],"curies":[{"name":"wp","href":"https:\/\/api.w.org\/{rel}","templated":true}]}}