{"id":562,"date":"2024-04-19T11:16:06","date_gmt":"2024-04-19T11:16:06","guid":{"rendered":"https:\/\/vccf.org\/?page_id=562"},"modified":"2025-08-11T08:49:47","modified_gmt":"2025-08-11T15:49:47","slug":"donors","status":"publish","type":"page","link":"https:\/\/vccf.org\/de\/scholarships\/donors\/","title":{"rendered":"Scholarship Donors"},"content":{"rendered":"<h1>\n\t\t\tVCCF-Stipendienspender\t<\/h1>\n\t<p>Dieses Programm ist nur dank der gro\u00dfz\u00fcgigen Spender m\u00f6glich, die unsere Sch\u00fcler in Ventura County unterst\u00fctzen. \u00dcberlegen Sie sich noch heute, ob Sie einen Stipendienfonds einrichten m\u00f6chten.<\/p>\n\t\t\t<a href=\"#start-a-fund\" target=\"_self\">\n\t\t\t\t\t\t\tSpenden Sie\n\t\t\t\t\t<\/a>\n\t\t\t\t<img decoding=\"async\" src=\"https:\/\/vccf.org\/wp-content\/uploads\/2024\/09\/iStock-475889833-2.png\" alt=\"iStock-475889833 2\" itemprop=\"image\" height=\"851\" width=\"836\" title=\"iStock-475889833 2\" onerror=\"this.style.display='none'\" loading=\"lazy\" \/>\n\t\t\t\t<img decoding=\"async\" src=\"https:\/\/vccf.org\/wp-content\/uploads\/2024\/09\/image-5.png\" alt=\"image (5)\" itemprop=\"image\" height=\"563\" width=\"463\" title=\"Bild (5)\" onerror=\"this.style.display='none'\" loading=\"lazy\" \/>\n<h2  id=\"start-a-fund\">\n\t\t\tStarten Sie einen Stipendienfonds!\t<\/h2>\n\t<p>Wir sch\u00e4tzen die Zusammenarbeit mit gro\u00dfz\u00fcgigen Spendern, um bed\u00fcrftige Sch\u00fcler in Ventura County zu unterst\u00fctzen.<\/p>\n<p>Die Einrichtung eines Stipendienfonds ist einfach, wenn Sie mit der Ventura County Community Foundation zusammenarbeiten.<\/p>\n\t\t\t<a href=\"https:\/\/vccf.org\/de\/my-vccf-fund\/start-a-fund\/\" target=\"_self\">\n\t\t\t\t\t\t\tStarten Sie einen Stipendienfonds\n\t\t\t\t\t<\/a>\n    <button id=\"board-prev\" type=\"button\"><\/button>\n    1\n     \/ 4\n    <button id=\"board-next\" type=\"button\"><\/button>\n<h2>\n\t\t\tCongrats to our 2025 scholarship recipients!\t<\/h2>\n\t\t\t<a href=\"https:\/\/vccf.org\/de\/2025-vccf-scholarship-season-a-thank-you-from-our-students\/\" target=\"_self\">\n\t\t\t\t\t\t\tMehr lesen\n\t\t\t\t\t<\/a>\n\t\t<iframe loading=\"lazy\" title=\"vimeo-player\" src=\"https:\/\/player.vimeo.com\/video\/1103213031?h=8345a254cc\" width=\"640\" height=\"360\" frameborder=\"0\" referrerpolicy=\"strict-origin-when-cross-origin\" allow=\"autoplay; fullscreen; picture-in-picture; clipboard-write; encrypted-media; web-share\"   allowfullscreen><\/iframe>","protected":false},"excerpt":{"rendered":"<p>VCCF Scholarship Donors This program is only possible thanks to the generous donors supporting our students in Ventura County. Explore establishing your scholarship fund today. Donate Start a scholarship fund!&hellip;<\/p>","protected":false},"author":4,"featured_media":0,"parent":22926,"menu_order":0,"comment_status":"closed","ping_status":"closed","template":"","meta":{"_acf_changed":false,"give_campaign_id":0,"footnotes":""},"class_list":["post-562","page","type-page","status-publish","hentry"],"acf":[],"campaignId":"","_links":{"self":[{"href":"https:\/\/vccf.org\/de\/wp-json\/wp\/v2\/pages\/562","targetHints":{"allow":["GET"]}}],"collection":[{"href":"https:\/\/vccf.org\/de\/wp-json\/wp\/v2\/pages"}],"about":[{"href":"https:\/\/vccf.org\/de\/wp-json\/wp\/v2\/types\/page"}],"author":[{"embeddable":true,"href":"https:\/\/vccf.org\/de\/wp-json\/wp\/v2\/users\/4"}],"replies":[{"embeddable":true,"href":"https:\/\/vccf.org\/de\/wp-json\/wp\/v2\/comments?post=562"}],"version-history":[{"count":0,"href":"https:\/\/vccf.org\/de\/wp-json\/wp\/v2\/pages\/562\/revisions"}],"up":[{"embeddable":true,"href":"https:\/\/vccf.org\/de\/wp-json\/wp\/v2\/pages\/22926"}],"wp:attachment":[{"href":"https:\/\/vccf.org\/de\/wp-json\/wp\/v2\/media?parent=562"}],"curies":[{"name":"wp","href":"https:\/\/api.w.org\/{rel}","templated":true}]}}