{"id":566,"date":"2024-04-19T13:04:37","date_gmt":"2024-04-19T13:04:37","guid":{"rendered":"https:\/\/vccf.org\/?page_id=566"},"modified":"2026-04-14T06:53:53","modified_gmt":"2026-04-14T13:53:53","slug":"readers","status":"publish","type":"page","link":"https:\/\/vccf.org\/de\/scholarships\/readers\/","title":{"rendered":"Leserinnen und Leser"},"content":{"rendered":"<h1>\n\t\tStipendien-Leser\n\t<\/h1>\n\t<p>Die VCCF-Stipendienleser setzen sich aus Freiwilligen aus der Gemeinde und Stipendienspendern zusammen, die sich f\u00fcr die Verbesserung der Bildungschancen von Sch\u00fclern in Ventura County einsetzen. Jedes Jahr investieren die Lektoren ihre Zeit in die Pr\u00fcfung, Lekt\u00fcre und Bewertung von Stipendienantr\u00e4gen. Ihr Fachwissen und ihre Zeit werden sehr gesch\u00e4tzt, und wir k\u00f6nnten diese Arbeit ohne sie nicht leisten.<\/p>\n<p>Wenn Sie sich f\u00fcr ein VCCF-Stipendium interessieren, senden Sie bitte eine E-Mail an unsere Stipendiendirektorin, Kirsti Thompson, unter <a href=\"mailto:kthompson@vccf.org\" target=\"_blank\" rel=\"noopener\">kthompson@vccf.org<\/a>.<\/p>\n\t\t\t<a href=\"https:\/\/vccf.org\/de\/vccf-scholarship-reader-interest-form\/\" target=\"_self\" rel=\"noopener\">\n\t\t\t\t\t\t\tReichen Sie das Formular f\u00fcr Leserinteresse ein\n\t\t\t\t\t<\/a>\n\t\t\t\t<img loading=\"lazy\" decoding=\"async\" src=\"https:\/\/vccf.org\/wp-content\/uploads\/2024\/11\/Recommender-Image.png\" alt=\"Recommender Image\" itemprop=\"image\" height=\"400\" width=\"600\" title=\"Empfehlungsbild\" onerror=\"this.style.display='none'\"  \/>\n<h2>\n\t\tVCCF&#8217;s scholarship program needs scholarship readers!\n\t<\/h2>\n\t<p>Join us in supporting Ventura County&#8217;s students by reviewing scholarship applications. It&#8217;s a rewarding experience that showcases the talent and potential of local students.<\/p>\n\t\t\t<a href=\"https:\/\/vccf.org\/de\/vccf-scholarship-reader-interest-form\/\" target=\"_self\" rel=\"noopener\">\n\t\t\t\t\t\t\tReichen Sie das Formular f\u00fcr Leserinteresse ein\n\t\t\t\t\t<\/a>\n<h2>\n\t\tScholarship reader job description\n\t<\/h2>\n\t\t\t\tZweck des VCCF-Stipendiums Leser\n\t\t\t\t<p>Die Aufgabe der VCCF-Stipendienleser besteht darin, bestimmte Stipendienantr\u00e4ge gr\u00fcndlich zu lesen, zu pr\u00fcfen und zu bewerten.<\/p>\n<p>Die Leser werden jedes Jahr geschult, und das Stipendiumsteam steht ihnen w\u00e4hrend des gesamten Prozesses zur Seite. Alle ehrenamtlichen Aufgaben, einschlie\u00dflich der Schulungen, k\u00f6nnen bequem von zu Hause aus erledigt werden.<\/p>\n<p>Die Pr\u00fcfung erfolgt online, so dass sie von \u00fcberall aus durchgef\u00fchrt werden kann!<\/p>\n\t\t\t\tAnforderungen und besondere Aufgaben\n\t\t\t\t<p><strong>Anforderungen<\/strong><\/p>\n<ul>\n<li>sich bereit erkl\u00e4ren, 15-20 Stunden f\u00fcr die Schulung, Pr\u00fcfung, Bewertung und Beurteilung aller Stipendienantr\u00e4ge im Fr\u00fchjahr aufzuwenden<\/li>\n<li>Muss 18 Jahre oder \u00e4lter sein<\/li>\n<li>Sie m\u00fcssen die Hochschulbildung sch\u00e4tzen und unterst\u00fctzen<\/li>\n<li>Muss \u00fcber einen Computer mit Internetzugang verf\u00fcgen<\/li>\n<li>Unbedingt ansehen: Schulungsvideo auf Abruf<\/li>\n<\/ul>\n<p><strong>Besondere Aufgaben<\/strong><\/p>\n<ul>\n<li>die Ihnen zugewiesenen Bewerbungen gr\u00fcndlich zu lesen, zu pr\u00fcfen und fristgerecht zu bewerten<\/li>\n<li>Follow VCCF&#8217;s scholarship scoring rubric<\/li>\n<\/ul>\n\t\t\t\tZus\u00e4tzliche Bedingungen\n\t\t\t\t<p>Die Mitarbeit als Stipendienlektor ist freiwillig. Personen, die daran interessiert sind, etwas zur\u00fcckzugeben und Sch\u00fclern dabei zu helfen, ihr volles Potenzial auszusch\u00f6pfen, sollten in Erw\u00e4gung ziehen, sich an dieser wichtigen Aufgabe zu beteiligen. Alle Freiwilligen m\u00fcssen vor der Teilnahme am Lese- und Bewertungsprozess die VCCF-Richtlinie zu Interessenkonflikten und Vertraulichkeit lesen und unterschreiben.<\/p>\n<p>Freiwillige m\u00fcssen anerkennen, dass sie im Rahmen ihrer Teilnahme am VCCF-Stipendienprogramm Zugang zu pers\u00f6nlichen, vertraulichen und\/oder urheberrechtlich gesch\u00fctzten Informationen erhalten, z. B. zu pers\u00f6nlichen Informationen wie Namen, E-Mail-Adressen, akademischen und beruflichen Informationen. Die Freiwilligen m\u00fcssen sich verpflichten, alle vertraulichen Informationen streng vertraulich zu behandeln und sie nur f\u00fcr die Zwecke zu verwenden, die f\u00fcr die Pr\u00fcfung und Bewertung der Stipendienantr\u00e4ge erforderlich sind; sie d\u00fcrfen nicht f\u00fcr andere Zwecke verwendet oder an Dritte weitergegeben werden.<\/p>\n\t\t\t\tNoch Fragen?\n\t\t\t\t<p>Wenn Sie mehr \u00fcber die ehrenamtliche T\u00e4tigkeit als VCCF-Stipendienleser erfahren m\u00f6chten, senden Sie bitte eine E-Mail an die Stipendienleiterin Kirsti Thompson unter\u00a0<a href=\"mailto:kthompson@vccf.org\" target=\"_blank\" rel=\"noopener\">kthompson@vccf.org<\/a>.<\/p>\n\t\t\t<a href=\"https:\/\/vccf.org\/de\/vccf-scholarship-reader-interest-form\/\" target=\"_self\" rel=\"noopener\">\n\t\t\t\t\t\t\tReichen Sie das Formular f\u00fcr Leserinteresse ein\n\t\t\t\t\t<\/a>","protected":false},"excerpt":{"rendered":"<p>Scholarship readers The VCCF scholarship readers are composed of community volunteers and scholarship donors who are committed to bettering the educational opportunities for students in Ventura County. Each year, readers&hellip;<\/p>","protected":false},"author":4,"featured_media":0,"parent":22926,"menu_order":0,"comment_status":"closed","ping_status":"closed","template":"","meta":{"_acf_changed":false,"give_campaign_id":0,"footnotes":""},"class_list":["post-566","page","type-page","status-publish","hentry"],"acf":[],"campaignId":"","_links":{"self":[{"href":"https:\/\/vccf.org\/de\/wp-json\/wp\/v2\/pages\/566","targetHints":{"allow":["GET"]}}],"collection":[{"href":"https:\/\/vccf.org\/de\/wp-json\/wp\/v2\/pages"}],"about":[{"href":"https:\/\/vccf.org\/de\/wp-json\/wp\/v2\/types\/page"}],"author":[{"embeddable":true,"href":"https:\/\/vccf.org\/de\/wp-json\/wp\/v2\/users\/4"}],"replies":[{"embeddable":true,"href":"https:\/\/vccf.org\/de\/wp-json\/wp\/v2\/comments?post=566"}],"version-history":[{"count":0,"href":"https:\/\/vccf.org\/de\/wp-json\/wp\/v2\/pages\/566\/revisions"}],"up":[{"embeddable":true,"href":"https:\/\/vccf.org\/de\/wp-json\/wp\/v2\/pages\/22926"}],"wp:attachment":[{"href":"https:\/\/vccf.org\/de\/wp-json\/wp\/v2\/media?parent=566"}],"curies":[{"name":"wp","href":"https:\/\/api.w.org\/{rel}","templated":true}]}}